{"id":260499,"date":"2023-04-06T08:22:18","date_gmt":"2023-04-06T08:22:21","guid":{"rendered":"https:\/\/www.erresse-shop.it\/?post_type=product&#038;p=260499"},"modified":"2025-05-18T05:10:39","modified_gmt":"2025-05-18T05:10:39","slug":"jura-coffee-machine-d6-piano-blakc-including-1-kg-of-coffee","status":"publish","type":"product","link":"https:\/\/www.erresse-shop.it\/en\/shop\/small-appliances\/coffee-machines\/automatic\/jura-coffee-machine-d6-piano-blakc-including-1-kg-of-coffee\/","title":{"rendered":"JURA Coffee Machine D6 Piano Blakc &#8211; including 1 Kg of coffee"},"content":{"rendered":"<p><strong>Functionality meets pleasure<\/strong><br \/>\nWith the self-explanatory and fast D6, preparing the perfect coffee is child&#8217;s play. All thanks to an intuitive display with plain text and the Easy Cappuccino system with rotary knob. The D6 features a classic design reinterpreted and enriched with high-quality details. The Easy Cappuccino system, optimised according to the latest technical and ergonomic knowledge, crowns milk specialities, such as cappuccino, with a delicious milk foam with a soft and delicate consistency.<\/p>\n<p><strong>Excellent coffee quality<\/strong><br \/>\nInnovations at the highest level enable the preparation of six coffee specialities in the best barista quality. The AromaG2 coffee grinder impresses with its perfected cutting angle architecture, which allows the coffee beans to be ground freshly, to the ideal fineness, quickly and at the same time particularly gently. The Pulse Extraction Process (P.E.P.\u00ae) optimises the extraction time and fully develops the full bouquet of coffee aromas.<\/p>\n<p><strong>Simple operating philosophy with buttons on the front panel<\/strong><br \/>\nOperation via the plain text display and ergonomically optimised rotary knob is easy and intuitive and, thanks to the optional Smart Connect, can even be operated via smartphone or tablet.<\/p>\n<p><strong>Intelligent water system (I.W.S.\u00ae) for automatic filter recognition<\/strong><br \/>\nCLARIS water filters ensure optimal water quality for all-round enjoyment. At the same time they protect the automatic machine against limescale and remove substances from the water that alter its taste and smell, such as heavy metals and chlorine. To optimally utilise the filter&#8217;s advantages and capacity, JURA invented the Intelligent Water System (I.W.S.\u00ae). The filter cartridge and the automatic machine are connected to each other via RFID technology, so the filter is automatically recognised. Never before has the use of the filter been so simple and safe.<\/p>\n<p><strong>Specifications<\/strong><br \/>\nHeight\/width adjustable coffee dispenser: 64 &#8211; 110 mm \/ &#8211;<br \/>\nWater tank capacity: 1.9 l<br \/>\nCoffee bean container capacity: 200 g<br \/>\nCoffee grounds container (portions): 16<br \/>\nCable length: 1.1 m<br \/>\nVoltage \/ power consumption: 230 V ~ \/ 1450 W<br \/>\nStand-by consumption: 0 W<br \/>\nWeight: 8.7 kg<br \/>\nDimensions (W \u00d7 H \u00d7 D): 28 \u00d7 34.5 \u00d7 41.5 cm<br \/>\nArticle number, product code: 15181, Platinum<br \/>\nManufacturer country: Made in Portugal<br \/>\nModel year: 2017<\/p>\n","protected":false},"excerpt":{"rendered":"<p>Functionality meets pleasure With the self-explanatory and fast D6, preparing the perfect coffee is child&#8217;s play. All thanks to an<\/p>\n","protected":false},"featured_media":260541,"template":"","meta":{"_acf_changed":false,"inline_featured_image":false},"product_cat":[6732,6702,25359],"product_tag":[23567,23562,20776],"acf":[],"yoast_head":"<!-- This site is optimized with the Yoast SEO Premium plugin v18.6 (Yoast SEO v19.13) - https:\/\/yoast.com\/wordpress\/plugins\/seo\/ -->\n<title>JURA Coffee Machine D6 Piano Blakc - including 1 Kg of coffee - Erresse Shop<\/title>\n<meta name=\"description\" content=\"Functionality meets pleasure With the self-explanatory and fast D6, preparing the perfect coffee is child&#039;s play. All thanks to an intuitive display with\" \/>\n<meta name=\"robots\" content=\"index, follow, max-snippet:-1, max-image-preview:large, max-video-preview:-1\" \/>\n<link rel=\"canonical\" href=\"https:\/\/www.erresse-shop.it\/en\/shop\/small-appliances\/coffee-machines\/automatic\/jura-coffee-machine-d6-piano-blakc-including-1-kg-of-coffee\/\" \/>\n<meta property=\"og:locale\" content=\"en_US\" \/>\n<meta property=\"og:type\" content=\"article\" \/>\n<meta property=\"og:title\" content=\"JURA Coffee Machine D6 Piano Blakc - including 1 Kg of coffee\" \/>\n<meta property=\"og:description\" content=\"Functionality meets pleasure With the self-explanatory and fast D6, preparing the perfect coffee is child&#039;s play. All thanks to an intuitive display with\" \/>\n<meta property=\"og:url\" content=\"https:\/\/www.erresse-shop.it\/en\/shop\/small-appliances\/coffee-machines\/automatic\/jura-coffee-machine-d6-piano-blakc-including-1-kg-of-coffee\/\" \/>\n<meta property=\"og:site_name\" content=\"Erresse Shop\" \/>\n<meta property=\"article:modified_time\" content=\"2025-05-18T05:10:39+00:00\" \/>\n<meta property=\"og:image\" content=\"https:\/\/www.erresse-shop.it\/wp-content\/uploads\/2023\/04\/JURA-Macchina-Da-Caffe\u0300-D6-Piano-Black.jpg\" \/>\n\t<meta property=\"og:image:width\" content=\"800\" \/>\n\t<meta property=\"og:image:height\" content=\"800\" \/>\n\t<meta property=\"og:image:type\" content=\"image\/jpeg\" \/>\n<meta name=\"twitter:card\" content=\"summary_large_image\" \/>\n<script type=\"application\/ld+json\" class=\"yoast-schema-graph\">{\"@context\":\"https:\/\/schema.org\",\"@graph\":[{\"@type\":\"WebPage\",\"@id\":\"https:\/\/www.erresse-shop.it\/en\/shop\/small-appliances\/coffee-machines\/automatic\/jura-coffee-machine-d6-piano-blakc-including-1-kg-of-coffee\/\",\"url\":\"https:\/\/www.erresse-shop.it\/en\/shop\/small-appliances\/coffee-machines\/automatic\/jura-coffee-machine-d6-piano-blakc-including-1-kg-of-coffee\/\",\"name\":\"JURA Coffee Machine D6 Piano Blakc - including 1 Kg of coffee - Erresse Shop\",\"isPartOf\":{\"@id\":\"https:\/\/www.erresse-shop.it\/en\/#website\"},\"datePublished\":\"2023-04-06T08:22:21+00:00\",\"dateModified\":\"2025-05-18T05:10:39+00:00\",\"description\":\"Functionality meets pleasure With the self-explanatory and fast D6, preparing the perfect coffee is child's play. All thanks to an intuitive display with\",\"breadcrumb\":{\"@id\":\"https:\/\/www.erresse-shop.it\/en\/shop\/small-appliances\/coffee-machines\/automatic\/jura-coffee-machine-d6-piano-blakc-including-1-kg-of-coffee\/#breadcrumb\"},\"inLanguage\":\"en-EN\",\"potentialAction\":[{\"@type\":\"ReadAction\",\"target\":[\"https:\/\/www.erresse-shop.it\/en\/shop\/small-appliances\/coffee-machines\/automatic\/jura-coffee-machine-d6-piano-blakc-including-1-kg-of-coffee\/\"]}]},{\"@type\":\"BreadcrumbList\",\"@id\":\"https:\/\/www.erresse-shop.it\/en\/shop\/small-appliances\/coffee-machines\/automatic\/jura-coffee-machine-d6-piano-blakc-including-1-kg-of-coffee\/#breadcrumb\",\"itemListElement\":[{\"@type\":\"ListItem\",\"position\":1,\"name\":\"Home\",\"item\":\"https:\/\/www.erresse-shop.it\/en\/\"},{\"@type\":\"ListItem\",\"position\":2,\"name\":\"Shop\",\"item\":\"https:\/\/www.erresse-shop.com\/en\/shop\/\"},{\"@type\":\"ListItem\",\"position\":3,\"name\":\"JURA Coffee Machine D6 Piano Blakc &#8211; including 1 Kg of coffee\"}]},{\"@type\":\"WebSite\",\"@id\":\"https:\/\/www.erresse-shop.it\/en\/#website\",\"url\":\"https:\/\/www.erresse-shop.it\/en\/\",\"name\":\"Erresse Shop\",\"description\":\"Articoli di qualit\u00e0 per la casa\",\"potentialAction\":[{\"@type\":\"SearchAction\",\"target\":{\"@type\":\"EntryPoint\",\"urlTemplate\":\"https:\/\/www.erresse-shop.it\/en\/?s={search_term_string}\"},\"query-input\":\"required name=search_term_string\"}],\"inLanguage\":\"en-EN\"}]}<\/script>\n<!-- \/ Yoast SEO Premium plugin. -->","yoast_head_json":{"title":"JURA Coffee Machine D6 Piano Blakc - including 1 Kg of coffee - Erresse Shop","description":"Functionality meets pleasure With the self-explanatory and fast D6, preparing the perfect coffee is child's play. All thanks to an intuitive display with","robots":{"index":"index","follow":"follow","max-snippet":"max-snippet:-1","max-image-preview":"max-image-preview:large","max-video-preview":"max-video-preview:-1"},"canonical":"https:\/\/www.erresse-shop.it\/en\/shop\/small-appliances\/coffee-machines\/automatic\/jura-coffee-machine-d6-piano-blakc-including-1-kg-of-coffee\/","og_locale":"en_US","og_type":"article","og_title":"JURA Coffee Machine D6 Piano Blakc - including 1 Kg of coffee","og_description":"Functionality meets pleasure With the self-explanatory and fast D6, preparing the perfect coffee is child's play. All thanks to an intuitive display with","og_url":"https:\/\/www.erresse-shop.it\/en\/shop\/small-appliances\/coffee-machines\/automatic\/jura-coffee-machine-d6-piano-blakc-including-1-kg-of-coffee\/","og_site_name":"Erresse Shop","article_modified_time":"2025-05-18T05:10:39+00:00","og_image":[{"width":800,"height":800,"url":"https:\/\/www.erresse-shop.it\/wp-content\/uploads\/2023\/04\/JURA-Macchina-Da-Caffe\u0300-D6-Piano-Black.jpg","type":"image\/jpeg"}],"twitter_card":"summary_large_image","schema":{"@context":"https:\/\/schema.org","@graph":[{"@type":"WebPage","@id":"https:\/\/www.erresse-shop.it\/en\/shop\/small-appliances\/coffee-machines\/automatic\/jura-coffee-machine-d6-piano-blakc-including-1-kg-of-coffee\/","url":"https:\/\/www.erresse-shop.it\/en\/shop\/small-appliances\/coffee-machines\/automatic\/jura-coffee-machine-d6-piano-blakc-including-1-kg-of-coffee\/","name":"JURA Coffee Machine D6 Piano Blakc - including 1 Kg of coffee - Erresse Shop","isPartOf":{"@id":"https:\/\/www.erresse-shop.it\/en\/#website"},"datePublished":"2023-04-06T08:22:21+00:00","dateModified":"2025-05-18T05:10:39+00:00","description":"Functionality meets pleasure With the self-explanatory and fast D6, preparing the perfect coffee is child's play. All thanks to an intuitive display with","breadcrumb":{"@id":"https:\/\/www.erresse-shop.it\/en\/shop\/small-appliances\/coffee-machines\/automatic\/jura-coffee-machine-d6-piano-blakc-including-1-kg-of-coffee\/#breadcrumb"},"inLanguage":"en-EN","potentialAction":[{"@type":"ReadAction","target":["https:\/\/www.erresse-shop.it\/en\/shop\/small-appliances\/coffee-machines\/automatic\/jura-coffee-machine-d6-piano-blakc-including-1-kg-of-coffee\/"]}]},{"@type":"BreadcrumbList","@id":"https:\/\/www.erresse-shop.it\/en\/shop\/small-appliances\/coffee-machines\/automatic\/jura-coffee-machine-d6-piano-blakc-including-1-kg-of-coffee\/#breadcrumb","itemListElement":[{"@type":"ListItem","position":1,"name":"Home","item":"https:\/\/www.erresse-shop.it\/en\/"},{"@type":"ListItem","position":2,"name":"Shop","item":"https:\/\/www.erresse-shop.com\/en\/shop\/"},{"@type":"ListItem","position":3,"name":"JURA Coffee Machine D6 Piano Blakc &#8211; including 1 Kg of coffee"}]},{"@type":"WebSite","@id":"https:\/\/www.erresse-shop.it\/en\/#website","url":"https:\/\/www.erresse-shop.it\/en\/","name":"Erresse Shop","description":"Articoli di qualit\u00e0 per la casa","potentialAction":[{"@type":"SearchAction","target":{"@type":"EntryPoint","urlTemplate":"https:\/\/www.erresse-shop.it\/en\/?s={search_term_string}"},"query-input":"required name=search_term_string"}],"inLanguage":"en-EN"}]}},"df_price":719.1,"df_sale_price":719.1,"df_regular_price":799,"df_image_link":"https:\/\/www.erresse-shop.it\/wp-content\/uploads\/2023\/04\/JURA-Macchina-Da-Caffe\u0300-D6-Piano-Black-300x300.jpg","_links":{"self":[{"href":"https:\/\/www.erresse-shop.it\/en\/wp-json\/wp\/v2\/product\/260499"}],"collection":[{"href":"https:\/\/www.erresse-shop.it\/en\/wp-json\/wp\/v2\/product"}],"about":[{"href":"https:\/\/www.erresse-shop.it\/en\/wp-json\/wp\/v2\/types\/product"}],"wp:featuredmedia":[{"embeddable":true,"href":"https:\/\/www.erresse-shop.it\/en\/wp-json\/wp\/v2\/media\/260541"}],"wp:attachment":[{"href":"https:\/\/www.erresse-shop.it\/en\/wp-json\/wp\/v2\/media?parent=260499"}],"wp:term":[{"taxonomy":"product_cat","embeddable":true,"href":"https:\/\/www.erresse-shop.it\/en\/wp-json\/wp\/v2\/product_cat?post=260499"},{"taxonomy":"product_tag","embeddable":true,"href":"https:\/\/www.erresse-shop.it\/en\/wp-json\/wp\/v2\/product_tag?post=260499"}],"curies":[{"name":"wp","href":"https:\/\/api.w.org\/{rel}","templated":true}]}}