{"id":193871,"date":"2022-10-17T13:44:13","date_gmt":"2022-10-17T13:44:16","guid":{"rendered":"https:\/\/www.erresse-shop.it\/?post_type=product&#038;p=193871"},"modified":"2025-08-10T17:18:05","modified_gmt":"2025-08-10T17:18:05","slug":"jura-coffee-machine-ena-4-full-metropolitan-black-including-3-kg-of-coffee","status":"publish","type":"product","link":"https:\/\/www.erresse-shop.it\/en\/shop\/small-appliances\/coffee-machines\/automatic\/jura-coffee-machine-ena-4-full-metropolitan-black-including-3-kg-of-coffee\/","title":{"rendered":"JURA Coffee Machine ENA 4 Full Metropolitan Black"},"content":{"rendered":"<p><strong>SIMPLY GREAT COFFEE<\/strong><br \/>\nWhat is the simplest tool for making an extraordinary cup of coffee? The ENA 4, the new small and compact automatic one-cup machine, which embodies JURA&#8217;s experience and passion for intelligent products, for a pleasure to be enjoyed!<\/p>\n<p>Press a button and enjoy &#8211; that&#8217;s how easy it is to use the ENA 4. Three grades of aroma and ground coffee can be pre-selected. According to JURA&#8217;s motto &#8216;freshly ground, not in capsules&#8217;, the AromaG3 coffee grinder guarantees particularly fast grinding, which preserves the full aroma of the coffee.<\/p>\n<p>The intelligent Pulsed Extraction Process (P.E.P.\u00ae) optimises the extraction time for short specialities, opening up new dimensions of aroma. It also allows maximum flexibility in programming the cup volume.<\/p>\n<p><strong>FRESHLY GROUND, NOT IN CAPSULE FORM:<\/strong><br \/>\nHighest coffee quality with the newly developed intelligent P.E.P.\u00ae system for more freedom in programming the cup volume.<br \/>\n<strong>FAST:<\/strong><br \/>\nAromaG3 coffee grinder twice as fast, for a grind that preserves the full aroma of the coffee.<br \/>\n<strong>SIMPLE:<\/strong><br \/>\nCoffee enjoyment at the push of a button, thanks to simple operation and pre-selection functions.<br \/>\n<strong>SMALL SIZE:<\/strong><br \/>\nAt just 27.1 cm wide, 32.3 cm high and 44.5 cm deep, the small ENA 4 fits easily anywhere. It also impresses in terms of appearance: the Full Metropolitan Black and Full Nordic White variants are distinguished by their restraint and elegance, while the cylindrical water tank with Diamond aesthetics lends it a touch of class.<\/p>\n<p><strong>FEATURES\/SPECIALITIES<\/strong><br \/>\nNumber of speciality coffees 4<br \/>\nStandard for JURA speciality coffee machines<br \/>\nPulsed extraction process (P.E.P.\u00ae)<br \/>\nVariable capacity brewing group: 6 &#8211; 10 g<br \/>\nCoffee grinder: Aroma G3 multigrade grinder<br \/>\nHigh performance pump, 15 bar: 1<br \/>\nThermoblock heating system: 1<br \/>\nFluid system: 1<br \/>\nGround coffee compartment<br \/>\nAroma protection lid<br \/>\nStandard control and programming<br \/>\nJ.O.E.\u00ae compatible<br \/>\nDisplay: Symbol display<br \/>\nProgrammable and customisable amount of water for coffee: yes<br \/>\nCoffee intensity programmable and customisable: 3 levels<\/p>\n<p><strong>TECHNICAL FEATURES<\/strong><br \/>\nCoffee dispenser adjustable in height\/width: 75 &#8211; 105 mm \/ &#8211;<br \/>\nWater tank capacity: 1.1 l<br \/>\nCoffee bean container capacity: 125 g<br \/>\nCoffee grounds container (portions): 10<br \/>\nCable length: 1.1 m<br \/>\nVoltage \/ power consumption: 230 V ~ \/ 1450 W<br \/>\nCurrent intensity: 10 A<br \/>\nEnergy efficiency class \/ energy consumption: A \/ 59.3 kWh\/annum<br \/>\nStand-by consumption: 0 W<br \/>\nWeight: 8.4 kg<br \/>\nDimensions (W \u00d7 H \u00d7 D): 27.1 \u00d7 32.3 \u00d7 44.5 cm<\/p>\n<p><strong>Country of manufacture: Made in Portugal<\/strong><\/p>\n","protected":false},"excerpt":{"rendered":"<p>SIMPLY GREAT COFFEE What is the simplest tool for making an extraordinary cup of coffee? The ENA 4, the new<\/p>\n","protected":false},"featured_media":193895,"template":"","meta":{"_acf_changed":false,"inline_featured_image":false},"product_cat":[6732,6702,25359],"product_tag":[23567,23562,13965,20776,21820],"acf":[],"yoast_head":"<!-- This site is optimized with the Yoast SEO Premium plugin v18.6 (Yoast SEO v19.13) - https:\/\/yoast.com\/wordpress\/plugins\/seo\/ -->\n<title>JURA Coffee Machine ENA 4 Full Metropolitan Black - Erresse Shop<\/title>\n<meta name=\"description\" content=\"SIMPLY GREAT COFFEE What is the simplest tool for making an extraordinary cup of coffee? The ENA 4, the new small and compact automatic one-cup machine,\" \/>\n<meta name=\"robots\" content=\"index, follow, max-snippet:-1, max-image-preview:large, max-video-preview:-1\" \/>\n<link rel=\"canonical\" href=\"https:\/\/www.erresse-shop.it\/en\/shop\/small-appliances\/coffee-machines\/automatic\/jura-coffee-machine-ena-4-full-metropolitan-black-including-3-kg-of-coffee\/\" \/>\n<meta property=\"og:locale\" content=\"en_US\" \/>\n<meta property=\"og:type\" content=\"article\" \/>\n<meta property=\"og:title\" content=\"JURA Coffee Machine ENA 4 Full Metropolitan Black\" \/>\n<meta property=\"og:description\" content=\"SIMPLY GREAT COFFEE What is the simplest tool for making an extraordinary cup of coffee? The ENA 4, the new small and compact automatic one-cup machine,\" \/>\n<meta property=\"og:url\" content=\"https:\/\/www.erresse-shop.it\/en\/shop\/small-appliances\/coffee-machines\/automatic\/jura-coffee-machine-ena-4-full-metropolitan-black-including-3-kg-of-coffee\/\" \/>\n<meta property=\"og:site_name\" content=\"Erresse Shop\" \/>\n<meta property=\"article:modified_time\" content=\"2025-08-10T17:18:05+00:00\" \/>\n<meta property=\"og:image\" content=\"https:\/\/www.erresse-shop.it\/wp-content\/uploads\/2022\/10\/JURA-ENA-4-full-metropolitan-black4.jpg\" \/>\n\t<meta property=\"og:image:width\" content=\"800\" \/>\n\t<meta property=\"og:image:height\" content=\"800\" \/>\n\t<meta property=\"og:image:type\" content=\"image\/jpeg\" \/>\n<meta name=\"twitter:card\" content=\"summary_large_image\" \/>\n<script type=\"application\/ld+json\" class=\"yoast-schema-graph\">{\"@context\":\"https:\/\/schema.org\",\"@graph\":[{\"@type\":\"WebPage\",\"@id\":\"https:\/\/www.erresse-shop.it\/en\/shop\/small-appliances\/coffee-machines\/automatic\/jura-coffee-machine-ena-4-full-metropolitan-black-including-3-kg-of-coffee\/\",\"url\":\"https:\/\/www.erresse-shop.it\/en\/shop\/small-appliances\/coffee-machines\/automatic\/jura-coffee-machine-ena-4-full-metropolitan-black-including-3-kg-of-coffee\/\",\"name\":\"JURA Coffee Machine ENA 4 Full Metropolitan Black - Erresse Shop\",\"isPartOf\":{\"@id\":\"https:\/\/www.erresse-shop.it\/en\/#website\"},\"datePublished\":\"2022-10-17T13:44:16+00:00\",\"dateModified\":\"2025-08-10T17:18:05+00:00\",\"description\":\"SIMPLY GREAT COFFEE What is the simplest tool for making an extraordinary cup of coffee? The ENA 4, the new small and compact automatic one-cup machine,\",\"breadcrumb\":{\"@id\":\"https:\/\/www.erresse-shop.it\/en\/shop\/small-appliances\/coffee-machines\/automatic\/jura-coffee-machine-ena-4-full-metropolitan-black-including-3-kg-of-coffee\/#breadcrumb\"},\"inLanguage\":\"en-EN\",\"potentialAction\":[{\"@type\":\"ReadAction\",\"target\":[\"https:\/\/www.erresse-shop.it\/en\/shop\/small-appliances\/coffee-machines\/automatic\/jura-coffee-machine-ena-4-full-metropolitan-black-including-3-kg-of-coffee\/\"]}]},{\"@type\":\"BreadcrumbList\",\"@id\":\"https:\/\/www.erresse-shop.it\/en\/shop\/small-appliances\/coffee-machines\/automatic\/jura-coffee-machine-ena-4-full-metropolitan-black-including-3-kg-of-coffee\/#breadcrumb\",\"itemListElement\":[{\"@type\":\"ListItem\",\"position\":1,\"name\":\"Home\",\"item\":\"https:\/\/www.erresse-shop.it\/en\/\"},{\"@type\":\"ListItem\",\"position\":2,\"name\":\"Shop\",\"item\":\"https:\/\/www.erresse-shop.com\/en\/shop\/\"},{\"@type\":\"ListItem\",\"position\":3,\"name\":\"JURA Coffee Machine ENA 4 Full Metropolitan Black\"}]},{\"@type\":\"WebSite\",\"@id\":\"https:\/\/www.erresse-shop.it\/en\/#website\",\"url\":\"https:\/\/www.erresse-shop.it\/en\/\",\"name\":\"Erresse Shop\",\"description\":\"Articoli di qualit\u00e0 per la casa\",\"potentialAction\":[{\"@type\":\"SearchAction\",\"target\":{\"@type\":\"EntryPoint\",\"urlTemplate\":\"https:\/\/www.erresse-shop.it\/en\/?s={search_term_string}\"},\"query-input\":\"required name=search_term_string\"}],\"inLanguage\":\"en-EN\"}]}<\/script>\n<!-- \/ Yoast SEO Premium plugin. -->","yoast_head_json":{"title":"JURA Coffee Machine ENA 4 Full Metropolitan Black - Erresse Shop","description":"SIMPLY GREAT COFFEE What is the simplest tool for making an extraordinary cup of coffee? The ENA 4, the new small and compact automatic one-cup machine,","robots":{"index":"index","follow":"follow","max-snippet":"max-snippet:-1","max-image-preview":"max-image-preview:large","max-video-preview":"max-video-preview:-1"},"canonical":"https:\/\/www.erresse-shop.it\/en\/shop\/small-appliances\/coffee-machines\/automatic\/jura-coffee-machine-ena-4-full-metropolitan-black-including-3-kg-of-coffee\/","og_locale":"en_US","og_type":"article","og_title":"JURA Coffee Machine ENA 4 Full Metropolitan Black","og_description":"SIMPLY GREAT COFFEE What is the simplest tool for making an extraordinary cup of coffee? The ENA 4, the new small and compact automatic one-cup machine,","og_url":"https:\/\/www.erresse-shop.it\/en\/shop\/small-appliances\/coffee-machines\/automatic\/jura-coffee-machine-ena-4-full-metropolitan-black-including-3-kg-of-coffee\/","og_site_name":"Erresse Shop","article_modified_time":"2025-08-10T17:18:05+00:00","og_image":[{"width":800,"height":800,"url":"https:\/\/www.erresse-shop.it\/wp-content\/uploads\/2022\/10\/JURA-ENA-4-full-metropolitan-black4.jpg","type":"image\/jpeg"}],"twitter_card":"summary_large_image","schema":{"@context":"https:\/\/schema.org","@graph":[{"@type":"WebPage","@id":"https:\/\/www.erresse-shop.it\/en\/shop\/small-appliances\/coffee-machines\/automatic\/jura-coffee-machine-ena-4-full-metropolitan-black-including-3-kg-of-coffee\/","url":"https:\/\/www.erresse-shop.it\/en\/shop\/small-appliances\/coffee-machines\/automatic\/jura-coffee-machine-ena-4-full-metropolitan-black-including-3-kg-of-coffee\/","name":"JURA Coffee Machine ENA 4 Full Metropolitan Black - Erresse Shop","isPartOf":{"@id":"https:\/\/www.erresse-shop.it\/en\/#website"},"datePublished":"2022-10-17T13:44:16+00:00","dateModified":"2025-08-10T17:18:05+00:00","description":"SIMPLY GREAT COFFEE What is the simplest tool for making an extraordinary cup of coffee? The ENA 4, the new small and compact automatic one-cup machine,","breadcrumb":{"@id":"https:\/\/www.erresse-shop.it\/en\/shop\/small-appliances\/coffee-machines\/automatic\/jura-coffee-machine-ena-4-full-metropolitan-black-including-3-kg-of-coffee\/#breadcrumb"},"inLanguage":"en-EN","potentialAction":[{"@type":"ReadAction","target":["https:\/\/www.erresse-shop.it\/en\/shop\/small-appliances\/coffee-machines\/automatic\/jura-coffee-machine-ena-4-full-metropolitan-black-including-3-kg-of-coffee\/"]}]},{"@type":"BreadcrumbList","@id":"https:\/\/www.erresse-shop.it\/en\/shop\/small-appliances\/coffee-machines\/automatic\/jura-coffee-machine-ena-4-full-metropolitan-black-including-3-kg-of-coffee\/#breadcrumb","itemListElement":[{"@type":"ListItem","position":1,"name":"Home","item":"https:\/\/www.erresse-shop.it\/en\/"},{"@type":"ListItem","position":2,"name":"Shop","item":"https:\/\/www.erresse-shop.com\/en\/shop\/"},{"@type":"ListItem","position":3,"name":"JURA Coffee Machine ENA 4 Full Metropolitan Black"}]},{"@type":"WebSite","@id":"https:\/\/www.erresse-shop.it\/en\/#website","url":"https:\/\/www.erresse-shop.it\/en\/","name":"Erresse Shop","description":"Articoli di qualit\u00e0 per la casa","potentialAction":[{"@type":"SearchAction","target":{"@type":"EntryPoint","urlTemplate":"https:\/\/www.erresse-shop.it\/en\/?s={search_term_string}"},"query-input":"required name=search_term_string"}],"inLanguage":"en-EN"}]}},"df_price":729,"df_sale_price":729,"df_regular_price":779,"df_image_link":"https:\/\/www.erresse-shop.it\/wp-content\/uploads\/2022\/10\/JURA-ENA-4-full-metropolitan-black4-300x300.jpg","_links":{"self":[{"href":"https:\/\/www.erresse-shop.it\/en\/wp-json\/wp\/v2\/product\/193871"}],"collection":[{"href":"https:\/\/www.erresse-shop.it\/en\/wp-json\/wp\/v2\/product"}],"about":[{"href":"https:\/\/www.erresse-shop.it\/en\/wp-json\/wp\/v2\/types\/product"}],"wp:featuredmedia":[{"embeddable":true,"href":"https:\/\/www.erresse-shop.it\/en\/wp-json\/wp\/v2\/media\/193895"}],"wp:attachment":[{"href":"https:\/\/www.erresse-shop.it\/en\/wp-json\/wp\/v2\/media?parent=193871"}],"wp:term":[{"taxonomy":"product_cat","embeddable":true,"href":"https:\/\/www.erresse-shop.it\/en\/wp-json\/wp\/v2\/product_cat?post=193871"},{"taxonomy":"product_tag","embeddable":true,"href":"https:\/\/www.erresse-shop.it\/en\/wp-json\/wp\/v2\/product_tag?post=193871"}],"curies":[{"name":"wp","href":"https:\/\/api.w.org\/{rel}","templated":true}]}}