{"id":193770,"date":"2022-10-17T12:39:16","date_gmt":"2022-10-17T12:39:19","guid":{"rendered":"https:\/\/www.erresse-shop.it\/?post_type=product&#038;p=193770"},"modified":"2025-06-05T06:35:47","modified_gmt":"2025-06-05T06:35:47","slug":"jura-coffee-machine-ena-8-touch-metropolitan-black-including-2-kg-of-coffee","status":"publish","type":"product","link":"https:\/\/www.erresse-shop.it\/en\/shop\/small-appliances\/coffee-machines\/automatic\/jura-coffee-machine-ena-8-touch-metropolitan-black-including-2-kg-of-coffee\/","title":{"rendered":"JURA Coffee Machine ENA 8 Touch Metropolitan Black"},"content":{"rendered":"<p><strong>All-round design with intuitive touch control<\/strong><br \/>\nSmall and elegant, the automatic one-cup machine now allows even easier operation through touchscreen technology and artificial intelligence: the display reads all your coffee wishes literally from your fingertips. In addition, an algorithm recognises your personal preferences and automatically adjusts the start screen according to them.<\/p>\n<p>The ENA 8 conquers with 12 selected coffee specialities, including the trendiest ones such as cortado and Barista coffee. Coffee enjoyment is not the result of chance, but rather of innovations such as the compact VC (Vacuum-Clean) brewing unit. Thanks to it, the coffee always flows into the cup in ideal conditions. The pulsed extraction process (P.E.P.\u00ae) optimises the aroma of short specialities such as ristretto and espresso. The microfoam technology prepares a soft and gentle milk foam for cappuccino &amp; Co.<\/p>\n<p>Immerse yourself in the world of ENA 8<\/p>\n<p><strong>SMALL<\/strong><br \/>\nOnly 27.1 x 32.3 x 44.5 cm<\/p>\n<p><strong>ELEGANT<\/strong><br \/>\nAll-round design with chrome details and round water tank with Diamond aesthetics.<\/p>\n<p><strong>SIMPLE<\/strong><br \/>\nColour display with TFT touchscreen technology and artificial intelligence.<\/p>\n<p><strong>VIRTUOUS<\/strong><br \/>\n12 one-touch specialities, including cortado and Barista coffee.<\/p>\n<p><strong>FEATURES\/SPECIALITIES<\/strong><br \/>\nNumber of coffee specialities 12<br \/>\n2.8&#8221; colour display<br \/>\nProgrammable and customisable coffee intensity: 10 levels<br \/>\nProgrammable milk\/foam quantity: yes<br \/>\nProgrammable brewing temperature: 3 levels<br \/>\nProgrammable hot water temperature: 3 levels<br \/>\nPulsed extraction process (P.E.P.\u00ae): yes<br \/>\nOne-Touch Long function: yes<br \/>\nOne-Touch function: yes<br \/>\nVariable capacity brewing group: 6 &#8211; 10 g<br \/>\nCoffee grinder: Aroma G3 multi-degree grinder<br \/>\nHigh performance pump, 15 bar: 1<br \/>\nThermoblock heating system: 1<br \/>\nFluid system: 1<br \/>\nMilk system \/ replaceable milk frother HP1 \/ CX1<br \/>\nGround coffee compartment: yes<br \/>\nAroma protection lid: yes<\/p>\n<p><strong>TECHNICAL FEATURES<\/strong><br \/>\nHeight- \/ width-adjustable dual spout: 68 &#8211; 138 mm \/ &#8211;<br \/>\nHeight-adjustable hot water dispenser: 68 &#8211; 138 mm<br \/>\nWater tank capacity: 1.1 l<br \/>\nCoffee bean container capacity: 125 g<br \/>\nCoffee grounds container (portions): 10<br \/>\nCable length 1.1 m<br \/>\nVoltage \/ power consumption: 230 V ~ \/ 1450 W<br \/>\nCurrent intensity: 10 A<br \/>\nEnergy efficiency class \/ energy consumption: A \/ 60 kWh\/annum<br \/>\nStand-by consumption: 0 W<br \/>\nWeight: 9.4 kg<br \/>\nDimensions (W \u00d7 H \u00d7 D): 27.1 \u00d7 32.3 \u00d7 44.5 cm<\/p>\n<p><strong>Manufacturer country: Made in Portugal<\/strong><br \/>\n<strong>Model year 2022<\/strong><\/p>\n","protected":false},"excerpt":{"rendered":"<p>All-round design with intuitive touch control Small and elegant, the automatic one-cup machine now allows even easier operation through touchscreen<\/p>\n","protected":false},"featured_media":193795,"template":"","meta":{"_acf_changed":false,"inline_featured_image":false},"product_cat":[6732,6702,25359],"product_tag":[23567,23562,13965,20776],"acf":[],"yoast_head":"<!-- This site is optimized with the Yoast SEO Premium plugin v18.6 (Yoast SEO v19.13) - https:\/\/yoast.com\/wordpress\/plugins\/seo\/ -->\n<title>JURA Coffee Machine ENA 8 Touch Metropolitan Black - Erresse Shop<\/title>\n<meta name=\"description\" content=\"All-round design with intuitive touch control Small and elegant, the automatic one-cup machine now allows even easier operation through touchscreen\" \/>\n<meta name=\"robots\" content=\"index, follow, max-snippet:-1, max-image-preview:large, max-video-preview:-1\" \/>\n<link rel=\"canonical\" href=\"https:\/\/www.erresse-shop.it\/en\/shop\/small-appliances\/coffee-machines\/automatic\/jura-coffee-machine-ena-8-touch-metropolitan-black-including-2-kg-of-coffee\/\" \/>\n<meta property=\"og:locale\" content=\"en_US\" \/>\n<meta property=\"og:type\" content=\"article\" \/>\n<meta property=\"og:title\" content=\"JURA Coffee Machine ENA 8 Touch Metropolitan Black\" \/>\n<meta property=\"og:description\" content=\"All-round design with intuitive touch control Small and elegant, the automatic one-cup machine now allows even easier operation through touchscreen\" \/>\n<meta property=\"og:url\" content=\"https:\/\/www.erresse-shop.it\/en\/shop\/small-appliances\/coffee-machines\/automatic\/jura-coffee-machine-ena-8-touch-metropolitan-black-including-2-kg-of-coffee\/\" \/>\n<meta property=\"og:site_name\" content=\"Erresse Shop\" \/>\n<meta property=\"article:modified_time\" content=\"2025-06-05T06:35:47+00:00\" \/>\n<meta property=\"og:image\" content=\"https:\/\/www.erresse-shop.it\/wp-content\/uploads\/2022\/10\/JURA-ena-8-touch-metropolitan-black.jpg\" \/>\n\t<meta property=\"og:image:width\" content=\"800\" \/>\n\t<meta property=\"og:image:height\" content=\"800\" \/>\n\t<meta property=\"og:image:type\" content=\"image\/jpeg\" \/>\n<meta name=\"twitter:card\" content=\"summary_large_image\" \/>\n<script type=\"application\/ld+json\" class=\"yoast-schema-graph\">{\"@context\":\"https:\/\/schema.org\",\"@graph\":[{\"@type\":\"WebPage\",\"@id\":\"https:\/\/www.erresse-shop.it\/en\/shop\/small-appliances\/coffee-machines\/automatic\/jura-coffee-machine-ena-8-touch-metropolitan-black-including-2-kg-of-coffee\/\",\"url\":\"https:\/\/www.erresse-shop.it\/en\/shop\/small-appliances\/coffee-machines\/automatic\/jura-coffee-machine-ena-8-touch-metropolitan-black-including-2-kg-of-coffee\/\",\"name\":\"JURA Coffee Machine ENA 8 Touch Metropolitan Black - Erresse Shop\",\"isPartOf\":{\"@id\":\"https:\/\/www.erresse-shop.it\/en\/#website\"},\"datePublished\":\"2022-10-17T12:39:19+00:00\",\"dateModified\":\"2025-06-05T06:35:47+00:00\",\"description\":\"All-round design with intuitive touch control Small and elegant, the automatic one-cup machine now allows even easier operation through touchscreen\",\"breadcrumb\":{\"@id\":\"https:\/\/www.erresse-shop.it\/en\/shop\/small-appliances\/coffee-machines\/automatic\/jura-coffee-machine-ena-8-touch-metropolitan-black-including-2-kg-of-coffee\/#breadcrumb\"},\"inLanguage\":\"en-EN\",\"potentialAction\":[{\"@type\":\"ReadAction\",\"target\":[\"https:\/\/www.erresse-shop.it\/en\/shop\/small-appliances\/coffee-machines\/automatic\/jura-coffee-machine-ena-8-touch-metropolitan-black-including-2-kg-of-coffee\/\"]}]},{\"@type\":\"BreadcrumbList\",\"@id\":\"https:\/\/www.erresse-shop.it\/en\/shop\/small-appliances\/coffee-machines\/automatic\/jura-coffee-machine-ena-8-touch-metropolitan-black-including-2-kg-of-coffee\/#breadcrumb\",\"itemListElement\":[{\"@type\":\"ListItem\",\"position\":1,\"name\":\"Home\",\"item\":\"https:\/\/www.erresse-shop.it\/en\/\"},{\"@type\":\"ListItem\",\"position\":2,\"name\":\"Shop\",\"item\":\"https:\/\/www.erresse-shop.com\/en\/shop\/\"},{\"@type\":\"ListItem\",\"position\":3,\"name\":\"JURA Coffee Machine ENA 8 Touch Metropolitan Black\"}]},{\"@type\":\"WebSite\",\"@id\":\"https:\/\/www.erresse-shop.it\/en\/#website\",\"url\":\"https:\/\/www.erresse-shop.it\/en\/\",\"name\":\"Erresse Shop\",\"description\":\"Articoli di qualit\u00e0 per la casa\",\"potentialAction\":[{\"@type\":\"SearchAction\",\"target\":{\"@type\":\"EntryPoint\",\"urlTemplate\":\"https:\/\/www.erresse-shop.it\/en\/?s={search_term_string}\"},\"query-input\":\"required name=search_term_string\"}],\"inLanguage\":\"en-EN\"}]}<\/script>\n<!-- \/ Yoast SEO Premium plugin. -->","yoast_head_json":{"title":"JURA Coffee Machine ENA 8 Touch Metropolitan Black - Erresse Shop","description":"All-round design with intuitive touch control Small and elegant, the automatic one-cup machine now allows even easier operation through touchscreen","robots":{"index":"index","follow":"follow","max-snippet":"max-snippet:-1","max-image-preview":"max-image-preview:large","max-video-preview":"max-video-preview:-1"},"canonical":"https:\/\/www.erresse-shop.it\/en\/shop\/small-appliances\/coffee-machines\/automatic\/jura-coffee-machine-ena-8-touch-metropolitan-black-including-2-kg-of-coffee\/","og_locale":"en_US","og_type":"article","og_title":"JURA Coffee Machine ENA 8 Touch Metropolitan Black","og_description":"All-round design with intuitive touch control Small and elegant, the automatic one-cup machine now allows even easier operation through touchscreen","og_url":"https:\/\/www.erresse-shop.it\/en\/shop\/small-appliances\/coffee-machines\/automatic\/jura-coffee-machine-ena-8-touch-metropolitan-black-including-2-kg-of-coffee\/","og_site_name":"Erresse Shop","article_modified_time":"2025-06-05T06:35:47+00:00","og_image":[{"width":800,"height":800,"url":"https:\/\/www.erresse-shop.it\/wp-content\/uploads\/2022\/10\/JURA-ena-8-touch-metropolitan-black.jpg","type":"image\/jpeg"}],"twitter_card":"summary_large_image","schema":{"@context":"https:\/\/schema.org","@graph":[{"@type":"WebPage","@id":"https:\/\/www.erresse-shop.it\/en\/shop\/small-appliances\/coffee-machines\/automatic\/jura-coffee-machine-ena-8-touch-metropolitan-black-including-2-kg-of-coffee\/","url":"https:\/\/www.erresse-shop.it\/en\/shop\/small-appliances\/coffee-machines\/automatic\/jura-coffee-machine-ena-8-touch-metropolitan-black-including-2-kg-of-coffee\/","name":"JURA Coffee Machine ENA 8 Touch Metropolitan Black - Erresse Shop","isPartOf":{"@id":"https:\/\/www.erresse-shop.it\/en\/#website"},"datePublished":"2022-10-17T12:39:19+00:00","dateModified":"2025-06-05T06:35:47+00:00","description":"All-round design with intuitive touch control Small and elegant, the automatic one-cup machine now allows even easier operation through touchscreen","breadcrumb":{"@id":"https:\/\/www.erresse-shop.it\/en\/shop\/small-appliances\/coffee-machines\/automatic\/jura-coffee-machine-ena-8-touch-metropolitan-black-including-2-kg-of-coffee\/#breadcrumb"},"inLanguage":"en-EN","potentialAction":[{"@type":"ReadAction","target":["https:\/\/www.erresse-shop.it\/en\/shop\/small-appliances\/coffee-machines\/automatic\/jura-coffee-machine-ena-8-touch-metropolitan-black-including-2-kg-of-coffee\/"]}]},{"@type":"BreadcrumbList","@id":"https:\/\/www.erresse-shop.it\/en\/shop\/small-appliances\/coffee-machines\/automatic\/jura-coffee-machine-ena-8-touch-metropolitan-black-including-2-kg-of-coffee\/#breadcrumb","itemListElement":[{"@type":"ListItem","position":1,"name":"Home","item":"https:\/\/www.erresse-shop.it\/en\/"},{"@type":"ListItem","position":2,"name":"Shop","item":"https:\/\/www.erresse-shop.com\/en\/shop\/"},{"@type":"ListItem","position":3,"name":"JURA Coffee Machine ENA 8 Touch Metropolitan Black"}]},{"@type":"WebSite","@id":"https:\/\/www.erresse-shop.it\/en\/#website","url":"https:\/\/www.erresse-shop.it\/en\/","name":"Erresse Shop","description":"Articoli di qualit\u00e0 per la casa","potentialAction":[{"@type":"SearchAction","target":{"@type":"EntryPoint","urlTemplate":"https:\/\/www.erresse-shop.it\/en\/?s={search_term_string}"},"query-input":"required name=search_term_string"}],"inLanguage":"en-EN"}]}},"df_price":949.95,"df_sale_price":949.95,"df_regular_price":1249,"df_image_link":"https:\/\/www.erresse-shop.it\/wp-content\/uploads\/2022\/10\/JURA-ena-8-touch-metropolitan-black-300x300.jpg","_links":{"self":[{"href":"https:\/\/www.erresse-shop.it\/en\/wp-json\/wp\/v2\/product\/193770"}],"collection":[{"href":"https:\/\/www.erresse-shop.it\/en\/wp-json\/wp\/v2\/product"}],"about":[{"href":"https:\/\/www.erresse-shop.it\/en\/wp-json\/wp\/v2\/types\/product"}],"wp:featuredmedia":[{"embeddable":true,"href":"https:\/\/www.erresse-shop.it\/en\/wp-json\/wp\/v2\/media\/193795"}],"wp:attachment":[{"href":"https:\/\/www.erresse-shop.it\/en\/wp-json\/wp\/v2\/media?parent=193770"}],"wp:term":[{"taxonomy":"product_cat","embeddable":true,"href":"https:\/\/www.erresse-shop.it\/en\/wp-json\/wp\/v2\/product_cat?post=193770"},{"taxonomy":"product_tag","embeddable":true,"href":"https:\/\/www.erresse-shop.it\/en\/wp-json\/wp\/v2\/product_tag?post=193770"}],"curies":[{"name":"wp","href":"https:\/\/api.w.org\/{rel}","templated":true}]}}