{"id":193744,"date":"2022-10-17T12:11:24","date_gmt":"2022-10-17T12:11:26","guid":{"rendered":"https:\/\/www.erresse-shop.it\/?post_type=product&#038;p=193744"},"modified":"2022-10-19T12:50:12","modified_gmt":"2022-10-19T12:50:12","slug":"jura-coffee-machine-d4","status":"publish","type":"product","link":"https:\/\/www.erresse-shop.it\/en\/shop\/small-appliances\/coffee-machines\/automatic\/jura-coffee-machine-d4\/","title":{"rendered":"JURA Coffee Machine D4 &#8211; including 500gr of coffee"},"content":{"rendered":"<p><strong>PURE COFFEE &#8211; PURE PLEASURE<\/strong><br \/>\nDedicated to coffee purists: JURA presents the first full-size automatic machine with Coffee Only function. The D4 is characterised by its essential design, consistently expressed by clear, rigorous lines. It favours black coffee specialities, producing coffee and espresso with an intense, full-bodied aroma in the best barista quality.<\/p>\n<p><strong>UNRIVALLED AROMA<\/strong><br \/>\nThe AromaG2 grinder grinds the beans at the ideal time and fineness for each preparation. The patented variable brewing unit has a capacity of between 5 and 16 grams and guarantees ideal contact pressure and brewing conditions at all times. An extraordinary innovation, the Pulsed Extraction Process (P.E.P.\u00ae), optimises the extraction time for short specialities, turning coffee enjoyment into a true feast for the palate. The intelligent pre-infusion system (I.P.B.A.S.\u00a9) moistens the ground coffee before the actual infusion process. The pores of the coffee expand and release their full aroma during the subsequent infusion. The coffee descends into the cup covered with the characteristic thick, fluffy crema.<\/p>\n<p><strong>SPECIALITY USE<\/strong><br \/>\nThe minimalisa JURA art of brewing is also expressed in the simplest possible way. To start preparation of one or two cups of espresso or coffee, simply press the relevant easy-to-understand symbol. The classic two-cup preparation involves two brewing processes for an unsurpassed pleasure to be enjoyed. In addition to coffee, the machine allows the preparation of excellent tea thanks to the hot water function.<\/p>\n<p><strong>PERFECT WATER<\/strong><br \/>\nThe CLARIS Smart filter cartridge ensures pure water for an authentic taste. Thanks to the Intelligent Water System (I.W.S.\u00ae), the D4 automatically recognises the presence of the filter and signals when its capacity is running low.<\/p>\n<p><strong>EXTENDED FUNCTIONS<\/strong><br \/>\nThe optional use of Smart Connect allows the D4&#8217;s potential to be exploited to the full with the JURA Operating Experience (J.O.E.\u00ae). In addition to the spectrum of individualisation possibilities, it also extends the range of specialities with the addition of ristretto, double espresso, as well as lungo Barista and Barista coffee, two particularly digestible specialities. If desired, it is also possible to prepare two ristrettos, two espressos or two coffees in one brewing process.<\/p>\n<p><strong>FEATURES\/SPECIALITIES<\/strong><br \/>\nProgrammable and customisable coffee intensity: 3 levels<br \/>\nProgrammable infusion temperature: 2 levels (with J.O.E.\u00ae)<br \/>\nCoffee grinder: Aroma G2 multi-degree grinder<br \/>\nHigh performance pump, 15 bar: 1<br \/>\nThermoblock heating system: 1<br \/>\nGround coffee compartment: yes<\/p>\n<p><strong>TECHNICAL FEATURES<\/strong><\/p>\n<p>Coffee dispenser adjustable in height\/width: 64 &#8211; 110 mm \/ &#8211;<br \/>\nWater tank capacity: 1.9 l<br \/>\nCoffee bean container capacity: 200 g<br \/>\nCoffee grounds container (portions): 16<br \/>\nCable length: 1.1 m<br \/>\nVoltage \/ power consumption: 230 V ~ \/ 1450 W<br \/>\nStand-by consumption: 0 W<br \/>\nWeight: 8.4 kg<br \/>\nDimensions (W \u00d7 H \u00d7 D): 28 \u00d7 34.5 \u00d7 41.5 cm<br \/>\nManufacturer country: Made in Portugal<br \/>\nModel year: 2019<\/p>\n","protected":false},"excerpt":{"rendered":"<p>PURE COFFEE &#8211; PURE PLEASURE Dedicated to coffee purists: JURA presents the first full-size automatic machine with Coffee Only function.<\/p>\n","protected":false},"featured_media":193764,"template":"","meta":{"_acf_changed":false,"inline_featured_image":false},"product_cat":[6732,6702,25359],"product_tag":[23567,23562,13965,20776],"acf":[],"yoast_head":"<!-- This site is optimized with the Yoast SEO Premium plugin v18.6 (Yoast SEO v19.13) - https:\/\/yoast.com\/wordpress\/plugins\/seo\/ -->\n<title>JURA Coffee Machine D4 - including 500gr of coffee - Erresse Shop<\/title>\n<meta name=\"description\" content=\"PURE COFFEE - PURE PLEASURE Dedicated to coffee purists: JURA presents the first full-size automatic machine with Coffee Only function. The D4 is\" \/>\n<meta name=\"robots\" content=\"index, follow, max-snippet:-1, max-image-preview:large, max-video-preview:-1\" \/>\n<link rel=\"canonical\" href=\"https:\/\/www.erresse-shop.it\/en\/shop\/small-appliances\/coffee-machines\/automatic\/jura-coffee-machine-d4\/\" \/>\n<meta property=\"og:locale\" content=\"en_US\" \/>\n<meta property=\"og:type\" content=\"article\" \/>\n<meta property=\"og:title\" content=\"JURA Coffee Machine D4 - including 500gr of coffee\" \/>\n<meta property=\"og:description\" content=\"PURE COFFEE - PURE PLEASURE Dedicated to coffee purists: JURA presents the first full-size automatic machine with Coffee Only function. The D4 is\" \/>\n<meta property=\"og:url\" content=\"https:\/\/www.erresse-shop.it\/en\/shop\/small-appliances\/coffee-machines\/automatic\/jura-coffee-machine-d4\/\" \/>\n<meta property=\"og:site_name\" content=\"Erresse Shop\" \/>\n<meta property=\"article:modified_time\" content=\"2022-10-19T12:50:12+00:00\" \/>\n<meta property=\"og:image\" content=\"https:\/\/www.erresse-shop.it\/wp-content\/uploads\/2022\/10\/JURA-D4-3.jpg\" \/>\n\t<meta property=\"og:image:width\" content=\"800\" \/>\n\t<meta property=\"og:image:height\" content=\"800\" \/>\n\t<meta property=\"og:image:type\" content=\"image\/jpeg\" \/>\n<meta name=\"twitter:card\" content=\"summary_large_image\" \/>\n<script type=\"application\/ld+json\" class=\"yoast-schema-graph\">{\"@context\":\"https:\/\/schema.org\",\"@graph\":[{\"@type\":\"WebPage\",\"@id\":\"https:\/\/www.erresse-shop.it\/en\/shop\/small-appliances\/coffee-machines\/automatic\/jura-coffee-machine-d4\/\",\"url\":\"https:\/\/www.erresse-shop.it\/en\/shop\/small-appliances\/coffee-machines\/automatic\/jura-coffee-machine-d4\/\",\"name\":\"JURA Coffee Machine D4 - including 500gr of coffee - Erresse Shop\",\"isPartOf\":{\"@id\":\"https:\/\/www.erresse-shop.it\/en\/#website\"},\"datePublished\":\"2022-10-17T12:11:26+00:00\",\"dateModified\":\"2022-10-19T12:50:12+00:00\",\"description\":\"PURE COFFEE - PURE PLEASURE Dedicated to coffee purists: JURA presents the first full-size automatic machine with Coffee Only function. The D4 is\",\"breadcrumb\":{\"@id\":\"https:\/\/www.erresse-shop.it\/en\/shop\/small-appliances\/coffee-machines\/automatic\/jura-coffee-machine-d4\/#breadcrumb\"},\"inLanguage\":\"en-EN\",\"potentialAction\":[{\"@type\":\"ReadAction\",\"target\":[\"https:\/\/www.erresse-shop.it\/en\/shop\/small-appliances\/coffee-machines\/automatic\/jura-coffee-machine-d4\/\"]}]},{\"@type\":\"BreadcrumbList\",\"@id\":\"https:\/\/www.erresse-shop.it\/en\/shop\/small-appliances\/coffee-machines\/automatic\/jura-coffee-machine-d4\/#breadcrumb\",\"itemListElement\":[{\"@type\":\"ListItem\",\"position\":1,\"name\":\"Home\",\"item\":\"https:\/\/www.erresse-shop.it\/en\/\"},{\"@type\":\"ListItem\",\"position\":2,\"name\":\"Shop\",\"item\":\"https:\/\/www.erresse-shop.com\/en\/shop\/\"},{\"@type\":\"ListItem\",\"position\":3,\"name\":\"JURA Coffee Machine D4 &#8211; including 500gr of coffee\"}]},{\"@type\":\"WebSite\",\"@id\":\"https:\/\/www.erresse-shop.it\/en\/#website\",\"url\":\"https:\/\/www.erresse-shop.it\/en\/\",\"name\":\"Erresse Shop\",\"description\":\"Articoli di qualit\u00e0 per la casa\",\"potentialAction\":[{\"@type\":\"SearchAction\",\"target\":{\"@type\":\"EntryPoint\",\"urlTemplate\":\"https:\/\/www.erresse-shop.it\/en\/?s={search_term_string}\"},\"query-input\":\"required name=search_term_string\"}],\"inLanguage\":\"en-EN\"}]}<\/script>\n<!-- \/ Yoast SEO Premium plugin. -->","yoast_head_json":{"title":"JURA Coffee Machine D4 - including 500gr of coffee - Erresse Shop","description":"PURE COFFEE - PURE PLEASURE Dedicated to coffee purists: JURA presents the first full-size automatic machine with Coffee Only function. The D4 is","robots":{"index":"index","follow":"follow","max-snippet":"max-snippet:-1","max-image-preview":"max-image-preview:large","max-video-preview":"max-video-preview:-1"},"canonical":"https:\/\/www.erresse-shop.it\/en\/shop\/small-appliances\/coffee-machines\/automatic\/jura-coffee-machine-d4\/","og_locale":"en_US","og_type":"article","og_title":"JURA Coffee Machine D4 - including 500gr of coffee","og_description":"PURE COFFEE - PURE PLEASURE Dedicated to coffee purists: JURA presents the first full-size automatic machine with Coffee Only function. The D4 is","og_url":"https:\/\/www.erresse-shop.it\/en\/shop\/small-appliances\/coffee-machines\/automatic\/jura-coffee-machine-d4\/","og_site_name":"Erresse Shop","article_modified_time":"2022-10-19T12:50:12+00:00","og_image":[{"width":800,"height":800,"url":"https:\/\/www.erresse-shop.it\/wp-content\/uploads\/2022\/10\/JURA-D4-3.jpg","type":"image\/jpeg"}],"twitter_card":"summary_large_image","schema":{"@context":"https:\/\/schema.org","@graph":[{"@type":"WebPage","@id":"https:\/\/www.erresse-shop.it\/en\/shop\/small-appliances\/coffee-machines\/automatic\/jura-coffee-machine-d4\/","url":"https:\/\/www.erresse-shop.it\/en\/shop\/small-appliances\/coffee-machines\/automatic\/jura-coffee-machine-d4\/","name":"JURA Coffee Machine D4 - including 500gr of coffee - Erresse Shop","isPartOf":{"@id":"https:\/\/www.erresse-shop.it\/en\/#website"},"datePublished":"2022-10-17T12:11:26+00:00","dateModified":"2022-10-19T12:50:12+00:00","description":"PURE COFFEE - PURE PLEASURE Dedicated to coffee purists: JURA presents the first full-size automatic machine with Coffee Only function. The D4 is","breadcrumb":{"@id":"https:\/\/www.erresse-shop.it\/en\/shop\/small-appliances\/coffee-machines\/automatic\/jura-coffee-machine-d4\/#breadcrumb"},"inLanguage":"en-EN","potentialAction":[{"@type":"ReadAction","target":["https:\/\/www.erresse-shop.it\/en\/shop\/small-appliances\/coffee-machines\/automatic\/jura-coffee-machine-d4\/"]}]},{"@type":"BreadcrumbList","@id":"https:\/\/www.erresse-shop.it\/en\/shop\/small-appliances\/coffee-machines\/automatic\/jura-coffee-machine-d4\/#breadcrumb","itemListElement":[{"@type":"ListItem","position":1,"name":"Home","item":"https:\/\/www.erresse-shop.it\/en\/"},{"@type":"ListItem","position":2,"name":"Shop","item":"https:\/\/www.erresse-shop.com\/en\/shop\/"},{"@type":"ListItem","position":3,"name":"JURA Coffee Machine D4 &#8211; including 500gr of coffee"}]},{"@type":"WebSite","@id":"https:\/\/www.erresse-shop.it\/en\/#website","url":"https:\/\/www.erresse-shop.it\/en\/","name":"Erresse Shop","description":"Articoli di qualit\u00e0 per la casa","potentialAction":[{"@type":"SearchAction","target":{"@type":"EntryPoint","urlTemplate":"https:\/\/www.erresse-shop.it\/en\/?s={search_term_string}"},"query-input":"required name=search_term_string"}],"inLanguage":"en-EN"}]}},"df_price":539.1,"df_sale_price":539.1,"df_regular_price":599,"df_image_link":"https:\/\/www.erresse-shop.it\/wp-content\/uploads\/2022\/10\/JURA-D4-3-300x300.jpg","_links":{"self":[{"href":"https:\/\/www.erresse-shop.it\/en\/wp-json\/wp\/v2\/product\/193744"}],"collection":[{"href":"https:\/\/www.erresse-shop.it\/en\/wp-json\/wp\/v2\/product"}],"about":[{"href":"https:\/\/www.erresse-shop.it\/en\/wp-json\/wp\/v2\/types\/product"}],"wp:featuredmedia":[{"embeddable":true,"href":"https:\/\/www.erresse-shop.it\/en\/wp-json\/wp\/v2\/media\/193764"}],"wp:attachment":[{"href":"https:\/\/www.erresse-shop.it\/en\/wp-json\/wp\/v2\/media?parent=193744"}],"wp:term":[{"taxonomy":"product_cat","embeddable":true,"href":"https:\/\/www.erresse-shop.it\/en\/wp-json\/wp\/v2\/product_cat?post=193744"},{"taxonomy":"product_tag","embeddable":true,"href":"https:\/\/www.erresse-shop.it\/en\/wp-json\/wp\/v2\/product_tag?post=193744"}],"curies":[{"name":"wp","href":"https:\/\/api.w.org\/{rel}","templated":true}]}}