{"id":118625,"date":"2021-09-14T09:08:56","date_gmt":"2021-09-14T09:08:58","guid":{"rendered":"https:\/\/www.erresse-shop.it\/?post_type=product&#038;p=118625"},"modified":"2022-01-26T15:55:35","modified_gmt":"2022-01-26T15:55:35","slug":"ruffoni-opus-cupra-frying-pan-copper-30-cm","status":"publish","type":"product","link":"https:\/\/www.erresse-shop.it\/en\/shop\/pans-pots\/pans\/ruffoni-opus-cupra-frying-pan-copper-30-cm\/","title":{"rendered":"RUFFONI Opus Cupra Frying pan Copper 30 cm"},"content":{"rendered":"<p><span title=\"La lavorazione del rame \u00e8 per la societ\u00e0 Ruffoni una vera passione, il raggiungimento di altissimi standard qualitativi \u00e8 il suo scopo primario, il superamento di tutte le normative mondiali in fatto di sicurezza per la cessione di piombo negli alimenti \u00e8 un dovere fondamentale a cui si\">The processing of copper is now Ruffoni a real passion , the achievement of high quality standards is its primary purpose , the overcoming of all world standards in terms of safety for the sale of lead in food is a basic duty to which <\/span><span title=\"\u00e8 sempre attenuta rigidamente.\">has always adhered rigidly . <\/span><span title=\"L'alta considerazione che il team Ruffoni nutre verso il proprio lavoro gli impone di agire nella pi\u00f9 totale scrupolosit\u00e0 servendosi di materiali riciclabili sia per i prodotti che per gli imballi, e preferendo le tecniche manuali ai pi\u00f9 economici procedimenti chimici e meccanici di lavorazione.\">The high regard that the team Ruffoni feeds to their work requires them to act in complete thoroughness use of recyclable materials both for products and for packaging , and preferring manual techniques to the more economical chemical processes and mechanical processing . Made in Italy<\/span><\/p>\n<p><span title=\"IL PRODOTTO\">THE PRODUCT<\/span><br \/>\n<span title=\"La nostra filosofia consiste nel produrre oggetti professionali, ma senza esasperazioni, poich\u00e9 da sempre privilegiamo utilit\u00e0, semplicit\u00e0 d'uso e finiture accurate.\">Our philosophy is to produce professional items , without frills , as we privilege usefulness , ease of use and accurate finish . <\/span><span title=\"Come per la buona riuscita di una vivanda, nel realizzare ognuno di questi pezzi riteniamo fondamentale la scelta degli ingredienti ed il metodo di lavoro.\">As for the success of cooking, to make each of these pieces we consider essential to the choice of ingredients and the method of working .<\/span><\/p>\n<p><span title=\"IL RAME\">COPPER<\/span><br \/>\n<span title=\"Da noi acquistato unicamente da fornitori certificati e lo spessore utilizzato \u00e8 stabilito in funzione del prodotto e del tipo di cottura.\">Since we purchased only from certified vendors and the thickness used is determined according to the product and the type of cooking.<\/span><\/p>\n<p><span title=\"LE LAVORAZIONI\">MANUFACTURING<\/span><br \/>\n<span title=\"Di tornitura, martellatura, stagnatura e lucidatura sono realizzate manualmente per garantire la massima qualit\u00e0 delle finiture, mentre lo stampaggio \u00e8 realizzato con attrezzature d'avanguardia.\">Turning, hammering , soldering and polishing are done manually to ensure the highest quality of finishes, while the molding is made with advanced equipment.<\/span><\/p>\n<p><strong><u>OPUS CUPRA<\/u><\/strong><\/p>\n<p><span title=\"Un set prestigioso che qualifica la cucina professionale arricchendone l'aspetto estetico ed evidenziando le capacit\u00e0 del cuoco.\">This heirloom quality cookware combines hand crafted details with the latest metal cladding technologies to ensure state-of-the-art performance.<br \/>\nEach piece is 2,3mm thick made of solid copper with a thin aluminum core and a layer of stainless steel inside.<br \/>\nThe copper allows heat to spread uniformly across the bottom and up the sides of the pan as the professional chefs require, while the internal layer of stainless steel makes it a dazzling, solid, practical, hygienic and easy to clean object. The specially designed stainless steel handles are sturdy riveted.<br \/>\nThe hammered finishing hand made by our master coppersmiths in Milan turn the item into a work of art, suiting both everyday needs and special dinners.<br \/>\nThe stainless steel handles are adorned with leaves and the unique silver-plated knobs are hand sculpted in the shape of various vegetables.<br \/>\nThese beautiful pieces, created for perfect cooking results, are elegant enough to grace any dining table..<\/span><\/p>\n<p><span title=\"Adatte ad uso su tutti i fuochi (eccetto induzione).\">Suitable for use on all burners ( except induction ) .<\/span><\/p>\n","protected":false},"excerpt":{"rendered":"<p>The processing of copper is now Ruffoni a real passion , the achievement of high quality standards is its primary<\/p>\n","protected":false},"featured_media":118713,"template":"","meta":{"_acf_changed":false,"inline_featured_image":false},"product_cat":[6708,14800],"product_tag":[11386,11701,24679,11717,16631,11604,12203],"acf":[],"yoast_head":"<!-- This site is optimized with the Yoast SEO Premium plugin v18.6 (Yoast SEO v19.13) - https:\/\/yoast.com\/wordpress\/plugins\/seo\/ -->\n<title>RUFFONI Opus Cupra Frying pan Copper 30 cm - Erresse Shop<\/title>\n<meta name=\"description\" content=\"The processing of copper is now Ruffoni a real passion , the achievement of high quality standards is its primary purpose , the overcoming of all world\" \/>\n<meta name=\"robots\" content=\"index, follow, max-snippet:-1, max-image-preview:large, max-video-preview:-1\" \/>\n<link rel=\"canonical\" href=\"https:\/\/www.erresse-shop.it\/en\/shop\/pans-pots\/pans\/ruffoni-opus-cupra-frying-pan-copper-30-cm\/\" \/>\n<meta property=\"og:locale\" content=\"en_US\" \/>\n<meta property=\"og:type\" content=\"article\" \/>\n<meta property=\"og:title\" content=\"RUFFONI Opus Cupra Frying pan Copper 30 cm\" \/>\n<meta property=\"og:description\" content=\"The processing of copper is now Ruffoni a real passion , the achievement of high quality standards is its primary purpose , the overcoming of all world\" \/>\n<meta property=\"og:url\" content=\"https:\/\/www.erresse-shop.it\/en\/shop\/pans-pots\/pans\/ruffoni-opus-cupra-frying-pan-copper-30-cm\/\" \/>\n<meta property=\"og:site_name\" content=\"Erresse Shop\" \/>\n<meta property=\"article:modified_time\" content=\"2022-01-26T15:55:35+00:00\" \/>\n<meta property=\"og:image\" content=\"https:\/\/www.erresse-shop.it\/wp-content\/uploads\/2021\/09\/CM26.jpg\" \/>\n\t<meta property=\"og:image:width\" content=\"1500\" \/>\n\t<meta property=\"og:image:height\" content=\"740\" \/>\n\t<meta property=\"og:image:type\" content=\"image\/jpeg\" \/>\n<meta name=\"twitter:card\" content=\"summary_large_image\" \/>\n<script type=\"application\/ld+json\" class=\"yoast-schema-graph\">{\"@context\":\"https:\/\/schema.org\",\"@graph\":[{\"@type\":\"WebPage\",\"@id\":\"https:\/\/www.erresse-shop.it\/en\/shop\/pans-pots\/pans\/ruffoni-opus-cupra-frying-pan-copper-30-cm\/\",\"url\":\"https:\/\/www.erresse-shop.it\/en\/shop\/pans-pots\/pans\/ruffoni-opus-cupra-frying-pan-copper-30-cm\/\",\"name\":\"RUFFONI Opus Cupra Frying pan Copper 30 cm - Erresse Shop\",\"isPartOf\":{\"@id\":\"https:\/\/www.erresse-shop.it\/en\/#website\"},\"datePublished\":\"2021-09-14T09:08:58+00:00\",\"dateModified\":\"2022-01-26T15:55:35+00:00\",\"description\":\"The processing of copper is now Ruffoni a real passion , the achievement of high quality standards is its primary purpose , the overcoming of all world\",\"breadcrumb\":{\"@id\":\"https:\/\/www.erresse-shop.it\/en\/shop\/pans-pots\/pans\/ruffoni-opus-cupra-frying-pan-copper-30-cm\/#breadcrumb\"},\"inLanguage\":\"en-EN\",\"potentialAction\":[{\"@type\":\"ReadAction\",\"target\":[\"https:\/\/www.erresse-shop.it\/en\/shop\/pans-pots\/pans\/ruffoni-opus-cupra-frying-pan-copper-30-cm\/\"]}]},{\"@type\":\"BreadcrumbList\",\"@id\":\"https:\/\/www.erresse-shop.it\/en\/shop\/pans-pots\/pans\/ruffoni-opus-cupra-frying-pan-copper-30-cm\/#breadcrumb\",\"itemListElement\":[{\"@type\":\"ListItem\",\"position\":1,\"name\":\"Home\",\"item\":\"https:\/\/www.erresse-shop.it\/en\/\"},{\"@type\":\"ListItem\",\"position\":2,\"name\":\"Shop\",\"item\":\"https:\/\/www.erresse-shop.com\/en\/shop\/\"},{\"@type\":\"ListItem\",\"position\":3,\"name\":\"RUFFONI Opus Cupra Frying pan Copper 30 cm\"}]},{\"@type\":\"WebSite\",\"@id\":\"https:\/\/www.erresse-shop.it\/en\/#website\",\"url\":\"https:\/\/www.erresse-shop.it\/en\/\",\"name\":\"Erresse Shop\",\"description\":\"Articoli di qualit\u00e0 per la casa\",\"potentialAction\":[{\"@type\":\"SearchAction\",\"target\":{\"@type\":\"EntryPoint\",\"urlTemplate\":\"https:\/\/www.erresse-shop.it\/en\/?s={search_term_string}\"},\"query-input\":\"required name=search_term_string\"}],\"inLanguage\":\"en-EN\"}]}<\/script>\n<!-- \/ Yoast SEO Premium plugin. -->","yoast_head_json":{"title":"RUFFONI Opus Cupra Frying pan Copper 30 cm - Erresse Shop","description":"The processing of copper is now Ruffoni a real passion , the achievement of high quality standards is its primary purpose , the overcoming of all world","robots":{"index":"index","follow":"follow","max-snippet":"max-snippet:-1","max-image-preview":"max-image-preview:large","max-video-preview":"max-video-preview:-1"},"canonical":"https:\/\/www.erresse-shop.it\/en\/shop\/pans-pots\/pans\/ruffoni-opus-cupra-frying-pan-copper-30-cm\/","og_locale":"en_US","og_type":"article","og_title":"RUFFONI Opus Cupra Frying pan Copper 30 cm","og_description":"The processing of copper is now Ruffoni a real passion , the achievement of high quality standards is its primary purpose , the overcoming of all world","og_url":"https:\/\/www.erresse-shop.it\/en\/shop\/pans-pots\/pans\/ruffoni-opus-cupra-frying-pan-copper-30-cm\/","og_site_name":"Erresse Shop","article_modified_time":"2022-01-26T15:55:35+00:00","og_image":[{"width":1500,"height":740,"url":"https:\/\/www.erresse-shop.it\/wp-content\/uploads\/2021\/09\/CM26.jpg","type":"image\/jpeg"}],"twitter_card":"summary_large_image","schema":{"@context":"https:\/\/schema.org","@graph":[{"@type":"WebPage","@id":"https:\/\/www.erresse-shop.it\/en\/shop\/pans-pots\/pans\/ruffoni-opus-cupra-frying-pan-copper-30-cm\/","url":"https:\/\/www.erresse-shop.it\/en\/shop\/pans-pots\/pans\/ruffoni-opus-cupra-frying-pan-copper-30-cm\/","name":"RUFFONI Opus Cupra Frying pan Copper 30 cm - Erresse Shop","isPartOf":{"@id":"https:\/\/www.erresse-shop.it\/en\/#website"},"datePublished":"2021-09-14T09:08:58+00:00","dateModified":"2022-01-26T15:55:35+00:00","description":"The processing of copper is now Ruffoni a real passion , the achievement of high quality standards is its primary purpose , the overcoming of all world","breadcrumb":{"@id":"https:\/\/www.erresse-shop.it\/en\/shop\/pans-pots\/pans\/ruffoni-opus-cupra-frying-pan-copper-30-cm\/#breadcrumb"},"inLanguage":"en-EN","potentialAction":[{"@type":"ReadAction","target":["https:\/\/www.erresse-shop.it\/en\/shop\/pans-pots\/pans\/ruffoni-opus-cupra-frying-pan-copper-30-cm\/"]}]},{"@type":"BreadcrumbList","@id":"https:\/\/www.erresse-shop.it\/en\/shop\/pans-pots\/pans\/ruffoni-opus-cupra-frying-pan-copper-30-cm\/#breadcrumb","itemListElement":[{"@type":"ListItem","position":1,"name":"Home","item":"https:\/\/www.erresse-shop.it\/en\/"},{"@type":"ListItem","position":2,"name":"Shop","item":"https:\/\/www.erresse-shop.com\/en\/shop\/"},{"@type":"ListItem","position":3,"name":"RUFFONI Opus Cupra Frying pan Copper 30 cm"}]},{"@type":"WebSite","@id":"https:\/\/www.erresse-shop.it\/en\/#website","url":"https:\/\/www.erresse-shop.it\/en\/","name":"Erresse Shop","description":"Articoli di qualit\u00e0 per la casa","potentialAction":[{"@type":"SearchAction","target":{"@type":"EntryPoint","urlTemplate":"https:\/\/www.erresse-shop.it\/en\/?s={search_term_string}"},"query-input":"required name=search_term_string"}],"inLanguage":"en-EN"}]}},"df_price":189.5,"df_sale_price":189.5,"df_regular_price":379,"df_image_link":"https:\/\/www.erresse-shop.it\/wp-content\/uploads\/2021\/09\/CM26-300x148.jpg","_links":{"self":[{"href":"https:\/\/www.erresse-shop.it\/en\/wp-json\/wp\/v2\/product\/118625"}],"collection":[{"href":"https:\/\/www.erresse-shop.it\/en\/wp-json\/wp\/v2\/product"}],"about":[{"href":"https:\/\/www.erresse-shop.it\/en\/wp-json\/wp\/v2\/types\/product"}],"wp:featuredmedia":[{"embeddable":true,"href":"https:\/\/www.erresse-shop.it\/en\/wp-json\/wp\/v2\/media\/118713"}],"wp:attachment":[{"href":"https:\/\/www.erresse-shop.it\/en\/wp-json\/wp\/v2\/media?parent=118625"}],"wp:term":[{"taxonomy":"product_cat","embeddable":true,"href":"https:\/\/www.erresse-shop.it\/en\/wp-json\/wp\/v2\/product_cat?post=118625"},{"taxonomy":"product_tag","embeddable":true,"href":"https:\/\/www.erresse-shop.it\/en\/wp-json\/wp\/v2\/product_tag?post=118625"}],"curies":[{"name":"wp","href":"https:\/\/api.w.org\/{rel}","templated":true}]}}