{"id":98120,"date":"2021-05-07T08:57:42","date_gmt":"2021-05-07T08:57:42","guid":{"rendered":"https:\/\/www.erresse-shop.it\/?post_type=product&#038;p=98120"},"modified":"2025-01-17T15:46:57","modified_gmt":"2025-01-17T15:46:57","slug":"staub-cocotte-oval-29-cm-zimt","status":"publish","type":"product","link":"https:\/\/www.erresse-shop.it\/de\/shop\/toepfe-pfannen\/schalldaempfer-und-kokotten\/staub-cocotte-oval-29-cm-zimt\/","title":{"rendered":"STAUB Cocotte Oval 29 cm Zimt"},"content":{"rendered":"<p>Mit einer ovalen Cocotte von Staub erhalten Sie nicht nur die Vorteile eines hochwertigen Schmortopfes, sondern auch ein ansprechend designtes Kochgeschirr, mit dem Sie am Tisch servieren k\u00f6nnen. Der Name Cocotte leitet sich von dem Wort H\u00fchnchen ab, der Br\u00e4ter eignet sich jedoch auch f\u00fcr Ragouts, Souffl\u00e9s, Eint\u00f6pfe, Suppen oder Gratins. Dank seines Durchmessers von 29 cm und dem Volumen von 4,2 l lassen sich in diesem Topf auch gr\u00f6\u00dfere Mengen problemlos zubereiten. Die Cocotte ist in Zimt gehalten. Der Farbton wirkt besonders urspr\u00fcnglich und unterstreicht ihr franz\u00f6sisches Flair. Das Gusseisen, aus dem der Schmortopf besteht, speichert die Hitze zusammen mit einer mattschwarzen Beschichtung aus Emaille effektiv und gibt sie langsam und stetig nach Innen ab. So erhalten Sie Brat- und Gargut, das schonend erw\u00e4rmt wurde. Dank der Tropfenstruktur des Deckels wird das Kondenswasser gleichm\u00e4\u00dfig \u00fcber dem Gargut verteilt \u2013 Geschmack und N\u00e4hrstoffe bleiben auf diese Weise sehr gut erhalten. Das emaillierte Gusseisen gibt die W\u00e4rme auch nach dem Erhitzen noch \u00fcber l\u00e4ngere Zeit gleichm\u00e4\u00dfig ab. Nach dem Servieren am Esstisch haben Ihre G\u00e4ste so ausreichend Zeit, die leckeren Speisen zu genie\u00dfen. Die Cocotte ist f\u00fcr den Einsatz auf allen Herdtypen inklusive Induktionsherden geeignet. Hobbyk\u00f6che und Profis profitieren von den Vorz\u00fcgen des traditionellen Bratgeschirrs aus der Serie La Cocotte, das von Staub mit modernsten Verfahren weiterentwickelt wurde.<\/p>\n<p>&#8211; Ideal zum Anbraten und langsamen Garen von Braten und Gefl\u00fcgel am St\u00fcck<br \/>\n&#8211; Saftiges und zartes Kochergebnis durch die spezielle Tropfenstruktur im Deckel<br \/>\n&#8211; Die schwarzmatte Innenemaillierung eignet sich zum besonders krossen Anbraten und ist besonders strapazierf\u00e4hig<br \/>\n&#8211; F\u00fcr alle Herdarten inkl. Induktion geeignet, auch im Backofen\/Grill einsetzbar<br \/>\n&#8211; Intensiver Farbton durch die besondere Majolika Emaillierung<\/p>\n<p>Eigenschaften<br \/>\n&#8211; Hitzebest\u00e4ndigkeit: 240,00 \u00baC<br \/>\n&#8211; K\u00e4ltebest\u00e4ndigkeit: -20,00 \u00baC<br \/>\n&#8211; Material: Gusseisen<br \/>\n&#8211; Deckel vorhanden: Ja<br \/>\n&#8211; Induktion: Ja<br \/>\n&#8211; Backofen geeignet: Ja<br \/>\n&#8211; Gefrierschrank geeignet: Ja<br \/>\n&#8211; Herdplatten geeignet: Ja<br \/>\n&#8211; Sp\u00fclmaschinengeeignet: Ja<\/p>\n<p>Abmessungen<br \/>\n&#8211; Gewicht netto: 5,54 kg<br \/>\n&#8211; Volumen: 4,20 l<br \/>\n&#8211; Produktl\u00e4nge: 35,30 cm<br \/>\n&#8211; Produktbreite: 29,00 cm<br \/>\n&#8211; Produkth\u00f6he: 15,50 cm<br \/>\n&#8211; Produkth\u00f6he ohne Deckel: 10,70 cm<br \/>\n&#8211; Oberer Durchmesser: 29,00 cm<br \/>\n&#8211; Oberer Durchmesser 2: 2,30 cm<br \/>\n&#8211; Bodendurchmesser: 24,40 cm<br \/>\n&#8211; Griffl\u00e4nge: 3,00 cm<\/p>\n","protected":false},"excerpt":{"rendered":"<p>Mit einer ovalen Cocotte von Staub erhalten Sie nicht nur die Vorteile eines hochwertigen Schmortopfes, sondern auch ein ansprechend designtes<\/p>\n","protected":false},"featured_media":98113,"template":"","meta":{"_acf_changed":false,"inline_featured_image":false},"product_cat":[6709,14793],"product_tag":[11387,11381,11385,12315,12205],"acf":[],"yoast_head":"<!-- This site is optimized with the Yoast SEO Premium plugin v18.6 (Yoast SEO v19.13) - https:\/\/yoast.com\/wordpress\/plugins\/seo\/ -->\n<title>STAUB Cocotte Oval 29 cm Zimt<\/title>\n<meta name=\"description\" content=\"Entdecken Sie STAUB Cocotte Oval 29 cm Zimt bei ErresseShop. Qualit\u00e4t, Stil und Funktionalit\u00e4t \u2013 jetzt online bestellen!\" \/>\n<meta name=\"robots\" content=\"index, follow, max-snippet:-1, max-image-preview:large, max-video-preview:-1\" \/>\n<link rel=\"canonical\" href=\"https:\/\/www.erresse-shop.it\/de\/shop\/toepfe-pfannen\/schalldaempfer-und-kokotten\/staub-cocotte-oval-29-cm-zimt\/\" \/>\n<meta property=\"og:locale\" content=\"de_DE\" \/>\n<meta property=\"og:type\" content=\"article\" \/>\n<meta property=\"og:title\" content=\"STAUB Cocotte Oval 29 cm Zimt\" \/>\n<meta property=\"og:description\" content=\"Entdecken Sie STAUB Cocotte Oval 29 cm Zimt bei ErresseShop. Qualit\u00e4t, Stil und Funktionalit\u00e4t \u2013 jetzt online bestellen!\" \/>\n<meta property=\"og:url\" content=\"https:\/\/www.erresse-shop.it\/de\/shop\/toepfe-pfannen\/schalldaempfer-und-kokotten\/staub-cocotte-oval-29-cm-zimt\/\" \/>\n<meta property=\"og:site_name\" content=\"Erresse Shop\" \/>\n<meta property=\"article:modified_time\" content=\"2025-01-17T15:46:57+00:00\" \/>\n<meta property=\"og:image\" content=\"https:\/\/www.erresse-shop.it\/wp-content\/uploads\/2021\/05\/cocotte-31cm-cannella-40511-300_1.jpg\" \/>\n\t<meta property=\"og:image:width\" content=\"1350\" \/>\n\t<meta property=\"og:image:height\" content=\"1350\" \/>\n\t<meta property=\"og:image:type\" content=\"image\/jpeg\" \/>\n<meta name=\"twitter:card\" content=\"summary_large_image\" \/>\n<script type=\"application\/ld+json\" class=\"yoast-schema-graph\">{\"@context\":\"https:\/\/schema.org\",\"@graph\":[{\"@type\":\"WebPage\",\"@id\":\"https:\/\/www.erresse-shop.it\/de\/shop\/toepfe-pfannen\/schalldaempfer-und-kokotten\/staub-cocotte-oval-29-cm-zimt\/\",\"url\":\"https:\/\/www.erresse-shop.it\/de\/shop\/toepfe-pfannen\/schalldaempfer-und-kokotten\/staub-cocotte-oval-29-cm-zimt\/\",\"name\":\"STAUB Cocotte Oval 29 cm Zimt\",\"isPartOf\":{\"@id\":\"https:\/\/www.erresse-shop.it\/de\/#website\"},\"datePublished\":\"2021-05-07T08:57:42+00:00\",\"dateModified\":\"2025-01-17T15:46:57+00:00\",\"description\":\"Entdecken Sie STAUB Cocotte Oval 29 cm Zimt bei ErresseShop. Qualit\u00e4t, Stil und Funktionalit\u00e4t \u2013 jetzt online bestellen!\",\"breadcrumb\":{\"@id\":\"https:\/\/www.erresse-shop.it\/de\/shop\/toepfe-pfannen\/schalldaempfer-und-kokotten\/staub-cocotte-oval-29-cm-zimt\/#breadcrumb\"},\"inLanguage\":\"de-DE\",\"potentialAction\":[{\"@type\":\"ReadAction\",\"target\":[\"https:\/\/www.erresse-shop.it\/de\/shop\/toepfe-pfannen\/schalldaempfer-und-kokotten\/staub-cocotte-oval-29-cm-zimt\/\"]}]},{\"@type\":\"BreadcrumbList\",\"@id\":\"https:\/\/www.erresse-shop.it\/de\/shop\/toepfe-pfannen\/schalldaempfer-und-kokotten\/staub-cocotte-oval-29-cm-zimt\/#breadcrumb\",\"itemListElement\":[{\"@type\":\"ListItem\",\"position\":1,\"name\":\"Home\",\"item\":\"https:\/\/www.erresse-shop.it\/de\/\"},{\"@type\":\"ListItem\",\"position\":2,\"name\":\"Shop\",\"item\":\"https:\/\/www.erresse-shop.it\/de\/shop\/\"},{\"@type\":\"ListItem\",\"position\":3,\"name\":\"STAUB Cocotte Oval 29 cm Zimt\"}]},{\"@type\":\"WebSite\",\"@id\":\"https:\/\/www.erresse-shop.it\/de\/#website\",\"url\":\"https:\/\/www.erresse-shop.it\/de\/\",\"name\":\"Erresse Shop\",\"description\":\"Articoli di qualit\u00e0 per la casa\",\"potentialAction\":[{\"@type\":\"SearchAction\",\"target\":{\"@type\":\"EntryPoint\",\"urlTemplate\":\"https:\/\/www.erresse-shop.it\/de\/?s={search_term_string}\"},\"query-input\":\"required name=search_term_string\"}],\"inLanguage\":\"de-DE\"}]}<\/script>\n<!-- \/ Yoast SEO Premium plugin. -->","yoast_head_json":{"title":"STAUB Cocotte Oval 29 cm Zimt","description":"Entdecken Sie STAUB Cocotte Oval 29 cm Zimt bei ErresseShop. Qualit\u00e4t, Stil und Funktionalit\u00e4t \u2013 jetzt online bestellen!","robots":{"index":"index","follow":"follow","max-snippet":"max-snippet:-1","max-image-preview":"max-image-preview:large","max-video-preview":"max-video-preview:-1"},"canonical":"https:\/\/www.erresse-shop.it\/de\/shop\/toepfe-pfannen\/schalldaempfer-und-kokotten\/staub-cocotte-oval-29-cm-zimt\/","og_locale":"de_DE","og_type":"article","og_title":"STAUB Cocotte Oval 29 cm Zimt","og_description":"Entdecken Sie STAUB Cocotte Oval 29 cm Zimt bei ErresseShop. Qualit\u00e4t, Stil und Funktionalit\u00e4t \u2013 jetzt online bestellen!","og_url":"https:\/\/www.erresse-shop.it\/de\/shop\/toepfe-pfannen\/schalldaempfer-und-kokotten\/staub-cocotte-oval-29-cm-zimt\/","og_site_name":"Erresse Shop","article_modified_time":"2025-01-17T15:46:57+00:00","og_image":[{"width":1350,"height":1350,"url":"https:\/\/www.erresse-shop.it\/wp-content\/uploads\/2021\/05\/cocotte-31cm-cannella-40511-300_1.jpg","type":"image\/jpeg"}],"twitter_card":"summary_large_image","schema":{"@context":"https:\/\/schema.org","@graph":[{"@type":"WebPage","@id":"https:\/\/www.erresse-shop.it\/de\/shop\/toepfe-pfannen\/schalldaempfer-und-kokotten\/staub-cocotte-oval-29-cm-zimt\/","url":"https:\/\/www.erresse-shop.it\/de\/shop\/toepfe-pfannen\/schalldaempfer-und-kokotten\/staub-cocotte-oval-29-cm-zimt\/","name":"STAUB Cocotte Oval 29 cm Zimt","isPartOf":{"@id":"https:\/\/www.erresse-shop.it\/de\/#website"},"datePublished":"2021-05-07T08:57:42+00:00","dateModified":"2025-01-17T15:46:57+00:00","description":"Entdecken Sie STAUB Cocotte Oval 29 cm Zimt bei ErresseShop. Qualit\u00e4t, Stil und Funktionalit\u00e4t \u2013 jetzt online bestellen!","breadcrumb":{"@id":"https:\/\/www.erresse-shop.it\/de\/shop\/toepfe-pfannen\/schalldaempfer-und-kokotten\/staub-cocotte-oval-29-cm-zimt\/#breadcrumb"},"inLanguage":"de-DE","potentialAction":[{"@type":"ReadAction","target":["https:\/\/www.erresse-shop.it\/de\/shop\/toepfe-pfannen\/schalldaempfer-und-kokotten\/staub-cocotte-oval-29-cm-zimt\/"]}]},{"@type":"BreadcrumbList","@id":"https:\/\/www.erresse-shop.it\/de\/shop\/toepfe-pfannen\/schalldaempfer-und-kokotten\/staub-cocotte-oval-29-cm-zimt\/#breadcrumb","itemListElement":[{"@type":"ListItem","position":1,"name":"Home","item":"https:\/\/www.erresse-shop.it\/de\/"},{"@type":"ListItem","position":2,"name":"Shop","item":"https:\/\/www.erresse-shop.it\/de\/shop\/"},{"@type":"ListItem","position":3,"name":"STAUB Cocotte Oval 29 cm Zimt"}]},{"@type":"WebSite","@id":"https:\/\/www.erresse-shop.it\/de\/#website","url":"https:\/\/www.erresse-shop.it\/de\/","name":"Erresse Shop","description":"Articoli di qualit\u00e0 per la casa","potentialAction":[{"@type":"SearchAction","target":{"@type":"EntryPoint","urlTemplate":"https:\/\/www.erresse-shop.it\/de\/?s={search_term_string}"},"query-input":"required name=search_term_string"}],"inLanguage":"de-DE"}]}},"df_price":169.5,"df_sale_price":169.5,"df_regular_price":339,"df_image_link":"https:\/\/www.erresse-shop.it\/wp-content\/uploads\/2021\/05\/cocotte-31cm-cannella-40511-300_1-300x300.jpg","_links":{"self":[{"href":"https:\/\/www.erresse-shop.it\/de\/wp-json\/wp\/v2\/product\/98120"}],"collection":[{"href":"https:\/\/www.erresse-shop.it\/de\/wp-json\/wp\/v2\/product"}],"about":[{"href":"https:\/\/www.erresse-shop.it\/de\/wp-json\/wp\/v2\/types\/product"}],"wp:featuredmedia":[{"embeddable":true,"href":"https:\/\/www.erresse-shop.it\/de\/wp-json\/wp\/v2\/media\/98113"}],"wp:attachment":[{"href":"https:\/\/www.erresse-shop.it\/de\/wp-json\/wp\/v2\/media?parent=98120"}],"wp:term":[{"taxonomy":"product_cat","embeddable":true,"href":"https:\/\/www.erresse-shop.it\/de\/wp-json\/wp\/v2\/product_cat?post=98120"},{"taxonomy":"product_tag","embeddable":true,"href":"https:\/\/www.erresse-shop.it\/de\/wp-json\/wp\/v2\/product_tag?post=98120"}],"curies":[{"name":"wp","href":"https:\/\/api.w.org\/{rel}","templated":true}]}}