{"id":97660,"date":"2021-05-03T06:22:40","date_gmt":"2021-05-03T06:23:49","guid":{"rendered":"https:\/\/www.erresse-shop.it\/?post_type=product&#038;p=97660"},"modified":"2025-01-17T08:25:09","modified_gmt":"2025-01-17T08:25:09","slug":"le-creuset-profitopf-mit-holzgriff-18-cm-meringue","status":"publish","type":"product","link":"https:\/\/www.erresse-shop.it\/de\/shop\/toepfe-pfannen\/toepfe-und-kochtoepfen\/le-creuset-profitopf-mit-holzgriff-18-cm-meringue\/","title":{"rendered":"LE CREUSET Profitopf mit Holzgriff 18 cm Meringue"},"content":{"rendered":"<p><span style=\"color: #000000;\"><strong>K\u00f6cheln und servieren<\/strong><\/span><br \/>\n<span style=\"color: #000000;\">Dieser Profitopf l\u00e4sst Sie nicht im Stich, wenn Sie bei einem Gericht etwas vorsichtiger vorgehen m\u00fcssen. Egal, ob Sie eine herzhafte So\u00dfe oder eine delikate Creme zubereiten: Das Gusseisen sorgt f\u00fcr eine gleichm\u00e4\u00dfige Hitzeverteilung. Der Deckel verf\u00fcgt \u00fcber ein L\u00fcftungssystem, damit nichts \u00fcberkocht. Und dank der beiden Ausg\u00fcsse geht beim Servieren nichts daneben.<\/span><\/p>\n<p><span style=\"color: #000000;\"><strong><span style=\"text-decoration: underline;\">Eigenschaften:<\/span><\/strong><\/span><\/p>\n<ul>\n<li><span style=\"color: #000000;\">Schnelle Reinigung: Die emaillierte Innenseite erleichtert die Reinigung.<\/span><\/li>\n<li><span style=\"color: #000000;\">Das Gusseisen speichert sehr gut die W\u00e4rme f\u00fcr gleichm\u00e4\u00dfiges Kochen und Braten. Ihre k\u00f6stlichen Kreationen bleiben zudem l\u00e4nger warm auf dem Tisch.<\/span><\/li>\n<li><span style=\"color: #000000;\">Schlie\u00dft Feuchtigkeit ein: Unser dicht schlie\u00dfender Deckel tr\u00e4gt dazu bei, mehr Feuchtigkeit zu erzielen und den Geschmack zu verbessern \u2013 f\u00fcr perfekt zubereitete Gerichte.<\/span><\/li>\n<li><span style=\"color: #000000;\">Ganz oben: Der Deckel verf\u00fcgt \u00fcber ein spezielles L\u00fcftungssystem, das ein \u00dcberkochen verhindert.<\/span><\/li>\n<li><span style=\"color: #000000;\">Traditioneller Look: Der Holzgriff sieht stilvoll aus und bleibt k\u00fchl.<\/span><\/li>\n<li><span style=\"color: #000000;\">Eine helfende Hand: Dank des Gegengriffs ist ein leichtes Anheben und Bewegen zwischen Herd, Backofen und Tisch m\u00f6glich.<\/span><\/li>\n<li><span style=\"color: #000000;\">Nicht zu hei\u00df: Kochen Sie mit einer gleichm\u00e4\u00dfigen, niedrigen bis mittleren Hitze, um Ihr Gusseisen zu schonen und leckere Ergebnisse zu erzielen.<\/span><\/li>\n<\/ul>\n<p><span style=\"color: #000000;\"><strong>Material:<\/strong> emailliertes Gusseisen<\/span><br \/>\n<span style=\"color: #000000;\">Hergestellt in Frankreich<\/span><br \/>\n<span style=\"color: #000000;\"><strong>Garantie:<\/strong> 30 Jahre<\/span><\/p>\n<p><span style=\"color: #000000;\"><strong><span style=\"text-decoration: underline;\">W\u00e4rmequellen:<\/span><\/strong><\/span><\/p>\n<ul>\n<li><span style=\"color: #000000;\">Elektroherd<\/span><\/li>\n<li><span style=\"color: #000000;\">Glaskeramik-Kochfeld<\/span><\/li>\n<li><span style=\"color: #000000;\">Gasherd<\/span><\/li>\n<li><span style=\"color: #000000;\">Induktionsherd<\/span><\/li>\n<\/ul>\n<p><span style=\"text-decoration: underline; color: #000000;\"><strong>Reinigung:<\/strong><\/span><\/p>\n<ul>\n<li><span style=\"color: #000000;\">Lassen Sie Ihr Produkt abk\u00fchlen, bevor Sie es reinigen.<\/span><\/li>\n<li><span style=\"color: #000000;\">S\u00e4ubern Sie alle Reste vom Boden und den Seiten des Produkts ab. Falls Speisereste anhaften, f\u00fcllen Sie das Produkt mit warmem Sp\u00fclwasser und lassen Sie es 15 bis 20 Minuten einweichen, bevor Sie es wie gewohnt sp\u00fclen.<\/span><\/li>\n<li><span style=\"color: #000000;\">Verwenden Sie auf keiner der Oberfl\u00e4chen scheuernde Reinigungsmittel oder Metall, raue oder sehr harte Reinigungspads bzw. -b\u00fcrsten.<\/span><\/li>\n<li><span style=\"color: #000000;\">Trocknen Sie die Produkte nach dem Sp\u00fclen gut ab und bewahren Sie es an einem trockenen Ort auf.<\/span><\/li>\n<\/ul>\n","protected":false},"excerpt":{"rendered":"<p>K\u00f6cheln und servieren Dieser Profitopf l\u00e4sst Sie nicht im Stich, wenn Sie bei einem Gericht etwas vorsichtiger vorgehen m\u00fcssen. Egal,<\/p>\n","protected":false},"featured_media":513358,"template":"","meta":{"_acf_changed":false,"inline_featured_image":false},"product_cat":[6709,14776],"product_tag":[11387,11383,11385,12315,11605,11607,12205],"acf":[],"yoast_head":"<!-- This site is optimized with the Yoast SEO Premium plugin v18.6 (Yoast SEO v19.13) - https:\/\/yoast.com\/wordpress\/plugins\/seo\/ -->\n<title>LE CREUSET Profitopf mit Holzgriff 18 cm Meringue<\/title>\n<meta name=\"description\" content=\"Entdecken Sie LE CREUSET Profitopf mit Holzgriff 18 cm Meringue bei ErresseShop. Qualit\u00e4t, Stil und Funktionalit\u00e4t \u2013 jetzt online bestellen!\" \/>\n<meta name=\"robots\" content=\"index, follow, max-snippet:-1, max-image-preview:large, max-video-preview:-1\" \/>\n<link rel=\"canonical\" href=\"https:\/\/www.erresse-shop.it\/de\/shop\/toepfe-pfannen\/toepfe-und-kochtoepfen\/le-creuset-profitopf-mit-holzgriff-18-cm-meringue\/\" \/>\n<meta property=\"og:locale\" content=\"de_DE\" \/>\n<meta property=\"og:type\" content=\"article\" \/>\n<meta property=\"og:title\" content=\"LE CREUSET Profitopf mit Holzgriff 18 cm Meringue\" \/>\n<meta property=\"og:description\" content=\"Entdecken Sie LE CREUSET Profitopf mit Holzgriff 18 cm Meringue bei ErresseShop. Qualit\u00e4t, Stil und Funktionalit\u00e4t \u2013 jetzt online bestellen!\" \/>\n<meta property=\"og:url\" content=\"https:\/\/www.erresse-shop.it\/de\/shop\/toepfe-pfannen\/toepfe-und-kochtoepfen\/le-creuset-profitopf-mit-holzgriff-18-cm-meringue\/\" \/>\n<meta property=\"og:site_name\" content=\"Erresse Shop\" \/>\n<meta property=\"article:modified_time\" content=\"2025-01-17T08:25:09+00:00\" \/>\n<meta property=\"og:image\" content=\"https:\/\/www.erresse-shop.it\/wp-content\/uploads\/2021\/05\/LE-CREUSET-Casseruola-in-Ghisa-Manico-in-Legno-18-cm-Meringa.png\" \/>\n\t<meta property=\"og:image:width\" content=\"800\" \/>\n\t<meta property=\"og:image:height\" content=\"800\" \/>\n\t<meta property=\"og:image:type\" content=\"image\/png\" \/>\n<meta name=\"twitter:card\" content=\"summary_large_image\" \/>\n<script type=\"application\/ld+json\" class=\"yoast-schema-graph\">{\"@context\":\"https:\/\/schema.org\",\"@graph\":[{\"@type\":\"WebPage\",\"@id\":\"https:\/\/www.erresse-shop.it\/de\/shop\/toepfe-pfannen\/toepfe-und-kochtoepfen\/le-creuset-profitopf-mit-holzgriff-18-cm-meringue\/\",\"url\":\"https:\/\/www.erresse-shop.it\/de\/shop\/toepfe-pfannen\/toepfe-und-kochtoepfen\/le-creuset-profitopf-mit-holzgriff-18-cm-meringue\/\",\"name\":\"LE CREUSET Profitopf mit Holzgriff 18 cm Meringue\",\"isPartOf\":{\"@id\":\"https:\/\/www.erresse-shop.it\/de\/#website\"},\"datePublished\":\"2021-05-03T06:23:49+00:00\",\"dateModified\":\"2025-01-17T08:25:09+00:00\",\"description\":\"Entdecken Sie LE CREUSET Profitopf mit Holzgriff 18 cm Meringue bei ErresseShop. Qualit\u00e4t, Stil und Funktionalit\u00e4t \u2013 jetzt online bestellen!\",\"breadcrumb\":{\"@id\":\"https:\/\/www.erresse-shop.it\/de\/shop\/toepfe-pfannen\/toepfe-und-kochtoepfen\/le-creuset-profitopf-mit-holzgriff-18-cm-meringue\/#breadcrumb\"},\"inLanguage\":\"de-DE\",\"potentialAction\":[{\"@type\":\"ReadAction\",\"target\":[\"https:\/\/www.erresse-shop.it\/de\/shop\/toepfe-pfannen\/toepfe-und-kochtoepfen\/le-creuset-profitopf-mit-holzgriff-18-cm-meringue\/\"]}]},{\"@type\":\"BreadcrumbList\",\"@id\":\"https:\/\/www.erresse-shop.it\/de\/shop\/toepfe-pfannen\/toepfe-und-kochtoepfen\/le-creuset-profitopf-mit-holzgriff-18-cm-meringue\/#breadcrumb\",\"itemListElement\":[{\"@type\":\"ListItem\",\"position\":1,\"name\":\"Home\",\"item\":\"https:\/\/www.erresse-shop.it\/de\/\"},{\"@type\":\"ListItem\",\"position\":2,\"name\":\"Shop\",\"item\":\"https:\/\/www.erresse-shop.it\/de\/shop\/\"},{\"@type\":\"ListItem\",\"position\":3,\"name\":\"LE CREUSET Profitopf mit Holzgriff 18 cm Meringue\"}]},{\"@type\":\"WebSite\",\"@id\":\"https:\/\/www.erresse-shop.it\/de\/#website\",\"url\":\"https:\/\/www.erresse-shop.it\/de\/\",\"name\":\"Erresse Shop\",\"description\":\"Articoli di qualit\u00e0 per la casa\",\"potentialAction\":[{\"@type\":\"SearchAction\",\"target\":{\"@type\":\"EntryPoint\",\"urlTemplate\":\"https:\/\/www.erresse-shop.it\/de\/?s={search_term_string}\"},\"query-input\":\"required name=search_term_string\"}],\"inLanguage\":\"de-DE\"}]}<\/script>\n<!-- \/ Yoast SEO Premium plugin. -->","yoast_head_json":{"title":"LE CREUSET Profitopf mit Holzgriff 18 cm Meringue","description":"Entdecken Sie LE CREUSET Profitopf mit Holzgriff 18 cm Meringue bei ErresseShop. Qualit\u00e4t, Stil und Funktionalit\u00e4t \u2013 jetzt online bestellen!","robots":{"index":"index","follow":"follow","max-snippet":"max-snippet:-1","max-image-preview":"max-image-preview:large","max-video-preview":"max-video-preview:-1"},"canonical":"https:\/\/www.erresse-shop.it\/de\/shop\/toepfe-pfannen\/toepfe-und-kochtoepfen\/le-creuset-profitopf-mit-holzgriff-18-cm-meringue\/","og_locale":"de_DE","og_type":"article","og_title":"LE CREUSET Profitopf mit Holzgriff 18 cm Meringue","og_description":"Entdecken Sie LE CREUSET Profitopf mit Holzgriff 18 cm Meringue bei ErresseShop. Qualit\u00e4t, Stil und Funktionalit\u00e4t \u2013 jetzt online bestellen!","og_url":"https:\/\/www.erresse-shop.it\/de\/shop\/toepfe-pfannen\/toepfe-und-kochtoepfen\/le-creuset-profitopf-mit-holzgriff-18-cm-meringue\/","og_site_name":"Erresse Shop","article_modified_time":"2025-01-17T08:25:09+00:00","og_image":[{"width":800,"height":800,"url":"https:\/\/www.erresse-shop.it\/wp-content\/uploads\/2021\/05\/LE-CREUSET-Casseruola-in-Ghisa-Manico-in-Legno-18-cm-Meringa.png","type":"image\/png"}],"twitter_card":"summary_large_image","schema":{"@context":"https:\/\/schema.org","@graph":[{"@type":"WebPage","@id":"https:\/\/www.erresse-shop.it\/de\/shop\/toepfe-pfannen\/toepfe-und-kochtoepfen\/le-creuset-profitopf-mit-holzgriff-18-cm-meringue\/","url":"https:\/\/www.erresse-shop.it\/de\/shop\/toepfe-pfannen\/toepfe-und-kochtoepfen\/le-creuset-profitopf-mit-holzgriff-18-cm-meringue\/","name":"LE CREUSET Profitopf mit Holzgriff 18 cm Meringue","isPartOf":{"@id":"https:\/\/www.erresse-shop.it\/de\/#website"},"datePublished":"2021-05-03T06:23:49+00:00","dateModified":"2025-01-17T08:25:09+00:00","description":"Entdecken Sie LE CREUSET Profitopf mit Holzgriff 18 cm Meringue bei ErresseShop. Qualit\u00e4t, Stil und Funktionalit\u00e4t \u2013 jetzt online bestellen!","breadcrumb":{"@id":"https:\/\/www.erresse-shop.it\/de\/shop\/toepfe-pfannen\/toepfe-und-kochtoepfen\/le-creuset-profitopf-mit-holzgriff-18-cm-meringue\/#breadcrumb"},"inLanguage":"de-DE","potentialAction":[{"@type":"ReadAction","target":["https:\/\/www.erresse-shop.it\/de\/shop\/toepfe-pfannen\/toepfe-und-kochtoepfen\/le-creuset-profitopf-mit-holzgriff-18-cm-meringue\/"]}]},{"@type":"BreadcrumbList","@id":"https:\/\/www.erresse-shop.it\/de\/shop\/toepfe-pfannen\/toepfe-und-kochtoepfen\/le-creuset-profitopf-mit-holzgriff-18-cm-meringue\/#breadcrumb","itemListElement":[{"@type":"ListItem","position":1,"name":"Home","item":"https:\/\/www.erresse-shop.it\/de\/"},{"@type":"ListItem","position":2,"name":"Shop","item":"https:\/\/www.erresse-shop.it\/de\/shop\/"},{"@type":"ListItem","position":3,"name":"LE CREUSET Profitopf mit Holzgriff 18 cm Meringue"}]},{"@type":"WebSite","@id":"https:\/\/www.erresse-shop.it\/de\/#website","url":"https:\/\/www.erresse-shop.it\/de\/","name":"Erresse Shop","description":"Articoli di qualit\u00e0 per la casa","potentialAction":[{"@type":"SearchAction","target":{"@type":"EntryPoint","urlTemplate":"https:\/\/www.erresse-shop.it\/de\/?s={search_term_string}"},"query-input":"required name=search_term_string"}],"inLanguage":"de-DE"}]}},"df_price":92.25,"df_sale_price":92.25,"df_regular_price":205,"df_image_link":"https:\/\/www.erresse-shop.it\/wp-content\/uploads\/2021\/05\/LE-CREUSET-Casseruola-in-Ghisa-Manico-in-Legno-18-cm-Meringa-1-300x300.jpg","_links":{"self":[{"href":"https:\/\/www.erresse-shop.it\/de\/wp-json\/wp\/v2\/product\/97660"}],"collection":[{"href":"https:\/\/www.erresse-shop.it\/de\/wp-json\/wp\/v2\/product"}],"about":[{"href":"https:\/\/www.erresse-shop.it\/de\/wp-json\/wp\/v2\/types\/product"}],"wp:featuredmedia":[{"embeddable":true,"href":"https:\/\/www.erresse-shop.it\/de\/wp-json\/wp\/v2\/media\/513358"}],"wp:attachment":[{"href":"https:\/\/www.erresse-shop.it\/de\/wp-json\/wp\/v2\/media?parent=97660"}],"wp:term":[{"taxonomy":"product_cat","embeddable":true,"href":"https:\/\/www.erresse-shop.it\/de\/wp-json\/wp\/v2\/product_cat?post=97660"},{"taxonomy":"product_tag","embeddable":true,"href":"https:\/\/www.erresse-shop.it\/de\/wp-json\/wp\/v2\/product_tag?post=97660"}],"curies":[{"name":"wp","href":"https:\/\/api.w.org\/{rel}","templated":true}]}}