{"id":97204,"date":"2021-04-26T13:51:39","date_gmt":"2021-04-26T13:51:40","guid":{"rendered":"https:\/\/www.erresse-shop.it\/?post_type=product&#038;p=97204"},"modified":"2025-01-22T06:36:29","modified_gmt":"2025-01-22T06:36:29","slug":"vulcanus-grill-pro910-camp","status":"publish","type":"product","link":"https:\/\/www.erresse-shop.it\/de\/shop\/kleine-elektrogeraete\/grills-und-barbecues\/vulcanus-grill-pro910-camp\/","title":{"rendered":"VULCANUS Grill Pro910 Camp"},"content":{"rendered":"<p><span style=\"color: #000000;\"><span style=\"text-decoration: underline;\"><strong><span style=\"color: #000000; text-decoration: underline;\">DER PREIS BEINHALTET DEN VERSAND AUF PALETTE.<br \/>\nDAS PRODUKT WIRD NUR IN ITALIEN VERKAUFT (f\u00fcr alle anderen L\u00e4nder kontaktieren Sie info@erresse-shop.it).<\/span><\/strong><\/span><\/span><\/p>\n<p><span style=\"color: #000000;\">Legen Sie sich einen Feuerplatz f\u00fcr Ihre Familie zu, an dem Sie in Ruhe sitzen und grillen k\u00f6nnen. Das klassische Model <strong>VULCANUS Pro910<\/strong> (Grillfl\u00e4che 91 x 91 cm) auf einem abgesenktem Standfu\u00df ist daf\u00fcr wie geschaffen. Er eignet sich aber auch f\u00fcr Parks und \u00f6ffentliche Fl\u00e4chen, wie zum Beispiel Zeltpl\u00e4tze.<\/span><\/p>\n<p><span style=\"color: #000000;\">Der <strong>Grill Vulcanus Pro910 Camp<\/strong> verf\u00fcgt \u00fcber ein patentiertes Design mit einem Geh\u00e4use aus COR-TEN-Stahl, der eine sch\u00f6ne Patina bildet. Er widersteht jeglichen Au\u00dfenbedingungen, und seine Brennkammer ist f\u00fcr h\u00f6heren Grillkomfort mit einer Akkumulationseinlage versehen. Das Zubereiten von Speisen wird durch bessere Zirkulation der hei\u00dfen Luft, thermische Stabilit\u00e4t und reduzierten Holzverbrauch erleichtert.<\/span><br \/>\n<span style=\"color: #000000;\">Die quadratische Form der Grillfl\u00e4che bietet im Vergleich zu runden Grills um bis zu \u2153 mehr Platz. Dank Aufteilung in zwei Temperaturzonen k\u00f6nnen Sie zudem Fleisch und Gem\u00fcse gleichzeitig zubereiten.<\/span><\/p>\n<ul>\n<li><span style=\"color: #000000;\">12 mm dicke Grillplatte mit EU-Zertifizierung f\u00fcr den Kontakt mit Lebensmitteln.<\/span><\/li>\n<li><span style=\"color: #000000;\">System zur Ableitung von Fett f\u00fcr gesundes Grillen ohne Karzinogene.<\/span><\/li>\n<li><span style=\"color: #000000;\">Einfache Entleerung der Asche am unteren Teil des Grills.<\/span><\/li>\n<\/ul>\n<p><span style=\"color: #000000;\"><strong>Welchen Brennstoff kann ich im Vulcanus verwenden?<\/strong><\/span><br \/>\n<span style=\"color: #000000;\">Geeignet sind alle Arten von Hartholz, sofern ihre Restfeuchte unter 20 % liegt. Das Holz sollte also ausreichend trocken sein. Feuchtes Holz setzt w\u00e4hrend der Verbrennung Rauch und Teer frei, was zu st\u00e4rkerer Rauchentwicklung, h\u00f6herem Holzverbrauch und reduzierter Heizleistung f\u00fchrt. Wir empfehlen, technisch getrocknete Holzscheite mit einer L\u00e4nge von etwa 33 cm zu verwenden, wie Sie in jedem Hobby-Markt erh\u00e4ltlich sind. Sie k\u00f6nnen auch Holzkohle verwenden.<\/span><\/p>\n<p><a href=\"https:\/\/www.youtube.com\/watch?v=fi3xM6ZzXN0\" target=\"_blank\" rel=\"noopener\"><span style=\"text-decoration: underline;\"><span style=\"color: #0000ff; text-decoration: underline;\">Echte Sommeratmosph\u00e4re<\/span><\/span><\/a><br \/>\n<span style=\"text-decoration: underline;\"><span style=\"color: #0000ff; text-decoration: underline;\"><a style=\"color: #0000ff; text-decoration: underline;\" href=\"https:\/\/www.youtube.com\/watch?v=RfOiYPU4veQ\" target=\"_blank\" rel=\"noopener\">Design, Funktionalit\u00e4t und Qualit\u00e4t<\/a><\/span><\/span><br \/>\n<span style=\"text-decoration: underline;\"><span style=\"color: #0000ff; text-decoration: underline;\"><a style=\"color: #0000ff; text-decoration: underline;\" href=\"https:\/\/www.youtube.com\/watch?v=Nopl5v3SZQ4\" target=\"_blank\" rel=\"noopener\">Werden Sie zum Grillk\u00f6nig<\/a><\/span><\/span><br \/>\n<span style=\"text-decoration: underline;\"><span style=\"color: #0000ff; text-decoration: underline;\"><a style=\"color: #0000ff; text-decoration: underline;\" href=\"https:\/\/www.youtube.com\/watch?v=oE6D0DrbThg\" target=\"_blank\" rel=\"noopener\">Herstellung des Vulcanus-Grills<\/a><\/span><\/span><br \/>\n<span style=\"text-decoration: underline;\"><span style=\"color: #0000ff; text-decoration: underline;\"><a style=\"color: #0000ff; text-decoration: underline;\" href=\"https:\/\/www.youtube.com\/watch?v=b1gWzEZls30\">Vulcanus Grilltechnologie<\/a><\/span><\/span><\/p>\n<div class=\"su-youtube su-u-responsive-media-yes\"><iframe loading=\"lazy\" width=\"200\" height=\"200\" src=\"https:\/\/www.youtube.com\/embed\/qB_91lsqwis?\" frameborder=\"0\" allowfullscreen allow=\"autoplay; encrypted-media; picture-in-picture\" title=\"\"><\/iframe><\/div>\n<p><span style=\"color: #000000;\"><strong>Gew\u00e4hrleistungsfrist:<\/strong> 5 Jahre.<\/span><br \/>\n<span style=\"color: #000000;\"><strong>Material:<\/strong> Italy Cor-Ten steel (Body) and Boiler steel (Plate).<\/span><br \/>\n<span style=\"color: #000000;\"><strong>Oberfl\u00e4chenbehandlung:<\/strong> Patina, \u00d6l.<\/span><br \/>\n<span style=\"color: #000000;\"><strong>Gebrauchsanweisung:<\/strong> <a href=\"https:\/\/vulcanus-design.de\/sites\/default\/files\/perm\/wysiwyg\/vulcanus-instructions-de.pdf\" target=\"_blank\" rel=\"noopener\"><span style=\"color: #3366ff;\">Anleitung<\/span><\/a><\/span><\/p>\n","protected":false},"excerpt":{"rendered":"<p>DER PREIS BEINHALTET DEN VERSAND AUF PALETTE. DAS PRODUKT WIRD NUR IN ITALIEN VERKAUFT (f\u00fcr alle anderen L\u00e4nder kontaktieren Sie<\/p>\n","protected":false},"featured_media":502586,"template":"","meta":{"_acf_changed":false,"inline_featured_image":false},"product_cat":[6703,13378],"product_tag":[13379,13381,12210],"acf":[],"yoast_head":"<!-- This site is optimized with the Yoast SEO Premium plugin v18.6 (Yoast SEO v19.13) - https:\/\/yoast.com\/wordpress\/plugins\/seo\/ -->\n<title>VULCANUS Grill Pro910 Camp<\/title>\n<meta name=\"description\" content=\"Entdecken Sie VULCANUS Grill Pro910 Camp bei ErresseShop. Qualit\u00e4t, Stil und Funktionalit\u00e4t \u2013 jetzt online bestellen!\" \/>\n<meta name=\"robots\" content=\"index, follow, max-snippet:-1, max-image-preview:large, max-video-preview:-1\" \/>\n<link rel=\"canonical\" href=\"https:\/\/www.erresse-shop.it\/de\/shop\/kleine-elektrogeraete\/grills-und-barbecues\/vulcanus-grill-pro910-camp\/\" \/>\n<meta property=\"og:locale\" content=\"de_DE\" \/>\n<meta property=\"og:type\" content=\"article\" \/>\n<meta property=\"og:title\" content=\"VULCANUS Grill Pro910 Camp\" \/>\n<meta property=\"og:description\" content=\"Entdecken Sie VULCANUS Grill Pro910 Camp bei ErresseShop. Qualit\u00e4t, Stil und Funktionalit\u00e4t \u2013 jetzt online bestellen!\" \/>\n<meta property=\"og:url\" content=\"https:\/\/www.erresse-shop.it\/de\/shop\/kleine-elektrogeraete\/grills-und-barbecues\/vulcanus-grill-pro910-camp\/\" \/>\n<meta property=\"og:site_name\" content=\"Erresse Shop\" \/>\n<meta property=\"article:modified_time\" content=\"2025-01-22T06:36:29+00:00\" \/>\n<meta property=\"og:image\" content=\"https:\/\/www.erresse-shop.it\/wp-content\/uploads\/2021\/04\/VULCANUS-Grill-Pro-910-Camp-1.jpg\" \/>\n\t<meta property=\"og:image:width\" content=\"800\" \/>\n\t<meta property=\"og:image:height\" content=\"800\" \/>\n\t<meta property=\"og:image:type\" content=\"image\/jpeg\" \/>\n<meta name=\"twitter:card\" content=\"summary_large_image\" \/>\n<script type=\"application\/ld+json\" class=\"yoast-schema-graph\">{\"@context\":\"https:\/\/schema.org\",\"@graph\":[{\"@type\":\"WebPage\",\"@id\":\"https:\/\/www.erresse-shop.it\/de\/shop\/kleine-elektrogeraete\/grills-und-barbecues\/vulcanus-grill-pro910-camp\/\",\"url\":\"https:\/\/www.erresse-shop.it\/de\/shop\/kleine-elektrogeraete\/grills-und-barbecues\/vulcanus-grill-pro910-camp\/\",\"name\":\"VULCANUS Grill Pro910 Camp\",\"isPartOf\":{\"@id\":\"https:\/\/www.erresse-shop.it\/de\/#website\"},\"datePublished\":\"2021-04-26T13:51:40+00:00\",\"dateModified\":\"2025-01-22T06:36:29+00:00\",\"description\":\"Entdecken Sie VULCANUS Grill Pro910 Camp bei ErresseShop. Qualit\u00e4t, Stil und Funktionalit\u00e4t \u2013 jetzt online bestellen!\",\"breadcrumb\":{\"@id\":\"https:\/\/www.erresse-shop.it\/de\/shop\/kleine-elektrogeraete\/grills-und-barbecues\/vulcanus-grill-pro910-camp\/#breadcrumb\"},\"inLanguage\":\"de-DE\",\"potentialAction\":[{\"@type\":\"ReadAction\",\"target\":[\"https:\/\/www.erresse-shop.it\/de\/shop\/kleine-elektrogeraete\/grills-und-barbecues\/vulcanus-grill-pro910-camp\/\"]}]},{\"@type\":\"BreadcrumbList\",\"@id\":\"https:\/\/www.erresse-shop.it\/de\/shop\/kleine-elektrogeraete\/grills-und-barbecues\/vulcanus-grill-pro910-camp\/#breadcrumb\",\"itemListElement\":[{\"@type\":\"ListItem\",\"position\":1,\"name\":\"Home\",\"item\":\"https:\/\/www.erresse-shop.it\/de\/\"},{\"@type\":\"ListItem\",\"position\":2,\"name\":\"Shop\",\"item\":\"https:\/\/www.erresse-shop.it\/de\/shop\/\"},{\"@type\":\"ListItem\",\"position\":3,\"name\":\"VULCANUS Grill Pro910 Camp\"}]},{\"@type\":\"WebSite\",\"@id\":\"https:\/\/www.erresse-shop.it\/de\/#website\",\"url\":\"https:\/\/www.erresse-shop.it\/de\/\",\"name\":\"Erresse Shop\",\"description\":\"Articoli di qualit\u00e0 per la casa\",\"potentialAction\":[{\"@type\":\"SearchAction\",\"target\":{\"@type\":\"EntryPoint\",\"urlTemplate\":\"https:\/\/www.erresse-shop.it\/de\/?s={search_term_string}\"},\"query-input\":\"required name=search_term_string\"}],\"inLanguage\":\"de-DE\"}]}<\/script>\n<!-- \/ Yoast SEO Premium plugin. -->","yoast_head_json":{"title":"VULCANUS Grill Pro910 Camp","description":"Entdecken Sie VULCANUS Grill Pro910 Camp bei ErresseShop. Qualit\u00e4t, Stil und Funktionalit\u00e4t \u2013 jetzt online bestellen!","robots":{"index":"index","follow":"follow","max-snippet":"max-snippet:-1","max-image-preview":"max-image-preview:large","max-video-preview":"max-video-preview:-1"},"canonical":"https:\/\/www.erresse-shop.it\/de\/shop\/kleine-elektrogeraete\/grills-und-barbecues\/vulcanus-grill-pro910-camp\/","og_locale":"de_DE","og_type":"article","og_title":"VULCANUS Grill Pro910 Camp","og_description":"Entdecken Sie VULCANUS Grill Pro910 Camp bei ErresseShop. Qualit\u00e4t, Stil und Funktionalit\u00e4t \u2013 jetzt online bestellen!","og_url":"https:\/\/www.erresse-shop.it\/de\/shop\/kleine-elektrogeraete\/grills-und-barbecues\/vulcanus-grill-pro910-camp\/","og_site_name":"Erresse Shop","article_modified_time":"2025-01-22T06:36:29+00:00","og_image":[{"width":800,"height":800,"url":"https:\/\/www.erresse-shop.it\/wp-content\/uploads\/2021\/04\/VULCANUS-Grill-Pro-910-Camp-1.jpg","type":"image\/jpeg"}],"twitter_card":"summary_large_image","schema":{"@context":"https:\/\/schema.org","@graph":[{"@type":"WebPage","@id":"https:\/\/www.erresse-shop.it\/de\/shop\/kleine-elektrogeraete\/grills-und-barbecues\/vulcanus-grill-pro910-camp\/","url":"https:\/\/www.erresse-shop.it\/de\/shop\/kleine-elektrogeraete\/grills-und-barbecues\/vulcanus-grill-pro910-camp\/","name":"VULCANUS Grill Pro910 Camp","isPartOf":{"@id":"https:\/\/www.erresse-shop.it\/de\/#website"},"datePublished":"2021-04-26T13:51:40+00:00","dateModified":"2025-01-22T06:36:29+00:00","description":"Entdecken Sie VULCANUS Grill Pro910 Camp bei ErresseShop. Qualit\u00e4t, Stil und Funktionalit\u00e4t \u2013 jetzt online bestellen!","breadcrumb":{"@id":"https:\/\/www.erresse-shop.it\/de\/shop\/kleine-elektrogeraete\/grills-und-barbecues\/vulcanus-grill-pro910-camp\/#breadcrumb"},"inLanguage":"de-DE","potentialAction":[{"@type":"ReadAction","target":["https:\/\/www.erresse-shop.it\/de\/shop\/kleine-elektrogeraete\/grills-und-barbecues\/vulcanus-grill-pro910-camp\/"]}]},{"@type":"BreadcrumbList","@id":"https:\/\/www.erresse-shop.it\/de\/shop\/kleine-elektrogeraete\/grills-und-barbecues\/vulcanus-grill-pro910-camp\/#breadcrumb","itemListElement":[{"@type":"ListItem","position":1,"name":"Home","item":"https:\/\/www.erresse-shop.it\/de\/"},{"@type":"ListItem","position":2,"name":"Shop","item":"https:\/\/www.erresse-shop.it\/de\/shop\/"},{"@type":"ListItem","position":3,"name":"VULCANUS Grill Pro910 Camp"}]},{"@type":"WebSite","@id":"https:\/\/www.erresse-shop.it\/de\/#website","url":"https:\/\/www.erresse-shop.it\/de\/","name":"Erresse Shop","description":"Articoli di qualit\u00e0 per la casa","potentialAction":[{"@type":"SearchAction","target":{"@type":"EntryPoint","urlTemplate":"https:\/\/www.erresse-shop.it\/de\/?s={search_term_string}"},"query-input":"required name=search_term_string"}],"inLanguage":"de-DE"}]}},"df_price":2790,"df_sale_price":2790,"df_regular_price":2790,"df_image_link":"https:\/\/www.erresse-shop.it\/wp-content\/uploads\/2021\/04\/VULCANUS-Grill-Pro910-Camp-300x300.jpg","_links":{"self":[{"href":"https:\/\/www.erresse-shop.it\/de\/wp-json\/wp\/v2\/product\/97204"}],"collection":[{"href":"https:\/\/www.erresse-shop.it\/de\/wp-json\/wp\/v2\/product"}],"about":[{"href":"https:\/\/www.erresse-shop.it\/de\/wp-json\/wp\/v2\/types\/product"}],"wp:featuredmedia":[{"embeddable":true,"href":"https:\/\/www.erresse-shop.it\/de\/wp-json\/wp\/v2\/media\/502586"}],"wp:attachment":[{"href":"https:\/\/www.erresse-shop.it\/de\/wp-json\/wp\/v2\/media?parent=97204"}],"wp:term":[{"taxonomy":"product_cat","embeddable":true,"href":"https:\/\/www.erresse-shop.it\/de\/wp-json\/wp\/v2\/product_cat?post=97204"},{"taxonomy":"product_tag","embeddable":true,"href":"https:\/\/www.erresse-shop.it\/de\/wp-json\/wp\/v2\/product_tag?post=97204"}],"curies":[{"name":"wp","href":"https:\/\/api.w.org\/{rel}","templated":true}]}}