{"id":97184,"date":"2021-04-26T13:22:48","date_gmt":"2021-04-26T13:22:49","guid":{"rendered":"https:\/\/www.erresse-shop.it\/?post_type=product&#038;p=97184"},"modified":"2025-01-22T06:36:28","modified_gmt":"2025-01-22T06:36:28","slug":"vulcanus-grill-pro730-masterchef","status":"publish","type":"product","link":"https:\/\/www.erresse-shop.it\/de\/shop\/kleine-elektrogeraete\/grills-und-barbecues\/vulcanus-grill-pro730-masterchef\/","title":{"rendered":"VULCANUS Grill Pro730 Masterchef"},"content":{"rendered":"<p><span style=\"color: #000000;\"><span style=\"text-decoration: underline;\"><strong><span style=\"color: #000000; text-decoration: underline;\">DER PREIS BEINHALTET DEN VERSAND AUF PALETTE.<br \/>\nDAS PRODUKT WIRD NUR IN ITALIEN VERKAUFT (f\u00fcr alle anderen L\u00e4nder kontaktieren Sie info@erresse-shop.it).<\/span><\/strong><\/span><\/span><\/p>\n<p><span style=\"color: #000000;\">Grillen Sie wie die Profis im Stehen und portionieren Sie die Lebensmittel direkt auf der Massivholzplatte, die in den Standfu\u00dfes integriert ist. Der <strong>Vulcanus Pro730 Masterchef<\/strong> (Grillfl\u00e4che 73 x 73 cm) mit hohem und verl\u00e4ngertem Standfu\u00df bietet mehr Platz f\u00fcr Lebensmittel, Geschirr und Holz.<\/span><\/p>\n<p><span style=\"color: #000000;\"><strong>Vulcanus-Grills<\/strong> haben ein hochwertiges, patentiertes Design. Ihr K\u00f6rper besteht aus COR-TEN-Stahl mit Patina und ist mit einer Akkumulationseinlage ausgestattet. Diese sorgt f\u00fcr eine bessere Zirkulation der hei\u00dfen Luft im Inneren des Grills. Zudem garantiert sie thermische Stabilit\u00e4t und reduziert den Holzverbrauch beim Grillen.<\/span><br \/>\n<span style=\"color: #000000;\">Die quadratische Form der Grillplatte bietet im Vergleich zu klassischen runden Grills etwa \u2153 mehr Platz. Die Grillplatte selbst ist in zwei Temperaturzonen unterteilt. So k\u00f6nnen Sie gleichzeitig grillen und zum Beispiel K\u00e4se oder Gem\u00fcse aufw\u00e4rmen.<\/span><\/p>\n<p><span style=\"color: #000000;\">Der gro\u00dfe und speziell verl\u00e4ngerte Sockel bietet einen gr\u00f6\u00dferen Holzvorratsbeh\u00e4lter, mehr Platz zum Abstellen von Geschirr und einen professionellen Metzgerblock. Bereiten Sie Speisen zu, und servieren Sie sie bequem in der N\u00e4he des Grills.<\/span><\/p>\n<ul>\n<li><span style=\"color: #000000;\">Grillplatte mit EU-Zertifizierung f\u00fcr den Kontakt mit Lebensmitteln.<\/span><\/li>\n<li><span style=\"color: #000000;\">System zur Fettableitung f\u00fcr gesundes Grillen ohne karzinogene Stoffe.<\/span><\/li>\n<li><span style=\"color: #000000;\">System zum einfachen Entleeren der Asche im unteren Teil des Grills.<\/span><\/li>\n<\/ul>\n<p><span style=\"color: #000000;\"><strong>Welchen Brennstoff kann ich im Vulcanus verwenden?<\/strong><\/span><br \/>\n<span style=\"color: #000000;\">Geeignet sind alle Arten von Hartholz, sofern ihre Restfeuchte unter 20 % liegt. Das Holz sollte also ausreichend trocken sein. Feuchtes Holz setzt w\u00e4hrend der Verbrennung Rauch und Teer frei, was zu st\u00e4rkerer Rauchentwicklung, h\u00f6herem Holzverbrauch und reduzierter Heizleistung f\u00fchrt. Wir empfehlen, technisch getrocknete Holzscheite mit einer L\u00e4nge von etwa 33 cm zu verwenden, wie Sie in jedem Hobby-Markt erh\u00e4ltlich sind. Sie k\u00f6nnen auch Holzkohle verwenden.<\/span><\/p>\n<p><a href=\"https:\/\/www.youtube.com\/watch?v=fi3xM6ZzXN0\" target=\"_blank\" rel=\"noopener\"><span style=\"text-decoration: underline;\"><span style=\"color: #0000ff; text-decoration: underline;\">Echte Sommeratmosph\u00e4re<\/span><\/span><\/a><br \/>\n<span style=\"text-decoration: underline;\"><span style=\"color: #0000ff; text-decoration: underline;\"><a style=\"color: #0000ff; text-decoration: underline;\" href=\"https:\/\/www.youtube.com\/watch?v=RfOiYPU4veQ\" target=\"_blank\" rel=\"noopener\">Design, Funktionalit\u00e4t und Qualit\u00e4t<\/a><\/span><\/span><br \/>\n<span style=\"text-decoration: underline;\"><span style=\"color: #0000ff; text-decoration: underline;\"><a style=\"color: #0000ff; text-decoration: underline;\" href=\"https:\/\/www.youtube.com\/watch?v=Nopl5v3SZQ4\" target=\"_blank\" rel=\"noopener\">Werden Sie zum Grillk\u00f6nig<\/a><\/span><\/span><br \/>\n<span style=\"text-decoration: underline;\"><span style=\"color: #0000ff; text-decoration: underline;\"><a style=\"color: #0000ff; text-decoration: underline;\" href=\"https:\/\/www.youtube.com\/watch?v=oE6D0DrbThg\" target=\"_blank\" rel=\"noopener\">Herstellung des Vulcanus-Grills<\/a><\/span><\/span><br \/>\n<span style=\"text-decoration: underline;\"><span style=\"color: #0000ff; text-decoration: underline;\"><a style=\"color: #0000ff; text-decoration: underline;\" href=\"https:\/\/www.youtube.com\/watch?v=b1gWzEZls30\">Vulcanus Grilltechnologie<\/a><\/span><\/span><\/p>\n<div class=\"su-youtube su-u-responsive-media-yes\"><iframe loading=\"lazy\" width=\"200\" height=\"200\" src=\"https:\/\/www.youtube.com\/embed\/qB_91lsqwis?\" frameborder=\"0\" allowfullscreen allow=\"autoplay; encrypted-media; picture-in-picture\" title=\"\"><\/iframe><\/div>\n<p><span style=\"color: #000000;\"><strong>Gew\u00e4hrleistungsfrist:<\/strong> 5 Jahre.<\/span><br \/>\n<span style=\"color: #000000;\"><strong>Material:<\/strong> Italy Cor-Ten steel (Body) and Boiler steel (Plate).<\/span><br \/>\n<span style=\"color: #000000;\"><strong>Oberfl\u00e4chenbehandlung:<\/strong> Patina, \u00d6l.<\/span><br \/>\n<span style=\"color: #000000;\"><strong>Gebrauchsanweisung:<\/strong> <a href=\"https:\/\/vulcanus-design.de\/sites\/default\/files\/perm\/wysiwyg\/vulcanus-instructions-de.pdf\" target=\"_blank\" rel=\"noopener\"><span style=\"color: #3366ff;\">Anleitung<\/span><\/a><\/span><\/p>\n","protected":false},"excerpt":{"rendered":"<p>DER PREIS BEINHALTET DEN VERSAND AUF PALETTE. DAS PRODUKT WIRD NUR IN ITALIEN VERKAUFT (f\u00fcr alle anderen L\u00e4nder kontaktieren Sie<\/p>\n","protected":false},"featured_media":502554,"template":"","meta":{"_acf_changed":false,"inline_featured_image":false},"product_cat":[6703,13378],"product_tag":[13379,13381,12210],"acf":[],"yoast_head":"<!-- This site is optimized with the Yoast SEO Premium plugin v18.6 (Yoast SEO v19.13) - https:\/\/yoast.com\/wordpress\/plugins\/seo\/ -->\n<title>VULCANUS Grill Pro730 Masterchef<\/title>\n<meta name=\"description\" content=\"Entdecken Sie VULCANUS Grill Pro730 Masterchef bei ErresseShop. Qualit\u00e4t, Stil und Funktionalit\u00e4t \u2013 jetzt online bestellen!\" \/>\n<meta name=\"robots\" content=\"index, follow, max-snippet:-1, max-image-preview:large, max-video-preview:-1\" \/>\n<link rel=\"canonical\" href=\"https:\/\/www.erresse-shop.it\/de\/shop\/kleine-elektrogeraete\/grills-und-barbecues\/vulcanus-grill-pro730-masterchef\/\" \/>\n<meta property=\"og:locale\" content=\"de_DE\" \/>\n<meta property=\"og:type\" content=\"article\" \/>\n<meta property=\"og:title\" content=\"VULCANUS Grill Pro730 Masterchef\" \/>\n<meta property=\"og:description\" content=\"Entdecken Sie VULCANUS Grill Pro730 Masterchef bei ErresseShop. Qualit\u00e4t, Stil und Funktionalit\u00e4t \u2013 jetzt online bestellen!\" \/>\n<meta property=\"og:url\" content=\"https:\/\/www.erresse-shop.it\/de\/shop\/kleine-elektrogeraete\/grills-und-barbecues\/vulcanus-grill-pro730-masterchef\/\" \/>\n<meta property=\"og:site_name\" content=\"Erresse Shop\" \/>\n<meta property=\"article:modified_time\" content=\"2025-01-22T06:36:28+00:00\" \/>\n<meta property=\"og:image\" content=\"https:\/\/www.erresse-shop.it\/wp-content\/uploads\/2021\/04\/VULCANUS-Grill-Pro-730-Masterchef-1.jpg\" \/>\n\t<meta property=\"og:image:width\" content=\"800\" \/>\n\t<meta property=\"og:image:height\" content=\"800\" \/>\n\t<meta property=\"og:image:type\" content=\"image\/jpeg\" \/>\n<meta name=\"twitter:card\" content=\"summary_large_image\" \/>\n<script type=\"application\/ld+json\" class=\"yoast-schema-graph\">{\"@context\":\"https:\/\/schema.org\",\"@graph\":[{\"@type\":\"WebPage\",\"@id\":\"https:\/\/www.erresse-shop.it\/de\/shop\/kleine-elektrogeraete\/grills-und-barbecues\/vulcanus-grill-pro730-masterchef\/\",\"url\":\"https:\/\/www.erresse-shop.it\/de\/shop\/kleine-elektrogeraete\/grills-und-barbecues\/vulcanus-grill-pro730-masterchef\/\",\"name\":\"VULCANUS Grill Pro730 Masterchef\",\"isPartOf\":{\"@id\":\"https:\/\/www.erresse-shop.it\/de\/#website\"},\"datePublished\":\"2021-04-26T13:22:49+00:00\",\"dateModified\":\"2025-01-22T06:36:28+00:00\",\"description\":\"Entdecken Sie VULCANUS Grill Pro730 Masterchef bei ErresseShop. Qualit\u00e4t, Stil und Funktionalit\u00e4t \u2013 jetzt online bestellen!\",\"breadcrumb\":{\"@id\":\"https:\/\/www.erresse-shop.it\/de\/shop\/kleine-elektrogeraete\/grills-und-barbecues\/vulcanus-grill-pro730-masterchef\/#breadcrumb\"},\"inLanguage\":\"de-DE\",\"potentialAction\":[{\"@type\":\"ReadAction\",\"target\":[\"https:\/\/www.erresse-shop.it\/de\/shop\/kleine-elektrogeraete\/grills-und-barbecues\/vulcanus-grill-pro730-masterchef\/\"]}]},{\"@type\":\"BreadcrumbList\",\"@id\":\"https:\/\/www.erresse-shop.it\/de\/shop\/kleine-elektrogeraete\/grills-und-barbecues\/vulcanus-grill-pro730-masterchef\/#breadcrumb\",\"itemListElement\":[{\"@type\":\"ListItem\",\"position\":1,\"name\":\"Home\",\"item\":\"https:\/\/www.erresse-shop.it\/de\/\"},{\"@type\":\"ListItem\",\"position\":2,\"name\":\"Shop\",\"item\":\"https:\/\/www.erresse-shop.it\/de\/shop\/\"},{\"@type\":\"ListItem\",\"position\":3,\"name\":\"VULCANUS Grill Pro730 Masterchef\"}]},{\"@type\":\"WebSite\",\"@id\":\"https:\/\/www.erresse-shop.it\/de\/#website\",\"url\":\"https:\/\/www.erresse-shop.it\/de\/\",\"name\":\"Erresse Shop\",\"description\":\"Articoli di qualit\u00e0 per la casa\",\"potentialAction\":[{\"@type\":\"SearchAction\",\"target\":{\"@type\":\"EntryPoint\",\"urlTemplate\":\"https:\/\/www.erresse-shop.it\/de\/?s={search_term_string}\"},\"query-input\":\"required name=search_term_string\"}],\"inLanguage\":\"de-DE\"}]}<\/script>\n<!-- \/ Yoast SEO Premium plugin. -->","yoast_head_json":{"title":"VULCANUS Grill Pro730 Masterchef","description":"Entdecken Sie VULCANUS Grill Pro730 Masterchef bei ErresseShop. Qualit\u00e4t, Stil und Funktionalit\u00e4t \u2013 jetzt online bestellen!","robots":{"index":"index","follow":"follow","max-snippet":"max-snippet:-1","max-image-preview":"max-image-preview:large","max-video-preview":"max-video-preview:-1"},"canonical":"https:\/\/www.erresse-shop.it\/de\/shop\/kleine-elektrogeraete\/grills-und-barbecues\/vulcanus-grill-pro730-masterchef\/","og_locale":"de_DE","og_type":"article","og_title":"VULCANUS Grill Pro730 Masterchef","og_description":"Entdecken Sie VULCANUS Grill Pro730 Masterchef bei ErresseShop. Qualit\u00e4t, Stil und Funktionalit\u00e4t \u2013 jetzt online bestellen!","og_url":"https:\/\/www.erresse-shop.it\/de\/shop\/kleine-elektrogeraete\/grills-und-barbecues\/vulcanus-grill-pro730-masterchef\/","og_site_name":"Erresse Shop","article_modified_time":"2025-01-22T06:36:28+00:00","og_image":[{"width":800,"height":800,"url":"https:\/\/www.erresse-shop.it\/wp-content\/uploads\/2021\/04\/VULCANUS-Grill-Pro-730-Masterchef-1.jpg","type":"image\/jpeg"}],"twitter_card":"summary_large_image","schema":{"@context":"https:\/\/schema.org","@graph":[{"@type":"WebPage","@id":"https:\/\/www.erresse-shop.it\/de\/shop\/kleine-elektrogeraete\/grills-und-barbecues\/vulcanus-grill-pro730-masterchef\/","url":"https:\/\/www.erresse-shop.it\/de\/shop\/kleine-elektrogeraete\/grills-und-barbecues\/vulcanus-grill-pro730-masterchef\/","name":"VULCANUS Grill Pro730 Masterchef","isPartOf":{"@id":"https:\/\/www.erresse-shop.it\/de\/#website"},"datePublished":"2021-04-26T13:22:49+00:00","dateModified":"2025-01-22T06:36:28+00:00","description":"Entdecken Sie VULCANUS Grill Pro730 Masterchef bei ErresseShop. Qualit\u00e4t, Stil und Funktionalit\u00e4t \u2013 jetzt online bestellen!","breadcrumb":{"@id":"https:\/\/www.erresse-shop.it\/de\/shop\/kleine-elektrogeraete\/grills-und-barbecues\/vulcanus-grill-pro730-masterchef\/#breadcrumb"},"inLanguage":"de-DE","potentialAction":[{"@type":"ReadAction","target":["https:\/\/www.erresse-shop.it\/de\/shop\/kleine-elektrogeraete\/grills-und-barbecues\/vulcanus-grill-pro730-masterchef\/"]}]},{"@type":"BreadcrumbList","@id":"https:\/\/www.erresse-shop.it\/de\/shop\/kleine-elektrogeraete\/grills-und-barbecues\/vulcanus-grill-pro730-masterchef\/#breadcrumb","itemListElement":[{"@type":"ListItem","position":1,"name":"Home","item":"https:\/\/www.erresse-shop.it\/de\/"},{"@type":"ListItem","position":2,"name":"Shop","item":"https:\/\/www.erresse-shop.it\/de\/shop\/"},{"@type":"ListItem","position":3,"name":"VULCANUS Grill Pro730 Masterchef"}]},{"@type":"WebSite","@id":"https:\/\/www.erresse-shop.it\/de\/#website","url":"https:\/\/www.erresse-shop.it\/de\/","name":"Erresse Shop","description":"Articoli di qualit\u00e0 per la casa","potentialAction":[{"@type":"SearchAction","target":{"@type":"EntryPoint","urlTemplate":"https:\/\/www.erresse-shop.it\/de\/?s={search_term_string}"},"query-input":"required name=search_term_string"}],"inLanguage":"de-DE"}]}},"df_price":3190,"df_sale_price":3190,"df_regular_price":3190,"df_image_link":"https:\/\/www.erresse-shop.it\/wp-content\/uploads\/2021\/04\/VULCANUS-Grill-Pro730-Masterchef-300x300.jpg","_links":{"self":[{"href":"https:\/\/www.erresse-shop.it\/de\/wp-json\/wp\/v2\/product\/97184"}],"collection":[{"href":"https:\/\/www.erresse-shop.it\/de\/wp-json\/wp\/v2\/product"}],"about":[{"href":"https:\/\/www.erresse-shop.it\/de\/wp-json\/wp\/v2\/types\/product"}],"wp:featuredmedia":[{"embeddable":true,"href":"https:\/\/www.erresse-shop.it\/de\/wp-json\/wp\/v2\/media\/502554"}],"wp:attachment":[{"href":"https:\/\/www.erresse-shop.it\/de\/wp-json\/wp\/v2\/media?parent=97184"}],"wp:term":[{"taxonomy":"product_cat","embeddable":true,"href":"https:\/\/www.erresse-shop.it\/de\/wp-json\/wp\/v2\/product_cat?post=97184"},{"taxonomy":"product_tag","embeddable":true,"href":"https:\/\/www.erresse-shop.it\/de\/wp-json\/wp\/v2\/product_tag?post=97184"}],"curies":[{"name":"wp","href":"https:\/\/api.w.org\/{rel}","templated":true}]}}