{"id":9668,"date":"2012-03-08T17:25:49","date_gmt":"2012-03-08T17:25:49","guid":{"rendered":"https:\/\/www.erresse-shop.it\/?post_type=product&#038;p=9668"},"modified":"2025-01-17T15:46:19","modified_gmt":"2025-01-17T15:46:19","slug":"staub-wok-mit-glasdeckel-37-cm-kirschrot","status":"publish","type":"product","link":"https:\/\/www.erresse-shop.it\/de\/shop\/toepfe-pfannen\/wok-topf-pfanne\/staub-wok-mit-glasdeckel-37-cm-kirschrot\/","title":{"rendered":"STAUB Wok mit Glasdeckel 37 cm Kirschrot"},"content":{"rendered":"<p>Mit dem Wok in Kirschrot aus der Serie Staub Spezialit\u00e4ten gelingen Ihnen besonders Gerichte aus der asiatischen K\u00fcche. Sie k\u00f6nnen diesen aber auch f\u00fcr Rezepte aus anderen L\u00e4ndern verwenden. Sogar das Schmoren, D\u00e4mpfen und Frittieren von Fleisch, Fisch und Gem\u00fcse gelingt damit problemlos. Ein Wok ist sehr universell einsetzbar und sollte in der Ausstattung einer modernen K\u00fcche nicht fehlen. Mit dem Wok macht das Kochen allein oder in Gesellschaft viel Spa\u00df. Er besteht aus Gusseisen und kann auf sehr hohe Temperaturen erhitzt werden. Lebensmittel werden schonend gegart und bleiben dabei bissfest. Au\u00dferdem werden auf diese Weise Vitamine und andere wichtige Inhaltsstoffe am besten erhalten. Ein Wok ist deshalb vor allem bei Menschen beliebt, die sich selbst und ihre Familie m\u00f6glichst gesund ern\u00e4hren m\u00f6chten. Der Wok von Staub hat einen Durchmesser von 37 cm, ein Fassungsverm\u00f6gen von 5,7 l und ist mit einem Glasdeckel ausgestattet. Durch diesen haben Sie Ihre Speisen immer im Blick. Fertig gegarte Zutaten k\u00f6nnen Sie auf dem Metallgitter ablegen. So bleiben sie hei\u00df, w\u00e4hrend Sie weitere Fleisch- oder Gem\u00fcsest\u00fccke in den Wok geben. Mit dieser Ausstattung gelingt Ihnen jedes Gericht, ob Asia-Pfanne oder H\u00fchnchen-Curry.<\/p>\n<p>&#8211; Vielseitig einsetzbar zum kurzen Anbraten, Schmoren oder D\u00e4mpfen<br \/>\n&#8211; Die schwarzmatte Innenemaillierung eignet sich zum besonders krossen Anbraten und ist besonders strapazierf\u00e4hig<br \/>\n&#8211; F\u00fcr alle Herdarten inkl. Induktion geeignet, auch im Backofen\/Grill einsetzbar<\/p>\n<p><strong>Eigenschaften<\/strong><br \/>\n&#8211; Hitzebest\u00e4ndigkeit: 240,00 \u00baC<br \/>\n&#8211; K\u00e4ltebest\u00e4ndigkeit: -20,00 \u00baC<br \/>\n&#8211; Material: Gusseisen<br \/>\n&#8211; Griffart: Seitengriff<br \/>\n&#8211; Deckel vorhanden: Ja<br \/>\n&#8211; Induktion: Ja<br \/>\n&#8211; Backofen geeignet: Ja<br \/>\n&#8211; Gefrierschrank geeignet: Ja<br \/>\n&#8211; Herdplatten geeignet: Ja<br \/>\n&#8211; sp\u00fclmaschinengeeignet: Ja<\/p>\n<p><strong>Abmessungen<\/strong><br \/>\n&#8211; Gewicht netto: 6,12 kg<br \/>\n&#8211; Volumen: 5,70 l<br \/>\n&#8211; Produktl\u00e4nge: 46,00 cm<br \/>\n&#8211; Produktbreite: 37,00 cm<br \/>\n&#8211; Produkth\u00f6he: 10,20 cm<br \/>\n&#8211; Produkth\u00f6he ohne Deckel: 9,70 cm<br \/>\n&#8211; Oberer Durchmesser: 37,00 cm<br \/>\n&#8211; Bodendurchmesser: 14,00 cm<br \/>\n&#8211; Griffl\u00e4nge: 4,50 cm<\/p>\n","protected":false},"excerpt":{"rendered":"<p>Mit dem Wok in Kirschrot aus der Serie Staub Spezialit\u00e4ten gelingen Ihnen besonders Gerichte aus der asiatischen K\u00fcche. Sie k\u00f6nnen<\/p>\n","protected":false},"featured_media":9669,"template":"","meta":{"_acf_changed":false,"inline_featured_image":false},"product_cat":[6709,6781],"product_tag":[25088,11383,11385,12315,25022,12205],"acf":[],"yoast_head":"<!-- This site is optimized with the Yoast SEO Premium plugin v18.6 (Yoast SEO v19.13) - https:\/\/yoast.com\/wordpress\/plugins\/seo\/ -->\n<title>STAUB Wok mit Glasdeckel 37 cm Kirschrot<\/title>\n<meta name=\"description\" content=\"Entdecken Sie STAUB Wok mit Glasdeckel 37 cm Kirschrot bei ErresseShop. Qualit\u00e4t, Stil und Funktionalit\u00e4t \u2013 jetzt online bestellen!\" \/>\n<meta name=\"robots\" content=\"index, follow, max-snippet:-1, max-image-preview:large, max-video-preview:-1\" \/>\n<link rel=\"canonical\" href=\"https:\/\/www.erresse-shop.it\/de\/shop\/toepfe-pfannen\/wok-topf-pfanne\/staub-wok-mit-glasdeckel-37-cm-kirschrot\/\" \/>\n<meta property=\"og:locale\" content=\"de_DE\" \/>\n<meta property=\"og:type\" content=\"article\" \/>\n<meta property=\"og:title\" content=\"STAUB Wok mit Glasdeckel 37 cm Kirschrot\" \/>\n<meta property=\"og:description\" content=\"Entdecken Sie STAUB Wok mit Glasdeckel 37 cm Kirschrot bei ErresseShop. Qualit\u00e4t, Stil und Funktionalit\u00e4t \u2013 jetzt online bestellen!\" \/>\n<meta property=\"og:url\" content=\"https:\/\/www.erresse-shop.it\/de\/shop\/toepfe-pfannen\/wok-topf-pfanne\/staub-wok-mit-glasdeckel-37-cm-kirschrot\/\" \/>\n<meta property=\"og:site_name\" content=\"Erresse Shop\" \/>\n<meta property=\"article:modified_time\" content=\"2025-01-17T15:46:19+00:00\" \/>\n<meta property=\"og:image\" content=\"https:\/\/www.erresse-shop.it\/wp-content\/uploads\/2015\/01\/products-wokross-2.jpg\" \/>\n\t<meta property=\"og:image:width\" content=\"585\" \/>\n\t<meta property=\"og:image:height\" content=\"360\" \/>\n\t<meta property=\"og:image:type\" content=\"image\/jpeg\" \/>\n<meta name=\"twitter:card\" content=\"summary_large_image\" \/>\n<script type=\"application\/ld+json\" class=\"yoast-schema-graph\">{\"@context\":\"https:\/\/schema.org\",\"@graph\":[{\"@type\":\"WebPage\",\"@id\":\"https:\/\/www.erresse-shop.it\/de\/shop\/toepfe-pfannen\/wok-topf-pfanne\/staub-wok-mit-glasdeckel-37-cm-kirschrot\/\",\"url\":\"https:\/\/www.erresse-shop.it\/de\/shop\/toepfe-pfannen\/wok-topf-pfanne\/staub-wok-mit-glasdeckel-37-cm-kirschrot\/\",\"name\":\"STAUB Wok mit Glasdeckel 37 cm Kirschrot\",\"isPartOf\":{\"@id\":\"https:\/\/www.erresse-shop.it\/de\/#website\"},\"datePublished\":\"2012-03-08T17:25:49+00:00\",\"dateModified\":\"2025-01-17T15:46:19+00:00\",\"description\":\"Entdecken Sie STAUB Wok mit Glasdeckel 37 cm Kirschrot bei ErresseShop. Qualit\u00e4t, Stil und Funktionalit\u00e4t \u2013 jetzt online bestellen!\",\"breadcrumb\":{\"@id\":\"https:\/\/www.erresse-shop.it\/de\/shop\/toepfe-pfannen\/wok-topf-pfanne\/staub-wok-mit-glasdeckel-37-cm-kirschrot\/#breadcrumb\"},\"inLanguage\":\"de-DE\",\"potentialAction\":[{\"@type\":\"ReadAction\",\"target\":[\"https:\/\/www.erresse-shop.it\/de\/shop\/toepfe-pfannen\/wok-topf-pfanne\/staub-wok-mit-glasdeckel-37-cm-kirschrot\/\"]}]},{\"@type\":\"BreadcrumbList\",\"@id\":\"https:\/\/www.erresse-shop.it\/de\/shop\/toepfe-pfannen\/wok-topf-pfanne\/staub-wok-mit-glasdeckel-37-cm-kirschrot\/#breadcrumb\",\"itemListElement\":[{\"@type\":\"ListItem\",\"position\":1,\"name\":\"Home\",\"item\":\"https:\/\/www.erresse-shop.it\/de\/\"},{\"@type\":\"ListItem\",\"position\":2,\"name\":\"Shop\",\"item\":\"https:\/\/www.erresse-shop.it\/de\/shop\/\"},{\"@type\":\"ListItem\",\"position\":3,\"name\":\"STAUB Wok mit Glasdeckel 37 cm Kirschrot\"}]},{\"@type\":\"WebSite\",\"@id\":\"https:\/\/www.erresse-shop.it\/de\/#website\",\"url\":\"https:\/\/www.erresse-shop.it\/de\/\",\"name\":\"Erresse Shop\",\"description\":\"Articoli di qualit\u00e0 per la casa\",\"potentialAction\":[{\"@type\":\"SearchAction\",\"target\":{\"@type\":\"EntryPoint\",\"urlTemplate\":\"https:\/\/www.erresse-shop.it\/de\/?s={search_term_string}\"},\"query-input\":\"required name=search_term_string\"}],\"inLanguage\":\"de-DE\"}]}<\/script>\n<!-- \/ Yoast SEO Premium plugin. -->","yoast_head_json":{"title":"STAUB Wok mit Glasdeckel 37 cm Kirschrot","description":"Entdecken Sie STAUB Wok mit Glasdeckel 37 cm Kirschrot bei ErresseShop. Qualit\u00e4t, Stil und Funktionalit\u00e4t \u2013 jetzt online bestellen!","robots":{"index":"index","follow":"follow","max-snippet":"max-snippet:-1","max-image-preview":"max-image-preview:large","max-video-preview":"max-video-preview:-1"},"canonical":"https:\/\/www.erresse-shop.it\/de\/shop\/toepfe-pfannen\/wok-topf-pfanne\/staub-wok-mit-glasdeckel-37-cm-kirschrot\/","og_locale":"de_DE","og_type":"article","og_title":"STAUB Wok mit Glasdeckel 37 cm Kirschrot","og_description":"Entdecken Sie STAUB Wok mit Glasdeckel 37 cm Kirschrot bei ErresseShop. Qualit\u00e4t, Stil und Funktionalit\u00e4t \u2013 jetzt online bestellen!","og_url":"https:\/\/www.erresse-shop.it\/de\/shop\/toepfe-pfannen\/wok-topf-pfanne\/staub-wok-mit-glasdeckel-37-cm-kirschrot\/","og_site_name":"Erresse Shop","article_modified_time":"2025-01-17T15:46:19+00:00","og_image":[{"width":"585","height":"360","url":"https:\/\/www.erresse-shop.it\/wp-content\/uploads\/2015\/01\/products-wokross-2.jpg","type":"image\/jpeg"}],"twitter_card":"summary_large_image","schema":{"@context":"https:\/\/schema.org","@graph":[{"@type":"WebPage","@id":"https:\/\/www.erresse-shop.it\/de\/shop\/toepfe-pfannen\/wok-topf-pfanne\/staub-wok-mit-glasdeckel-37-cm-kirschrot\/","url":"https:\/\/www.erresse-shop.it\/de\/shop\/toepfe-pfannen\/wok-topf-pfanne\/staub-wok-mit-glasdeckel-37-cm-kirschrot\/","name":"STAUB Wok mit Glasdeckel 37 cm Kirschrot","isPartOf":{"@id":"https:\/\/www.erresse-shop.it\/de\/#website"},"datePublished":"2012-03-08T17:25:49+00:00","dateModified":"2025-01-17T15:46:19+00:00","description":"Entdecken Sie STAUB Wok mit Glasdeckel 37 cm Kirschrot bei ErresseShop. Qualit\u00e4t, Stil und Funktionalit\u00e4t \u2013 jetzt online bestellen!","breadcrumb":{"@id":"https:\/\/www.erresse-shop.it\/de\/shop\/toepfe-pfannen\/wok-topf-pfanne\/staub-wok-mit-glasdeckel-37-cm-kirschrot\/#breadcrumb"},"inLanguage":"de-DE","potentialAction":[{"@type":"ReadAction","target":["https:\/\/www.erresse-shop.it\/de\/shop\/toepfe-pfannen\/wok-topf-pfanne\/staub-wok-mit-glasdeckel-37-cm-kirschrot\/"]}]},{"@type":"BreadcrumbList","@id":"https:\/\/www.erresse-shop.it\/de\/shop\/toepfe-pfannen\/wok-topf-pfanne\/staub-wok-mit-glasdeckel-37-cm-kirschrot\/#breadcrumb","itemListElement":[{"@type":"ListItem","position":1,"name":"Home","item":"https:\/\/www.erresse-shop.it\/de\/"},{"@type":"ListItem","position":2,"name":"Shop","item":"https:\/\/www.erresse-shop.it\/de\/shop\/"},{"@type":"ListItem","position":3,"name":"STAUB Wok mit Glasdeckel 37 cm Kirschrot"}]},{"@type":"WebSite","@id":"https:\/\/www.erresse-shop.it\/de\/#website","url":"https:\/\/www.erresse-shop.it\/de\/","name":"Erresse Shop","description":"Articoli di qualit\u00e0 per la casa","potentialAction":[{"@type":"SearchAction","target":{"@type":"EntryPoint","urlTemplate":"https:\/\/www.erresse-shop.it\/de\/?s={search_term_string}"},"query-input":"required name=search_term_string"}],"inLanguage":"de-DE"}]}},"df_price":129.5,"df_sale_price":129.5,"df_regular_price":259,"df_image_link":"https:\/\/www.erresse-shop.it\/wp-content\/uploads\/2015\/01\/products-wokross-2.jpg","_links":{"self":[{"href":"https:\/\/www.erresse-shop.it\/de\/wp-json\/wp\/v2\/product\/9668"}],"collection":[{"href":"https:\/\/www.erresse-shop.it\/de\/wp-json\/wp\/v2\/product"}],"about":[{"href":"https:\/\/www.erresse-shop.it\/de\/wp-json\/wp\/v2\/types\/product"}],"wp:featuredmedia":[{"embeddable":true,"href":"https:\/\/www.erresse-shop.it\/de\/wp-json\/wp\/v2\/media\/9669"}],"wp:attachment":[{"href":"https:\/\/www.erresse-shop.it\/de\/wp-json\/wp\/v2\/media?parent=9668"}],"wp:term":[{"taxonomy":"product_cat","embeddable":true,"href":"https:\/\/www.erresse-shop.it\/de\/wp-json\/wp\/v2\/product_cat?post=9668"},{"taxonomy":"product_tag","embeddable":true,"href":"https:\/\/www.erresse-shop.it\/de\/wp-json\/wp\/v2\/product_tag?post=9668"}],"curies":[{"name":"wp","href":"https:\/\/api.w.org\/{rel}","templated":true}]}}