{"id":9631,"date":"2012-03-08T12:05:54","date_gmt":"2012-03-08T12:05:54","guid":{"rendered":"https:\/\/www.erresse-shop.it\/?post_type=product&#038;p=9631"},"modified":"2025-01-23T07:56:39","modified_gmt":"2025-01-23T07:56:39","slug":"staub-cocotte-oval-31-cm-grafitgrau","status":"publish","type":"product","link":"https:\/\/www.erresse-shop.it\/de\/shop\/toepfe-pfannen\/schalldaempfer-und-kokotten\/staub-cocotte-oval-31-cm-grafitgrau\/","title":{"rendered":"STAUB Cocotte Oval 31 cm Grafitgrau"},"content":{"rendered":"<p>Mit der grafitgrauen Cocotte von Staub servieren Sie Speisen in einem Kochgef\u00e4\u00df, das Ihnen zahlreiche Zubereitungsm\u00f6glichkeiten bietet. In diesem Schmortopf k\u00f6nnen Sie Braten, Auflauf oder Fischgerichte schmoren. Die Cocotte ist aus Gusseisen hergestellt. Auf der Innenseite befindet sich eine mattschwarze Emaillierung, welche beim scharfen Anbraten von Speisen eine angenehme R\u00f6stnote entstehen l\u00e4sst. Der gusseiserne, ovale Br\u00e4ter speichert die W\u00e4rme und gibt sie langsam und gleichm\u00e4\u00dfig wieder ab. So werden die Lebensmittel besonders schonend gegart. Auf dem Tisch h\u00e4lt er bereits servierte Gerichte lange warm. Gleichzeitig eignet sich der Br\u00e4ter auch, um Desserts zu k\u00fchlen, da er neben W\u00e4rme auch K\u00e4lte speichert, somit h\u00e4lt er Ihre Desserts lange frisch. Die ovale Cocotte hat mit Griffen eine L\u00e4nge von 37,5 cm, ist 31 cm breit und mit Deckel 16,7 cm hoch. Das Fassungsverm\u00f6gen betr\u00e4gt insgesamt 5,5 l. Sie k\u00f6nnen die Cocotte auf allen W\u00e4rmequellen, einschlie\u00dflich Induktionsfeldern, benutzen. Zwei Griffe erleichtern Ihnen den Transport. Eine spezielle Tropfenstruktur im Deckel erzeugt ein Selbstbefeuchtungssystem, welches Ihre Gerichte sanft mit Kondenswasser beregnet und Fleisch besonders zart werden l\u00e4sst. Mit dem praktischen Schmortopf aus der Serie La Cocotte haben Sie einen edlen und praktischen Br\u00e4ter zur Hand, mit dem Sie Ihre Kreativit\u00e4t beim Kochen voll ausleben k\u00f6nnen.<\/p>\n<p>&#8211; Ideal zum Anbraten und langsamen Garen von Braten und Gefl\u00fcgel am St\u00fcck<br \/>\n&#8211; Saftiges und zartes Kochergebnis durch die spezielle Tropfenstruktur im Deckel<br \/>\n&#8211; Die schwarzmatte Innenemaillierung eignet sich zum besonders krossen Anbraten und ist besonders strapazierf\u00e4hig<br \/>\n&#8211; F\u00fcr alle Herdarten inkl. Induktion geeignet, auch im Backofen\/Grill einsetzbar<\/p>\n<p>Eigenschaften<br \/>\n&#8211; Hitzebest\u00e4ndigkeit: 240,00 \u00baC<br \/>\n&#8211; Material: Gusseisen<br \/>\n&#8211; Deckel vorhanden: Ja<br \/>\n&#8211; Induktion: Ja<br \/>\n&#8211; Backofen geeignet: Ja<br \/>\n&#8211; Grillvorrichtung geeignet: Ja<br \/>\n&#8211; Mikrowelle geeignet: Ja<br \/>\n&#8211; Gefrierschrank geeignet: Ja<br \/>\n&#8211; Herdplatten geeignet: Ja<br \/>\n&#8211; F\u00fcr Metallgegenst\u00e4nde geeignet: Ja<br \/>\n&#8211; sp\u00fclmaschinengeeignet: Ja<\/p>\n<p>Abmessungen<br \/>\n&#8211; Gewicht netto: 5,98 kg<br \/>\n&#8211; Volumen: 5,50 l<br \/>\n&#8211; Produktl\u00e4nge: 37,50 cm<br \/>\n&#8211; Produktbreite: 31,00 cm<br \/>\n&#8211; Produkth\u00f6he: 16,70 cm<br \/>\n&#8211; Produkth\u00f6he ohne Deckel: 11,80 cm<br \/>\n&#8211; Oberer Durchmesser: 31,00 cm<br \/>\n&#8211; Bodendurchmesser: 25,00 cm<\/p>\n","protected":false},"excerpt":{"rendered":"<p>Mit der grafitgrauen Cocotte von Staub servieren Sie Speisen in einem Kochgef\u00e4\u00df, das Ihnen zahlreiche Zubereitungsm\u00f6glichkeiten bietet. In diesem Schmortopf<\/p>\n","protected":false},"featured_media":9632,"template":"","meta":{"_acf_changed":false,"inline_featured_image":false},"product_cat":[6709,14793],"product_tag":[25088,11387,11381,11385,12315,25022,12205],"acf":[],"yoast_head":"<!-- This site is optimized with the Yoast SEO Premium plugin v18.6 (Yoast SEO v19.13) - https:\/\/yoast.com\/wordpress\/plugins\/seo\/ -->\n<title>SELETTI Kintsugi Ciotola n\u00b01<\/title>\n<meta name=\"description\" content=\"Acquista SELETTI Kintsugi Ciotola n\u00b01 online su Erresse Shop. Acquisto sicuro, reso facile, consegna veloce. Consulta il catalogo online!\" \/>\n<meta name=\"robots\" content=\"index, follow, max-snippet:-1, max-image-preview:large, max-video-preview:-1\" \/>\n<link rel=\"canonical\" href=\"https:\/\/www.erresse-shop.it\/de\/shop\/toepfe-pfannen\/schalldaempfer-und-kokotten\/staub-cocotte-oval-31-cm-grafitgrau\/\" \/>\n<meta property=\"og:locale\" content=\"de_DE\" \/>\n<meta property=\"og:type\" content=\"article\" \/>\n<meta property=\"og:title\" content=\"STAUB Cocotte Oval 31 cm Grafitgrau\" \/>\n<meta property=\"og:description\" content=\"Acquista SELETTI Kintsugi Ciotola n\u00b01 online su Erresse Shop. Acquisto sicuro, reso facile, consegna veloce. Consulta il catalogo online!\" \/>\n<meta property=\"og:url\" content=\"https:\/\/www.erresse-shop.it\/de\/shop\/toepfe-pfannen\/schalldaempfer-und-kokotten\/staub-cocotte-oval-31-cm-grafitgrau\/\" \/>\n<meta property=\"og:site_name\" content=\"Erresse Shop\" \/>\n<meta property=\"article:modified_time\" content=\"2025-01-23T07:56:39+00:00\" \/>\n<meta property=\"og:image\" content=\"https:\/\/www.erresse-shop.it\/wp-content\/uploads\/2015\/01\/products-ovagri-2.jpg\" \/>\n\t<meta property=\"og:image:width\" content=\"511\" \/>\n\t<meta property=\"og:image:height\" content=\"347\" \/>\n\t<meta property=\"og:image:type\" content=\"image\/jpeg\" \/>\n<meta name=\"twitter:card\" content=\"summary_large_image\" \/>\n<script type=\"application\/ld+json\" class=\"yoast-schema-graph\">{\"@context\":\"https:\/\/schema.org\",\"@graph\":[{\"@type\":\"WebPage\",\"@id\":\"https:\/\/www.erresse-shop.it\/de\/shop\/toepfe-pfannen\/schalldaempfer-und-kokotten\/staub-cocotte-oval-31-cm-grafitgrau\/\",\"url\":\"https:\/\/www.erresse-shop.it\/de\/shop\/toepfe-pfannen\/schalldaempfer-und-kokotten\/staub-cocotte-oval-31-cm-grafitgrau\/\",\"name\":\"SELETTI Kintsugi Ciotola n\u00b01\",\"isPartOf\":{\"@id\":\"https:\/\/www.erresse-shop.it\/de\/#website\"},\"datePublished\":\"2012-03-08T12:05:54+00:00\",\"dateModified\":\"2025-01-23T07:56:39+00:00\",\"description\":\"Acquista SELETTI Kintsugi Ciotola n\u00b01 online su Erresse Shop. Acquisto sicuro, reso facile, consegna veloce. Consulta il catalogo online!\",\"breadcrumb\":{\"@id\":\"https:\/\/www.erresse-shop.it\/de\/shop\/toepfe-pfannen\/schalldaempfer-und-kokotten\/staub-cocotte-oval-31-cm-grafitgrau\/#breadcrumb\"},\"inLanguage\":\"de-DE\",\"potentialAction\":[{\"@type\":\"ReadAction\",\"target\":[\"https:\/\/www.erresse-shop.it\/de\/shop\/toepfe-pfannen\/schalldaempfer-und-kokotten\/staub-cocotte-oval-31-cm-grafitgrau\/\"]}]},{\"@type\":\"BreadcrumbList\",\"@id\":\"https:\/\/www.erresse-shop.it\/de\/shop\/toepfe-pfannen\/schalldaempfer-und-kokotten\/staub-cocotte-oval-31-cm-grafitgrau\/#breadcrumb\",\"itemListElement\":[{\"@type\":\"ListItem\",\"position\":1,\"name\":\"Home\",\"item\":\"https:\/\/www.erresse-shop.it\/de\/\"},{\"@type\":\"ListItem\",\"position\":2,\"name\":\"Shop\",\"item\":\"https:\/\/www.erresse-shop.it\/de\/shop\/\"},{\"@type\":\"ListItem\",\"position\":3,\"name\":\"STAUB Cocotte Oval 31 cm Grafitgrau\"}]},{\"@type\":\"WebSite\",\"@id\":\"https:\/\/www.erresse-shop.it\/de\/#website\",\"url\":\"https:\/\/www.erresse-shop.it\/de\/\",\"name\":\"Erresse Shop\",\"description\":\"Articoli di qualit\u00e0 per la casa\",\"potentialAction\":[{\"@type\":\"SearchAction\",\"target\":{\"@type\":\"EntryPoint\",\"urlTemplate\":\"https:\/\/www.erresse-shop.it\/de\/?s={search_term_string}\"},\"query-input\":\"required name=search_term_string\"}],\"inLanguage\":\"de-DE\"}]}<\/script>\n<!-- \/ Yoast SEO Premium plugin. -->","yoast_head_json":{"title":"SELETTI Kintsugi Ciotola n\u00b01","description":"Acquista SELETTI Kintsugi Ciotola n\u00b01 online su Erresse Shop. Acquisto sicuro, reso facile, consegna veloce. Consulta il catalogo online!","robots":{"index":"index","follow":"follow","max-snippet":"max-snippet:-1","max-image-preview":"max-image-preview:large","max-video-preview":"max-video-preview:-1"},"canonical":"https:\/\/www.erresse-shop.it\/de\/shop\/toepfe-pfannen\/schalldaempfer-und-kokotten\/staub-cocotte-oval-31-cm-grafitgrau\/","og_locale":"de_DE","og_type":"article","og_title":"STAUB Cocotte Oval 31 cm Grafitgrau","og_description":"Acquista SELETTI Kintsugi Ciotola n\u00b01 online su Erresse Shop. Acquisto sicuro, reso facile, consegna veloce. Consulta il catalogo online!","og_url":"https:\/\/www.erresse-shop.it\/de\/shop\/toepfe-pfannen\/schalldaempfer-und-kokotten\/staub-cocotte-oval-31-cm-grafitgrau\/","og_site_name":"Erresse Shop","article_modified_time":"2025-01-23T07:56:39+00:00","og_image":[{"width":"511","height":"347","url":"https:\/\/www.erresse-shop.it\/wp-content\/uploads\/2015\/01\/products-ovagri-2.jpg","type":"image\/jpeg"}],"twitter_card":"summary_large_image","schema":{"@context":"https:\/\/schema.org","@graph":[{"@type":"WebPage","@id":"https:\/\/www.erresse-shop.it\/de\/shop\/toepfe-pfannen\/schalldaempfer-und-kokotten\/staub-cocotte-oval-31-cm-grafitgrau\/","url":"https:\/\/www.erresse-shop.it\/de\/shop\/toepfe-pfannen\/schalldaempfer-und-kokotten\/staub-cocotte-oval-31-cm-grafitgrau\/","name":"SELETTI Kintsugi Ciotola n\u00b01","isPartOf":{"@id":"https:\/\/www.erresse-shop.it\/de\/#website"},"datePublished":"2012-03-08T12:05:54+00:00","dateModified":"2025-01-23T07:56:39+00:00","description":"Acquista SELETTI Kintsugi Ciotola n\u00b01 online su Erresse Shop. Acquisto sicuro, reso facile, consegna veloce. Consulta il catalogo online!","breadcrumb":{"@id":"https:\/\/www.erresse-shop.it\/de\/shop\/toepfe-pfannen\/schalldaempfer-und-kokotten\/staub-cocotte-oval-31-cm-grafitgrau\/#breadcrumb"},"inLanguage":"de-DE","potentialAction":[{"@type":"ReadAction","target":["https:\/\/www.erresse-shop.it\/de\/shop\/toepfe-pfannen\/schalldaempfer-und-kokotten\/staub-cocotte-oval-31-cm-grafitgrau\/"]}]},{"@type":"BreadcrumbList","@id":"https:\/\/www.erresse-shop.it\/de\/shop\/toepfe-pfannen\/schalldaempfer-und-kokotten\/staub-cocotte-oval-31-cm-grafitgrau\/#breadcrumb","itemListElement":[{"@type":"ListItem","position":1,"name":"Home","item":"https:\/\/www.erresse-shop.it\/de\/"},{"@type":"ListItem","position":2,"name":"Shop","item":"https:\/\/www.erresse-shop.it\/de\/shop\/"},{"@type":"ListItem","position":3,"name":"STAUB Cocotte Oval 31 cm Grafitgrau"}]},{"@type":"WebSite","@id":"https:\/\/www.erresse-shop.it\/de\/#website","url":"https:\/\/www.erresse-shop.it\/de\/","name":"Erresse Shop","description":"Articoli di qualit\u00e0 per la casa","potentialAction":[{"@type":"SearchAction","target":{"@type":"EntryPoint","urlTemplate":"https:\/\/www.erresse-shop.it\/de\/?s={search_term_string}"},"query-input":"required name=search_term_string"}],"inLanguage":"de-DE"}]}},"df_price":169.5,"df_sale_price":169.5,"df_regular_price":339,"df_image_link":"https:\/\/www.erresse-shop.it\/wp-content\/uploads\/2015\/01\/products-ovagri-2.jpg","_links":{"self":[{"href":"https:\/\/www.erresse-shop.it\/de\/wp-json\/wp\/v2\/product\/9631"}],"collection":[{"href":"https:\/\/www.erresse-shop.it\/de\/wp-json\/wp\/v2\/product"}],"about":[{"href":"https:\/\/www.erresse-shop.it\/de\/wp-json\/wp\/v2\/types\/product"}],"wp:featuredmedia":[{"embeddable":true,"href":"https:\/\/www.erresse-shop.it\/de\/wp-json\/wp\/v2\/media\/9632"}],"wp:attachment":[{"href":"https:\/\/www.erresse-shop.it\/de\/wp-json\/wp\/v2\/media?parent=9631"}],"wp:term":[{"taxonomy":"product_cat","embeddable":true,"href":"https:\/\/www.erresse-shop.it\/de\/wp-json\/wp\/v2\/product_cat?post=9631"},{"taxonomy":"product_tag","embeddable":true,"href":"https:\/\/www.erresse-shop.it\/de\/wp-json\/wp\/v2\/product_tag?post=9631"}],"curies":[{"name":"wp","href":"https:\/\/api.w.org\/{rel}","templated":true}]}}