{"id":96152,"date":"2021-04-14T10:50:56","date_gmt":"2021-04-14T10:50:57","guid":{"rendered":"https:\/\/www.erresse-shop.it\/?post_type=product&#038;p=96152"},"modified":"2025-01-16T14:58:57","modified_gmt":"2025-01-16T14:58:57","slug":"emile-henry-ciabatta-baker-rot","status":"publish","type":"product","link":"https:\/\/www.erresse-shop.it\/de\/shop\/toepfe-pfannen\/brotbackofen\/emile-henry-ciabatta-baker-rot\/","title":{"rendered":"EMILE HENRY Ciabatta Baker Rot"},"content":{"rendered":"<p>Emile Henry wurde 1850 gegr\u00fcndet.<br \/>\nDie Keramik Emile Henry k\u00f6nnen Sie die W\u00e4rme nach und nach f\u00fcr das Kochen bei schwacher Hitze Nahrung, um Aromen und D\u00fcfte sowie die nat\u00fcrlichen Elemente in der Nahrung zu erhalten zu verbreiten.<br \/>\nGesundes Kochen bei niedriger Temperatur des Keramik Emile Henry h\u00e4lt die Aromen, bewahrt die Vitamine und N\u00e4hrwert.<br \/>\nDie Produkte von Emile Henry sind mit nat\u00fcrlichen Bestandteilen hergestellt: Ton unbehandelt f\u00fcr den Teig, Sand, Wasserfilter, Mineraloxide nat\u00fcrlichen Farben. In den von Emile Henry hergestellten Produkte nicht vorhanden sind Schwermetalle gesundheitssch\u00e4dlich: Blei, Cadmium und Nickel frei.<br \/>\nDie Produkte Emile Henry sind resistent gegen St\u00f6\u00dfe und kann mit hohen Temperaturschwankungen eingesetzt werden. Sie k\u00f6nnen in der Sp\u00fclmaschine gereinigt werden.<\/p>\n<p>Das Ergebnis von 2 Jahren der Forschung, wird unser Brot Cloche schnell Ihr bester Freund zu werden!\u00a0Unsere innovative feuerfeste keramische erm\u00f6glicht es Ihnen, eine sch\u00f6ne, dicke Kruste mit einem festen, Licht im Inneren. Entdecken Sie die Freuden der Herstellung von selbstgebackenem Brot, mit originellen und einfachen Rezepten. Die mitgelieferte Rezeptbuch gibt Ihnen Ratschl\u00e4ge und Tipps zum Selbermachen von Brot wie Sie es noch nie zuvor getan! Alle Emile Henry-Produkte werden in Frankreich hergestellt und bieten eine 10 Jahre Garantie.<\/p>\n<p><strong>CIABATTA:<\/strong><\/p>\n<p>Traditionelles&#8221; italienisches Handwerksbrot bei Ihnen zu Hause!<br \/>\nEin Grundnahrungsmittel f\u00fcr alle Oliven\u00f6l-Liebhaber. Dieses mediterrane Brot im l\u00e4ndlichen Stil wird f\u00fcr sein weiches, z\u00e4hes Inneres und seine leicht knusprige Kruste geliebt.<br \/>\nCiabatta ist ein klassisches italienisches Brot aus einem d\u00fcnnen, sehr fl\u00fcssigen Teig, der ihm eine einzigartige feuchte Textur, ein z\u00e4hes Inneres und einen einzigartigen Geschmack verleiht.<br \/>\nDank der 2 Kavit\u00e4ten des Ciabatta-B\u00e4ckers werden die Brote (bis zu 250 g pro St\u00fcck) gut geformt, was zu gleichm\u00e4\u00dfigen Scheiben f\u00fchrt, aber auch f\u00fcr die Herstellung von Sandwiches besser geeignet ist.<br \/>\nDer gew\u00f6lbte Deckel hilft, den Feuchtigkeitsgehalt zu kontrollieren, um eine leicht knusprige Kruste zu gew\u00e4hrleisten, w\u00e4hrend das Innere feucht und weich bleibt.<br \/>\nDie tiefen Rillen funktionieren auch bei anderen weicheren Teigen, z. B. glutenfreien. \u00d6ffnungen an beiden Enden des Deckels erleichtern die Manipulation.<\/p>\n<p><strong>L\u00e4nge\/Durchmesser:<\/strong> 39 cm<br \/>\n<strong>Breite:<\/strong> 23 cm<br \/>\n<strong>H\u00f6he:<\/strong> 10,5 cm<br \/>\n<strong>Innenl\u00e4nge\/Durchmesser:<\/strong> 36 cm<br \/>\n<strong>Innere Breite:<\/strong> 210 cm<br \/>\n<strong>Innenh\u00f6he:<\/strong> 3,5 cm<br \/>\n<strong>Nutzbares Fassungsverm\u00f6gen:<\/strong> 0,5 L<br \/>\n<strong>Gewicht &#8211; KG:<\/strong> 3,4 KG<br \/>\n<strong>Maximale Temperatur:<\/strong> 270 \u00b0C<br \/>\n<strong>Minimale Temperatur:<\/strong> -20 \u00b0C<\/p>\n","protected":false},"excerpt":{"rendered":"<p>Emile Henry wurde 1850 gegr\u00fcndet. Die Keramik Emile Henry k\u00f6nnen Sie die W\u00e4rme nach und nach f\u00fcr das Kochen bei<\/p>\n","protected":false},"featured_media":96262,"template":"","meta":{"_acf_changed":false,"inline_featured_image":false},"product_cat":[6709,26048],"product_tag":[25088,23911,11471,25022],"acf":[],"yoast_head":"<!-- This site is optimized with the Yoast SEO Premium plugin v18.6 (Yoast SEO v19.13) - https:\/\/yoast.com\/wordpress\/plugins\/seo\/ -->\n<title>EMILE HENRY Ciabatta Baker Rot<\/title>\n<meta name=\"description\" content=\"Entdecken Sie EMILE HENRY Ciabatta Baker Rot bei ErresseShop. Qualit\u00e4t, Stil und Funktionalit\u00e4t \u2013 jetzt online bestellen!\" \/>\n<meta name=\"robots\" content=\"index, follow, max-snippet:-1, max-image-preview:large, max-video-preview:-1\" \/>\n<link rel=\"canonical\" href=\"https:\/\/www.erresse-shop.it\/de\/shop\/toepfe-pfannen\/brotbackofen\/emile-henry-ciabatta-baker-rot\/\" \/>\n<meta property=\"og:locale\" content=\"de_DE\" \/>\n<meta property=\"og:type\" content=\"article\" \/>\n<meta property=\"og:title\" content=\"EMILE HENRY Ciabatta Baker Rot\" \/>\n<meta property=\"og:description\" content=\"Entdecken Sie EMILE HENRY Ciabatta Baker Rot bei ErresseShop. Qualit\u00e4t, Stil und Funktionalit\u00e4t \u2013 jetzt online bestellen!\" \/>\n<meta property=\"og:url\" content=\"https:\/\/www.erresse-shop.it\/de\/shop\/toepfe-pfannen\/brotbackofen\/emile-henry-ciabatta-baker-rot\/\" \/>\n<meta property=\"og:site_name\" content=\"Erresse Shop\" \/>\n<meta property=\"article:modified_time\" content=\"2025-01-16T14:58:57+00:00\" \/>\n<meta property=\"og:image\" content=\"https:\/\/www.erresse-shop.it\/wp-content\/uploads\/2021\/04\/349502.1.jpg\" \/>\n\t<meta property=\"og:image:width\" content=\"800\" \/>\n\t<meta property=\"og:image:height\" content=\"800\" \/>\n\t<meta property=\"og:image:type\" content=\"image\/jpeg\" \/>\n<meta name=\"twitter:card\" content=\"summary_large_image\" \/>\n<script type=\"application\/ld+json\" class=\"yoast-schema-graph\">{\"@context\":\"https:\/\/schema.org\",\"@graph\":[{\"@type\":\"WebPage\",\"@id\":\"https:\/\/www.erresse-shop.it\/de\/shop\/toepfe-pfannen\/brotbackofen\/emile-henry-ciabatta-baker-rot\/\",\"url\":\"https:\/\/www.erresse-shop.it\/de\/shop\/toepfe-pfannen\/brotbackofen\/emile-henry-ciabatta-baker-rot\/\",\"name\":\"EMILE HENRY Ciabatta Baker Rot\",\"isPartOf\":{\"@id\":\"https:\/\/www.erresse-shop.it\/de\/#website\"},\"datePublished\":\"2021-04-14T10:50:57+00:00\",\"dateModified\":\"2025-01-16T14:58:57+00:00\",\"description\":\"Entdecken Sie EMILE HENRY Ciabatta Baker Rot bei ErresseShop. Qualit\u00e4t, Stil und Funktionalit\u00e4t \u2013 jetzt online bestellen!\",\"breadcrumb\":{\"@id\":\"https:\/\/www.erresse-shop.it\/de\/shop\/toepfe-pfannen\/brotbackofen\/emile-henry-ciabatta-baker-rot\/#breadcrumb\"},\"inLanguage\":\"de-DE\",\"potentialAction\":[{\"@type\":\"ReadAction\",\"target\":[\"https:\/\/www.erresse-shop.it\/de\/shop\/toepfe-pfannen\/brotbackofen\/emile-henry-ciabatta-baker-rot\/\"]}]},{\"@type\":\"BreadcrumbList\",\"@id\":\"https:\/\/www.erresse-shop.it\/de\/shop\/toepfe-pfannen\/brotbackofen\/emile-henry-ciabatta-baker-rot\/#breadcrumb\",\"itemListElement\":[{\"@type\":\"ListItem\",\"position\":1,\"name\":\"Home\",\"item\":\"https:\/\/www.erresse-shop.it\/de\/\"},{\"@type\":\"ListItem\",\"position\":2,\"name\":\"Shop\",\"item\":\"https:\/\/www.erresse-shop.it\/de\/shop\/\"},{\"@type\":\"ListItem\",\"position\":3,\"name\":\"EMILE HENRY Ciabatta Baker Rot\"}]},{\"@type\":\"WebSite\",\"@id\":\"https:\/\/www.erresse-shop.it\/de\/#website\",\"url\":\"https:\/\/www.erresse-shop.it\/de\/\",\"name\":\"Erresse Shop\",\"description\":\"Articoli di qualit\u00e0 per la casa\",\"potentialAction\":[{\"@type\":\"SearchAction\",\"target\":{\"@type\":\"EntryPoint\",\"urlTemplate\":\"https:\/\/www.erresse-shop.it\/de\/?s={search_term_string}\"},\"query-input\":\"required name=search_term_string\"}],\"inLanguage\":\"de-DE\"}]}<\/script>\n<!-- \/ Yoast SEO Premium plugin. -->","yoast_head_json":{"title":"EMILE HENRY Ciabatta Baker Rot","description":"Entdecken Sie EMILE HENRY Ciabatta Baker Rot bei ErresseShop. Qualit\u00e4t, Stil und Funktionalit\u00e4t \u2013 jetzt online bestellen!","robots":{"index":"index","follow":"follow","max-snippet":"max-snippet:-1","max-image-preview":"max-image-preview:large","max-video-preview":"max-video-preview:-1"},"canonical":"https:\/\/www.erresse-shop.it\/de\/shop\/toepfe-pfannen\/brotbackofen\/emile-henry-ciabatta-baker-rot\/","og_locale":"de_DE","og_type":"article","og_title":"EMILE HENRY Ciabatta Baker Rot","og_description":"Entdecken Sie EMILE HENRY Ciabatta Baker Rot bei ErresseShop. Qualit\u00e4t, Stil und Funktionalit\u00e4t \u2013 jetzt online bestellen!","og_url":"https:\/\/www.erresse-shop.it\/de\/shop\/toepfe-pfannen\/brotbackofen\/emile-henry-ciabatta-baker-rot\/","og_site_name":"Erresse Shop","article_modified_time":"2025-01-16T14:58:57+00:00","og_image":[{"width":800,"height":800,"url":"https:\/\/www.erresse-shop.it\/wp-content\/uploads\/2021\/04\/349502.1.jpg","type":"image\/jpeg"}],"twitter_card":"summary_large_image","schema":{"@context":"https:\/\/schema.org","@graph":[{"@type":"WebPage","@id":"https:\/\/www.erresse-shop.it\/de\/shop\/toepfe-pfannen\/brotbackofen\/emile-henry-ciabatta-baker-rot\/","url":"https:\/\/www.erresse-shop.it\/de\/shop\/toepfe-pfannen\/brotbackofen\/emile-henry-ciabatta-baker-rot\/","name":"EMILE HENRY Ciabatta Baker Rot","isPartOf":{"@id":"https:\/\/www.erresse-shop.it\/de\/#website"},"datePublished":"2021-04-14T10:50:57+00:00","dateModified":"2025-01-16T14:58:57+00:00","description":"Entdecken Sie EMILE HENRY Ciabatta Baker Rot bei ErresseShop. Qualit\u00e4t, Stil und Funktionalit\u00e4t \u2013 jetzt online bestellen!","breadcrumb":{"@id":"https:\/\/www.erresse-shop.it\/de\/shop\/toepfe-pfannen\/brotbackofen\/emile-henry-ciabatta-baker-rot\/#breadcrumb"},"inLanguage":"de-DE","potentialAction":[{"@type":"ReadAction","target":["https:\/\/www.erresse-shop.it\/de\/shop\/toepfe-pfannen\/brotbackofen\/emile-henry-ciabatta-baker-rot\/"]}]},{"@type":"BreadcrumbList","@id":"https:\/\/www.erresse-shop.it\/de\/shop\/toepfe-pfannen\/brotbackofen\/emile-henry-ciabatta-baker-rot\/#breadcrumb","itemListElement":[{"@type":"ListItem","position":1,"name":"Home","item":"https:\/\/www.erresse-shop.it\/de\/"},{"@type":"ListItem","position":2,"name":"Shop","item":"https:\/\/www.erresse-shop.it\/de\/shop\/"},{"@type":"ListItem","position":3,"name":"EMILE HENRY Ciabatta Baker Rot"}]},{"@type":"WebSite","@id":"https:\/\/www.erresse-shop.it\/de\/#website","url":"https:\/\/www.erresse-shop.it\/de\/","name":"Erresse Shop","description":"Articoli di qualit\u00e0 per la casa","potentialAction":[{"@type":"SearchAction","target":{"@type":"EntryPoint","urlTemplate":"https:\/\/www.erresse-shop.it\/de\/?s={search_term_string}"},"query-input":"required name=search_term_string"}],"inLanguage":"de-DE"}]}},"df_price":107.25,"df_sale_price":107.25,"df_regular_price":137.5,"df_image_link":"https:\/\/www.erresse-shop.it\/wp-content\/uploads\/2021\/04\/349502.1-300x300.jpg","_links":{"self":[{"href":"https:\/\/www.erresse-shop.it\/de\/wp-json\/wp\/v2\/product\/96152"}],"collection":[{"href":"https:\/\/www.erresse-shop.it\/de\/wp-json\/wp\/v2\/product"}],"about":[{"href":"https:\/\/www.erresse-shop.it\/de\/wp-json\/wp\/v2\/types\/product"}],"wp:featuredmedia":[{"embeddable":true,"href":"https:\/\/www.erresse-shop.it\/de\/wp-json\/wp\/v2\/media\/96262"}],"wp:attachment":[{"href":"https:\/\/www.erresse-shop.it\/de\/wp-json\/wp\/v2\/media?parent=96152"}],"wp:term":[{"taxonomy":"product_cat","embeddable":true,"href":"https:\/\/www.erresse-shop.it\/de\/wp-json\/wp\/v2\/product_cat?post=96152"},{"taxonomy":"product_tag","embeddable":true,"href":"https:\/\/www.erresse-shop.it\/de\/wp-json\/wp\/v2\/product_tag?post=96152"}],"curies":[{"name":"wp","href":"https:\/\/api.w.org\/{rel}","templated":true}]}}