{"id":95908,"date":"2021-04-13T10:09:32","date_gmt":"2021-04-13T10:09:36","guid":{"rendered":"https:\/\/www.erresse-shop.it\/?post_type=product&#038;p=95908"},"modified":"2025-01-17T08:25:02","modified_gmt":"2025-01-17T08:25:02","slug":"le-creuset-brater-aus-gusseisen-40-cm-kirschrot","status":"publish","type":"product","link":"https:\/\/www.erresse-shop.it\/de\/shop\/toepfe-pfannen\/schalldaempfer-und-kokotten\/le-creuset-brater-aus-gusseisen-40-cm-kirschrot\/","title":{"rendered":"LE CREUSET Br\u00e4ter aus Gusseisen 40 cm Kirschrot"},"content":{"rendered":"<p>\u201eGochisousama deshita!\u201c m\u00f6chte man am liebsten nach jeder Mahlzeit sagen. \u00dcbersetzt hei\u00dft das \u201eVielen Dank f\u00fcr das wundervolle Essen!\u201c. Denn egal, ob man nur f\u00fcr sich oder f\u00fcr die eigene Familie kocht, der von japanischen Tont\u00f6pfen inspirierte Br\u00e4ter l\u00e4sst sich zu jedem Anlass und nicht nur f\u00fcr asiatische Gerichte einsetzen.<\/p>\n<p>Daher auch sein Name, der sich von everyday, everyone und every menu ableitet. Warum? Weil die Cocotte Every perfekt f\u00fcr jeden Tag, einfach in der Handhabung \u2013 ob Einsteiger oder erfahrener Koch \u2013 und f\u00fcr verschiedenste Speisen zu nutzen ist. Ein echter Allrounder eben.<\/p>\n<p>Das Besondere: Neben dem gusseisernen Deckel verf\u00fcgt die Cocotte Every auch \u00fcber einen innenliegenden Poteriedeckel, der bei der Zubereitung von Reis das \u00dcberkochen verhindert. Dank der f\u00fcr Le Creuset charakteristischen leuchtend lebendigen Farben und des kompakten Designs l\u00e4sst sich die Cocotte Every nicht nur praktisch verstauen, sondern ist auch ein echter Blickfang in jeder K\u00fcche und auf jedem sch\u00f6n gedeckten Tisch.<\/p>\n<p>Die Cocotte Every bietet viele clevere Details um perfekte Kochergebnisse zu erzielen:<br \/>\n&#8211; Der innenliegende Poteriedeckel sorgt daf\u00fcr, dass das Wasser beim Reiskochen nicht \u00fcberkocht. Dieses einzigartige Accessoire verf\u00fcgt \u00fcber 2 L\u00f6cher, \u00fcber die der Dampf w\u00e4hrend des Kochens entweichen kann. Der Poteriedeckel sorgt somit f\u00fcr perfektes Kochergebnis.<br \/>\n&#8211; Der Edelstahlknauf mit Le Creuset Schriftzug sieht nicht nur edel aus, sondern sorgt auch f\u00fcr eine komfortable Handhabung. Er ist bis 260 \u00b0C hitzebest\u00e4ndig und kann somit auch in herk\u00f6mmlichen Back\u00f6fen verwendet werden.<br \/>\n&#8211; Die mattschwarze Innen-Emaille ist Besonders strapazierf\u00e4hig und kratzfest und daher auch zum Frittieren geeignet. Durch das Einbraten von \u00d6len und Fetten entsteht eine Patina, welche die Brateigenschaften sowie das Aroma verbessert. Die Patina ist eine nat\u00fcrliche Schutzschicht und sollte nicht mit Sp\u00fclmittel entfernt werden.<br \/>\n&#8211; Dank des kompakten Designs und einem Durchmesser von 18 cm ben\u00f6tigt die Cocotte Every weder auf dem Herd beim Kochen noch beim Verstauen im Schrank viel Platz.<br \/>\n&#8211; Dank des gro\u00dfz\u00fcgigen Volumens von 2,0 Litern kann die Cocotte Every nicht nur zur Zubereitung von Reis, sondern auch f\u00fcr viele andere Gerichte wie Suppen, Eint\u00f6pfe oder Kuchen verwendet werden.<br \/>\n&#8211; Die einmalige, tiefe Form mit den abgerundeten Seitenw\u00e4nde sowie der kuppelf\u00f6rmige Deckel sorgen f\u00fcr eine effiziente Hitzeverteilung. So werden alle Zutaten gleichm\u00e4\u00dfig gekocht und die Aromen k\u00f6nnen sich optimal entfalten.<\/p>\n<p><a style=\"font-size: 13px;\" href=\"https:\/\/www.youtube.com\/watch?v=HDOljJrHsg0\" target=\"_blank\" rel=\"noopener\">See Movie 1<\/a><br style=\"font-size: 13px;\" \/><a style=\"font-size: 13px;\" href=\"https:\/\/www.youtube.com\/watch?v=ro9F2zRA4gE\" target=\"_blank\" rel=\"noopener\">See Movie 2<\/a><\/p>\n","protected":false},"excerpt":{"rendered":"<p>\u201eGochisousama deshita!\u201c m\u00f6chte man am liebsten nach jeder Mahlzeit sagen. \u00dcbersetzt hei\u00dft das \u201eVielen Dank f\u00fcr das wundervolle Essen!\u201c. Denn<\/p>\n","protected":false},"featured_media":463221,"template":"","meta":{"_acf_changed":false,"inline_featured_image":false},"product_cat":[6709,14793],"product_tag":[11387,11381,14827,11383,11385,12315,12992,12205],"acf":[],"yoast_head":"<!-- This site is optimized with the Yoast SEO Premium plugin v18.6 (Yoast SEO v19.13) - https:\/\/yoast.com\/wordpress\/plugins\/seo\/ -->\n<title>LE CREUSET Br\u00e4ter aus Gusseisen 40 cm Kirschrot<\/title>\n<meta name=\"description\" content=\"Entdecken Sie LE CREUSET Br\u00e4ter aus Gusseisen 40 cm Kirschrot bei ErresseShop. Qualit\u00e4t, Stil und Funktionalit\u00e4t \u2013 jetzt online bestellen!\" \/>\n<meta name=\"robots\" content=\"index, follow, max-snippet:-1, max-image-preview:large, max-video-preview:-1\" \/>\n<link rel=\"canonical\" href=\"https:\/\/www.erresse-shop.it\/de\/shop\/toepfe-pfannen\/schalldaempfer-und-kokotten\/le-creuset-brater-aus-gusseisen-40-cm-kirschrot\/\" \/>\n<meta property=\"og:locale\" content=\"de_DE\" \/>\n<meta property=\"og:type\" content=\"article\" \/>\n<meta property=\"og:title\" content=\"LE CREUSET Br\u00e4ter aus Gusseisen 40 cm Kirschrot\" \/>\n<meta property=\"og:description\" content=\"Entdecken Sie LE CREUSET Br\u00e4ter aus Gusseisen 40 cm Kirschrot bei ErresseShop. Qualit\u00e4t, Stil und Funktionalit\u00e4t \u2013 jetzt online bestellen!\" \/>\n<meta property=\"og:url\" content=\"https:\/\/www.erresse-shop.it\/de\/shop\/toepfe-pfannen\/schalldaempfer-und-kokotten\/le-creuset-brater-aus-gusseisen-40-cm-kirschrot\/\" \/>\n<meta property=\"og:site_name\" content=\"Erresse Shop\" \/>\n<meta property=\"article:modified_time\" content=\"2025-01-17T08:25:02+00:00\" \/>\n<meta property=\"og:image\" content=\"https:\/\/www.erresse-shop.it\/wp-content\/uploads\/2021\/04\/LE-CREUSET-Cocotte-Evolution-in-Ghisa-40-cm-Ciliegia.png\" \/>\n\t<meta property=\"og:image:width\" content=\"800\" \/>\n\t<meta property=\"og:image:height\" content=\"800\" \/>\n\t<meta property=\"og:image:type\" content=\"image\/png\" \/>\n<meta name=\"twitter:card\" content=\"summary_large_image\" \/>\n<script type=\"application\/ld+json\" class=\"yoast-schema-graph\">{\"@context\":\"https:\/\/schema.org\",\"@graph\":[{\"@type\":\"WebPage\",\"@id\":\"https:\/\/www.erresse-shop.it\/de\/shop\/toepfe-pfannen\/schalldaempfer-und-kokotten\/le-creuset-brater-aus-gusseisen-40-cm-kirschrot\/\",\"url\":\"https:\/\/www.erresse-shop.it\/de\/shop\/toepfe-pfannen\/schalldaempfer-und-kokotten\/le-creuset-brater-aus-gusseisen-40-cm-kirschrot\/\",\"name\":\"LE CREUSET Br\u00e4ter aus Gusseisen 40 cm Kirschrot\",\"isPartOf\":{\"@id\":\"https:\/\/www.erresse-shop.it\/de\/#website\"},\"datePublished\":\"2021-04-13T10:09:36+00:00\",\"dateModified\":\"2025-01-17T08:25:02+00:00\",\"description\":\"Entdecken Sie LE CREUSET Br\u00e4ter aus Gusseisen 40 cm Kirschrot bei ErresseShop. Qualit\u00e4t, Stil und Funktionalit\u00e4t \u2013 jetzt online bestellen!\",\"breadcrumb\":{\"@id\":\"https:\/\/www.erresse-shop.it\/de\/shop\/toepfe-pfannen\/schalldaempfer-und-kokotten\/le-creuset-brater-aus-gusseisen-40-cm-kirschrot\/#breadcrumb\"},\"inLanguage\":\"de-DE\",\"potentialAction\":[{\"@type\":\"ReadAction\",\"target\":[\"https:\/\/www.erresse-shop.it\/de\/shop\/toepfe-pfannen\/schalldaempfer-und-kokotten\/le-creuset-brater-aus-gusseisen-40-cm-kirschrot\/\"]}]},{\"@type\":\"BreadcrumbList\",\"@id\":\"https:\/\/www.erresse-shop.it\/de\/shop\/toepfe-pfannen\/schalldaempfer-und-kokotten\/le-creuset-brater-aus-gusseisen-40-cm-kirschrot\/#breadcrumb\",\"itemListElement\":[{\"@type\":\"ListItem\",\"position\":1,\"name\":\"Home\",\"item\":\"https:\/\/www.erresse-shop.it\/de\/\"},{\"@type\":\"ListItem\",\"position\":2,\"name\":\"Shop\",\"item\":\"https:\/\/www.erresse-shop.it\/de\/shop\/\"},{\"@type\":\"ListItem\",\"position\":3,\"name\":\"LE CREUSET Br\u00e4ter aus Gusseisen 40 cm Kirschrot\"}]},{\"@type\":\"WebSite\",\"@id\":\"https:\/\/www.erresse-shop.it\/de\/#website\",\"url\":\"https:\/\/www.erresse-shop.it\/de\/\",\"name\":\"Erresse Shop\",\"description\":\"Articoli di qualit\u00e0 per la casa\",\"potentialAction\":[{\"@type\":\"SearchAction\",\"target\":{\"@type\":\"EntryPoint\",\"urlTemplate\":\"https:\/\/www.erresse-shop.it\/de\/?s={search_term_string}\"},\"query-input\":\"required name=search_term_string\"}],\"inLanguage\":\"de-DE\"}]}<\/script>\n<!-- \/ Yoast SEO Premium plugin. -->","yoast_head_json":{"title":"LE CREUSET Br\u00e4ter aus Gusseisen 40 cm Kirschrot","description":"Entdecken Sie LE CREUSET Br\u00e4ter aus Gusseisen 40 cm Kirschrot bei ErresseShop. Qualit\u00e4t, Stil und Funktionalit\u00e4t \u2013 jetzt online bestellen!","robots":{"index":"index","follow":"follow","max-snippet":"max-snippet:-1","max-image-preview":"max-image-preview:large","max-video-preview":"max-video-preview:-1"},"canonical":"https:\/\/www.erresse-shop.it\/de\/shop\/toepfe-pfannen\/schalldaempfer-und-kokotten\/le-creuset-brater-aus-gusseisen-40-cm-kirschrot\/","og_locale":"de_DE","og_type":"article","og_title":"LE CREUSET Br\u00e4ter aus Gusseisen 40 cm Kirschrot","og_description":"Entdecken Sie LE CREUSET Br\u00e4ter aus Gusseisen 40 cm Kirschrot bei ErresseShop. Qualit\u00e4t, Stil und Funktionalit\u00e4t \u2013 jetzt online bestellen!","og_url":"https:\/\/www.erresse-shop.it\/de\/shop\/toepfe-pfannen\/schalldaempfer-und-kokotten\/le-creuset-brater-aus-gusseisen-40-cm-kirschrot\/","og_site_name":"Erresse Shop","article_modified_time":"2025-01-17T08:25:02+00:00","og_image":[{"width":800,"height":800,"url":"https:\/\/www.erresse-shop.it\/wp-content\/uploads\/2021\/04\/LE-CREUSET-Cocotte-Evolution-in-Ghisa-40-cm-Ciliegia.png","type":"image\/png"}],"twitter_card":"summary_large_image","schema":{"@context":"https:\/\/schema.org","@graph":[{"@type":"WebPage","@id":"https:\/\/www.erresse-shop.it\/de\/shop\/toepfe-pfannen\/schalldaempfer-und-kokotten\/le-creuset-brater-aus-gusseisen-40-cm-kirschrot\/","url":"https:\/\/www.erresse-shop.it\/de\/shop\/toepfe-pfannen\/schalldaempfer-und-kokotten\/le-creuset-brater-aus-gusseisen-40-cm-kirschrot\/","name":"LE CREUSET Br\u00e4ter aus Gusseisen 40 cm Kirschrot","isPartOf":{"@id":"https:\/\/www.erresse-shop.it\/de\/#website"},"datePublished":"2021-04-13T10:09:36+00:00","dateModified":"2025-01-17T08:25:02+00:00","description":"Entdecken Sie LE CREUSET Br\u00e4ter aus Gusseisen 40 cm Kirschrot bei ErresseShop. Qualit\u00e4t, Stil und Funktionalit\u00e4t \u2013 jetzt online bestellen!","breadcrumb":{"@id":"https:\/\/www.erresse-shop.it\/de\/shop\/toepfe-pfannen\/schalldaempfer-und-kokotten\/le-creuset-brater-aus-gusseisen-40-cm-kirschrot\/#breadcrumb"},"inLanguage":"de-DE","potentialAction":[{"@type":"ReadAction","target":["https:\/\/www.erresse-shop.it\/de\/shop\/toepfe-pfannen\/schalldaempfer-und-kokotten\/le-creuset-brater-aus-gusseisen-40-cm-kirschrot\/"]}]},{"@type":"BreadcrumbList","@id":"https:\/\/www.erresse-shop.it\/de\/shop\/toepfe-pfannen\/schalldaempfer-und-kokotten\/le-creuset-brater-aus-gusseisen-40-cm-kirschrot\/#breadcrumb","itemListElement":[{"@type":"ListItem","position":1,"name":"Home","item":"https:\/\/www.erresse-shop.it\/de\/"},{"@type":"ListItem","position":2,"name":"Shop","item":"https:\/\/www.erresse-shop.it\/de\/shop\/"},{"@type":"ListItem","position":3,"name":"LE CREUSET Br\u00e4ter aus Gusseisen 40 cm Kirschrot"}]},{"@type":"WebSite","@id":"https:\/\/www.erresse-shop.it\/de\/#website","url":"https:\/\/www.erresse-shop.it\/de\/","name":"Erresse Shop","description":"Articoli di qualit\u00e0 per la casa","potentialAction":[{"@type":"SearchAction","target":{"@type":"EntryPoint","urlTemplate":"https:\/\/www.erresse-shop.it\/de\/?s={search_term_string}"},"query-input":"required name=search_term_string"}],"inLanguage":"de-DE"}]}},"df_price":299.25,"df_sale_price":299.25,"df_regular_price":665,"df_image_link":"https:\/\/www.erresse-shop.it\/wp-content\/uploads\/2021\/04\/LE-CREUSET-Cocotte-Evolution-in-Ghisa-40-cm-Ciliegia-300x300.jpg","_links":{"self":[{"href":"https:\/\/www.erresse-shop.it\/de\/wp-json\/wp\/v2\/product\/95908"}],"collection":[{"href":"https:\/\/www.erresse-shop.it\/de\/wp-json\/wp\/v2\/product"}],"about":[{"href":"https:\/\/www.erresse-shop.it\/de\/wp-json\/wp\/v2\/types\/product"}],"wp:featuredmedia":[{"embeddable":true,"href":"https:\/\/www.erresse-shop.it\/de\/wp-json\/wp\/v2\/media\/463221"}],"wp:attachment":[{"href":"https:\/\/www.erresse-shop.it\/de\/wp-json\/wp\/v2\/media?parent=95908"}],"wp:term":[{"taxonomy":"product_cat","embeddable":true,"href":"https:\/\/www.erresse-shop.it\/de\/wp-json\/wp\/v2\/product_cat?post=95908"},{"taxonomy":"product_tag","embeddable":true,"href":"https:\/\/www.erresse-shop.it\/de\/wp-json\/wp\/v2\/product_tag?post=95908"}],"curies":[{"name":"wp","href":"https:\/\/api.w.org\/{rel}","templated":true}]}}