{"id":95594,"date":"2021-04-08T13:05:14","date_gmt":"2021-04-08T13:05:15","guid":{"rendered":"https:\/\/www.erresse-shop.it\/?post_type=product&#038;p=95594"},"modified":"2021-12-20T17:09:09","modified_gmt":"2021-12-20T17:09:09","slug":"portmeirion-pomona-risotto-und-obstchussel-33-cm","status":"publish","type":"product","link":"https:\/\/www.erresse-shop.it\/de\/shop\/tisch\/koerbe-und-schalen\/portmeirion-pomona-risotto-und-obstchussel-33-cm\/","title":{"rendered":"PORTMEIRION Pomona Risotto- und Obstch\u00fcssel 33 cm"},"content":{"rendered":"<p>Mit seinen Fruchtdarstellungen ist <strong>Pomona<\/strong> eine klassisch gestaltete Geschirrserie, die die Natur in das Herz des Hauses bringt. Benannt nach der antiken r\u00f6mischen G\u00f6ttin der Fr\u00fcchte, ist jedes <strong>Pomona<\/strong>-St\u00fcck mit einer von sechs \u00fcppigen Fr\u00fcchten aus handkolorierten B\u00fcchern der 1830er Jahre gemustert. Dieses Produkt wird in unseren Ateliers in Stoke on Trent, England, entworfen.<\/p>\n<p><strong>Portmeirion<\/strong> wurde 1960 von der legend\u00e4ren T\u00f6pferin <strong>Susan Williams-Ellis<\/strong> und ihrem Mann <strong>Euan Cooper-Willis<\/strong> gegr\u00fcndet.<br \/>\nMit fast f\u00fcnfzig Jahren Kreativit\u00e4t war Susan Williams-Ellis&#8217; Beitrag zum britischen Designstil, zu Portmeirion Potteries und zur britischen Keramikindustrie unermesslich und stellt sie fest in die Gesellschaft einer kleinen Gruppe von gro\u00dfen und gefeierten Keramikdesignern des 20. Ihre Philosophie, dass Geschirr sowohl sch\u00f6n als auch praktisch sein sollte, wird auch weiterhin die Designwerte von Portmeirion durchdringen und den Erfolg des von ihr gegr\u00fcndeten Unternehmens bestimmen.<\/p>\n<p><strong><span style=\"text-decoration: underline;\">Sp\u00fclmaschinenfest, gefrierschrank-, mikrowellen- und backofenfest bis 170\u00b0C.<\/span><\/strong><\/p>\n<p><a href=\"https:\/\/www.youtube.com\/watch?v=Hga03Fa-aBk&amp;t=5s\" target=\"_blank\" rel=\"noopener\"><strong><span style=\"text-decoration: underline;\">Siehe Portmeirion-Video an<\/span><\/strong><\/a><\/p>\n","protected":false},"excerpt":{"rendered":"<p>Mit seinen Fruchtdarstellungen ist Pomona eine klassisch gestaltete Geschirrserie, die die Natur in das Herz des Hauses bringt. Benannt nach<\/p>\n","protected":false},"featured_media":95600,"template":"","meta":{"_acf_changed":false,"inline_featured_image":false},"product_cat":[6787,14243],"product_tag":[19359,23911,19982,24604,11873,25022],"acf":[],"yoast_head":"<!-- This site is optimized with the Yoast SEO Premium plugin v18.6 (Yoast SEO v19.13) - https:\/\/yoast.com\/wordpress\/plugins\/seo\/ -->\n<title>PORTMEIRION Pomona Risotto- und Obstch\u00fcssel 33 cm - Erresse Shop<\/title>\n<meta name=\"description\" content=\"Mit seinen Fruchtdarstellungen ist Pomona eine klassisch gestaltete Geschirrserie, die die Natur in das Herz des Hauses bringt. Benannt nach der antiken\" \/>\n<meta name=\"robots\" content=\"index, follow, max-snippet:-1, max-image-preview:large, max-video-preview:-1\" \/>\n<link rel=\"canonical\" href=\"https:\/\/www.erresse-shop.it\/de\/shop\/tisch\/koerbe-und-schalen\/portmeirion-pomona-risotto-und-obstchussel-33-cm\/\" \/>\n<meta property=\"og:locale\" content=\"de_DE\" \/>\n<meta property=\"og:type\" content=\"article\" \/>\n<meta property=\"og:title\" content=\"PORTMEIRION Pomona Risotto- und Obstch\u00fcssel 33 cm\" \/>\n<meta property=\"og:description\" content=\"Mit seinen Fruchtdarstellungen ist Pomona eine klassisch gestaltete Geschirrserie, die die Natur in das Herz des Hauses bringt. Benannt nach der antiken\" \/>\n<meta property=\"og:url\" content=\"https:\/\/www.erresse-shop.it\/de\/shop\/tisch\/koerbe-und-schalen\/portmeirion-pomona-risotto-und-obstchussel-33-cm\/\" \/>\n<meta property=\"og:site_name\" content=\"Erresse Shop\" \/>\n<meta property=\"article:modified_time\" content=\"2021-12-20T17:09:09+00:00\" \/>\n<meta property=\"og:image\" content=\"https:\/\/www.erresse-shop.it\/wp-content\/uploads\/2021\/04\/PORTMEIRION-Pomona-Risottiera-e-Fruttiera-33-cm.jpg\" \/>\n\t<meta property=\"og:image:width\" content=\"763\" \/>\n\t<meta property=\"og:image:height\" content=\"763\" \/>\n\t<meta property=\"og:image:type\" content=\"image\/jpeg\" \/>\n<meta name=\"twitter:card\" content=\"summary_large_image\" \/>\n<script type=\"application\/ld+json\" class=\"yoast-schema-graph\">{\"@context\":\"https:\/\/schema.org\",\"@graph\":[{\"@type\":\"WebPage\",\"@id\":\"https:\/\/www.erresse-shop.it\/de\/shop\/tisch\/koerbe-und-schalen\/portmeirion-pomona-risotto-und-obstchussel-33-cm\/\",\"url\":\"https:\/\/www.erresse-shop.it\/de\/shop\/tisch\/koerbe-und-schalen\/portmeirion-pomona-risotto-und-obstchussel-33-cm\/\",\"name\":\"PORTMEIRION Pomona Risotto- und Obstch\u00fcssel 33 cm - Erresse Shop\",\"isPartOf\":{\"@id\":\"https:\/\/www.erresse-shop.it\/de\/#website\"},\"datePublished\":\"2021-04-08T13:05:15+00:00\",\"dateModified\":\"2021-12-20T17:09:09+00:00\",\"description\":\"Mit seinen Fruchtdarstellungen ist Pomona eine klassisch gestaltete Geschirrserie, die die Natur in das Herz des Hauses bringt. Benannt nach der antiken\",\"breadcrumb\":{\"@id\":\"https:\/\/www.erresse-shop.it\/de\/shop\/tisch\/koerbe-und-schalen\/portmeirion-pomona-risotto-und-obstchussel-33-cm\/#breadcrumb\"},\"inLanguage\":\"de-DE\",\"potentialAction\":[{\"@type\":\"ReadAction\",\"target\":[\"https:\/\/www.erresse-shop.it\/de\/shop\/tisch\/koerbe-und-schalen\/portmeirion-pomona-risotto-und-obstchussel-33-cm\/\"]}]},{\"@type\":\"BreadcrumbList\",\"@id\":\"https:\/\/www.erresse-shop.it\/de\/shop\/tisch\/koerbe-und-schalen\/portmeirion-pomona-risotto-und-obstchussel-33-cm\/#breadcrumb\",\"itemListElement\":[{\"@type\":\"ListItem\",\"position\":1,\"name\":\"Home\",\"item\":\"https:\/\/www.erresse-shop.it\/de\/\"},{\"@type\":\"ListItem\",\"position\":2,\"name\":\"Shop\",\"item\":\"https:\/\/www.erresse-shop.it\/de\/shop\/\"},{\"@type\":\"ListItem\",\"position\":3,\"name\":\"PORTMEIRION Pomona Risotto- und Obstch\u00fcssel 33 cm\"}]},{\"@type\":\"WebSite\",\"@id\":\"https:\/\/www.erresse-shop.it\/de\/#website\",\"url\":\"https:\/\/www.erresse-shop.it\/de\/\",\"name\":\"Erresse Shop\",\"description\":\"Articoli di qualit\u00e0 per la casa\",\"potentialAction\":[{\"@type\":\"SearchAction\",\"target\":{\"@type\":\"EntryPoint\",\"urlTemplate\":\"https:\/\/www.erresse-shop.it\/de\/?s={search_term_string}\"},\"query-input\":\"required name=search_term_string\"}],\"inLanguage\":\"de-DE\"}]}<\/script>\n<!-- \/ Yoast SEO Premium plugin. -->","yoast_head_json":{"title":"PORTMEIRION Pomona Risotto- und Obstch\u00fcssel 33 cm - Erresse Shop","description":"Mit seinen Fruchtdarstellungen ist Pomona eine klassisch gestaltete Geschirrserie, die die Natur in das Herz des Hauses bringt. Benannt nach der antiken","robots":{"index":"index","follow":"follow","max-snippet":"max-snippet:-1","max-image-preview":"max-image-preview:large","max-video-preview":"max-video-preview:-1"},"canonical":"https:\/\/www.erresse-shop.it\/de\/shop\/tisch\/koerbe-und-schalen\/portmeirion-pomona-risotto-und-obstchussel-33-cm\/","og_locale":"de_DE","og_type":"article","og_title":"PORTMEIRION Pomona Risotto- und Obstch\u00fcssel 33 cm","og_description":"Mit seinen Fruchtdarstellungen ist Pomona eine klassisch gestaltete Geschirrserie, die die Natur in das Herz des Hauses bringt. Benannt nach der antiken","og_url":"https:\/\/www.erresse-shop.it\/de\/shop\/tisch\/koerbe-und-schalen\/portmeirion-pomona-risotto-und-obstchussel-33-cm\/","og_site_name":"Erresse Shop","article_modified_time":"2021-12-20T17:09:09+00:00","og_image":[{"width":763,"height":763,"url":"https:\/\/www.erresse-shop.it\/wp-content\/uploads\/2021\/04\/PORTMEIRION-Pomona-Risottiera-e-Fruttiera-33-cm.jpg","type":"image\/jpeg"}],"twitter_card":"summary_large_image","schema":{"@context":"https:\/\/schema.org","@graph":[{"@type":"WebPage","@id":"https:\/\/www.erresse-shop.it\/de\/shop\/tisch\/koerbe-und-schalen\/portmeirion-pomona-risotto-und-obstchussel-33-cm\/","url":"https:\/\/www.erresse-shop.it\/de\/shop\/tisch\/koerbe-und-schalen\/portmeirion-pomona-risotto-und-obstchussel-33-cm\/","name":"PORTMEIRION Pomona Risotto- und Obstch\u00fcssel 33 cm - Erresse Shop","isPartOf":{"@id":"https:\/\/www.erresse-shop.it\/de\/#website"},"datePublished":"2021-04-08T13:05:15+00:00","dateModified":"2021-12-20T17:09:09+00:00","description":"Mit seinen Fruchtdarstellungen ist Pomona eine klassisch gestaltete Geschirrserie, die die Natur in das Herz des Hauses bringt. Benannt nach der antiken","breadcrumb":{"@id":"https:\/\/www.erresse-shop.it\/de\/shop\/tisch\/koerbe-und-schalen\/portmeirion-pomona-risotto-und-obstchussel-33-cm\/#breadcrumb"},"inLanguage":"de-DE","potentialAction":[{"@type":"ReadAction","target":["https:\/\/www.erresse-shop.it\/de\/shop\/tisch\/koerbe-und-schalen\/portmeirion-pomona-risotto-und-obstchussel-33-cm\/"]}]},{"@type":"BreadcrumbList","@id":"https:\/\/www.erresse-shop.it\/de\/shop\/tisch\/koerbe-und-schalen\/portmeirion-pomona-risotto-und-obstchussel-33-cm\/#breadcrumb","itemListElement":[{"@type":"ListItem","position":1,"name":"Home","item":"https:\/\/www.erresse-shop.it\/de\/"},{"@type":"ListItem","position":2,"name":"Shop","item":"https:\/\/www.erresse-shop.it\/de\/shop\/"},{"@type":"ListItem","position":3,"name":"PORTMEIRION Pomona Risotto- und Obstch\u00fcssel 33 cm"}]},{"@type":"WebSite","@id":"https:\/\/www.erresse-shop.it\/de\/#website","url":"https:\/\/www.erresse-shop.it\/de\/","name":"Erresse Shop","description":"Articoli di qualit\u00e0 per la casa","potentialAction":[{"@type":"SearchAction","target":{"@type":"EntryPoint","urlTemplate":"https:\/\/www.erresse-shop.it\/de\/?s={search_term_string}"},"query-input":"required name=search_term_string"}],"inLanguage":"de-DE"}]}},"df_price":90.1485,"df_sale_price":90.1485,"df_regular_price":138.69,"df_image_link":"https:\/\/www.erresse-shop.it\/wp-content\/uploads\/2021\/04\/PORTMEIRION-Pomona-Risottiera-e-Fruttiera-33-cm-300x300.jpg","_links":{"self":[{"href":"https:\/\/www.erresse-shop.it\/de\/wp-json\/wp\/v2\/product\/95594"}],"collection":[{"href":"https:\/\/www.erresse-shop.it\/de\/wp-json\/wp\/v2\/product"}],"about":[{"href":"https:\/\/www.erresse-shop.it\/de\/wp-json\/wp\/v2\/types\/product"}],"wp:featuredmedia":[{"embeddable":true,"href":"https:\/\/www.erresse-shop.it\/de\/wp-json\/wp\/v2\/media\/95600"}],"wp:attachment":[{"href":"https:\/\/www.erresse-shop.it\/de\/wp-json\/wp\/v2\/media?parent=95594"}],"wp:term":[{"taxonomy":"product_cat","embeddable":true,"href":"https:\/\/www.erresse-shop.it\/de\/wp-json\/wp\/v2\/product_cat?post=95594"},{"taxonomy":"product_tag","embeddable":true,"href":"https:\/\/www.erresse-shop.it\/de\/wp-json\/wp\/v2\/product_tag?post=95594"}],"curies":[{"name":"wp","href":"https:\/\/api.w.org\/{rel}","templated":true}]}}