{"id":95365,"date":"2021-04-07T07:13:23","date_gmt":"2021-04-07T07:13:24","guid":{"rendered":"https:\/\/www.erresse-shop.it\/?post_type=product&#038;p=95365"},"modified":"2023-12-07T18:07:58","modified_gmt":"2023-12-07T18:07:58","slug":"portmeirion-botanic-garden-salatschussel-28-cm","status":"publish","type":"product","link":"https:\/\/www.erresse-shop.it\/de\/shop\/tisch\/salatschuesseln-und-terrinen\/portmeirion-botanic-garden-salatschussel-28-cm\/","title":{"rendered":"PORTMEIRION Botanic Garden Salatsch\u00fcssel 28 cm"},"content":{"rendered":"<p><strong>Botanic Garden<\/strong> ist ein zeitloser Klassiker und die bekannteste Kollektion von British Ceramics. Sch\u00f6ne florale Muster und auff\u00e4llige Schmetterlinge machen allt\u00e4gliche Anl\u00e4sse zu etwas Besonderem und bringen Freude in unseren modernen Lebensstil. <strong>Botanic Garden<\/strong> enth\u00e4lt eine breite Palette von St\u00fccken, f\u00fcr den Einsatz innerhalb und au\u00dferhalb des Hauses. Lassen Sie sich von der Magie der Natur verzaubern und entdecken Sie Ihren eigenen geheimen Garten.<\/p>\n<p><strong>Portmeirion<\/strong> wurde 1960 von der legend\u00e4ren T\u00f6pferin <strong>Susan Williams-Ellis<\/strong> und ihrem Mann <strong>Euan Cooper-Willis<\/strong> gegr\u00fcndet.<br \/>\nMit fast f\u00fcnfzig Jahren Kreativit\u00e4t war Susan Williams-Ellis&#8217; Beitrag zum britischen Designstil, zu Portmeirion Potteries und zur britischen Keramikindustrie unermesslich und stellt sie fest in die Gesellschaft einer kleinen Gruppe von gro\u00dfen und gefeierten Keramikdesignern des 20. Ihre Philosophie, dass Geschirr sowohl sch\u00f6n als auch praktisch sein sollte, wird auch weiterhin die Designwerte von Portmeirion durchdringen und den Erfolg des von ihr gegr\u00fcndeten Unternehmens bestimmen.<\/p>\n<p><strong><span style=\"text-decoration: underline;\">Sp\u00fclmaschinenfest, gefrierschrank-, mikrowellen- und backofenfest bis 170\u00b0C.<\/span><\/strong><\/p>\n<p><a href=\"https:\/\/www.youtube.com\/watch?v=Hga03Fa-aBk&amp;t=5s\" target=\"_blank\" rel=\"noopener\"><strong><span style=\"text-decoration: underline;\">Siehe Portmeirion-Video an<\/span><\/strong><\/a><\/p>\n","protected":false},"excerpt":{"rendered":"<p>Botanic Garden ist ein zeitloser Klassiker und die bekannteste Kollektion von British Ceramics. Sch\u00f6ne florale Muster und auff\u00e4llige Schmetterlinge machen<\/p>\n","protected":false},"featured_media":431250,"template":"","meta":{"_acf_changed":false,"inline_featured_image":false},"product_cat":[6892,6787],"product_tag":[19359,23911,24604,14258,13044,14250,11563,25022],"acf":[],"yoast_head":"<!-- This site is optimized with the Yoast SEO Premium plugin v18.6 (Yoast SEO v19.13) - https:\/\/yoast.com\/wordpress\/plugins\/seo\/ -->\n<title>PORTMEIRION Botanic Garden Salatsch\u00fcssel 28 cm - Erresse Shop<\/title>\n<meta name=\"description\" content=\"Botanic Garden ist ein zeitloser Klassiker und die bekannteste Kollektion von British Ceramics. Sch\u00f6ne florale Muster und auff\u00e4llige Schmetterlinge machen\" \/>\n<meta name=\"robots\" content=\"index, follow, max-snippet:-1, max-image-preview:large, max-video-preview:-1\" \/>\n<link rel=\"canonical\" href=\"https:\/\/www.erresse-shop.it\/de\/shop\/tisch\/salatschuesseln-und-terrinen\/portmeirion-botanic-garden-salatschussel-28-cm\/\" \/>\n<meta property=\"og:locale\" content=\"de_DE\" \/>\n<meta property=\"og:type\" content=\"article\" \/>\n<meta property=\"og:title\" content=\"PORTMEIRION Botanic Garden Salatsch\u00fcssel 28 cm\" \/>\n<meta property=\"og:description\" content=\"Botanic Garden ist ein zeitloser Klassiker und die bekannteste Kollektion von British Ceramics. Sch\u00f6ne florale Muster und auff\u00e4llige Schmetterlinge machen\" \/>\n<meta property=\"og:url\" content=\"https:\/\/www.erresse-shop.it\/de\/shop\/tisch\/salatschuesseln-und-terrinen\/portmeirion-botanic-garden-salatschussel-28-cm\/\" \/>\n<meta property=\"og:site_name\" content=\"Erresse Shop\" \/>\n<meta property=\"article:modified_time\" content=\"2023-12-07T18:07:58+00:00\" \/>\n<meta property=\"og:image\" content=\"https:\/\/www.erresse-shop.it\/wp-content\/uploads\/2021\/04\/PORTMEIRION-Botanic-Garden-Insalatiera-28-cm-1.jpg\" \/>\n\t<meta property=\"og:image:width\" content=\"800\" \/>\n\t<meta property=\"og:image:height\" content=\"800\" \/>\n\t<meta property=\"og:image:type\" content=\"image\/jpeg\" \/>\n<meta name=\"twitter:card\" content=\"summary_large_image\" \/>\n<script type=\"application\/ld+json\" class=\"yoast-schema-graph\">{\"@context\":\"https:\/\/schema.org\",\"@graph\":[{\"@type\":\"WebPage\",\"@id\":\"https:\/\/www.erresse-shop.it\/de\/shop\/tisch\/salatschuesseln-und-terrinen\/portmeirion-botanic-garden-salatschussel-28-cm\/\",\"url\":\"https:\/\/www.erresse-shop.it\/de\/shop\/tisch\/salatschuesseln-und-terrinen\/portmeirion-botanic-garden-salatschussel-28-cm\/\",\"name\":\"PORTMEIRION Botanic Garden Salatsch\u00fcssel 28 cm - Erresse Shop\",\"isPartOf\":{\"@id\":\"https:\/\/www.erresse-shop.it\/de\/#website\"},\"datePublished\":\"2021-04-07T07:13:24+00:00\",\"dateModified\":\"2023-12-07T18:07:58+00:00\",\"description\":\"Botanic Garden ist ein zeitloser Klassiker und die bekannteste Kollektion von British Ceramics. Sch\u00f6ne florale Muster und auff\u00e4llige Schmetterlinge machen\",\"breadcrumb\":{\"@id\":\"https:\/\/www.erresse-shop.it\/de\/shop\/tisch\/salatschuesseln-und-terrinen\/portmeirion-botanic-garden-salatschussel-28-cm\/#breadcrumb\"},\"inLanguage\":\"de-DE\",\"potentialAction\":[{\"@type\":\"ReadAction\",\"target\":[\"https:\/\/www.erresse-shop.it\/de\/shop\/tisch\/salatschuesseln-und-terrinen\/portmeirion-botanic-garden-salatschussel-28-cm\/\"]}]},{\"@type\":\"BreadcrumbList\",\"@id\":\"https:\/\/www.erresse-shop.it\/de\/shop\/tisch\/salatschuesseln-und-terrinen\/portmeirion-botanic-garden-salatschussel-28-cm\/#breadcrumb\",\"itemListElement\":[{\"@type\":\"ListItem\",\"position\":1,\"name\":\"Home\",\"item\":\"https:\/\/www.erresse-shop.it\/de\/\"},{\"@type\":\"ListItem\",\"position\":2,\"name\":\"Shop\",\"item\":\"https:\/\/www.erresse-shop.it\/de\/shop\/\"},{\"@type\":\"ListItem\",\"position\":3,\"name\":\"PORTMEIRION Botanic Garden Salatsch\u00fcssel 28 cm\"}]},{\"@type\":\"WebSite\",\"@id\":\"https:\/\/www.erresse-shop.it\/de\/#website\",\"url\":\"https:\/\/www.erresse-shop.it\/de\/\",\"name\":\"Erresse Shop\",\"description\":\"Articoli di qualit\u00e0 per la casa\",\"potentialAction\":[{\"@type\":\"SearchAction\",\"target\":{\"@type\":\"EntryPoint\",\"urlTemplate\":\"https:\/\/www.erresse-shop.it\/de\/?s={search_term_string}\"},\"query-input\":\"required name=search_term_string\"}],\"inLanguage\":\"de-DE\"}]}<\/script>\n<!-- \/ Yoast SEO Premium plugin. -->","yoast_head_json":{"title":"PORTMEIRION Botanic Garden Salatsch\u00fcssel 28 cm - Erresse Shop","description":"Botanic Garden ist ein zeitloser Klassiker und die bekannteste Kollektion von British Ceramics. Sch\u00f6ne florale Muster und auff\u00e4llige Schmetterlinge machen","robots":{"index":"index","follow":"follow","max-snippet":"max-snippet:-1","max-image-preview":"max-image-preview:large","max-video-preview":"max-video-preview:-1"},"canonical":"https:\/\/www.erresse-shop.it\/de\/shop\/tisch\/salatschuesseln-und-terrinen\/portmeirion-botanic-garden-salatschussel-28-cm\/","og_locale":"de_DE","og_type":"article","og_title":"PORTMEIRION Botanic Garden Salatsch\u00fcssel 28 cm","og_description":"Botanic Garden ist ein zeitloser Klassiker und die bekannteste Kollektion von British Ceramics. Sch\u00f6ne florale Muster und auff\u00e4llige Schmetterlinge machen","og_url":"https:\/\/www.erresse-shop.it\/de\/shop\/tisch\/salatschuesseln-und-terrinen\/portmeirion-botanic-garden-salatschussel-28-cm\/","og_site_name":"Erresse Shop","article_modified_time":"2023-12-07T18:07:58+00:00","og_image":[{"width":800,"height":800,"url":"https:\/\/www.erresse-shop.it\/wp-content\/uploads\/2021\/04\/PORTMEIRION-Botanic-Garden-Insalatiera-28-cm-1.jpg","type":"image\/jpeg"}],"twitter_card":"summary_large_image","schema":{"@context":"https:\/\/schema.org","@graph":[{"@type":"WebPage","@id":"https:\/\/www.erresse-shop.it\/de\/shop\/tisch\/salatschuesseln-und-terrinen\/portmeirion-botanic-garden-salatschussel-28-cm\/","url":"https:\/\/www.erresse-shop.it\/de\/shop\/tisch\/salatschuesseln-und-terrinen\/portmeirion-botanic-garden-salatschussel-28-cm\/","name":"PORTMEIRION Botanic Garden Salatsch\u00fcssel 28 cm - Erresse Shop","isPartOf":{"@id":"https:\/\/www.erresse-shop.it\/de\/#website"},"datePublished":"2021-04-07T07:13:24+00:00","dateModified":"2023-12-07T18:07:58+00:00","description":"Botanic Garden ist ein zeitloser Klassiker und die bekannteste Kollektion von British Ceramics. Sch\u00f6ne florale Muster und auff\u00e4llige Schmetterlinge machen","breadcrumb":{"@id":"https:\/\/www.erresse-shop.it\/de\/shop\/tisch\/salatschuesseln-und-terrinen\/portmeirion-botanic-garden-salatschussel-28-cm\/#breadcrumb"},"inLanguage":"de-DE","potentialAction":[{"@type":"ReadAction","target":["https:\/\/www.erresse-shop.it\/de\/shop\/tisch\/salatschuesseln-und-terrinen\/portmeirion-botanic-garden-salatschussel-28-cm\/"]}]},{"@type":"BreadcrumbList","@id":"https:\/\/www.erresse-shop.it\/de\/shop\/tisch\/salatschuesseln-und-terrinen\/portmeirion-botanic-garden-salatschussel-28-cm\/#breadcrumb","itemListElement":[{"@type":"ListItem","position":1,"name":"Home","item":"https:\/\/www.erresse-shop.it\/de\/"},{"@type":"ListItem","position":2,"name":"Shop","item":"https:\/\/www.erresse-shop.it\/de\/shop\/"},{"@type":"ListItem","position":3,"name":"PORTMEIRION Botanic Garden Salatsch\u00fcssel 28 cm"}]},{"@type":"WebSite","@id":"https:\/\/www.erresse-shop.it\/de\/#website","url":"https:\/\/www.erresse-shop.it\/de\/","name":"Erresse Shop","description":"Articoli di qualit\u00e0 per la casa","potentialAction":[{"@type":"SearchAction","target":{"@type":"EntryPoint","urlTemplate":"https:\/\/www.erresse-shop.it\/de\/?s={search_term_string}"},"query-input":"required name=search_term_string"}],"inLanguage":"de-DE"}]}},"df_price":99.45,"df_sale_price":99.45,"df_regular_price":153,"df_image_link":"https:\/\/www.erresse-shop.it\/wp-content\/uploads\/2021\/04\/PORTMEIRION-Botanic-Garden-Insalatiera-28-cm-1-300x300.jpg","_links":{"self":[{"href":"https:\/\/www.erresse-shop.it\/de\/wp-json\/wp\/v2\/product\/95365"}],"collection":[{"href":"https:\/\/www.erresse-shop.it\/de\/wp-json\/wp\/v2\/product"}],"about":[{"href":"https:\/\/www.erresse-shop.it\/de\/wp-json\/wp\/v2\/types\/product"}],"wp:featuredmedia":[{"embeddable":true,"href":"https:\/\/www.erresse-shop.it\/de\/wp-json\/wp\/v2\/media\/431250"}],"wp:attachment":[{"href":"https:\/\/www.erresse-shop.it\/de\/wp-json\/wp\/v2\/media?parent=95365"}],"wp:term":[{"taxonomy":"product_cat","embeddable":true,"href":"https:\/\/www.erresse-shop.it\/de\/wp-json\/wp\/v2\/product_cat?post=95365"},{"taxonomy":"product_tag","embeddable":true,"href":"https:\/\/www.erresse-shop.it\/de\/wp-json\/wp\/v2\/product_tag?post=95365"}],"curies":[{"name":"wp","href":"https:\/\/api.w.org\/{rel}","templated":true}]}}