{"id":94023,"date":"2021-03-22T15:08:02","date_gmt":"2021-03-22T15:08:04","guid":{"rendered":"https:\/\/www.erresse-shop.it\/?post_type=product&#038;p=94023"},"modified":"2025-01-16T10:41:17","modified_gmt":"2025-01-16T10:41:17","slug":"carlo-moretti-murano-kristallvase-nakya-i-piccoli","status":"publish","type":"product","link":"https:\/\/www.erresse-shop.it\/de\/shop\/einrichtung-haus\/vasen\/carlo-moretti-murano-kristallvase-nakya-i-piccoli\/","title":{"rendered":"CARLO MORETTI Murano Kristallvase Nakya I Piccoli"},"content":{"rendered":"<p>Mundgeblasene und handgefertigte Vasen aus Muranokristall, mit hei\u00dfen Applikationen aus verschiedenen dekorativen Elementen.<\/p>\n<p>Die Vasen von I Piccoli sind aus dem Wunsch entstanden, Designobjekte mit reduzierten Abmessungen, aber immer elegant und von visueller Wirkung, vorzuschlagen. Die Grundidee ist &#8220;klein aber fein&#8221;: Diese 17zm hohe Vasen sind geeignet, jede Ecke des Hauses zu versch\u00f6nern und ihr Farbe, Licht und Eleganz zu verleihen.<\/p>\n<p>Murano-Glas und -Kristall: rein italienische Wertelemente, die in den wertvollen Kollektionen der Firma Carlo Moretti, die auf den kleinen Inseln von Murano ans\u00e4ssig ist, ihren maximalen Ausdruck finden. Das Prestige dieser Firma aus Murano ist auf die gro\u00dfe Meisterschaft in der Verwendung von Glas und Kristall zur\u00fcckzuf\u00fchren, wobei letzteres durch den Zusatz von Blei in der Mischung eine gr\u00f6\u00dfere Widerstandsf\u00e4higkeit aufweist.<\/p>\n<p><span style=\"text-decoration: underline;\"><strong>Limitierte Ausgabe: nur 333 St\u00fccke weltweit!<\/strong><\/span><br \/>\n<strong>Muranovase vollst\u00e4ndig von Hand bearbeitet und bemalt.<\/strong><br \/>\n<strong>Bestellen Sie weitere Carlo Moretti Vasen, um eine einzigartige Sammlung zu haben.<\/strong><\/p>\n","protected":false},"excerpt":{"rendered":"<p>Mundgeblasene und handgefertigte Vasen aus Muranokristall, mit hei\u00dfen Applikationen aus verschiedenen dekorativen Elementen. Die Vasen von I Piccoli sind aus<\/p>\n","protected":false},"featured_media":93966,"template":"","meta":{"_acf_changed":false,"inline_featured_image":false},"product_cat":[6817,14421],"product_tag":[25038,23911,24398,24681,11718,14591,25022],"acf":[],"yoast_head":"<!-- This site is optimized with the Yoast SEO Premium plugin v18.6 (Yoast SEO v19.13) - https:\/\/yoast.com\/wordpress\/plugins\/seo\/ -->\n<title>CARLO MORETTI Murano Kristallvase Nakya I Piccoli<\/title>\n<meta name=\"description\" content=\"Entdecken Sie CARLO MORETTI Murano Kristallvase Nakya I Piccoli bei ErresseShop. Qualit\u00e4t, Stil und Funktionalit\u00e4t \u2013 jetzt online bestellen!\" \/>\n<meta name=\"robots\" content=\"index, follow, max-snippet:-1, max-image-preview:large, max-video-preview:-1\" \/>\n<link rel=\"canonical\" href=\"https:\/\/www.erresse-shop.it\/de\/shop\/einrichtung-haus\/vasen\/carlo-moretti-murano-kristallvase-nakya-i-piccoli\/\" \/>\n<meta property=\"og:locale\" content=\"de_DE\" \/>\n<meta property=\"og:type\" content=\"article\" \/>\n<meta property=\"og:title\" content=\"CARLO MORETTI Murano Kristallvase Nakya I Piccoli\" \/>\n<meta property=\"og:description\" content=\"Entdecken Sie CARLO MORETTI Murano Kristallvase Nakya I Piccoli bei ErresseShop. Qualit\u00e4t, Stil und Funktionalit\u00e4t \u2013 jetzt online bestellen!\" \/>\n<meta property=\"og:url\" content=\"https:\/\/www.erresse-shop.it\/de\/shop\/einrichtung-haus\/vasen\/carlo-moretti-murano-kristallvase-nakya-i-piccoli\/\" \/>\n<meta property=\"og:site_name\" content=\"Erresse Shop\" \/>\n<meta property=\"article:modified_time\" content=\"2025-01-16T10:41:17+00:00\" \/>\n<meta property=\"og:image\" content=\"https:\/\/www.erresse-shop.it\/wp-content\/uploads\/2021\/03\/I-Piccoli-Vaso-Nakya.jpg\" \/>\n\t<meta property=\"og:image:width\" content=\"1000\" \/>\n\t<meta property=\"og:image:height\" content=\"1000\" \/>\n\t<meta property=\"og:image:type\" content=\"image\/jpeg\" \/>\n<meta name=\"twitter:card\" content=\"summary_large_image\" \/>\n<script type=\"application\/ld+json\" class=\"yoast-schema-graph\">{\"@context\":\"https:\/\/schema.org\",\"@graph\":[{\"@type\":\"WebPage\",\"@id\":\"https:\/\/www.erresse-shop.it\/de\/shop\/einrichtung-haus\/vasen\/carlo-moretti-murano-kristallvase-nakya-i-piccoli\/\",\"url\":\"https:\/\/www.erresse-shop.it\/de\/shop\/einrichtung-haus\/vasen\/carlo-moretti-murano-kristallvase-nakya-i-piccoli\/\",\"name\":\"CARLO MORETTI Murano Kristallvase Nakya I Piccoli\",\"isPartOf\":{\"@id\":\"https:\/\/www.erresse-shop.it\/de\/#website\"},\"datePublished\":\"2021-03-22T15:08:04+00:00\",\"dateModified\":\"2025-01-16T10:41:17+00:00\",\"description\":\"Entdecken Sie CARLO MORETTI Murano Kristallvase Nakya I Piccoli bei ErresseShop. Qualit\u00e4t, Stil und Funktionalit\u00e4t \u2013 jetzt online bestellen!\",\"breadcrumb\":{\"@id\":\"https:\/\/www.erresse-shop.it\/de\/shop\/einrichtung-haus\/vasen\/carlo-moretti-murano-kristallvase-nakya-i-piccoli\/#breadcrumb\"},\"inLanguage\":\"de-DE\",\"potentialAction\":[{\"@type\":\"ReadAction\",\"target\":[\"https:\/\/www.erresse-shop.it\/de\/shop\/einrichtung-haus\/vasen\/carlo-moretti-murano-kristallvase-nakya-i-piccoli\/\"]}]},{\"@type\":\"BreadcrumbList\",\"@id\":\"https:\/\/www.erresse-shop.it\/de\/shop\/einrichtung-haus\/vasen\/carlo-moretti-murano-kristallvase-nakya-i-piccoli\/#breadcrumb\",\"itemListElement\":[{\"@type\":\"ListItem\",\"position\":1,\"name\":\"Home\",\"item\":\"https:\/\/www.erresse-shop.it\/de\/\"},{\"@type\":\"ListItem\",\"position\":2,\"name\":\"Shop\",\"item\":\"https:\/\/www.erresse-shop.it\/de\/shop\/\"},{\"@type\":\"ListItem\",\"position\":3,\"name\":\"CARLO MORETTI Murano Kristallvase Nakya I Piccoli\"}]},{\"@type\":\"WebSite\",\"@id\":\"https:\/\/www.erresse-shop.it\/de\/#website\",\"url\":\"https:\/\/www.erresse-shop.it\/de\/\",\"name\":\"Erresse Shop\",\"description\":\"Articoli di qualit\u00e0 per la casa\",\"potentialAction\":[{\"@type\":\"SearchAction\",\"target\":{\"@type\":\"EntryPoint\",\"urlTemplate\":\"https:\/\/www.erresse-shop.it\/de\/?s={search_term_string}\"},\"query-input\":\"required name=search_term_string\"}],\"inLanguage\":\"de-DE\"}]}<\/script>\n<!-- \/ Yoast SEO Premium plugin. -->","yoast_head_json":{"title":"CARLO MORETTI Murano Kristallvase Nakya I Piccoli","description":"Entdecken Sie CARLO MORETTI Murano Kristallvase Nakya I Piccoli bei ErresseShop. Qualit\u00e4t, Stil und Funktionalit\u00e4t \u2013 jetzt online bestellen!","robots":{"index":"index","follow":"follow","max-snippet":"max-snippet:-1","max-image-preview":"max-image-preview:large","max-video-preview":"max-video-preview:-1"},"canonical":"https:\/\/www.erresse-shop.it\/de\/shop\/einrichtung-haus\/vasen\/carlo-moretti-murano-kristallvase-nakya-i-piccoli\/","og_locale":"de_DE","og_type":"article","og_title":"CARLO MORETTI Murano Kristallvase Nakya I Piccoli","og_description":"Entdecken Sie CARLO MORETTI Murano Kristallvase Nakya I Piccoli bei ErresseShop. Qualit\u00e4t, Stil und Funktionalit\u00e4t \u2013 jetzt online bestellen!","og_url":"https:\/\/www.erresse-shop.it\/de\/shop\/einrichtung-haus\/vasen\/carlo-moretti-murano-kristallvase-nakya-i-piccoli\/","og_site_name":"Erresse Shop","article_modified_time":"2025-01-16T10:41:17+00:00","og_image":[{"width":1000,"height":1000,"url":"https:\/\/www.erresse-shop.it\/wp-content\/uploads\/2021\/03\/I-Piccoli-Vaso-Nakya.jpg","type":"image\/jpeg"}],"twitter_card":"summary_large_image","schema":{"@context":"https:\/\/schema.org","@graph":[{"@type":"WebPage","@id":"https:\/\/www.erresse-shop.it\/de\/shop\/einrichtung-haus\/vasen\/carlo-moretti-murano-kristallvase-nakya-i-piccoli\/","url":"https:\/\/www.erresse-shop.it\/de\/shop\/einrichtung-haus\/vasen\/carlo-moretti-murano-kristallvase-nakya-i-piccoli\/","name":"CARLO MORETTI Murano Kristallvase Nakya I Piccoli","isPartOf":{"@id":"https:\/\/www.erresse-shop.it\/de\/#website"},"datePublished":"2021-03-22T15:08:04+00:00","dateModified":"2025-01-16T10:41:17+00:00","description":"Entdecken Sie CARLO MORETTI Murano Kristallvase Nakya I Piccoli bei ErresseShop. Qualit\u00e4t, Stil und Funktionalit\u00e4t \u2013 jetzt online bestellen!","breadcrumb":{"@id":"https:\/\/www.erresse-shop.it\/de\/shop\/einrichtung-haus\/vasen\/carlo-moretti-murano-kristallvase-nakya-i-piccoli\/#breadcrumb"},"inLanguage":"de-DE","potentialAction":[{"@type":"ReadAction","target":["https:\/\/www.erresse-shop.it\/de\/shop\/einrichtung-haus\/vasen\/carlo-moretti-murano-kristallvase-nakya-i-piccoli\/"]}]},{"@type":"BreadcrumbList","@id":"https:\/\/www.erresse-shop.it\/de\/shop\/einrichtung-haus\/vasen\/carlo-moretti-murano-kristallvase-nakya-i-piccoli\/#breadcrumb","itemListElement":[{"@type":"ListItem","position":1,"name":"Home","item":"https:\/\/www.erresse-shop.it\/de\/"},{"@type":"ListItem","position":2,"name":"Shop","item":"https:\/\/www.erresse-shop.it\/de\/shop\/"},{"@type":"ListItem","position":3,"name":"CARLO MORETTI Murano Kristallvase Nakya I Piccoli"}]},{"@type":"WebSite","@id":"https:\/\/www.erresse-shop.it\/de\/#website","url":"https:\/\/www.erresse-shop.it\/de\/","name":"Erresse Shop","description":"Articoli di qualit\u00e0 per la casa","potentialAction":[{"@type":"SearchAction","target":{"@type":"EntryPoint","urlTemplate":"https:\/\/www.erresse-shop.it\/de\/?s={search_term_string}"},"query-input":"required name=search_term_string"}],"inLanguage":"de-DE"}]}},"df_price":229.35000000000002,"df_sale_price":229.35000000000002,"df_regular_price":417,"df_image_link":"https:\/\/www.erresse-shop.it\/wp-content\/uploads\/2021\/03\/I-Piccoli-Vaso-Nakya-300x300.jpg","_links":{"self":[{"href":"https:\/\/www.erresse-shop.it\/de\/wp-json\/wp\/v2\/product\/94023"}],"collection":[{"href":"https:\/\/www.erresse-shop.it\/de\/wp-json\/wp\/v2\/product"}],"about":[{"href":"https:\/\/www.erresse-shop.it\/de\/wp-json\/wp\/v2\/types\/product"}],"wp:featuredmedia":[{"embeddable":true,"href":"https:\/\/www.erresse-shop.it\/de\/wp-json\/wp\/v2\/media\/93966"}],"wp:attachment":[{"href":"https:\/\/www.erresse-shop.it\/de\/wp-json\/wp\/v2\/media?parent=94023"}],"wp:term":[{"taxonomy":"product_cat","embeddable":true,"href":"https:\/\/www.erresse-shop.it\/de\/wp-json\/wp\/v2\/product_cat?post=94023"},{"taxonomy":"product_tag","embeddable":true,"href":"https:\/\/www.erresse-shop.it\/de\/wp-json\/wp\/v2\/product_tag?post=94023"}],"curies":[{"name":"wp","href":"https:\/\/api.w.org\/{rel}","templated":true}]}}