{"id":92850,"date":"2021-03-16T11:16:48","date_gmt":"2021-03-16T11:16:49","guid":{"rendered":"https:\/\/www.erresse-shop.it\/?post_type=product&#038;p=92850"},"modified":"2025-01-17T17:51:16","modified_gmt":"2025-01-17T17:51:16","slug":"taitu-ovale-servierplatte-blatt","status":"publish","type":"product","link":"https:\/\/www.erresse-shop.it\/de\/shop\/tisch\/serviertablette\/taitu-ovale-servierplatte-blatt\/","title":{"rendered":"TAIT\u00d9 Freedom Ovale Servierplatte Blatt"},"content":{"rendered":"<p><strong>Handgemalt<br \/>\nMaterial:<\/strong>\u00a0Fine Bone China<\/p>\n<ul>\n<li><strong>INNOVATIVE KONZEPTE<\/strong><br \/>\nDas Konzept von <strong>TAIT\u00d9<\/strong> dr\u00fcckt ein Gef\u00fchl von Freiheit in der Komposition und Verwendung in einer kaleidoskopischen Anordnung von Formen, Themen und Farben aus. Die Freiheit, die Kollektionen auf 1000 verschiedene Arten zu kombinieren und so jeden Tag neue Emotionen auf den Tisch zu bringen. Vielseitigkeit und K\u00fchnheit beleben den <strong>UNCONVENTIONAL TABLE<\/strong>, ein innovativer Ansatz, um einen personalisierten und unkonventionellen Tisch zu schaffen.<\/li>\n<li><strong>ARTISANITY<\/strong><br \/>\nWie immer zeichnet sich <strong>TAIT\u00d9<\/strong> durch sein hohes handwerkliches Niveau aus, sowohl bei den Dekorationen als auch bei der Produktion. Vom Design bis zum Entwurf werden die Dekorationen weiterhin bis ins kleinste Detail komplett von Hand gefertigt: Jedes Blatt zum Beispiel ist das Ergebnis von 7 und mehr Gr\u00fcnschattierungen. Eine Perfektion, die von Meisterhandwerkern erreicht wird, die in der Lage sind, Farben, Dekorationen und Formen auf den wertvollsten Materialien bis zum Maximum zu veredeln.<\/li>\n<li><strong>ITALIENISCHER STIL<\/strong><br \/>\nUnd Qualit\u00e4t ist immer die beste Wahl: Das reine italienische Design und die kreativen Konzepte von <strong>TAIT\u00d9<\/strong> bleiben von der anspruchsvollen Neugier der gr\u00f6\u00dften italienischen und internationalen K\u00f6che nicht unbemerkt. Meisterkoch Alain Ducasse, ein echter Espressokenner, hat sich entschieden, in seinen toskanischen Gasth\u00e4usern seinen Kaffee in <strong>TAIT\u00d9<\/strong>-Tassen zu servieren.<\/li>\n<\/ul>\n","protected":false},"excerpt":{"rendered":"<p>Handgemalt Material:\u00a0Fine Bone China INNOVATIVE KONZEPTE Das Konzept von TAIT\u00d9 dr\u00fcckt ein Gef\u00fchl von Freiheit in der Komposition und Verwendung<\/p>\n","protected":false},"featured_media":92856,"template":"","meta":{"_acf_changed":false,"inline_featured_image":false},"product_cat":[6853,6787],"product_tag":[25088,23911,14296,23691,24398,24604,14249,13044,14250,11563,14262,25022,11700,21822],"acf":[],"yoast_head":"<!-- This site is optimized with the Yoast SEO Premium plugin v18.6 (Yoast SEO v19.13) - https:\/\/yoast.com\/wordpress\/plugins\/seo\/ -->\n<title>TAIT\u00d9 Freedom Ovale Servierplatte Blatt<\/title>\n<meta name=\"description\" content=\"Entdecken Sie TAIT\u00d9 Freedom Ovale Servierplatte Blatt bei ErresseShop. Qualit\u00e4t, Stil und Funktionalit\u00e4t \u2013 jetzt online bestellen!\" \/>\n<meta name=\"robots\" content=\"index, follow, max-snippet:-1, max-image-preview:large, max-video-preview:-1\" \/>\n<link rel=\"canonical\" href=\"https:\/\/www.erresse-shop.it\/de\/shop\/tisch\/serviertablette\/taitu-ovale-servierplatte-blatt\/\" \/>\n<meta property=\"og:locale\" content=\"de_DE\" \/>\n<meta property=\"og:type\" content=\"article\" \/>\n<meta property=\"og:title\" content=\"TAIT\u00d9 Freedom Ovale Servierplatte Blatt\" \/>\n<meta property=\"og:description\" content=\"Entdecken Sie TAIT\u00d9 Freedom Ovale Servierplatte Blatt bei ErresseShop. Qualit\u00e4t, Stil und Funktionalit\u00e4t \u2013 jetzt online bestellen!\" \/>\n<meta property=\"og:url\" content=\"https:\/\/www.erresse-shop.it\/de\/shop\/tisch\/serviertablette\/taitu-ovale-servierplatte-blatt\/\" \/>\n<meta property=\"og:site_name\" content=\"Erresse Shop\" \/>\n<meta property=\"article:modified_time\" content=\"2025-01-17T17:51:16+00:00\" \/>\n<meta property=\"og:image\" content=\"https:\/\/www.erresse-shop.it\/wp-content\/uploads\/2021\/03\/Taitu-Freedom-Piatto-Portata-Ovale.jpg\" \/>\n\t<meta property=\"og:image:width\" content=\"1200\" \/>\n\t<meta property=\"og:image:height\" content=\"1206\" \/>\n\t<meta property=\"og:image:type\" content=\"image\/jpeg\" \/>\n<meta name=\"twitter:card\" content=\"summary_large_image\" \/>\n<script type=\"application\/ld+json\" class=\"yoast-schema-graph\">{\"@context\":\"https:\/\/schema.org\",\"@graph\":[{\"@type\":\"WebPage\",\"@id\":\"https:\/\/www.erresse-shop.it\/de\/shop\/tisch\/serviertablette\/taitu-ovale-servierplatte-blatt\/\",\"url\":\"https:\/\/www.erresse-shop.it\/de\/shop\/tisch\/serviertablette\/taitu-ovale-servierplatte-blatt\/\",\"name\":\"TAIT\u00d9 Freedom Ovale Servierplatte Blatt\",\"isPartOf\":{\"@id\":\"https:\/\/www.erresse-shop.it\/de\/#website\"},\"datePublished\":\"2021-03-16T11:16:49+00:00\",\"dateModified\":\"2025-01-17T17:51:16+00:00\",\"description\":\"Entdecken Sie TAIT\u00d9 Freedom Ovale Servierplatte Blatt bei ErresseShop. Qualit\u00e4t, Stil und Funktionalit\u00e4t \u2013 jetzt online bestellen!\",\"breadcrumb\":{\"@id\":\"https:\/\/www.erresse-shop.it\/de\/shop\/tisch\/serviertablette\/taitu-ovale-servierplatte-blatt\/#breadcrumb\"},\"inLanguage\":\"de-DE\",\"potentialAction\":[{\"@type\":\"ReadAction\",\"target\":[\"https:\/\/www.erresse-shop.it\/de\/shop\/tisch\/serviertablette\/taitu-ovale-servierplatte-blatt\/\"]}]},{\"@type\":\"BreadcrumbList\",\"@id\":\"https:\/\/www.erresse-shop.it\/de\/shop\/tisch\/serviertablette\/taitu-ovale-servierplatte-blatt\/#breadcrumb\",\"itemListElement\":[{\"@type\":\"ListItem\",\"position\":1,\"name\":\"Home\",\"item\":\"https:\/\/www.erresse-shop.it\/de\/\"},{\"@type\":\"ListItem\",\"position\":2,\"name\":\"Shop\",\"item\":\"https:\/\/www.erresse-shop.it\/de\/shop\/\"},{\"@type\":\"ListItem\",\"position\":3,\"name\":\"TAIT\u00d9 Freedom Ovale Servierplatte Blatt\"}]},{\"@type\":\"WebSite\",\"@id\":\"https:\/\/www.erresse-shop.it\/de\/#website\",\"url\":\"https:\/\/www.erresse-shop.it\/de\/\",\"name\":\"Erresse Shop\",\"description\":\"Articoli di qualit\u00e0 per la casa\",\"potentialAction\":[{\"@type\":\"SearchAction\",\"target\":{\"@type\":\"EntryPoint\",\"urlTemplate\":\"https:\/\/www.erresse-shop.it\/de\/?s={search_term_string}\"},\"query-input\":\"required name=search_term_string\"}],\"inLanguage\":\"de-DE\"}]}<\/script>\n<!-- \/ Yoast SEO Premium plugin. -->","yoast_head_json":{"title":"TAIT\u00d9 Freedom Ovale Servierplatte Blatt","description":"Entdecken Sie TAIT\u00d9 Freedom Ovale Servierplatte Blatt bei ErresseShop. Qualit\u00e4t, Stil und Funktionalit\u00e4t \u2013 jetzt online bestellen!","robots":{"index":"index","follow":"follow","max-snippet":"max-snippet:-1","max-image-preview":"max-image-preview:large","max-video-preview":"max-video-preview:-1"},"canonical":"https:\/\/www.erresse-shop.it\/de\/shop\/tisch\/serviertablette\/taitu-ovale-servierplatte-blatt\/","og_locale":"de_DE","og_type":"article","og_title":"TAIT\u00d9 Freedom Ovale Servierplatte Blatt","og_description":"Entdecken Sie TAIT\u00d9 Freedom Ovale Servierplatte Blatt bei ErresseShop. Qualit\u00e4t, Stil und Funktionalit\u00e4t \u2013 jetzt online bestellen!","og_url":"https:\/\/www.erresse-shop.it\/de\/shop\/tisch\/serviertablette\/taitu-ovale-servierplatte-blatt\/","og_site_name":"Erresse Shop","article_modified_time":"2025-01-17T17:51:16+00:00","og_image":[{"width":1200,"height":1206,"url":"https:\/\/www.erresse-shop.it\/wp-content\/uploads\/2021\/03\/Taitu-Freedom-Piatto-Portata-Ovale.jpg","type":"image\/jpeg"}],"twitter_card":"summary_large_image","schema":{"@context":"https:\/\/schema.org","@graph":[{"@type":"WebPage","@id":"https:\/\/www.erresse-shop.it\/de\/shop\/tisch\/serviertablette\/taitu-ovale-servierplatte-blatt\/","url":"https:\/\/www.erresse-shop.it\/de\/shop\/tisch\/serviertablette\/taitu-ovale-servierplatte-blatt\/","name":"TAIT\u00d9 Freedom Ovale Servierplatte Blatt","isPartOf":{"@id":"https:\/\/www.erresse-shop.it\/de\/#website"},"datePublished":"2021-03-16T11:16:49+00:00","dateModified":"2025-01-17T17:51:16+00:00","description":"Entdecken Sie TAIT\u00d9 Freedom Ovale Servierplatte Blatt bei ErresseShop. Qualit\u00e4t, Stil und Funktionalit\u00e4t \u2013 jetzt online bestellen!","breadcrumb":{"@id":"https:\/\/www.erresse-shop.it\/de\/shop\/tisch\/serviertablette\/taitu-ovale-servierplatte-blatt\/#breadcrumb"},"inLanguage":"de-DE","potentialAction":[{"@type":"ReadAction","target":["https:\/\/www.erresse-shop.it\/de\/shop\/tisch\/serviertablette\/taitu-ovale-servierplatte-blatt\/"]}]},{"@type":"BreadcrumbList","@id":"https:\/\/www.erresse-shop.it\/de\/shop\/tisch\/serviertablette\/taitu-ovale-servierplatte-blatt\/#breadcrumb","itemListElement":[{"@type":"ListItem","position":1,"name":"Home","item":"https:\/\/www.erresse-shop.it\/de\/"},{"@type":"ListItem","position":2,"name":"Shop","item":"https:\/\/www.erresse-shop.it\/de\/shop\/"},{"@type":"ListItem","position":3,"name":"TAIT\u00d9 Freedom Ovale Servierplatte Blatt"}]},{"@type":"WebSite","@id":"https:\/\/www.erresse-shop.it\/de\/#website","url":"https:\/\/www.erresse-shop.it\/de\/","name":"Erresse Shop","description":"Articoli di qualit\u00e0 per la casa","potentialAction":[{"@type":"SearchAction","target":{"@type":"EntryPoint","urlTemplate":"https:\/\/www.erresse-shop.it\/de\/?s={search_term_string}"},"query-input":"required name=search_term_string"}],"inLanguage":"de-DE"}]}},"df_price":81.95,"df_sale_price":81.95,"df_regular_price":149,"df_image_link":"https:\/\/www.erresse-shop.it\/wp-content\/uploads\/2021\/03\/Taitu-Freedom-Piatto-Portata-Ovale-300x300.jpg","_links":{"self":[{"href":"https:\/\/www.erresse-shop.it\/de\/wp-json\/wp\/v2\/product\/92850"}],"collection":[{"href":"https:\/\/www.erresse-shop.it\/de\/wp-json\/wp\/v2\/product"}],"about":[{"href":"https:\/\/www.erresse-shop.it\/de\/wp-json\/wp\/v2\/types\/product"}],"wp:featuredmedia":[{"embeddable":true,"href":"https:\/\/www.erresse-shop.it\/de\/wp-json\/wp\/v2\/media\/92856"}],"wp:attachment":[{"href":"https:\/\/www.erresse-shop.it\/de\/wp-json\/wp\/v2\/media?parent=92850"}],"wp:term":[{"taxonomy":"product_cat","embeddable":true,"href":"https:\/\/www.erresse-shop.it\/de\/wp-json\/wp\/v2\/product_cat?post=92850"},{"taxonomy":"product_tag","embeddable":true,"href":"https:\/\/www.erresse-shop.it\/de\/wp-json\/wp\/v2\/product_tag?post=92850"}],"curies":[{"name":"wp","href":"https:\/\/api.w.org\/{rel}","templated":true}]}}