{"id":91936,"date":"2021-03-08T10:16:19","date_gmt":"2021-03-08T10:16:20","guid":{"rendered":"https:\/\/www.erresse-shop.it\/?post_type=product&#038;p=91936"},"modified":"2025-01-17T08:03:29","modified_gmt":"2025-01-17T08:03:29","slug":"la-pavoni-kaffeemaschine-espresso-europiccola-schwarz","status":"publish","type":"product","link":"https:\/\/www.erresse-shop.it\/de\/shop\/kleine-elektrogeraete\/kaffeemaschinen-espresso\/hebelbedienung\/la-pavoni-kaffeemaschine-espresso-europiccola-schwarz\/","title":{"rendered":"LA PAVONI Kaffeemaschine Espresso Europiccola Schwarz"},"content":{"rendered":"<p><strong><span style=\"text-decoration: underline;\">Achtung<\/span>:<\/strong> Verwenden Sie f\u00fcr optimale Ergebnisse NUR Kaffee, der mit einer guten Kaffeem\u00fchle gemahlen wurde (<span style=\"color: #3366ff;\"><a style=\"color: #3366ff;\" href=\"https:\/\/www.erresse-shop.it\/de\/shop\/kleine-elektrogeraete\/kaffeemaschinen-espresso\/la-pavoni-kaffeemuhle-jolly-dosato-schwarz\/\" target=\"_blank\" rel=\"noopener\">Jolly<\/a><\/span>, <span style=\"color: #3366ff;\"><a style=\"color: #3366ff;\" href=\"https:\/\/www.erresse-shop.it\/de\/shop\/kleine-elektrogeraete\/kaffeemaschinen-espresso\/la-pavoni-kaffeemuhle-kube-mill\/\" target=\"_blank\" rel=\"noopener\">Kube Mill<\/a><\/span>, <span style=\"color: #3366ff;\">Zylinder<\/span> &#8211; La Pavoni Serie) oder direkt von einem Kaffeer\u00f6ster gekauft wurde. Andernfalls ist die Verwendung von &#8220;Supermarktkaffee&#8221; keine Garantie f\u00fcr ein hervorragendes Ergebnis.<\/p>\n<p><strong>Europiccola,<\/strong> deren Design auf das ferne 1950 zur\u00fcckgeht, und <strong>Professional<\/strong> aus dem Jahre 1970 sind zwei Erzeugnisse, die einen Querschnitt durch die italienische Designgeschichte verk\u00f6rpern.<br \/>\nEin Treffpunkt f\u00fcr Eleganz, Qualit\u00e4t und Zuverl\u00e4ssigkeit Neben ganz pers\u00f6nlichen <strong>Espresso<\/strong> kann man mit dieser <strong>Maschine<\/strong> auch sch\u00e4umende Cappuccino zubereiten. Eine Handhebelmaschine.<br \/>\nDie immer in Trend liegt. Zur Konstruktion dieses Ger\u00e4tes werden hochwertige Materialien verwendet, dadurch wird die Anf\u00e4lligkeit f\u00fcr Verkalkungen reduziert und eine Langlebigkeit des Ger\u00e4tes garantiert. Das Modell <strong>Europiccola<\/strong> hat eine Boilerkapazit\u00e4t f\u00fcr 8 Tassen Espresso.<\/p>\n<p>Alle La Pavoni 230V Hebelmodelle sind zertifiziert durch:<\/p>\n<p><a href=\"https:\/\/www.erresse-shop.it\/wp-content\/uploads\/2021\/02\/La-Pavoni-Certificato-150x150.png\"><img decoding=\"async\" class=\"alignnone size-thumbnail wp-image-91735\" src=\"https:\/\/www.erresse-shop.it\/wp-content\/uploads\/2021\/02\/La-Pavoni-Certificato-150x150.png\" alt=\"La Pavoni Certificato\" width=\"150\" height=\"150\" \/><\/a><\/p>\n<ul>\n<li>Kesselvolumen Liter 0,80<\/li>\n<li>Kesselkapazit\u00e4t in Tassen 8<\/li>\n<li>Dampferzeugung 10 min<\/li>\n<li>Kesseldruck 0,7-0,8 bar<\/li>\n<li>Durchschnittliche Aufheizzeit 5 min<\/li>\n<li>Sicherheitsventil<\/li>\n<li>Wasserstandsanzeige<\/li>\n<li>Ein\/Ausschalter<\/li>\n<li>Kontrolleuchte<\/li>\n<li>Cappuccino Automatic<\/li>\n<li>Ruckstellbare Thermosicherung<\/li>\n<li>Pressostat zur Aufrechterhaltung des Boilerdrucks<\/li>\n<li>Leistung 950 W<\/li>\n<li>Anschlu\u00dfwerte 220-240V 50\/60Hz \u2013 120V 60Hz<\/li>\n<\/ul>\n","protected":false},"excerpt":{"rendered":"<p>Achtung: Verwenden Sie f\u00fcr optimale Ergebnisse NUR Kaffee, der mit einer guten Kaffeem\u00fchle gemahlen wurde (Jolly, Kube Mill, Zylinder &#8211;<\/p>\n","protected":false},"featured_media":91950,"template":"","meta":{"_acf_changed":false,"inline_featured_image":false},"product_cat":[6733,6703,25371],"product_tag":[25038,23564,24398,23592,11718,25022],"acf":[],"yoast_head":"<!-- This site is optimized with the Yoast SEO Premium plugin v18.6 (Yoast SEO v19.13) - https:\/\/yoast.com\/wordpress\/plugins\/seo\/ -->\n<title>LA PAVONI Kaffeemaschine Espresso Europiccola Schwarz<\/title>\n<meta name=\"description\" content=\"Entdecken Sie LA PAVONI Kaffeemaschine Espresso Europiccola Schwarz bei ErresseShop. Qualit\u00e4t, Stil und Funktionalit\u00e4t \u2013 jetzt online bestellen!\" \/>\n<meta name=\"robots\" content=\"index, follow, max-snippet:-1, max-image-preview:large, max-video-preview:-1\" \/>\n<link rel=\"canonical\" href=\"https:\/\/www.erresse-shop.it\/de\/shop\/kleine-elektrogeraete\/kaffeemaschinen-espresso\/hebelbedienung\/la-pavoni-kaffeemaschine-espresso-europiccola-schwarz\/\" \/>\n<meta property=\"og:locale\" content=\"de_DE\" \/>\n<meta property=\"og:type\" content=\"article\" \/>\n<meta property=\"og:title\" content=\"LA PAVONI Kaffeemaschine Espresso Europiccola Schwarz\" \/>\n<meta property=\"og:description\" content=\"Entdecken Sie LA PAVONI Kaffeemaschine Espresso Europiccola Schwarz bei ErresseShop. Qualit\u00e4t, Stil und Funktionalit\u00e4t \u2013 jetzt online bestellen!\" \/>\n<meta property=\"og:url\" content=\"https:\/\/www.erresse-shop.it\/de\/shop\/kleine-elektrogeraete\/kaffeemaschinen-espresso\/hebelbedienung\/la-pavoni-kaffeemaschine-espresso-europiccola-schwarz\/\" \/>\n<meta property=\"og:site_name\" content=\"Erresse Shop\" \/>\n<meta property=\"article:modified_time\" content=\"2025-01-17T08:03:29+00:00\" \/>\n<meta property=\"og:image\" content=\"https:\/\/www.erresse-shop.it\/wp-content\/uploads\/2021\/03\/La-Pavoni-Europiccola-Nero.jpg\" \/>\n\t<meta property=\"og:image:width\" content=\"1300\" \/>\n\t<meta property=\"og:image:height\" content=\"1300\" \/>\n\t<meta property=\"og:image:type\" content=\"image\/jpeg\" \/>\n<meta name=\"twitter:card\" content=\"summary_large_image\" \/>\n<script type=\"application\/ld+json\" class=\"yoast-schema-graph\">{\"@context\":\"https:\/\/schema.org\",\"@graph\":[{\"@type\":\"WebPage\",\"@id\":\"https:\/\/www.erresse-shop.it\/de\/shop\/kleine-elektrogeraete\/kaffeemaschinen-espresso\/hebelbedienung\/la-pavoni-kaffeemaschine-espresso-europiccola-schwarz\/\",\"url\":\"https:\/\/www.erresse-shop.it\/de\/shop\/kleine-elektrogeraete\/kaffeemaschinen-espresso\/hebelbedienung\/la-pavoni-kaffeemaschine-espresso-europiccola-schwarz\/\",\"name\":\"LA PAVONI Kaffeemaschine Espresso Europiccola Schwarz\",\"isPartOf\":{\"@id\":\"https:\/\/www.erresse-shop.it\/de\/#website\"},\"datePublished\":\"2021-03-08T10:16:20+00:00\",\"dateModified\":\"2025-01-17T08:03:29+00:00\",\"description\":\"Entdecken Sie LA PAVONI Kaffeemaschine Espresso Europiccola Schwarz bei ErresseShop. Qualit\u00e4t, Stil und Funktionalit\u00e4t \u2013 jetzt online bestellen!\",\"breadcrumb\":{\"@id\":\"https:\/\/www.erresse-shop.it\/de\/shop\/kleine-elektrogeraete\/kaffeemaschinen-espresso\/hebelbedienung\/la-pavoni-kaffeemaschine-espresso-europiccola-schwarz\/#breadcrumb\"},\"inLanguage\":\"de-DE\",\"potentialAction\":[{\"@type\":\"ReadAction\",\"target\":[\"https:\/\/www.erresse-shop.it\/de\/shop\/kleine-elektrogeraete\/kaffeemaschinen-espresso\/hebelbedienung\/la-pavoni-kaffeemaschine-espresso-europiccola-schwarz\/\"]}]},{\"@type\":\"BreadcrumbList\",\"@id\":\"https:\/\/www.erresse-shop.it\/de\/shop\/kleine-elektrogeraete\/kaffeemaschinen-espresso\/hebelbedienung\/la-pavoni-kaffeemaschine-espresso-europiccola-schwarz\/#breadcrumb\",\"itemListElement\":[{\"@type\":\"ListItem\",\"position\":1,\"name\":\"Home\",\"item\":\"https:\/\/www.erresse-shop.it\/de\/\"},{\"@type\":\"ListItem\",\"position\":2,\"name\":\"Shop\",\"item\":\"https:\/\/www.erresse-shop.it\/de\/shop\/\"},{\"@type\":\"ListItem\",\"position\":3,\"name\":\"LA PAVONI Kaffeemaschine Espresso Europiccola Schwarz\"}]},{\"@type\":\"WebSite\",\"@id\":\"https:\/\/www.erresse-shop.it\/de\/#website\",\"url\":\"https:\/\/www.erresse-shop.it\/de\/\",\"name\":\"Erresse Shop\",\"description\":\"Articoli di qualit\u00e0 per la casa\",\"potentialAction\":[{\"@type\":\"SearchAction\",\"target\":{\"@type\":\"EntryPoint\",\"urlTemplate\":\"https:\/\/www.erresse-shop.it\/de\/?s={search_term_string}\"},\"query-input\":\"required name=search_term_string\"}],\"inLanguage\":\"de-DE\"}]}<\/script>\n<!-- \/ Yoast SEO Premium plugin. -->","yoast_head_json":{"title":"LA PAVONI Kaffeemaschine Espresso Europiccola Schwarz","description":"Entdecken Sie LA PAVONI Kaffeemaschine Espresso Europiccola Schwarz bei ErresseShop. Qualit\u00e4t, Stil und Funktionalit\u00e4t \u2013 jetzt online bestellen!","robots":{"index":"index","follow":"follow","max-snippet":"max-snippet:-1","max-image-preview":"max-image-preview:large","max-video-preview":"max-video-preview:-1"},"canonical":"https:\/\/www.erresse-shop.it\/de\/shop\/kleine-elektrogeraete\/kaffeemaschinen-espresso\/hebelbedienung\/la-pavoni-kaffeemaschine-espresso-europiccola-schwarz\/","og_locale":"de_DE","og_type":"article","og_title":"LA PAVONI Kaffeemaschine Espresso Europiccola Schwarz","og_description":"Entdecken Sie LA PAVONI Kaffeemaschine Espresso Europiccola Schwarz bei ErresseShop. Qualit\u00e4t, Stil und Funktionalit\u00e4t \u2013 jetzt online bestellen!","og_url":"https:\/\/www.erresse-shop.it\/de\/shop\/kleine-elektrogeraete\/kaffeemaschinen-espresso\/hebelbedienung\/la-pavoni-kaffeemaschine-espresso-europiccola-schwarz\/","og_site_name":"Erresse Shop","article_modified_time":"2025-01-17T08:03:29+00:00","og_image":[{"width":1300,"height":1300,"url":"https:\/\/www.erresse-shop.it\/wp-content\/uploads\/2021\/03\/La-Pavoni-Europiccola-Nero.jpg","type":"image\/jpeg"}],"twitter_card":"summary_large_image","schema":{"@context":"https:\/\/schema.org","@graph":[{"@type":"WebPage","@id":"https:\/\/www.erresse-shop.it\/de\/shop\/kleine-elektrogeraete\/kaffeemaschinen-espresso\/hebelbedienung\/la-pavoni-kaffeemaschine-espresso-europiccola-schwarz\/","url":"https:\/\/www.erresse-shop.it\/de\/shop\/kleine-elektrogeraete\/kaffeemaschinen-espresso\/hebelbedienung\/la-pavoni-kaffeemaschine-espresso-europiccola-schwarz\/","name":"LA PAVONI Kaffeemaschine Espresso Europiccola Schwarz","isPartOf":{"@id":"https:\/\/www.erresse-shop.it\/de\/#website"},"datePublished":"2021-03-08T10:16:20+00:00","dateModified":"2025-01-17T08:03:29+00:00","description":"Entdecken Sie LA PAVONI Kaffeemaschine Espresso Europiccola Schwarz bei ErresseShop. Qualit\u00e4t, Stil und Funktionalit\u00e4t \u2013 jetzt online bestellen!","breadcrumb":{"@id":"https:\/\/www.erresse-shop.it\/de\/shop\/kleine-elektrogeraete\/kaffeemaschinen-espresso\/hebelbedienung\/la-pavoni-kaffeemaschine-espresso-europiccola-schwarz\/#breadcrumb"},"inLanguage":"de-DE","potentialAction":[{"@type":"ReadAction","target":["https:\/\/www.erresse-shop.it\/de\/shop\/kleine-elektrogeraete\/kaffeemaschinen-espresso\/hebelbedienung\/la-pavoni-kaffeemaschine-espresso-europiccola-schwarz\/"]}]},{"@type":"BreadcrumbList","@id":"https:\/\/www.erresse-shop.it\/de\/shop\/kleine-elektrogeraete\/kaffeemaschinen-espresso\/hebelbedienung\/la-pavoni-kaffeemaschine-espresso-europiccola-schwarz\/#breadcrumb","itemListElement":[{"@type":"ListItem","position":1,"name":"Home","item":"https:\/\/www.erresse-shop.it\/de\/"},{"@type":"ListItem","position":2,"name":"Shop","item":"https:\/\/www.erresse-shop.it\/de\/shop\/"},{"@type":"ListItem","position":3,"name":"LA PAVONI Kaffeemaschine Espresso Europiccola Schwarz"}]},{"@type":"WebSite","@id":"https:\/\/www.erresse-shop.it\/de\/#website","url":"https:\/\/www.erresse-shop.it\/de\/","name":"Erresse Shop","description":"Articoli di qualit\u00e0 per la casa","potentialAction":[{"@type":"SearchAction","target":{"@type":"EntryPoint","urlTemplate":"https:\/\/www.erresse-shop.it\/de\/?s={search_term_string}"},"query-input":"required name=search_term_string"}],"inLanguage":"de-DE"}]}},"df_price":384.45000000000005,"df_sale_price":384.45000000000005,"df_regular_price":699,"df_image_link":"https:\/\/www.erresse-shop.it\/wp-content\/uploads\/2021\/03\/La-Pavoni-Europiccola-Nero-300x300.jpg","_links":{"self":[{"href":"https:\/\/www.erresse-shop.it\/de\/wp-json\/wp\/v2\/product\/91936"}],"collection":[{"href":"https:\/\/www.erresse-shop.it\/de\/wp-json\/wp\/v2\/product"}],"about":[{"href":"https:\/\/www.erresse-shop.it\/de\/wp-json\/wp\/v2\/types\/product"}],"wp:featuredmedia":[{"embeddable":true,"href":"https:\/\/www.erresse-shop.it\/de\/wp-json\/wp\/v2\/media\/91950"}],"wp:attachment":[{"href":"https:\/\/www.erresse-shop.it\/de\/wp-json\/wp\/v2\/media?parent=91936"}],"wp:term":[{"taxonomy":"product_cat","embeddable":true,"href":"https:\/\/www.erresse-shop.it\/de\/wp-json\/wp\/v2\/product_cat?post=91936"},{"taxonomy":"product_tag","embeddable":true,"href":"https:\/\/www.erresse-shop.it\/de\/wp-json\/wp\/v2\/product_tag?post=91936"}],"curies":[{"name":"wp","href":"https:\/\/api.w.org\/{rel}","templated":true}]}}