{"id":91872,"date":"2021-03-08T09:21:28","date_gmt":"2021-03-08T09:21:31","guid":{"rendered":"https:\/\/www.erresse-shop.it\/?post_type=product&#038;p=91872"},"modified":"2025-01-17T08:03:26","modified_gmt":"2025-01-17T08:03:26","slug":"la-pavoni-kaffeemaschine-espresso-professional-lusso-holzgriff","status":"publish","type":"product","link":"https:\/\/www.erresse-shop.it\/de\/shop\/kleine-elektrogeraete\/kaffeemaschinen-espresso\/hebelbedienung\/la-pavoni-kaffeemaschine-espresso-professional-lusso-holzgriff\/","title":{"rendered":"LA PAVONI Kaffeemaschine Espresso Professional Lusso Holzgriff"},"content":{"rendered":"<p><strong><span style=\"text-decoration: underline;\">Achtung<\/span>:<\/strong> Verwenden Sie f\u00fcr optimale Ergebnisse NUR Kaffee, der mit einer guten Kaffeem\u00fchle gemahlen wurde (<span style=\"color: #3366ff;\"><a style=\"color: #3366ff;\" href=\"https:\/\/www.erresse-shop.it\/de\/shop\/kleine-elektrogeraete\/kaffeemaschinen-espresso\/la-pavoni-kaffeemuhle-jolly-dosato-schwarz\/\" target=\"_blank\" rel=\"noopener\">Jolly<\/a><\/span>, <span style=\"color: #3366ff;\"><a style=\"color: #3366ff;\" href=\"https:\/\/www.erresse-shop.it\/de\/shop\/kleine-elektrogeraete\/kaffeemaschinen-espresso\/la-pavoni-kaffeemuhle-kube-mill\/\" target=\"_blank\" rel=\"noopener\">Kube Mill<\/a><\/span>, <span style=\"color: #3366ff;\">Zylinder<\/span> &#8211; La Pavoni Serie) oder direkt von einem Kaffeer\u00f6ster gekauft wurde. Andernfalls ist die Verwendung von &#8220;Supermarktkaffee&#8221; keine Garantie f\u00fcr ein hervorragendes Ergebnis.<\/p>\n<p>Die Modelle <strong>Europiccola<\/strong> und <strong>Professional<\/strong> verk\u00f6rpern den h\u00f6chsten Ausdruck von Technologie und edel Materialien. Mit \u00dcberzug aus Dukatengold, ein kostbarer Einrichtungsgegenstand f\u00fcr cremige Espresso und sch\u00e4umende Cappuccino.<br \/>\nDer Siebtr\u00e4ger hat einen Ring \u201eSieb-Halter\u201c, der den Ausfall des Siebes verhindert, w\u00e4hrend der Abf\u00fchrung des Kaffeesatzes. In Jeder Hebelmaschine, ist der 1-Tassen-Sieb, sowohl mit Kaffeepulver als auch Pods ESE benutzbar.<br \/>\nDie Vorbr\u00fchung wird durch Hockdr\u00fccken des Handhebels erzielt. Die Espressobr\u00fchung erfolgt durch Herunterdr\u00fccken des Hebels, somit wird das hei\u00df Wasser durch das zuvor aufgequollene Kaffeemehl gepresst. Die manuelle Druckerzeugung durch Herunterdr\u00fccken des Handhebels verleiht dem Espresso ein individuelles zubereitungsergebnis.<br \/>\nDampfrohr: zum Aufsch\u00e4umen warmer Milch und f\u00fcr die Zubereitung von Tee und anderen warmen Getr\u00e4nken, mit dem Zubeh\u00f6rteil \u201e<strong>Cappuccino Automatic<\/strong>\u201d auswechselbar.<br \/>\nOhne besonderen Aufwand, wird mit der \u201e<strong>Cappuccino Automatic<\/strong>\u201c die Milch aus dem Beh\u00e4lter angesaugt, erhitzt und dicht aufgesch\u00e4umt direkt in die Tasse.<\/p>\n<p>Alle La Pavoni 230V Hebelmodelle sind zertifiziert durch:<\/p>\n<p><a href=\"https:\/\/www.erresse-shop.it\/wp-content\/uploads\/2021\/02\/La-Pavoni-Certificato-150x150.png\"><img decoding=\"async\" class=\"alignnone size-thumbnail wp-image-91735\" src=\"https:\/\/www.erresse-shop.it\/wp-content\/uploads\/2021\/02\/La-Pavoni-Certificato-150x150.png\" alt=\"La Pavoni Certificato\" width=\"150\" height=\"150\" \/><\/a><\/p>\n<ul>\n<li>Kesselvolumen Liter 1,6<\/li>\n<li>Kesselkapazit\u00e4t in Tassen 16<\/li>\n<li>Dampferzeugung 15 min<\/li>\n<li>Kesseldruck 0,7-0,8 bar<\/li>\n<li>Durchschnittliche Aufheizzeit 5 min<\/li>\n<li>Sicherheitsventil<\/li>\n<li>Dampfhahn austauschbar mit Cappuccino Automatic<\/li>\n<li>Wasserstandsanzeige<\/li>\n<li>Ein\/Ausschalter<\/li>\n<li>Kontrolleuchte<\/li>\n<li>Cappuccino Automatic<\/li>\n<li>Ruckstellbare Thermosicherung<\/li>\n<li>Pressostat zur Aufrechterhaltung des Boilerdrucks<\/li>\n<li>Leistung 950 W<\/li>\n<li>Anschlu\u00dfwerte 220-240V 50\/60Hz \u2013 120V 60Hz<\/li>\n<\/ul>\n","protected":false},"excerpt":{"rendered":"<p>Achtung: Verwenden Sie f\u00fcr optimale Ergebnisse NUR Kaffee, der mit einer guten Kaffeem\u00fchle gemahlen wurde (Jolly, Kube Mill, Zylinder &#8211;<\/p>\n","protected":false},"featured_media":91886,"template":"","meta":{"_acf_changed":false,"inline_featured_image":false},"product_cat":[6733,6703,25371],"product_tag":[23564,13966,23592,11718],"acf":[],"yoast_head":"<!-- This site is optimized with the Yoast SEO Premium plugin v18.6 (Yoast SEO v19.13) - https:\/\/yoast.com\/wordpress\/plugins\/seo\/ -->\n<title>LA PAVONI Kaffeemaschine Espresso Professional Lusso Holzgriff<\/title>\n<meta name=\"description\" content=\"Entdecken Sie LA PAVONI Kaffeemaschine Espresso Professional Lusso Holzgriff bei ErresseShop. Qualit\u00e4t, Stil und Funktionalit\u00e4t \u2013 jetzt online bestellen!\" \/>\n<meta name=\"robots\" content=\"index, follow, max-snippet:-1, max-image-preview:large, max-video-preview:-1\" \/>\n<link rel=\"canonical\" href=\"https:\/\/www.erresse-shop.it\/de\/shop\/kleine-elektrogeraete\/kaffeemaschinen-espresso\/hebelbedienung\/la-pavoni-kaffeemaschine-espresso-professional-lusso-holzgriff\/\" \/>\n<meta property=\"og:locale\" content=\"de_DE\" \/>\n<meta property=\"og:type\" content=\"article\" \/>\n<meta property=\"og:title\" content=\"LA PAVONI Kaffeemaschine Espresso Professional Lusso Holzgriff\" \/>\n<meta property=\"og:description\" content=\"Entdecken Sie LA PAVONI Kaffeemaschine Espresso Professional Lusso Holzgriff bei ErresseShop. Qualit\u00e4t, Stil und Funktionalit\u00e4t \u2013 jetzt online bestellen!\" \/>\n<meta property=\"og:url\" content=\"https:\/\/www.erresse-shop.it\/de\/shop\/kleine-elektrogeraete\/kaffeemaschinen-espresso\/hebelbedienung\/la-pavoni-kaffeemaschine-espresso-professional-lusso-holzgriff\/\" \/>\n<meta property=\"og:site_name\" content=\"Erresse Shop\" \/>\n<meta property=\"article:modified_time\" content=\"2025-01-17T08:03:26+00:00\" \/>\n<meta property=\"og:image\" content=\"https:\/\/www.erresse-shop.it\/wp-content\/uploads\/2021\/03\/La-Pavoni-Professional-Lusso-con-Manici-in-Legno.jpg\" \/>\n\t<meta property=\"og:image:width\" content=\"1300\" \/>\n\t<meta property=\"og:image:height\" content=\"1300\" \/>\n\t<meta property=\"og:image:type\" content=\"image\/jpeg\" \/>\n<meta name=\"twitter:card\" content=\"summary_large_image\" \/>\n<script type=\"application\/ld+json\" class=\"yoast-schema-graph\">{\"@context\":\"https:\/\/schema.org\",\"@graph\":[{\"@type\":\"WebPage\",\"@id\":\"https:\/\/www.erresse-shop.it\/de\/shop\/kleine-elektrogeraete\/kaffeemaschinen-espresso\/hebelbedienung\/la-pavoni-kaffeemaschine-espresso-professional-lusso-holzgriff\/\",\"url\":\"https:\/\/www.erresse-shop.it\/de\/shop\/kleine-elektrogeraete\/kaffeemaschinen-espresso\/hebelbedienung\/la-pavoni-kaffeemaschine-espresso-professional-lusso-holzgriff\/\",\"name\":\"LA PAVONI Kaffeemaschine Espresso Professional Lusso Holzgriff\",\"isPartOf\":{\"@id\":\"https:\/\/www.erresse-shop.it\/de\/#website\"},\"datePublished\":\"2021-03-08T09:21:31+00:00\",\"dateModified\":\"2025-01-17T08:03:26+00:00\",\"description\":\"Entdecken Sie LA PAVONI Kaffeemaschine Espresso Professional Lusso Holzgriff bei ErresseShop. Qualit\u00e4t, Stil und Funktionalit\u00e4t \u2013 jetzt online bestellen!\",\"breadcrumb\":{\"@id\":\"https:\/\/www.erresse-shop.it\/de\/shop\/kleine-elektrogeraete\/kaffeemaschinen-espresso\/hebelbedienung\/la-pavoni-kaffeemaschine-espresso-professional-lusso-holzgriff\/#breadcrumb\"},\"inLanguage\":\"de-DE\",\"potentialAction\":[{\"@type\":\"ReadAction\",\"target\":[\"https:\/\/www.erresse-shop.it\/de\/shop\/kleine-elektrogeraete\/kaffeemaschinen-espresso\/hebelbedienung\/la-pavoni-kaffeemaschine-espresso-professional-lusso-holzgriff\/\"]}]},{\"@type\":\"BreadcrumbList\",\"@id\":\"https:\/\/www.erresse-shop.it\/de\/shop\/kleine-elektrogeraete\/kaffeemaschinen-espresso\/hebelbedienung\/la-pavoni-kaffeemaschine-espresso-professional-lusso-holzgriff\/#breadcrumb\",\"itemListElement\":[{\"@type\":\"ListItem\",\"position\":1,\"name\":\"Home\",\"item\":\"https:\/\/www.erresse-shop.it\/de\/\"},{\"@type\":\"ListItem\",\"position\":2,\"name\":\"Shop\",\"item\":\"https:\/\/www.erresse-shop.it\/de\/shop\/\"},{\"@type\":\"ListItem\",\"position\":3,\"name\":\"LA PAVONI Kaffeemaschine Espresso Professional Lusso Holzgriff\"}]},{\"@type\":\"WebSite\",\"@id\":\"https:\/\/www.erresse-shop.it\/de\/#website\",\"url\":\"https:\/\/www.erresse-shop.it\/de\/\",\"name\":\"Erresse Shop\",\"description\":\"Articoli di qualit\u00e0 per la casa\",\"potentialAction\":[{\"@type\":\"SearchAction\",\"target\":{\"@type\":\"EntryPoint\",\"urlTemplate\":\"https:\/\/www.erresse-shop.it\/de\/?s={search_term_string}\"},\"query-input\":\"required name=search_term_string\"}],\"inLanguage\":\"de-DE\"}]}<\/script>\n<!-- \/ Yoast SEO Premium plugin. -->","yoast_head_json":{"title":"LA PAVONI Kaffeemaschine Espresso Professional Lusso Holzgriff","description":"Entdecken Sie LA PAVONI Kaffeemaschine Espresso Professional Lusso Holzgriff bei ErresseShop. Qualit\u00e4t, Stil und Funktionalit\u00e4t \u2013 jetzt online bestellen!","robots":{"index":"index","follow":"follow","max-snippet":"max-snippet:-1","max-image-preview":"max-image-preview:large","max-video-preview":"max-video-preview:-1"},"canonical":"https:\/\/www.erresse-shop.it\/de\/shop\/kleine-elektrogeraete\/kaffeemaschinen-espresso\/hebelbedienung\/la-pavoni-kaffeemaschine-espresso-professional-lusso-holzgriff\/","og_locale":"de_DE","og_type":"article","og_title":"LA PAVONI Kaffeemaschine Espresso Professional Lusso Holzgriff","og_description":"Entdecken Sie LA PAVONI Kaffeemaschine Espresso Professional Lusso Holzgriff bei ErresseShop. Qualit\u00e4t, Stil und Funktionalit\u00e4t \u2013 jetzt online bestellen!","og_url":"https:\/\/www.erresse-shop.it\/de\/shop\/kleine-elektrogeraete\/kaffeemaschinen-espresso\/hebelbedienung\/la-pavoni-kaffeemaschine-espresso-professional-lusso-holzgriff\/","og_site_name":"Erresse Shop","article_modified_time":"2025-01-17T08:03:26+00:00","og_image":[{"width":1300,"height":1300,"url":"https:\/\/www.erresse-shop.it\/wp-content\/uploads\/2021\/03\/La-Pavoni-Professional-Lusso-con-Manici-in-Legno.jpg","type":"image\/jpeg"}],"twitter_card":"summary_large_image","schema":{"@context":"https:\/\/schema.org","@graph":[{"@type":"WebPage","@id":"https:\/\/www.erresse-shop.it\/de\/shop\/kleine-elektrogeraete\/kaffeemaschinen-espresso\/hebelbedienung\/la-pavoni-kaffeemaschine-espresso-professional-lusso-holzgriff\/","url":"https:\/\/www.erresse-shop.it\/de\/shop\/kleine-elektrogeraete\/kaffeemaschinen-espresso\/hebelbedienung\/la-pavoni-kaffeemaschine-espresso-professional-lusso-holzgriff\/","name":"LA PAVONI Kaffeemaschine Espresso Professional Lusso Holzgriff","isPartOf":{"@id":"https:\/\/www.erresse-shop.it\/de\/#website"},"datePublished":"2021-03-08T09:21:31+00:00","dateModified":"2025-01-17T08:03:26+00:00","description":"Entdecken Sie LA PAVONI Kaffeemaschine Espresso Professional Lusso Holzgriff bei ErresseShop. Qualit\u00e4t, Stil und Funktionalit\u00e4t \u2013 jetzt online bestellen!","breadcrumb":{"@id":"https:\/\/www.erresse-shop.it\/de\/shop\/kleine-elektrogeraete\/kaffeemaschinen-espresso\/hebelbedienung\/la-pavoni-kaffeemaschine-espresso-professional-lusso-holzgriff\/#breadcrumb"},"inLanguage":"de-DE","potentialAction":[{"@type":"ReadAction","target":["https:\/\/www.erresse-shop.it\/de\/shop\/kleine-elektrogeraete\/kaffeemaschinen-espresso\/hebelbedienung\/la-pavoni-kaffeemaschine-espresso-professional-lusso-holzgriff\/"]}]},{"@type":"BreadcrumbList","@id":"https:\/\/www.erresse-shop.it\/de\/shop\/kleine-elektrogeraete\/kaffeemaschinen-espresso\/hebelbedienung\/la-pavoni-kaffeemaschine-espresso-professional-lusso-holzgriff\/#breadcrumb","itemListElement":[{"@type":"ListItem","position":1,"name":"Home","item":"https:\/\/www.erresse-shop.it\/de\/"},{"@type":"ListItem","position":2,"name":"Shop","item":"https:\/\/www.erresse-shop.it\/de\/shop\/"},{"@type":"ListItem","position":3,"name":"LA PAVONI Kaffeemaschine Espresso Professional Lusso Holzgriff"}]},{"@type":"WebSite","@id":"https:\/\/www.erresse-shop.it\/de\/#website","url":"https:\/\/www.erresse-shop.it\/de\/","name":"Erresse Shop","description":"Articoli di qualit\u00e0 per la casa","potentialAction":[{"@type":"SearchAction","target":{"@type":"EntryPoint","urlTemplate":"https:\/\/www.erresse-shop.it\/de\/?s={search_term_string}"},"query-input":"required name=search_term_string"}],"inLanguage":"de-DE"}]}},"df_price":521.95,"df_sale_price":521.95,"df_regular_price":949,"df_image_link":"https:\/\/www.erresse-shop.it\/wp-content\/uploads\/2021\/03\/La-Pavoni-Professional-Lusso-con-Manici-in-Legno-300x300.jpg","_links":{"self":[{"href":"https:\/\/www.erresse-shop.it\/de\/wp-json\/wp\/v2\/product\/91872"}],"collection":[{"href":"https:\/\/www.erresse-shop.it\/de\/wp-json\/wp\/v2\/product"}],"about":[{"href":"https:\/\/www.erresse-shop.it\/de\/wp-json\/wp\/v2\/types\/product"}],"wp:featuredmedia":[{"embeddable":true,"href":"https:\/\/www.erresse-shop.it\/de\/wp-json\/wp\/v2\/media\/91886"}],"wp:attachment":[{"href":"https:\/\/www.erresse-shop.it\/de\/wp-json\/wp\/v2\/media?parent=91872"}],"wp:term":[{"taxonomy":"product_cat","embeddable":true,"href":"https:\/\/www.erresse-shop.it\/de\/wp-json\/wp\/v2\/product_cat?post=91872"},{"taxonomy":"product_tag","embeddable":true,"href":"https:\/\/www.erresse-shop.it\/de\/wp-json\/wp\/v2\/product_tag?post=91872"}],"curies":[{"name":"wp","href":"https:\/\/api.w.org\/{rel}","templated":true}]}}