{"id":90413,"date":"2021-02-23T14:55:34","date_gmt":"2021-02-23T14:55:34","guid":{"rendered":"https:\/\/www.erresse-shop.it\/?post_type=product&#038;p=90413"},"modified":"2025-01-16T09:00:47","modified_gmt":"2025-01-16T09:00:47","slug":"brabantia-messerblock-mit-messern","status":"publish","type":"product","link":"https:\/\/www.erresse-shop.it\/de\/shop\/kuche\/messer\/brabantia-messerblock-mit-messern\/","title":{"rendered":"BRABANTIA Messerblock mit Messern"},"content":{"rendered":"<p>Mit diesem stylishen Messerblock und f\u00fcnf gro\u00dfartigen TASTY+ Messern ist Schluss mit der Unordnung in deiner Arbeitsplate &#8211; zugeschnitten f\u00fcr leidenschaftliche K\u00f6che. Die Klingen aus eisgeh\u00e4rtetem Stahl sind l\u00e4nger haltbar, kratzfest und rostfrei. Sie haben einen nahtlosen Griff, sind leicht zu reinigen und hygienisch in der Anwendung. Schnittiges Design f\u00fcr deine Arbeitsplatte.<\/p>\n<ul>\n<li>Praktische und organisierte Messeraufbewahrung.<\/li>\n<li>F\u00fcr die praktische und kompakte Aufbewahrung auf Ihrer Arbeitsplatte -Messer sind immer griffbereit.<\/li>\n<li>Perfekt passend &#8211; Brotmesser, Tranchiermesser, Kochmesser, K\u00fcchenmesser und Sch\u00e4lmesser enthalten.<\/li>\n<li>Messer bleiben l\u00e4nger scharf &#8211; Klinge gefertigt aus eisgeh\u00e4rtetem Stahl.<\/li>\n<li>Einfache Reinigung &#8211; herausnehmbarer Boden.<\/li>\n<li>Teil der Brabantia TASTY+ Kollektion &#8211; ein buntes Utensil f\u00fcr jeden K\u00fccheneinsatz!<\/li>\n<\/ul>\n","protected":false},"excerpt":{"rendered":"<p>Mit diesem stylishen Messerblock und f\u00fcnf gro\u00dfartigen TASTY+ Messern ist Schluss mit der Unordnung in deiner Arbeitsplate &#8211; zugeschnitten f\u00fcr<\/p>\n","protected":false},"featured_media":90431,"template":"","meta":{"_acf_changed":false,"inline_featured_image":false},"product_cat":[6742,6706,6763],"product_tag":[25088,19039,24398,14044,25022],"acf":[],"yoast_head":"<!-- This site is optimized with the Yoast SEO Premium plugin v18.6 (Yoast SEO v19.13) - https:\/\/yoast.com\/wordpress\/plugins\/seo\/ -->\n<title>BRABANTIA Messerblock mit Messern<\/title>\n<meta name=\"description\" content=\"Entdecken Sie BRABANTIA Messerblock mit Messern bei ErresseShop. Qualit\u00e4t, Stil und Funktionalit\u00e4t \u2013 jetzt online bestellen!\" \/>\n<meta name=\"robots\" content=\"index, follow, max-snippet:-1, max-image-preview:large, max-video-preview:-1\" \/>\n<link rel=\"canonical\" href=\"https:\/\/www.erresse-shop.it\/de\/shop\/kuche\/messer\/brabantia-messerblock-mit-messern\/\" \/>\n<meta property=\"og:locale\" content=\"de_DE\" \/>\n<meta property=\"og:type\" content=\"article\" \/>\n<meta property=\"og:title\" content=\"BRABANTIA Messerblock mit Messern\" \/>\n<meta property=\"og:description\" content=\"Entdecken Sie BRABANTIA Messerblock mit Messern bei ErresseShop. Qualit\u00e4t, Stil und Funktionalit\u00e4t \u2013 jetzt online bestellen!\" \/>\n<meta property=\"og:url\" content=\"https:\/\/www.erresse-shop.it\/de\/shop\/kuche\/messer\/brabantia-messerblock-mit-messern\/\" \/>\n<meta property=\"og:site_name\" content=\"Erresse Shop\" \/>\n<meta property=\"article:modified_time\" content=\"2025-01-16T09:00:47+00:00\" \/>\n<meta property=\"og:image\" content=\"https:\/\/www.erresse-shop.it\/wp-content\/uploads\/2021\/02\/Brabantia-Ceppo-per-Coltelli.jpg\" \/>\n\t<meta property=\"og:image:width\" content=\"1024\" \/>\n\t<meta property=\"og:image:height\" content=\"1024\" \/>\n\t<meta property=\"og:image:type\" content=\"image\/jpeg\" \/>\n<meta name=\"twitter:card\" content=\"summary_large_image\" \/>\n<script type=\"application\/ld+json\" class=\"yoast-schema-graph\">{\"@context\":\"https:\/\/schema.org\",\"@graph\":[{\"@type\":\"WebPage\",\"@id\":\"https:\/\/www.erresse-shop.it\/de\/shop\/kuche\/messer\/brabantia-messerblock-mit-messern\/\",\"url\":\"https:\/\/www.erresse-shop.it\/de\/shop\/kuche\/messer\/brabantia-messerblock-mit-messern\/\",\"name\":\"BRABANTIA Messerblock mit Messern\",\"isPartOf\":{\"@id\":\"https:\/\/www.erresse-shop.it\/de\/#website\"},\"datePublished\":\"2021-02-23T14:55:34+00:00\",\"dateModified\":\"2025-01-16T09:00:47+00:00\",\"description\":\"Entdecken Sie BRABANTIA Messerblock mit Messern bei ErresseShop. Qualit\u00e4t, Stil und Funktionalit\u00e4t \u2013 jetzt online bestellen!\",\"breadcrumb\":{\"@id\":\"https:\/\/www.erresse-shop.it\/de\/shop\/kuche\/messer\/brabantia-messerblock-mit-messern\/#breadcrumb\"},\"inLanguage\":\"de-DE\",\"potentialAction\":[{\"@type\":\"ReadAction\",\"target\":[\"https:\/\/www.erresse-shop.it\/de\/shop\/kuche\/messer\/brabantia-messerblock-mit-messern\/\"]}]},{\"@type\":\"BreadcrumbList\",\"@id\":\"https:\/\/www.erresse-shop.it\/de\/shop\/kuche\/messer\/brabantia-messerblock-mit-messern\/#breadcrumb\",\"itemListElement\":[{\"@type\":\"ListItem\",\"position\":1,\"name\":\"Home\",\"item\":\"https:\/\/www.erresse-shop.it\/de\/\"},{\"@type\":\"ListItem\",\"position\":2,\"name\":\"Shop\",\"item\":\"https:\/\/www.erresse-shop.it\/de\/shop\/\"},{\"@type\":\"ListItem\",\"position\":3,\"name\":\"BRABANTIA Messerblock mit Messern\"}]},{\"@type\":\"WebSite\",\"@id\":\"https:\/\/www.erresse-shop.it\/de\/#website\",\"url\":\"https:\/\/www.erresse-shop.it\/de\/\",\"name\":\"Erresse Shop\",\"description\":\"Articoli di qualit\u00e0 per la casa\",\"potentialAction\":[{\"@type\":\"SearchAction\",\"target\":{\"@type\":\"EntryPoint\",\"urlTemplate\":\"https:\/\/www.erresse-shop.it\/de\/?s={search_term_string}\"},\"query-input\":\"required name=search_term_string\"}],\"inLanguage\":\"de-DE\"}]}<\/script>\n<!-- \/ Yoast SEO Premium plugin. -->","yoast_head_json":{"title":"BRABANTIA Messerblock mit Messern","description":"Entdecken Sie BRABANTIA Messerblock mit Messern bei ErresseShop. Qualit\u00e4t, Stil und Funktionalit\u00e4t \u2013 jetzt online bestellen!","robots":{"index":"index","follow":"follow","max-snippet":"max-snippet:-1","max-image-preview":"max-image-preview:large","max-video-preview":"max-video-preview:-1"},"canonical":"https:\/\/www.erresse-shop.it\/de\/shop\/kuche\/messer\/brabantia-messerblock-mit-messern\/","og_locale":"de_DE","og_type":"article","og_title":"BRABANTIA Messerblock mit Messern","og_description":"Entdecken Sie BRABANTIA Messerblock mit Messern bei ErresseShop. Qualit\u00e4t, Stil und Funktionalit\u00e4t \u2013 jetzt online bestellen!","og_url":"https:\/\/www.erresse-shop.it\/de\/shop\/kuche\/messer\/brabantia-messerblock-mit-messern\/","og_site_name":"Erresse Shop","article_modified_time":"2025-01-16T09:00:47+00:00","og_image":[{"width":1024,"height":1024,"url":"https:\/\/www.erresse-shop.it\/wp-content\/uploads\/2021\/02\/Brabantia-Ceppo-per-Coltelli.jpg","type":"image\/jpeg"}],"twitter_card":"summary_large_image","schema":{"@context":"https:\/\/schema.org","@graph":[{"@type":"WebPage","@id":"https:\/\/www.erresse-shop.it\/de\/shop\/kuche\/messer\/brabantia-messerblock-mit-messern\/","url":"https:\/\/www.erresse-shop.it\/de\/shop\/kuche\/messer\/brabantia-messerblock-mit-messern\/","name":"BRABANTIA Messerblock mit Messern","isPartOf":{"@id":"https:\/\/www.erresse-shop.it\/de\/#website"},"datePublished":"2021-02-23T14:55:34+00:00","dateModified":"2025-01-16T09:00:47+00:00","description":"Entdecken Sie BRABANTIA Messerblock mit Messern bei ErresseShop. Qualit\u00e4t, Stil und Funktionalit\u00e4t \u2013 jetzt online bestellen!","breadcrumb":{"@id":"https:\/\/www.erresse-shop.it\/de\/shop\/kuche\/messer\/brabantia-messerblock-mit-messern\/#breadcrumb"},"inLanguage":"de-DE","potentialAction":[{"@type":"ReadAction","target":["https:\/\/www.erresse-shop.it\/de\/shop\/kuche\/messer\/brabantia-messerblock-mit-messern\/"]}]},{"@type":"BreadcrumbList","@id":"https:\/\/www.erresse-shop.it\/de\/shop\/kuche\/messer\/brabantia-messerblock-mit-messern\/#breadcrumb","itemListElement":[{"@type":"ListItem","position":1,"name":"Home","item":"https:\/\/www.erresse-shop.it\/de\/"},{"@type":"ListItem","position":2,"name":"Shop","item":"https:\/\/www.erresse-shop.it\/de\/shop\/"},{"@type":"ListItem","position":3,"name":"BRABANTIA Messerblock mit Messern"}]},{"@type":"WebSite","@id":"https:\/\/www.erresse-shop.it\/de\/#website","url":"https:\/\/www.erresse-shop.it\/de\/","name":"Erresse Shop","description":"Articoli di qualit\u00e0 per la casa","potentialAction":[{"@type":"SearchAction","target":{"@type":"EntryPoint","urlTemplate":"https:\/\/www.erresse-shop.it\/de\/?s={search_term_string}"},"query-input":"required name=search_term_string"}],"inLanguage":"de-DE"}]}},"df_price":42.5,"df_sale_price":42.5,"df_regular_price":85,"df_image_link":"https:\/\/www.erresse-shop.it\/wp-content\/uploads\/2021\/02\/Brabantia-Ceppo-per-Coltelli-300x300.jpg","_links":{"self":[{"href":"https:\/\/www.erresse-shop.it\/de\/wp-json\/wp\/v2\/product\/90413"}],"collection":[{"href":"https:\/\/www.erresse-shop.it\/de\/wp-json\/wp\/v2\/product"}],"about":[{"href":"https:\/\/www.erresse-shop.it\/de\/wp-json\/wp\/v2\/types\/product"}],"wp:featuredmedia":[{"embeddable":true,"href":"https:\/\/www.erresse-shop.it\/de\/wp-json\/wp\/v2\/media\/90431"}],"wp:attachment":[{"href":"https:\/\/www.erresse-shop.it\/de\/wp-json\/wp\/v2\/media?parent=90413"}],"wp:term":[{"taxonomy":"product_cat","embeddable":true,"href":"https:\/\/www.erresse-shop.it\/de\/wp-json\/wp\/v2\/product_cat?post=90413"},{"taxonomy":"product_tag","embeddable":true,"href":"https:\/\/www.erresse-shop.it\/de\/wp-json\/wp\/v2\/product_tag?post=90413"}],"curies":[{"name":"wp","href":"https:\/\/api.w.org\/{rel}","templated":true}]}}