{"id":9038,"date":"2012-02-18T11:30:49","date_gmt":"2012-02-18T11:30:49","guid":{"rendered":"https:\/\/www.erresse-shop.it\/?post_type=product&#038;p=9038"},"modified":"2025-01-17T06:24:47","modified_gmt":"2025-01-17T06:24:47","slug":"giannini-kaffeekanne-giannina-1-3-tasse","status":"publish","type":"product","link":"https:\/\/www.erresse-shop.it\/de\/shop\/kuche\/mokkas-kaffeemaschinen-espresso\/giannini-kaffeekanne-giannina-1-3-tasse\/","title":{"rendered":"GIANNINI Giannina Kaffeekanne 1\/3 Tasse"},"content":{"rendered":"<p>Die Neugestaltung einer Ikone ist ein Unternehmensprojekt und zart Khodi Feiz, genialer Designer, mit Respekt und Professionalit\u00e4t auf die Herausforderung der &#8220;Upgrade&#8221; ein paar Details von Giannina, akzeptiert, ohne die Essenz und die Funktionen, die immer, machen au\u00dfergew\u00f6hnlich.<br \/>\nDer Griff und Knopf aus Stahlguss: einen festen Griff und komfortabel.<br \/>\nDie Mechaniker werden von dem Handgriff-Form abgedeckt, so dass minimal Aussehen.<br \/>\nDer Deckel liegt innerhalb des K\u00f6rpers durch St\u00e4rkung der Kapazit\u00e4ten der Tropfauslauf .<br \/>\nCoffee, garantiert f\u00fcr 10 Jahre, komplett aus Edelstahl, hochglanzpoliert.<br \/>\nBoiler Blockierschraube mit Patent Giannini.<br \/>\nCapacity drei Tassen (eine Tasse voll von Gang).<br \/>\nInduktions kompatibel<\/p>\n<p>&nbsp;<\/p>\n","protected":false},"excerpt":{"rendered":"<p>Die Neugestaltung einer Ikone ist ein Unternehmensprojekt und zart Khodi Feiz, genialer Designer, mit Respekt und Professionalit\u00e4t auf die Herausforderung<\/p>\n","protected":false},"featured_media":509698,"template":"","meta":{"_acf_changed":false,"inline_featured_image":false},"product_cat":[6742,6835],"product_tag":[23911,11577,11573,23564,11569,11385,11571],"acf":[],"yoast_head":"<!-- This site is optimized with the Yoast SEO Premium plugin v18.6 (Yoast SEO v19.13) - https:\/\/yoast.com\/wordpress\/plugins\/seo\/ -->\n<title>GIANNINI Giannina Kaffeekanne 1\/3 Tasse<\/title>\n<meta name=\"description\" content=\"Entdecken Sie GIANNINI Giannina Kaffeekanne 1\/3 Tasse bei ErresseShop. Qualit\u00e4t, Stil und Funktionalit\u00e4t \u2013 jetzt online bestellen!\" \/>\n<meta name=\"robots\" content=\"index, follow, max-snippet:-1, max-image-preview:large, max-video-preview:-1\" \/>\n<link rel=\"canonical\" href=\"https:\/\/www.erresse-shop.it\/de\/shop\/kuche\/mokkas-kaffeemaschinen-espresso\/giannini-kaffeekanne-giannina-1-3-tasse\/\" \/>\n<meta property=\"og:locale\" content=\"de_DE\" \/>\n<meta property=\"og:type\" content=\"article\" \/>\n<meta property=\"og:title\" content=\"GIANNINI Giannina Kaffeekanne 1\/3 Tasse\" \/>\n<meta property=\"og:description\" content=\"Entdecken Sie GIANNINI Giannina Kaffeekanne 1\/3 Tasse bei ErresseShop. Qualit\u00e4t, Stil und Funktionalit\u00e4t \u2013 jetzt online bestellen!\" \/>\n<meta property=\"og:url\" content=\"https:\/\/www.erresse-shop.it\/de\/shop\/kuche\/mokkas-kaffeemaschinen-espresso\/giannini-kaffeekanne-giannina-1-3-tasse\/\" \/>\n<meta property=\"og:site_name\" content=\"Erresse Shop\" \/>\n<meta property=\"article:modified_time\" content=\"2025-01-17T06:24:47+00:00\" \/>\n<meta property=\"og:image\" content=\"https:\/\/www.erresse-shop.it\/wp-content\/uploads\/2012\/02\/GIANNINI-Caffettiera-Giannina-1-1.jpg\" \/>\n\t<meta property=\"og:image:width\" content=\"800\" \/>\n\t<meta property=\"og:image:height\" content=\"800\" \/>\n\t<meta property=\"og:image:type\" content=\"image\/jpeg\" \/>\n<meta name=\"twitter:card\" content=\"summary_large_image\" \/>\n<script type=\"application\/ld+json\" class=\"yoast-schema-graph\">{\"@context\":\"https:\/\/schema.org\",\"@graph\":[{\"@type\":\"WebPage\",\"@id\":\"https:\/\/www.erresse-shop.it\/de\/shop\/kuche\/mokkas-kaffeemaschinen-espresso\/giannini-kaffeekanne-giannina-1-3-tasse\/\",\"url\":\"https:\/\/www.erresse-shop.it\/de\/shop\/kuche\/mokkas-kaffeemaschinen-espresso\/giannini-kaffeekanne-giannina-1-3-tasse\/\",\"name\":\"GIANNINI Giannina Kaffeekanne 1\/3 Tasse\",\"isPartOf\":{\"@id\":\"https:\/\/www.erresse-shop.it\/de\/#website\"},\"datePublished\":\"2012-02-18T11:30:49+00:00\",\"dateModified\":\"2025-01-17T06:24:47+00:00\",\"description\":\"Entdecken Sie GIANNINI Giannina Kaffeekanne 1\/3 Tasse bei ErresseShop. Qualit\u00e4t, Stil und Funktionalit\u00e4t \u2013 jetzt online bestellen!\",\"breadcrumb\":{\"@id\":\"https:\/\/www.erresse-shop.it\/de\/shop\/kuche\/mokkas-kaffeemaschinen-espresso\/giannini-kaffeekanne-giannina-1-3-tasse\/#breadcrumb\"},\"inLanguage\":\"de-DE\",\"potentialAction\":[{\"@type\":\"ReadAction\",\"target\":[\"https:\/\/www.erresse-shop.it\/de\/shop\/kuche\/mokkas-kaffeemaschinen-espresso\/giannini-kaffeekanne-giannina-1-3-tasse\/\"]}]},{\"@type\":\"BreadcrumbList\",\"@id\":\"https:\/\/www.erresse-shop.it\/de\/shop\/kuche\/mokkas-kaffeemaschinen-espresso\/giannini-kaffeekanne-giannina-1-3-tasse\/#breadcrumb\",\"itemListElement\":[{\"@type\":\"ListItem\",\"position\":1,\"name\":\"Home\",\"item\":\"https:\/\/www.erresse-shop.it\/de\/\"},{\"@type\":\"ListItem\",\"position\":2,\"name\":\"Shop\",\"item\":\"https:\/\/www.erresse-shop.it\/de\/shop\/\"},{\"@type\":\"ListItem\",\"position\":3,\"name\":\"GIANNINI Giannina Kaffeekanne 1\/3 Tasse\"}]},{\"@type\":\"WebSite\",\"@id\":\"https:\/\/www.erresse-shop.it\/de\/#website\",\"url\":\"https:\/\/www.erresse-shop.it\/de\/\",\"name\":\"Erresse Shop\",\"description\":\"Articoli di qualit\u00e0 per la casa\",\"potentialAction\":[{\"@type\":\"SearchAction\",\"target\":{\"@type\":\"EntryPoint\",\"urlTemplate\":\"https:\/\/www.erresse-shop.it\/de\/?s={search_term_string}\"},\"query-input\":\"required name=search_term_string\"}],\"inLanguage\":\"de-DE\"}]}<\/script>\n<!-- \/ Yoast SEO Premium plugin. -->","yoast_head_json":{"title":"GIANNINI Giannina Kaffeekanne 1\/3 Tasse","description":"Entdecken Sie GIANNINI Giannina Kaffeekanne 1\/3 Tasse bei ErresseShop. Qualit\u00e4t, Stil und Funktionalit\u00e4t \u2013 jetzt online bestellen!","robots":{"index":"index","follow":"follow","max-snippet":"max-snippet:-1","max-image-preview":"max-image-preview:large","max-video-preview":"max-video-preview:-1"},"canonical":"https:\/\/www.erresse-shop.it\/de\/shop\/kuche\/mokkas-kaffeemaschinen-espresso\/giannini-kaffeekanne-giannina-1-3-tasse\/","og_locale":"de_DE","og_type":"article","og_title":"GIANNINI Giannina Kaffeekanne 1\/3 Tasse","og_description":"Entdecken Sie GIANNINI Giannina Kaffeekanne 1\/3 Tasse bei ErresseShop. Qualit\u00e4t, Stil und Funktionalit\u00e4t \u2013 jetzt online bestellen!","og_url":"https:\/\/www.erresse-shop.it\/de\/shop\/kuche\/mokkas-kaffeemaschinen-espresso\/giannini-kaffeekanne-giannina-1-3-tasse\/","og_site_name":"Erresse Shop","article_modified_time":"2025-01-17T06:24:47+00:00","og_image":[{"width":800,"height":800,"url":"https:\/\/www.erresse-shop.it\/wp-content\/uploads\/2012\/02\/GIANNINI-Caffettiera-Giannina-1-1.jpg","type":"image\/jpeg"}],"twitter_card":"summary_large_image","schema":{"@context":"https:\/\/schema.org","@graph":[{"@type":"WebPage","@id":"https:\/\/www.erresse-shop.it\/de\/shop\/kuche\/mokkas-kaffeemaschinen-espresso\/giannini-kaffeekanne-giannina-1-3-tasse\/","url":"https:\/\/www.erresse-shop.it\/de\/shop\/kuche\/mokkas-kaffeemaschinen-espresso\/giannini-kaffeekanne-giannina-1-3-tasse\/","name":"GIANNINI Giannina Kaffeekanne 1\/3 Tasse","isPartOf":{"@id":"https:\/\/www.erresse-shop.it\/de\/#website"},"datePublished":"2012-02-18T11:30:49+00:00","dateModified":"2025-01-17T06:24:47+00:00","description":"Entdecken Sie GIANNINI Giannina Kaffeekanne 1\/3 Tasse bei ErresseShop. Qualit\u00e4t, Stil und Funktionalit\u00e4t \u2013 jetzt online bestellen!","breadcrumb":{"@id":"https:\/\/www.erresse-shop.it\/de\/shop\/kuche\/mokkas-kaffeemaschinen-espresso\/giannini-kaffeekanne-giannina-1-3-tasse\/#breadcrumb"},"inLanguage":"de-DE","potentialAction":[{"@type":"ReadAction","target":["https:\/\/www.erresse-shop.it\/de\/shop\/kuche\/mokkas-kaffeemaschinen-espresso\/giannini-kaffeekanne-giannina-1-3-tasse\/"]}]},{"@type":"BreadcrumbList","@id":"https:\/\/www.erresse-shop.it\/de\/shop\/kuche\/mokkas-kaffeemaschinen-espresso\/giannini-kaffeekanne-giannina-1-3-tasse\/#breadcrumb","itemListElement":[{"@type":"ListItem","position":1,"name":"Home","item":"https:\/\/www.erresse-shop.it\/de\/"},{"@type":"ListItem","position":2,"name":"Shop","item":"https:\/\/www.erresse-shop.it\/de\/shop\/"},{"@type":"ListItem","position":3,"name":"GIANNINI Giannina Kaffeekanne 1\/3 Tasse"}]},{"@type":"WebSite","@id":"https:\/\/www.erresse-shop.it\/de\/#website","url":"https:\/\/www.erresse-shop.it\/de\/","name":"Erresse Shop","description":"Articoli di qualit\u00e0 per la casa","potentialAction":[{"@type":"SearchAction","target":{"@type":"EntryPoint","urlTemplate":"https:\/\/www.erresse-shop.it\/de\/?s={search_term_string}"},"query-input":"required name=search_term_string"}],"inLanguage":"de-DE"}]}},"df_price":113,"df_sale_price":113,"df_regular_price":113,"df_image_link":"https:\/\/www.erresse-shop.it\/wp-content\/uploads\/2012\/02\/GIANNINI-Caffettiera-Giannina-3_1-tazza-1-300x300.jpg","_links":{"self":[{"href":"https:\/\/www.erresse-shop.it\/de\/wp-json\/wp\/v2\/product\/9038"}],"collection":[{"href":"https:\/\/www.erresse-shop.it\/de\/wp-json\/wp\/v2\/product"}],"about":[{"href":"https:\/\/www.erresse-shop.it\/de\/wp-json\/wp\/v2\/types\/product"}],"wp:featuredmedia":[{"embeddable":true,"href":"https:\/\/www.erresse-shop.it\/de\/wp-json\/wp\/v2\/media\/509698"}],"wp:attachment":[{"href":"https:\/\/www.erresse-shop.it\/de\/wp-json\/wp\/v2\/media?parent=9038"}],"wp:term":[{"taxonomy":"product_cat","embeddable":true,"href":"https:\/\/www.erresse-shop.it\/de\/wp-json\/wp\/v2\/product_cat?post=9038"},{"taxonomy":"product_tag","embeddable":true,"href":"https:\/\/www.erresse-shop.it\/de\/wp-json\/wp\/v2\/product_tag?post=9038"}],"curies":[{"name":"wp","href":"https:\/\/api.w.org\/{rel}","templated":true}]}}