{"id":8799,"date":"2012-02-14T23:47:17","date_gmt":"2012-02-14T23:47:17","guid":{"rendered":"https:\/\/www.erresse-shop.it\/?post_type=product&#038;p=8799"},"modified":"2025-03-11T11:30:19","modified_gmt":"2025-03-11T11:30:19","slug":"staub-muscheltopf-25cm","status":"publish","type":"product","link":"https:\/\/www.erresse-shop.it\/de\/shop\/toepfe-pfannen\/toepfe-und-kochtoepfen\/staub-muscheltopf-25cm\/","title":{"rendered":"STAUB Ovale Muschelpfanne mit Deckel 25 cm Schwarz"},"content":{"rendered":"<p>Muschelgerichte lassen sich nicht nur im Urlaub, vielleicht auf der Veranda eines Restaurants in einem bretonischen Hafen, genie\u00dfen \u2013 man kann sie auch ganz einfach zu Hause zubereiten. Die schwarze, ovale Muschelschale von Staub ist speziell f\u00fcr die Zubereitung von Muschelgerichten konzipiert und eignet sich zugleich als attraktives Serviergef\u00e4\u00df zum Pr\u00e4sentieren von zwei bis drei Portionen Muscheln. Dieser Meeresfr\u00fcchtetopf von Staub ist aus Gusseisen gefertigt, einem Material, das Ihre Meeresfr\u00fcchtegerichte auch am Tisch warm h\u00e4lt. Die Hitze wird beim Kochen gleichm\u00e4\u00dfig verteilt. Der Topf hat einen Durchmesser von 25 cm, ist 17,8 cm breit, inklusive Deckel 16,9 cm hoch und hat ein Fassungsverm\u00f6gen von 2 Litern. Ein Gitter teilt den Innenraum in zwei Teile, wobei einer davon f\u00fcr die Zugabe von Gew\u00fcrzen und Fl\u00fcssigkeiten vorgesehen ist. Der Edelstahlrost h\u00e4lt die Muscheln ruhig, w\u00e4hrend Sie die Br\u00fche abgie\u00dfen. Mit dem Topfdeckel k\u00f6nnen Sie die Schalen der Meeresfr\u00fcchte am Tisch auffangen. Der Muscheltopf aus Gusseisen hat die typische Muschelform. Servieren Sie Ihren G\u00e4sten k\u00f6stliche Gerichte in einem einzigartig gestalteten Gusseisentopf, der zum Muschelkochen konzipiert ist.<\/p>\n<ul>\n<li>Ein idealer Topf f\u00fcr Muschelliebhaber<\/li>\n<li>Herausnehmbares Sieb zum Ausgie\u00dfen der So\u00dfe<\/li>\n<li>L\u00e4ngere W\u00e4rmespeicherung<\/li>\n<\/ul>\n<p><strong>Produktmerkmale:<\/strong><\/p>\n<div Klasse=\"Dimensionen-Inhalt\">\n<div Klasse=\"Produkt-Hauptattribute\">\n<ul>\n<li class=\"attribute\"><span class=\"label\">Hitzebest\u00e4ndigkeit:<\/span><span class=\"value\">260 \u00baC<\/span><\/li>\n<li class=\"attribute\"><span class=\"label\">Material: <\/span><span class=\"value\">Gusseisen<\/span><\/li>\n<li class=\"attribute\"><span class=\"label\">Innenbeschichtung: <\/span><span class=\"value\">Emaille<\/span><\/li>\n<li class=\"attribute\"><span class=\"label\">Induktion: <\/span><span class=\"value\">Ja<\/span><\/li>\n<li class=\"attribute\"><span class=\"label\">Ofenfest: <\/span><span class=\"value\">Ja<\/span><\/li>\n<li class=\"attribute\"><span class=\"label\">Herdplattengeeignet: <\/span><span class=\"value\">Ja<\/span><\/li>\n<li class=\"attribute\"><span class=\"label\">Sp\u00fclmaschinenfest: <\/span><span class=\"value\">Ja<\/span><\/li>\n<\/ul>\n<\/div>\n<\/div>\n<div Klasse=\"Dimensionen-Inhalt\">\n<p><strong><span class=\"dimensions\">Abmessungen:<\/span><\/strong><\/p>\n<div Klasse=\"Produkt-Hauptattribute\">\n<ul>\n<li class=\"attribute\"><span class=\"label\">Nettogewicht: <\/span><span class=\"value\">3,25 kg<\/span><\/li>\n<li class=\"attribute\"><span class=\"label\">Fassungsverm\u00f6gen: <\/span><span class=\"value\">2,00 l<\/span><\/li>\n<li class=\"attribute\"><span class=\"label\">Produktl\u00e4nge: <\/span><span class=\"value\">27,70 cm<\/span><\/li>\n<li class=\"attribute\"><span class=\"label\">Produktbreite: <\/span><span class=\"value\">18,00 cm<\/span><\/li>\n<li class=\"attribute\"><span class=\"label\">Produkth\u00f6he: <\/span><span class=\"value\">16,90 cm<\/span><\/li>\n<li class=\"attribute\"><span class=\"label\">H\u00f6he ohne Deckel: <\/span><span class=\"value\">9,20 cm<\/span><\/li>\n<li class=\"attribute\"><span class=\"label\">Oberer Durchmesser: <\/span><span class=\"value\">25,00 cm<\/span><\/li>\n<li class=\"attribute\"><span class=\"label\">Bodendurchmesser: <\/span><span class=\"value\">9,00 cm<\/span><\/li>\n<\/ul>\n<\/div>\n<\/div>\n","protected":false},"excerpt":{"rendered":"<p>Muschelgerichte lassen sich nicht nur im Urlaub, vielleicht auf der Veranda eines Restaurants in einem bretonischen Hafen, genie\u00dfen \u2013 man<\/p>\n","protected":false},"featured_media":476193,"template":"","meta":{"_acf_changed":false,"inline_featured_image":false},"product_cat":[6709,14776],"product_tag":[11381,11385,12205],"acf":[],"yoast_head":"<!-- This site is optimized with the Yoast SEO Premium plugin v18.6 (Yoast SEO v19.13) - https:\/\/yoast.com\/wordpress\/plugins\/seo\/ -->\n<title>STAUB Ovale Muschelpfanne mit Deckel 25 cm Schwarz - Erresse Shop<\/title>\n<meta name=\"description\" content=\"Muschelgerichte lassen sich nicht nur im Urlaub, vielleicht auf der Veranda eines Restaurants in einem bretonischen Hafen, genie\u00dfen \u2013 man kann sie auch\" \/>\n<meta name=\"robots\" content=\"index, follow, max-snippet:-1, max-image-preview:large, max-video-preview:-1\" \/>\n<link rel=\"canonical\" href=\"https:\/\/www.erresse-shop.it\/de\/shop\/toepfe-pfannen\/toepfe-und-kochtoepfen\/staub-muscheltopf-25cm\/\" \/>\n<meta property=\"og:locale\" content=\"de_DE\" \/>\n<meta property=\"og:type\" content=\"article\" \/>\n<meta property=\"og:title\" content=\"STAUB Ovale Muschelpfanne mit Deckel 25 cm Schwarz\" \/>\n<meta property=\"og:description\" content=\"Muschelgerichte lassen sich nicht nur im Urlaub, vielleicht auf der Veranda eines Restaurants in einem bretonischen Hafen, genie\u00dfen \u2013 man kann sie auch\" \/>\n<meta property=\"og:url\" content=\"https:\/\/www.erresse-shop.it\/de\/shop\/toepfe-pfannen\/toepfe-und-kochtoepfen\/staub-muscheltopf-25cm\/\" \/>\n<meta property=\"og:site_name\" content=\"Erresse Shop\" \/>\n<meta property=\"article:modified_time\" content=\"2025-03-11T11:30:19+00:00\" \/>\n<meta property=\"og:image\" content=\"https:\/\/www.erresse-shop.it\/wp-content\/uploads\/2012\/02\/STAUB-Cozziera-Ovale-con-Coperchio-25-cm-Nero.jpg\" \/>\n\t<meta property=\"og:image:width\" content=\"1200\" \/>\n\t<meta property=\"og:image:height\" content=\"1200\" \/>\n\t<meta property=\"og:image:type\" content=\"image\/jpeg\" \/>\n<meta name=\"twitter:card\" content=\"summary_large_image\" \/>\n<script type=\"application\/ld+json\" class=\"yoast-schema-graph\">{\"@context\":\"https:\/\/schema.org\",\"@graph\":[{\"@type\":\"WebPage\",\"@id\":\"https:\/\/www.erresse-shop.it\/de\/shop\/toepfe-pfannen\/toepfe-und-kochtoepfen\/staub-muscheltopf-25cm\/\",\"url\":\"https:\/\/www.erresse-shop.it\/de\/shop\/toepfe-pfannen\/toepfe-und-kochtoepfen\/staub-muscheltopf-25cm\/\",\"name\":\"STAUB Ovale Muschelpfanne mit Deckel 25 cm Schwarz - Erresse Shop\",\"isPartOf\":{\"@id\":\"https:\/\/www.erresse-shop.it\/de\/#website\"},\"datePublished\":\"2012-02-14T23:47:17+00:00\",\"dateModified\":\"2025-03-11T11:30:19+00:00\",\"description\":\"Muschelgerichte lassen sich nicht nur im Urlaub, vielleicht auf der Veranda eines Restaurants in einem bretonischen Hafen, genie\u00dfen \u2013 man kann sie auch\",\"breadcrumb\":{\"@id\":\"https:\/\/www.erresse-shop.it\/de\/shop\/toepfe-pfannen\/toepfe-und-kochtoepfen\/staub-muscheltopf-25cm\/#breadcrumb\"},\"inLanguage\":\"de-DE\",\"potentialAction\":[{\"@type\":\"ReadAction\",\"target\":[\"https:\/\/www.erresse-shop.it\/de\/shop\/toepfe-pfannen\/toepfe-und-kochtoepfen\/staub-muscheltopf-25cm\/\"]}]},{\"@type\":\"BreadcrumbList\",\"@id\":\"https:\/\/www.erresse-shop.it\/de\/shop\/toepfe-pfannen\/toepfe-und-kochtoepfen\/staub-muscheltopf-25cm\/#breadcrumb\",\"itemListElement\":[{\"@type\":\"ListItem\",\"position\":1,\"name\":\"Home\",\"item\":\"https:\/\/www.erresse-shop.it\/de\/\"},{\"@type\":\"ListItem\",\"position\":2,\"name\":\"Shop\",\"item\":\"https:\/\/www.erresse-shop.it\/de\/shop\/\"},{\"@type\":\"ListItem\",\"position\":3,\"name\":\"STAUB Ovale Muschelpfanne mit Deckel 25 cm Schwarz\"}]},{\"@type\":\"WebSite\",\"@id\":\"https:\/\/www.erresse-shop.it\/de\/#website\",\"url\":\"https:\/\/www.erresse-shop.it\/de\/\",\"name\":\"Erresse Shop\",\"description\":\"Articoli di qualit\u00e0 per la casa\",\"potentialAction\":[{\"@type\":\"SearchAction\",\"target\":{\"@type\":\"EntryPoint\",\"urlTemplate\":\"https:\/\/www.erresse-shop.it\/de\/?s={search_term_string}\"},\"query-input\":\"required name=search_term_string\"}],\"inLanguage\":\"de-DE\"}]}<\/script>\n<!-- \/ Yoast SEO Premium plugin. -->","yoast_head_json":{"title":"STAUB Ovale Muschelpfanne mit Deckel 25 cm Schwarz - Erresse Shop","description":"Muschelgerichte lassen sich nicht nur im Urlaub, vielleicht auf der Veranda eines Restaurants in einem bretonischen Hafen, genie\u00dfen \u2013 man kann sie auch","robots":{"index":"index","follow":"follow","max-snippet":"max-snippet:-1","max-image-preview":"max-image-preview:large","max-video-preview":"max-video-preview:-1"},"canonical":"https:\/\/www.erresse-shop.it\/de\/shop\/toepfe-pfannen\/toepfe-und-kochtoepfen\/staub-muscheltopf-25cm\/","og_locale":"de_DE","og_type":"article","og_title":"STAUB Ovale Muschelpfanne mit Deckel 25 cm Schwarz","og_description":"Muschelgerichte lassen sich nicht nur im Urlaub, vielleicht auf der Veranda eines Restaurants in einem bretonischen Hafen, genie\u00dfen \u2013 man kann sie auch","og_url":"https:\/\/www.erresse-shop.it\/de\/shop\/toepfe-pfannen\/toepfe-und-kochtoepfen\/staub-muscheltopf-25cm\/","og_site_name":"Erresse Shop","article_modified_time":"2025-03-11T11:30:19+00:00","og_image":[{"width":1200,"height":1200,"url":"https:\/\/www.erresse-shop.it\/wp-content\/uploads\/2012\/02\/STAUB-Cozziera-Ovale-con-Coperchio-25-cm-Nero.jpg","type":"image\/jpeg"}],"twitter_card":"summary_large_image","schema":{"@context":"https:\/\/schema.org","@graph":[{"@type":"WebPage","@id":"https:\/\/www.erresse-shop.it\/de\/shop\/toepfe-pfannen\/toepfe-und-kochtoepfen\/staub-muscheltopf-25cm\/","url":"https:\/\/www.erresse-shop.it\/de\/shop\/toepfe-pfannen\/toepfe-und-kochtoepfen\/staub-muscheltopf-25cm\/","name":"STAUB Ovale Muschelpfanne mit Deckel 25 cm Schwarz - Erresse Shop","isPartOf":{"@id":"https:\/\/www.erresse-shop.it\/de\/#website"},"datePublished":"2012-02-14T23:47:17+00:00","dateModified":"2025-03-11T11:30:19+00:00","description":"Muschelgerichte lassen sich nicht nur im Urlaub, vielleicht auf der Veranda eines Restaurants in einem bretonischen Hafen, genie\u00dfen \u2013 man kann sie auch","breadcrumb":{"@id":"https:\/\/www.erresse-shop.it\/de\/shop\/toepfe-pfannen\/toepfe-und-kochtoepfen\/staub-muscheltopf-25cm\/#breadcrumb"},"inLanguage":"de-DE","potentialAction":[{"@type":"ReadAction","target":["https:\/\/www.erresse-shop.it\/de\/shop\/toepfe-pfannen\/toepfe-und-kochtoepfen\/staub-muscheltopf-25cm\/"]}]},{"@type":"BreadcrumbList","@id":"https:\/\/www.erresse-shop.it\/de\/shop\/toepfe-pfannen\/toepfe-und-kochtoepfen\/staub-muscheltopf-25cm\/#breadcrumb","itemListElement":[{"@type":"ListItem","position":1,"name":"Home","item":"https:\/\/www.erresse-shop.it\/de\/"},{"@type":"ListItem","position":2,"name":"Shop","item":"https:\/\/www.erresse-shop.it\/de\/shop\/"},{"@type":"ListItem","position":3,"name":"STAUB Ovale Muschelpfanne mit Deckel 25 cm Schwarz"}]},{"@type":"WebSite","@id":"https:\/\/www.erresse-shop.it\/de\/#website","url":"https:\/\/www.erresse-shop.it\/de\/","name":"Erresse Shop","description":"Articoli di qualit\u00e0 per la casa","potentialAction":[{"@type":"SearchAction","target":{"@type":"EntryPoint","urlTemplate":"https:\/\/www.erresse-shop.it\/de\/?s={search_term_string}"},"query-input":"required name=search_term_string"}],"inLanguage":"de-DE"}]}},"df_price":119,"df_sale_price":119,"df_regular_price":179,"df_image_link":"https:\/\/www.erresse-shop.it\/wp-content\/uploads\/2012\/02\/STAUB-Cozziera-Ovale-con-Coperchio-25-cm-Nero-300x300.jpg","_links":{"self":[{"href":"https:\/\/www.erresse-shop.it\/de\/wp-json\/wp\/v2\/product\/8799"}],"collection":[{"href":"https:\/\/www.erresse-shop.it\/de\/wp-json\/wp\/v2\/product"}],"about":[{"href":"https:\/\/www.erresse-shop.it\/de\/wp-json\/wp\/v2\/types\/product"}],"wp:featuredmedia":[{"embeddable":true,"href":"https:\/\/www.erresse-shop.it\/de\/wp-json\/wp\/v2\/media\/476193"}],"wp:attachment":[{"href":"https:\/\/www.erresse-shop.it\/de\/wp-json\/wp\/v2\/media?parent=8799"}],"wp:term":[{"taxonomy":"product_cat","embeddable":true,"href":"https:\/\/www.erresse-shop.it\/de\/wp-json\/wp\/v2\/product_cat?post=8799"},{"taxonomy":"product_tag","embeddable":true,"href":"https:\/\/www.erresse-shop.it\/de\/wp-json\/wp\/v2\/product_tag?post=8799"}],"curies":[{"name":"wp","href":"https:\/\/api.w.org\/{rel}","templated":true}]}}