{"id":8755,"date":"2012-02-14T22:18:02","date_gmt":"2012-02-14T22:18:02","guid":{"rendered":"https:\/\/www.erresse-shop.it\/?post_type=product&#038;p=8755"},"modified":"2025-01-17T15:00:44","modified_gmt":"2025-01-17T15:00:44","slug":"staub-cocotte-oval-33-cm-dunkelblau","status":"publish","type":"product","link":"https:\/\/www.erresse-shop.it\/de\/shop\/toepfe-pfannen\/schalldaempfer-und-kokotten\/staub-cocotte-oval-33-cm-dunkelblau\/","title":{"rendered":"STAUB Cocotte Oval 33 cm Dunkelblau"},"content":{"rendered":"<p>Mit der Cocotte von Staub erleben Sie h\u00f6chsten Genuss und reines Kochvergn\u00fcgen, denn mit der franz\u00f6sischen Variante des Schmortopfes gelingen ein Schmorbraten oder ein anderes Schmorgericht besonders gut. Der formsch\u00f6ne Topf besteht aus Gusseisen. Dieses Material speichert W\u00e4rme \u00fcber eine sehr lange Zeit und verteilt sie optimal im Topfinneren. So k\u00f6nnen Sie Ihre Speisen langsam und schonend garen, das volle Aroma und alle wichtigen N\u00e4hrstoffe der Zutaten bleiben erhalten. Das emaillierte Gusseisen speichert K\u00e4lte ebenso gut wie W\u00e4rme. Daher k\u00f6nnen Sie die Cocotte auch f\u00fcr gek\u00fchlte Speisen verwenden. In dem dunkelblauen Schmorbr\u00e4ter bringen Sie Ihre Kreationen stilgerecht direkt vom Herd auf den Tisch. Der 17 cm hohe Br\u00e4ter besitzt ein Fassungsverm\u00f6gen von 6,7 l. Mit einem Durchmesser von 33 cm bietet die Cocotte viel Raum f\u00fcr schmackhafte Schmorgerichte. Im Deckel sorgt eine Tropfenstruktur daf\u00fcr, dass Kondenswasser, das sich beim Garvorgang bildet, kontinuierlich und gleichm\u00e4\u00dfig \u00fcber das Gargut verteilt wird. So bleibt z.B. Fleisch wunderbar zart. Die Cocotte ist f\u00fcr alle Herdarten einschlie\u00dflich Induktion geeignet. F\u00fcr viele Spitzenk\u00f6che weltweit ist das gusseiserne Kochgeschirr von Staub unverzichtbar. Mit der Cocotte aus der Serie La Cocotte bereiten Sie schmackhafte und gesunde Gerichte zu und genie\u00dfen sie mit Freunden und Familie.<\/p>\n<p>&#8211; Ideal zum Anbraten und langsamen Garen von Braten und Gefl\u00fcgel am St\u00fcck<br \/>\n&#8211; Saftiges und zartes Kochergebnis durch die spezielle Tropfenstruktur im Deckel<br \/>\n&#8211; Die schwarzmatte Innenemaillierung eignet sich zum besonders krossen Anbraten und ist besonders strapazierf\u00e4hig<br \/>\n&#8211; F\u00fcr alle Herdarten inkl. Induktion geeignet, auch im Backofen\/Grill einsetzbar<br \/>\n&#8211; Intensiver Farbton durch die besondere Majolika Emaillierung<\/p>\n<p>Eigenschaften<br \/>\n&#8211; Material: Gusseisen<br \/>\n&#8211; Deckel vorhanden: Ja<br \/>\n&#8211; Induktion: Ja<br \/>\n&#8211; Backofen geeignet: Ja<br \/>\n&#8211; Gefrierschrank geeignet: Ja<br \/>\n&#8211; Herdplatten geeignet: Ja<br \/>\n&#8211; sp\u00fclmaschinengeeignet: Ja<\/p>\n<p>Abmessungen<br \/>\n&#8211; Gewicht netto: 7,10 kg<br \/>\n&#8211; Fassungsverm\u00f6gen: 6,70 l<br \/>\n&#8211; Produktl\u00e4nge: 40,00 cm<br \/>\n&#8211; Produktbreite: 33,00 cm<br \/>\n&#8211; Produkth\u00f6he: 17,30 cm<br \/>\n&#8211; Produkth\u00f6he ohne Deckel: 12,40 cm<br \/>\n&#8211; Bodenst\u00e4rke: 0,40 cm<br \/>\n&#8211; Oberer Durchmesser: 33,00 cm<br \/>\n&#8211; Bodendurchmesser: 27,70 cm<\/p>\n","protected":false},"excerpt":{"rendered":"<p>Mit der Cocotte von Staub erleben Sie h\u00f6chsten Genuss und reines Kochvergn\u00fcgen, denn mit der franz\u00f6sischen Variante des Schmortopfes gelingen<\/p>\n","protected":false},"featured_media":8756,"template":"","meta":{"_acf_changed":false,"inline_featured_image":false},"product_cat":[6709,14793],"product_tag":[25088,11387,11381,11385,12315,25022,12205],"acf":[],"yoast_head":"<!-- This site is optimized with the Yoast SEO Premium plugin v18.6 (Yoast SEO v19.13) - https:\/\/yoast.com\/wordpress\/plugins\/seo\/ -->\n<title>STAUB Cocotte Oval 33 cm Dunkelblau<\/title>\n<meta name=\"description\" content=\"Entdecken Sie STAUB Cocotte Oval 33 cm Dunkelblau bei ErresseShop. Qualit\u00e4t, Stil und Funktionalit\u00e4t \u2013 jetzt online bestellen!\" \/>\n<meta name=\"robots\" content=\"index, follow, max-snippet:-1, max-image-preview:large, max-video-preview:-1\" \/>\n<link rel=\"canonical\" href=\"https:\/\/www.erresse-shop.it\/de\/shop\/toepfe-pfannen\/schalldaempfer-und-kokotten\/staub-cocotte-oval-33-cm-dunkelblau\/\" \/>\n<meta property=\"og:locale\" content=\"de_DE\" \/>\n<meta property=\"og:type\" content=\"article\" \/>\n<meta property=\"og:title\" content=\"STAUB Cocotte Oval 33 cm Dunkelblau\" \/>\n<meta property=\"og:description\" content=\"Entdecken Sie STAUB Cocotte Oval 33 cm Dunkelblau bei ErresseShop. Qualit\u00e4t, Stil und Funktionalit\u00e4t \u2013 jetzt online bestellen!\" \/>\n<meta property=\"og:url\" content=\"https:\/\/www.erresse-shop.it\/de\/shop\/toepfe-pfannen\/schalldaempfer-und-kokotten\/staub-cocotte-oval-33-cm-dunkelblau\/\" \/>\n<meta property=\"og:site_name\" content=\"Erresse Shop\" \/>\n<meta property=\"article:modified_time\" content=\"2025-01-17T15:00:44+00:00\" \/>\n<meta property=\"og:image\" content=\"https:\/\/www.erresse-shop.it\/wp-content\/uploads\/2015\/01\/products-staub-newblu-ovale33-2.jpg\" \/>\n\t<meta property=\"og:image:width\" content=\"538\" \/>\n\t<meta property=\"og:image:height\" content=\"367\" \/>\n\t<meta property=\"og:image:type\" content=\"image\/jpeg\" \/>\n<meta name=\"twitter:card\" content=\"summary_large_image\" \/>\n<script type=\"application\/ld+json\" class=\"yoast-schema-graph\">{\"@context\":\"https:\/\/schema.org\",\"@graph\":[{\"@type\":\"WebPage\",\"@id\":\"https:\/\/www.erresse-shop.it\/de\/shop\/toepfe-pfannen\/schalldaempfer-und-kokotten\/staub-cocotte-oval-33-cm-dunkelblau\/\",\"url\":\"https:\/\/www.erresse-shop.it\/de\/shop\/toepfe-pfannen\/schalldaempfer-und-kokotten\/staub-cocotte-oval-33-cm-dunkelblau\/\",\"name\":\"STAUB Cocotte Oval 33 cm Dunkelblau\",\"isPartOf\":{\"@id\":\"https:\/\/www.erresse-shop.it\/de\/#website\"},\"datePublished\":\"2012-02-14T22:18:02+00:00\",\"dateModified\":\"2025-01-17T15:00:44+00:00\",\"description\":\"Entdecken Sie STAUB Cocotte Oval 33 cm Dunkelblau bei ErresseShop. Qualit\u00e4t, Stil und Funktionalit\u00e4t \u2013 jetzt online bestellen!\",\"breadcrumb\":{\"@id\":\"https:\/\/www.erresse-shop.it\/de\/shop\/toepfe-pfannen\/schalldaempfer-und-kokotten\/staub-cocotte-oval-33-cm-dunkelblau\/#breadcrumb\"},\"inLanguage\":\"de-DE\",\"potentialAction\":[{\"@type\":\"ReadAction\",\"target\":[\"https:\/\/www.erresse-shop.it\/de\/shop\/toepfe-pfannen\/schalldaempfer-und-kokotten\/staub-cocotte-oval-33-cm-dunkelblau\/\"]}]},{\"@type\":\"BreadcrumbList\",\"@id\":\"https:\/\/www.erresse-shop.it\/de\/shop\/toepfe-pfannen\/schalldaempfer-und-kokotten\/staub-cocotte-oval-33-cm-dunkelblau\/#breadcrumb\",\"itemListElement\":[{\"@type\":\"ListItem\",\"position\":1,\"name\":\"Home\",\"item\":\"https:\/\/www.erresse-shop.it\/de\/\"},{\"@type\":\"ListItem\",\"position\":2,\"name\":\"Shop\",\"item\":\"https:\/\/www.erresse-shop.it\/de\/shop\/\"},{\"@type\":\"ListItem\",\"position\":3,\"name\":\"STAUB Cocotte Oval 33 cm Dunkelblau\"}]},{\"@type\":\"WebSite\",\"@id\":\"https:\/\/www.erresse-shop.it\/de\/#website\",\"url\":\"https:\/\/www.erresse-shop.it\/de\/\",\"name\":\"Erresse Shop\",\"description\":\"Articoli di qualit\u00e0 per la casa\",\"potentialAction\":[{\"@type\":\"SearchAction\",\"target\":{\"@type\":\"EntryPoint\",\"urlTemplate\":\"https:\/\/www.erresse-shop.it\/de\/?s={search_term_string}\"},\"query-input\":\"required name=search_term_string\"}],\"inLanguage\":\"de-DE\"}]}<\/script>\n<!-- \/ Yoast SEO Premium plugin. -->","yoast_head_json":{"title":"STAUB Cocotte Oval 33 cm Dunkelblau","description":"Entdecken Sie STAUB Cocotte Oval 33 cm Dunkelblau bei ErresseShop. Qualit\u00e4t, Stil und Funktionalit\u00e4t \u2013 jetzt online bestellen!","robots":{"index":"index","follow":"follow","max-snippet":"max-snippet:-1","max-image-preview":"max-image-preview:large","max-video-preview":"max-video-preview:-1"},"canonical":"https:\/\/www.erresse-shop.it\/de\/shop\/toepfe-pfannen\/schalldaempfer-und-kokotten\/staub-cocotte-oval-33-cm-dunkelblau\/","og_locale":"de_DE","og_type":"article","og_title":"STAUB Cocotte Oval 33 cm Dunkelblau","og_description":"Entdecken Sie STAUB Cocotte Oval 33 cm Dunkelblau bei ErresseShop. Qualit\u00e4t, Stil und Funktionalit\u00e4t \u2013 jetzt online bestellen!","og_url":"https:\/\/www.erresse-shop.it\/de\/shop\/toepfe-pfannen\/schalldaempfer-und-kokotten\/staub-cocotte-oval-33-cm-dunkelblau\/","og_site_name":"Erresse Shop","article_modified_time":"2025-01-17T15:00:44+00:00","og_image":[{"width":"538","height":"367","url":"https:\/\/www.erresse-shop.it\/wp-content\/uploads\/2015\/01\/products-staub-newblu-ovale33-2.jpg","type":"image\/jpeg"}],"twitter_card":"summary_large_image","schema":{"@context":"https:\/\/schema.org","@graph":[{"@type":"WebPage","@id":"https:\/\/www.erresse-shop.it\/de\/shop\/toepfe-pfannen\/schalldaempfer-und-kokotten\/staub-cocotte-oval-33-cm-dunkelblau\/","url":"https:\/\/www.erresse-shop.it\/de\/shop\/toepfe-pfannen\/schalldaempfer-und-kokotten\/staub-cocotte-oval-33-cm-dunkelblau\/","name":"STAUB Cocotte Oval 33 cm Dunkelblau","isPartOf":{"@id":"https:\/\/www.erresse-shop.it\/de\/#website"},"datePublished":"2012-02-14T22:18:02+00:00","dateModified":"2025-01-17T15:00:44+00:00","description":"Entdecken Sie STAUB Cocotte Oval 33 cm Dunkelblau bei ErresseShop. Qualit\u00e4t, Stil und Funktionalit\u00e4t \u2013 jetzt online bestellen!","breadcrumb":{"@id":"https:\/\/www.erresse-shop.it\/de\/shop\/toepfe-pfannen\/schalldaempfer-und-kokotten\/staub-cocotte-oval-33-cm-dunkelblau\/#breadcrumb"},"inLanguage":"de-DE","potentialAction":[{"@type":"ReadAction","target":["https:\/\/www.erresse-shop.it\/de\/shop\/toepfe-pfannen\/schalldaempfer-und-kokotten\/staub-cocotte-oval-33-cm-dunkelblau\/"]}]},{"@type":"BreadcrumbList","@id":"https:\/\/www.erresse-shop.it\/de\/shop\/toepfe-pfannen\/schalldaempfer-und-kokotten\/staub-cocotte-oval-33-cm-dunkelblau\/#breadcrumb","itemListElement":[{"@type":"ListItem","position":1,"name":"Home","item":"https:\/\/www.erresse-shop.it\/de\/"},{"@type":"ListItem","position":2,"name":"Shop","item":"https:\/\/www.erresse-shop.it\/de\/shop\/"},{"@type":"ListItem","position":3,"name":"STAUB Cocotte Oval 33 cm Dunkelblau"}]},{"@type":"WebSite","@id":"https:\/\/www.erresse-shop.it\/de\/#website","url":"https:\/\/www.erresse-shop.it\/de\/","name":"Erresse Shop","description":"Articoli di qualit\u00e0 per la casa","potentialAction":[{"@type":"SearchAction","target":{"@type":"EntryPoint","urlTemplate":"https:\/\/www.erresse-shop.it\/de\/?s={search_term_string}"},"query-input":"required name=search_term_string"}],"inLanguage":"de-DE"}]}},"df_price":194.5,"df_sale_price":194.5,"df_regular_price":389,"df_image_link":"https:\/\/www.erresse-shop.it\/wp-content\/uploads\/2015\/01\/products-staub-newblu-ovale33-2.jpg","_links":{"self":[{"href":"https:\/\/www.erresse-shop.it\/de\/wp-json\/wp\/v2\/product\/8755"}],"collection":[{"href":"https:\/\/www.erresse-shop.it\/de\/wp-json\/wp\/v2\/product"}],"about":[{"href":"https:\/\/www.erresse-shop.it\/de\/wp-json\/wp\/v2\/types\/product"}],"wp:featuredmedia":[{"embeddable":true,"href":"https:\/\/www.erresse-shop.it\/de\/wp-json\/wp\/v2\/media\/8756"}],"wp:attachment":[{"href":"https:\/\/www.erresse-shop.it\/de\/wp-json\/wp\/v2\/media?parent=8755"}],"wp:term":[{"taxonomy":"product_cat","embeddable":true,"href":"https:\/\/www.erresse-shop.it\/de\/wp-json\/wp\/v2\/product_cat?post=8755"},{"taxonomy":"product_tag","embeddable":true,"href":"https:\/\/www.erresse-shop.it\/de\/wp-json\/wp\/v2\/product_tag?post=8755"}],"curies":[{"name":"wp","href":"https:\/\/api.w.org\/{rel}","templated":true}]}}