{"id":8745,"date":"2012-02-14T22:06:59","date_gmt":"2012-02-14T22:06:59","guid":{"rendered":"https:\/\/www.erresse-shop.it\/?post_type=product&#038;p=8745"},"modified":"2025-01-17T15:00:43","modified_gmt":"2025-01-17T15:00:43","slug":"staub-cocotte-oval-29-cm-basiliku-grun","status":"publish","type":"product","link":"https:\/\/www.erresse-shop.it\/de\/shop\/toepfe-pfannen\/schalldaempfer-und-kokotten\/staub-cocotte-oval-29-cm-basiliku-grun\/","title":{"rendered":"STAUB Cocotte Oval 29 cm Basiliku-Grun"},"content":{"rendered":"<p>Die ovale Cocotte von Staub besteht aus einem emaillierten Guss, der die Hitze weiterleitet und langsam an die gesamte Topfinnenfl\u00e4che abgibt. Emailliertes Eisen hat au\u00dferdem einen ausgezeichneten Schmoreffekt und verst\u00e4rkt den Eigengeschmack von Lebensmitteln. Cocottes werden deshalb besonders gern zum Schmoren benutzt, eignen sich aber auch zum Braten. In solch einem Topf gelingen Ihnen leckere Ragouts, Rouladen oder vegetarische Gerichte wie ein Ratatouille. Eine Cocotte k\u00f6nnen Sie auf einem Gas- oder Elektroherd, einem Induktionskochfeld und im Backofen benutzen. Sie ist durch ihre beiden Griffe praktisch in der Handhabung und wirkt wegen ihrer sch\u00f6nen basilikumgr\u00fcnen Farbe nach dem Kochen auch auf dem Tisch dekorativ. Auf diese Weise bleiben Ihre Speisen au\u00dferdem lange hei\u00df. Das Essen in der ovalen Staub-Cocotte mit einem Durchmesser von 29 cm und einem Fassungsverm\u00f6gen von 4,2 l kann auch in gro\u00dfer Menge f\u00fcr viele G\u00e4ste zubereitet werden. Cocottes sind f\u00fcr Kochanf\u00e4nger und passionierte Hobbyk\u00f6che gleicherma\u00dfen gut geeignet. Selbst international bekannte Spitzenk\u00f6che wie Paul Bocuse nutzen gern gusseisernes Kochgeschirr, um neue raffinierte Rezepte zu kreieren. Eine Cocotte sollte deshalb auch in Ihrer K\u00fcchenausstattung nicht fehlen. Durch ihre Funktionalit\u00e4t zaubern Sie mit Leichtigkeit immer wieder neue leckere Gerichte, von denen Ihre G\u00e4ste begeistert sein werden.<\/p>\n<p>&#8211; Ideal zum Anbraten und langsamen Garen von Braten und Gefl\u00fcgel am St\u00fcck<br \/>\n&#8211; Saftiges und zartes Kochergebnis durch die spezielle Tropfenstruktur im Deckel<br \/>\n&#8211; Die schwarzmatte Innenemaillierung eignet sich zum besonders krossen Anbraten und ist besonders strapazierf\u00e4hig<br \/>\n&#8211; F\u00fcr alle Herdarten inkl. Induktion geeignet, auch im Backofen\/Grill einsetzbar<br \/>\n&#8211; Intensiver Farbton durch die besondere Majolika Emaillierung<\/p>\n<p>Eigenschaften<br \/>\n&#8211; Material: Gusseisen<br \/>\n&#8211; Deckel vorhanden: Ja<br \/>\n&#8211; Induktion: Ja<br \/>\n&#8211; Backofen geeignet: Ja<br \/>\n&#8211; Gefrierschrank geeignet: Ja<br \/>\n&#8211; Herdplatten geeignet: Ja<br \/>\n&#8211; Sp\u00fclmaschinengeeignet: Ja<\/p>\n<p>Abmessungen<br \/>\n&#8211; Gewicht netto: 5,54 kg<br \/>\n&#8211; Fassungsverm\u00f6gen: 4,20 l<br \/>\n&#8211; Produktl\u00e4nge: 35,30 cm<br \/>\n&#8211; Produktbreite: 29,00 cm<br \/>\n&#8211; Produkth\u00f6he: 15,50 cm<br \/>\n&#8211; Produkth\u00f6he ohne Deckel: 10,70 cm<br \/>\n&#8211; Bodenst\u00e4rke: 0,40 cm<br \/>\n&#8211; Oberer Durchmesser: 29,00 cm<br \/>\n&#8211; Bodendurchmesser: 24,40 cm<\/p>\n","protected":false},"excerpt":{"rendered":"<p>Die ovale Cocotte von Staub besteht aus einem emaillierten Guss, der die Hitze weiterleitet und langsam an die gesamte Topfinnenfl\u00e4che<\/p>\n","protected":false},"featured_media":8746,"template":"","meta":{"_acf_changed":false,"inline_featured_image":false},"product_cat":[6709,14793],"product_tag":[25088,11387,11381,11385,12315,25022,12205],"acf":[],"yoast_head":"<!-- This site is optimized with the Yoast SEO Premium plugin v18.6 (Yoast SEO v19.13) - https:\/\/yoast.com\/wordpress\/plugins\/seo\/ -->\n<title>STAUB Cocotte Oval 29 cm Basiliku-Grun<\/title>\n<meta name=\"description\" content=\"Entdecken Sie STAUB Cocotte Oval 29 cm Basiliku-Grun bei ErresseShop. Qualit\u00e4t, Stil und Funktionalit\u00e4t \u2013 jetzt online bestellen!\" \/>\n<meta name=\"robots\" content=\"index, follow, max-snippet:-1, max-image-preview:large, max-video-preview:-1\" \/>\n<link rel=\"canonical\" href=\"https:\/\/www.erresse-shop.it\/de\/shop\/toepfe-pfannen\/schalldaempfer-und-kokotten\/staub-cocotte-oval-29-cm-basiliku-grun\/\" \/>\n<meta property=\"og:locale\" content=\"de_DE\" \/>\n<meta property=\"og:type\" content=\"article\" \/>\n<meta property=\"og:title\" content=\"STAUB Cocotte Oval 29 cm Basiliku-Grun\" \/>\n<meta property=\"og:description\" content=\"Entdecken Sie STAUB Cocotte Oval 29 cm Basiliku-Grun bei ErresseShop. Qualit\u00e4t, Stil und Funktionalit\u00e4t \u2013 jetzt online bestellen!\" \/>\n<meta property=\"og:url\" content=\"https:\/\/www.erresse-shop.it\/de\/shop\/toepfe-pfannen\/schalldaempfer-und-kokotten\/staub-cocotte-oval-29-cm-basiliku-grun\/\" \/>\n<meta property=\"og:site_name\" content=\"Erresse Shop\" \/>\n<meta property=\"article:modified_time\" content=\"2025-01-17T15:00:43+00:00\" \/>\n<meta property=\"og:image\" content=\"https:\/\/www.erresse-shop.it\/wp-content\/uploads\/2018\/02\/products-40509-363-2.jpg\" \/>\n\t<meta property=\"og:image:width\" content=\"1500\" \/>\n\t<meta property=\"og:image:height\" content=\"961\" \/>\n\t<meta property=\"og:image:type\" content=\"image\/jpeg\" \/>\n<meta name=\"twitter:card\" content=\"summary_large_image\" \/>\n<script type=\"application\/ld+json\" class=\"yoast-schema-graph\">{\"@context\":\"https:\/\/schema.org\",\"@graph\":[{\"@type\":\"WebPage\",\"@id\":\"https:\/\/www.erresse-shop.it\/de\/shop\/toepfe-pfannen\/schalldaempfer-und-kokotten\/staub-cocotte-oval-29-cm-basiliku-grun\/\",\"url\":\"https:\/\/www.erresse-shop.it\/de\/shop\/toepfe-pfannen\/schalldaempfer-und-kokotten\/staub-cocotte-oval-29-cm-basiliku-grun\/\",\"name\":\"STAUB Cocotte Oval 29 cm Basiliku-Grun\",\"isPartOf\":{\"@id\":\"https:\/\/www.erresse-shop.it\/de\/#website\"},\"datePublished\":\"2012-02-14T22:06:59+00:00\",\"dateModified\":\"2025-01-17T15:00:43+00:00\",\"description\":\"Entdecken Sie STAUB Cocotte Oval 29 cm Basiliku-Grun bei ErresseShop. Qualit\u00e4t, Stil und Funktionalit\u00e4t \u2013 jetzt online bestellen!\",\"breadcrumb\":{\"@id\":\"https:\/\/www.erresse-shop.it\/de\/shop\/toepfe-pfannen\/schalldaempfer-und-kokotten\/staub-cocotte-oval-29-cm-basiliku-grun\/#breadcrumb\"},\"inLanguage\":\"de-DE\",\"potentialAction\":[{\"@type\":\"ReadAction\",\"target\":[\"https:\/\/www.erresse-shop.it\/de\/shop\/toepfe-pfannen\/schalldaempfer-und-kokotten\/staub-cocotte-oval-29-cm-basiliku-grun\/\"]}]},{\"@type\":\"BreadcrumbList\",\"@id\":\"https:\/\/www.erresse-shop.it\/de\/shop\/toepfe-pfannen\/schalldaempfer-und-kokotten\/staub-cocotte-oval-29-cm-basiliku-grun\/#breadcrumb\",\"itemListElement\":[{\"@type\":\"ListItem\",\"position\":1,\"name\":\"Home\",\"item\":\"https:\/\/www.erresse-shop.it\/de\/\"},{\"@type\":\"ListItem\",\"position\":2,\"name\":\"Shop\",\"item\":\"https:\/\/www.erresse-shop.it\/de\/shop\/\"},{\"@type\":\"ListItem\",\"position\":3,\"name\":\"STAUB Cocotte Oval 29 cm Basiliku-Grun\"}]},{\"@type\":\"WebSite\",\"@id\":\"https:\/\/www.erresse-shop.it\/de\/#website\",\"url\":\"https:\/\/www.erresse-shop.it\/de\/\",\"name\":\"Erresse Shop\",\"description\":\"Articoli di qualit\u00e0 per la casa\",\"potentialAction\":[{\"@type\":\"SearchAction\",\"target\":{\"@type\":\"EntryPoint\",\"urlTemplate\":\"https:\/\/www.erresse-shop.it\/de\/?s={search_term_string}\"},\"query-input\":\"required name=search_term_string\"}],\"inLanguage\":\"de-DE\"}]}<\/script>\n<!-- \/ Yoast SEO Premium plugin. -->","yoast_head_json":{"title":"STAUB Cocotte Oval 29 cm Basiliku-Grun","description":"Entdecken Sie STAUB Cocotte Oval 29 cm Basiliku-Grun bei ErresseShop. Qualit\u00e4t, Stil und Funktionalit\u00e4t \u2013 jetzt online bestellen!","robots":{"index":"index","follow":"follow","max-snippet":"max-snippet:-1","max-image-preview":"max-image-preview:large","max-video-preview":"max-video-preview:-1"},"canonical":"https:\/\/www.erresse-shop.it\/de\/shop\/toepfe-pfannen\/schalldaempfer-und-kokotten\/staub-cocotte-oval-29-cm-basiliku-grun\/","og_locale":"de_DE","og_type":"article","og_title":"STAUB Cocotte Oval 29 cm Basiliku-Grun","og_description":"Entdecken Sie STAUB Cocotte Oval 29 cm Basiliku-Grun bei ErresseShop. Qualit\u00e4t, Stil und Funktionalit\u00e4t \u2013 jetzt online bestellen!","og_url":"https:\/\/www.erresse-shop.it\/de\/shop\/toepfe-pfannen\/schalldaempfer-und-kokotten\/staub-cocotte-oval-29-cm-basiliku-grun\/","og_site_name":"Erresse Shop","article_modified_time":"2025-01-17T15:00:43+00:00","og_image":[{"width":"1500","height":"961","url":"https:\/\/www.erresse-shop.it\/wp-content\/uploads\/2018\/02\/products-40509-363-2.jpg","type":"image\/jpeg"}],"twitter_card":"summary_large_image","schema":{"@context":"https:\/\/schema.org","@graph":[{"@type":"WebPage","@id":"https:\/\/www.erresse-shop.it\/de\/shop\/toepfe-pfannen\/schalldaempfer-und-kokotten\/staub-cocotte-oval-29-cm-basiliku-grun\/","url":"https:\/\/www.erresse-shop.it\/de\/shop\/toepfe-pfannen\/schalldaempfer-und-kokotten\/staub-cocotte-oval-29-cm-basiliku-grun\/","name":"STAUB Cocotte Oval 29 cm Basiliku-Grun","isPartOf":{"@id":"https:\/\/www.erresse-shop.it\/de\/#website"},"datePublished":"2012-02-14T22:06:59+00:00","dateModified":"2025-01-17T15:00:43+00:00","description":"Entdecken Sie STAUB Cocotte Oval 29 cm Basiliku-Grun bei ErresseShop. Qualit\u00e4t, Stil und Funktionalit\u00e4t \u2013 jetzt online bestellen!","breadcrumb":{"@id":"https:\/\/www.erresse-shop.it\/de\/shop\/toepfe-pfannen\/schalldaempfer-und-kokotten\/staub-cocotte-oval-29-cm-basiliku-grun\/#breadcrumb"},"inLanguage":"de-DE","potentialAction":[{"@type":"ReadAction","target":["https:\/\/www.erresse-shop.it\/de\/shop\/toepfe-pfannen\/schalldaempfer-und-kokotten\/staub-cocotte-oval-29-cm-basiliku-grun\/"]}]},{"@type":"BreadcrumbList","@id":"https:\/\/www.erresse-shop.it\/de\/shop\/toepfe-pfannen\/schalldaempfer-und-kokotten\/staub-cocotte-oval-29-cm-basiliku-grun\/#breadcrumb","itemListElement":[{"@type":"ListItem","position":1,"name":"Home","item":"https:\/\/www.erresse-shop.it\/de\/"},{"@type":"ListItem","position":2,"name":"Shop","item":"https:\/\/www.erresse-shop.it\/de\/shop\/"},{"@type":"ListItem","position":3,"name":"STAUB Cocotte Oval 29 cm Basiliku-Grun"}]},{"@type":"WebSite","@id":"https:\/\/www.erresse-shop.it\/de\/#website","url":"https:\/\/www.erresse-shop.it\/de\/","name":"Erresse Shop","description":"Articoli di qualit\u00e0 per la casa","potentialAction":[{"@type":"SearchAction","target":{"@type":"EntryPoint","urlTemplate":"https:\/\/www.erresse-shop.it\/de\/?s={search_term_string}"},"query-input":"required name=search_term_string"}],"inLanguage":"de-DE"}]}},"df_price":169.5,"df_sale_price":169.5,"df_regular_price":339,"df_image_link":"https:\/\/www.erresse-shop.it\/wp-content\/uploads\/2018\/02\/products-40509-363-2.jpg","_links":{"self":[{"href":"https:\/\/www.erresse-shop.it\/de\/wp-json\/wp\/v2\/product\/8745"}],"collection":[{"href":"https:\/\/www.erresse-shop.it\/de\/wp-json\/wp\/v2\/product"}],"about":[{"href":"https:\/\/www.erresse-shop.it\/de\/wp-json\/wp\/v2\/types\/product"}],"wp:featuredmedia":[{"embeddable":true,"href":"https:\/\/www.erresse-shop.it\/de\/wp-json\/wp\/v2\/media\/8746"}],"wp:attachment":[{"href":"https:\/\/www.erresse-shop.it\/de\/wp-json\/wp\/v2\/media?parent=8745"}],"wp:term":[{"taxonomy":"product_cat","embeddable":true,"href":"https:\/\/www.erresse-shop.it\/de\/wp-json\/wp\/v2\/product_cat?post=8745"},{"taxonomy":"product_tag","embeddable":true,"href":"https:\/\/www.erresse-shop.it\/de\/wp-json\/wp\/v2\/product_tag?post=8745"}],"curies":[{"name":"wp","href":"https:\/\/api.w.org\/{rel}","templated":true}]}}