{"id":8735,"date":"2012-02-14T21:28:18","date_gmt":"2012-02-14T21:28:18","guid":{"rendered":"https:\/\/www.erresse-shop.it\/?post_type=product&#038;p=8735"},"modified":"2025-01-17T15:00:41","modified_gmt":"2025-01-17T15:00:41","slug":"staub-cocotte-oval-31-cm-dunkelblau","status":"publish","type":"product","link":"https:\/\/www.erresse-shop.it\/de\/shop\/toepfe-pfannen\/schalldaempfer-und-kokotten\/staub-cocotte-oval-31-cm-dunkelblau\/","title":{"rendered":"STAUB Cocotte Oval 31 cm Dunkelblau"},"content":{"rendered":"<p>Die Cocotte ist ein Schmortopf, der sich nicht nur f\u00fcr die Zubereitung von Gerichten aus der franz\u00f6sischen K\u00fcche eignet, sondern auch f\u00fcr Suppen, Braten und \u00fcberbackene Gerichte aus aller Welt. Die w\u00e4rmespeichernden Eigenschaften des Gusseisens in Verbindung mit der innovativen Emaillierung von Staub sorgen f\u00fcr ein schonendes, gesundes Garen, bei dem die Aromen und N\u00e4hrstoffe der Lebensmittel erhalten bleiben. Die Cocotte ist oval und dunkelblau, ein stilvolles Kochgeschirr, das sich mit einer Breite von 375 Millimetern und einer H\u00f6he von 118 Millimetern ohne Deckel auch zum Servieren auf dem Esstisch zu Hause oder im Restaurant eignet. Da das Gusseisen die W\u00e4rme gut speichert, bleiben die Speisen eine ganze Weile lang warm und k\u00f6nnen in aller Ruhe verspeist werden. Die matt-schwarze Emaillierung sorgt dar\u00fcber hinaus daf\u00fcr, dass der urspr\u00fcngliche Eigengeschmack der Lebensmittel sehr gut erhalten bleibt. Diese F\u00e4higkeit wird im Laufe ihrer Verwendung sogar noch st\u00e4rker. Ganz gleich, ob Gratin oder Souffl\u00e9, mit der Cocotte von Staub k\u00f6nnen sich auch Anf\u00e4nger und Hobbyk\u00f6che an die Gerichte der schmackhaften franz\u00f6sischen K\u00fcche wagen. Auch Suppen, Braten, Ragouts und Eint\u00f6pfe profitieren von der effektiven Aufnahme und Abgabe von Hitze. Mit Hilfe einer neuartigen Deckelkonstruktion verteilt sich das Kondenswasser beim Garen gleichm\u00e4\u00dfig \u00fcber dem Gargut. Mit der Cocotte von Staub mit einem Fassungsverm\u00f6gen von 5,5 l wird Fleisch sch\u00f6n saftig und Gem\u00fcse herrlich zart.<\/p>\n<p>&#8211; Ideal zum Anbraten und langsamen Garen von Braten und Gefl\u00fcgel am St\u00fcck<br \/>\n&#8211; Saftiges und zartes Kochergebnis durch die spezielle Tropfenstruktur im Deckel<br \/>\n&#8211; Die schwarzmatte Innenemaillierung eignet sich zum besonders krossen Anbraten und ist besonders strapazierf\u00e4hig<br \/>\n&#8211; F\u00fcr alle Herdarten inkl. Induktion geeignet, auch im Backofen\/Grill einsetzbar<br \/>\n&#8211; Intensiver Farbton durch die besondere Majolika Emaillierung<\/p>\n<p>Eigenschaften<br \/>\n&#8211; Material: Gusseisen<br \/>\n&#8211; Deckel vorhanden: Ja<br \/>\n&#8211; Induktion: Ja<br \/>\n&#8211; Backofen geeignet: Ja<br \/>\n&#8211; Gefrierschrank geeignet: Ja<br \/>\n&#8211; Herdplatten geeignet: Ja<br \/>\n&#8211; sp\u00fclmaschinengeeignet: Ja<\/p>\n<p>Abmessungen<br \/>\n&#8211; Gewicht netto: 5,98 kg<br \/>\n&#8211; Fassungsverm\u00f6gen: 5,50 l<br \/>\n&#8211; Produktl\u00e4nge: 37,50 cm<br \/>\n&#8211; Produktbreite: 31,00 cm<br \/>\n&#8211; Produkth\u00f6he: 16,70 cm<br \/>\n&#8211; Produkth\u00f6he ohne Deckel: 11,80 cm<br \/>\n&#8211; Bodenst\u00e4rke: 0,40 cm<br \/>\n&#8211; Oberer Durchmesser: 31,00 cm<br \/>\n&#8211; Bodendurchmesser: 25,00 cm<\/p>\n","protected":false},"excerpt":{"rendered":"<p>Die Cocotte ist ein Schmortopf, der sich nicht nur f\u00fcr die Zubereitung von Gerichten aus der franz\u00f6sischen K\u00fcche eignet, sondern<\/p>\n","protected":false},"featured_media":8736,"template":"","meta":{"_acf_changed":false,"inline_featured_image":false},"product_cat":[6709,14793],"product_tag":[25088,11387,11381,11385,12315,25022,12205],"acf":[],"yoast_head":"<!-- This site is optimized with the Yoast SEO Premium plugin v18.6 (Yoast SEO v19.13) - https:\/\/yoast.com\/wordpress\/plugins\/seo\/ -->\n<title>STAUB Cocotte Oval 31 cm Dunkelblau<\/title>\n<meta name=\"description\" content=\"Entdecken Sie STAUB Cocotte Oval 31 cm Dunkelblau bei ErresseShop. Qualit\u00e4t, Stil und Funktionalit\u00e4t \u2013 jetzt online bestellen!\" \/>\n<meta name=\"robots\" content=\"index, follow, max-snippet:-1, max-image-preview:large, max-video-preview:-1\" \/>\n<link rel=\"canonical\" href=\"https:\/\/www.erresse-shop.it\/de\/shop\/toepfe-pfannen\/schalldaempfer-und-kokotten\/staub-cocotte-oval-31-cm-dunkelblau\/\" \/>\n<meta property=\"og:locale\" content=\"de_DE\" \/>\n<meta property=\"og:type\" content=\"article\" \/>\n<meta property=\"og:title\" content=\"STAUB Cocotte Oval 31 cm Dunkelblau\" \/>\n<meta property=\"og:description\" content=\"Entdecken Sie STAUB Cocotte Oval 31 cm Dunkelblau bei ErresseShop. Qualit\u00e4t, Stil und Funktionalit\u00e4t \u2013 jetzt online bestellen!\" \/>\n<meta property=\"og:url\" content=\"https:\/\/www.erresse-shop.it\/de\/shop\/toepfe-pfannen\/schalldaempfer-und-kokotten\/staub-cocotte-oval-31-cm-dunkelblau\/\" \/>\n<meta property=\"og:site_name\" content=\"Erresse Shop\" \/>\n<meta property=\"article:modified_time\" content=\"2025-01-17T15:00:41+00:00\" \/>\n<meta property=\"og:image\" content=\"https:\/\/www.erresse-shop.it\/wp-content\/uploads\/2015\/01\/products-1103191-2.jpeg\" \/>\n\t<meta property=\"og:image:width\" content=\"581\" \/>\n\t<meta property=\"og:image:height\" content=\"427\" \/>\n\t<meta property=\"og:image:type\" content=\"image\/jpeg\" \/>\n<meta name=\"twitter:card\" content=\"summary_large_image\" \/>\n<script type=\"application\/ld+json\" class=\"yoast-schema-graph\">{\"@context\":\"https:\/\/schema.org\",\"@graph\":[{\"@type\":\"WebPage\",\"@id\":\"https:\/\/www.erresse-shop.it\/de\/shop\/toepfe-pfannen\/schalldaempfer-und-kokotten\/staub-cocotte-oval-31-cm-dunkelblau\/\",\"url\":\"https:\/\/www.erresse-shop.it\/de\/shop\/toepfe-pfannen\/schalldaempfer-und-kokotten\/staub-cocotte-oval-31-cm-dunkelblau\/\",\"name\":\"STAUB Cocotte Oval 31 cm Dunkelblau\",\"isPartOf\":{\"@id\":\"https:\/\/www.erresse-shop.it\/de\/#website\"},\"datePublished\":\"2012-02-14T21:28:18+00:00\",\"dateModified\":\"2025-01-17T15:00:41+00:00\",\"description\":\"Entdecken Sie STAUB Cocotte Oval 31 cm Dunkelblau bei ErresseShop. Qualit\u00e4t, Stil und Funktionalit\u00e4t \u2013 jetzt online bestellen!\",\"breadcrumb\":{\"@id\":\"https:\/\/www.erresse-shop.it\/de\/shop\/toepfe-pfannen\/schalldaempfer-und-kokotten\/staub-cocotte-oval-31-cm-dunkelblau\/#breadcrumb\"},\"inLanguage\":\"de-DE\",\"potentialAction\":[{\"@type\":\"ReadAction\",\"target\":[\"https:\/\/www.erresse-shop.it\/de\/shop\/toepfe-pfannen\/schalldaempfer-und-kokotten\/staub-cocotte-oval-31-cm-dunkelblau\/\"]}]},{\"@type\":\"BreadcrumbList\",\"@id\":\"https:\/\/www.erresse-shop.it\/de\/shop\/toepfe-pfannen\/schalldaempfer-und-kokotten\/staub-cocotte-oval-31-cm-dunkelblau\/#breadcrumb\",\"itemListElement\":[{\"@type\":\"ListItem\",\"position\":1,\"name\":\"Home\",\"item\":\"https:\/\/www.erresse-shop.it\/de\/\"},{\"@type\":\"ListItem\",\"position\":2,\"name\":\"Shop\",\"item\":\"https:\/\/www.erresse-shop.it\/de\/shop\/\"},{\"@type\":\"ListItem\",\"position\":3,\"name\":\"STAUB Cocotte Oval 31 cm Dunkelblau\"}]},{\"@type\":\"WebSite\",\"@id\":\"https:\/\/www.erresse-shop.it\/de\/#website\",\"url\":\"https:\/\/www.erresse-shop.it\/de\/\",\"name\":\"Erresse Shop\",\"description\":\"Articoli di qualit\u00e0 per la casa\",\"potentialAction\":[{\"@type\":\"SearchAction\",\"target\":{\"@type\":\"EntryPoint\",\"urlTemplate\":\"https:\/\/www.erresse-shop.it\/de\/?s={search_term_string}\"},\"query-input\":\"required name=search_term_string\"}],\"inLanguage\":\"de-DE\"}]}<\/script>\n<!-- \/ Yoast SEO Premium plugin. -->","yoast_head_json":{"title":"STAUB Cocotte Oval 31 cm Dunkelblau","description":"Entdecken Sie STAUB Cocotte Oval 31 cm Dunkelblau bei ErresseShop. Qualit\u00e4t, Stil und Funktionalit\u00e4t \u2013 jetzt online bestellen!","robots":{"index":"index","follow":"follow","max-snippet":"max-snippet:-1","max-image-preview":"max-image-preview:large","max-video-preview":"max-video-preview:-1"},"canonical":"https:\/\/www.erresse-shop.it\/de\/shop\/toepfe-pfannen\/schalldaempfer-und-kokotten\/staub-cocotte-oval-31-cm-dunkelblau\/","og_locale":"de_DE","og_type":"article","og_title":"STAUB Cocotte Oval 31 cm Dunkelblau","og_description":"Entdecken Sie STAUB Cocotte Oval 31 cm Dunkelblau bei ErresseShop. Qualit\u00e4t, Stil und Funktionalit\u00e4t \u2013 jetzt online bestellen!","og_url":"https:\/\/www.erresse-shop.it\/de\/shop\/toepfe-pfannen\/schalldaempfer-und-kokotten\/staub-cocotte-oval-31-cm-dunkelblau\/","og_site_name":"Erresse Shop","article_modified_time":"2025-01-17T15:00:41+00:00","og_image":[{"width":"581","height":"427","url":"https:\/\/www.erresse-shop.it\/wp-content\/uploads\/2015\/01\/products-1103191-2.jpeg","type":"image\/jpeg"}],"twitter_card":"summary_large_image","schema":{"@context":"https:\/\/schema.org","@graph":[{"@type":"WebPage","@id":"https:\/\/www.erresse-shop.it\/de\/shop\/toepfe-pfannen\/schalldaempfer-und-kokotten\/staub-cocotte-oval-31-cm-dunkelblau\/","url":"https:\/\/www.erresse-shop.it\/de\/shop\/toepfe-pfannen\/schalldaempfer-und-kokotten\/staub-cocotte-oval-31-cm-dunkelblau\/","name":"STAUB Cocotte Oval 31 cm Dunkelblau","isPartOf":{"@id":"https:\/\/www.erresse-shop.it\/de\/#website"},"datePublished":"2012-02-14T21:28:18+00:00","dateModified":"2025-01-17T15:00:41+00:00","description":"Entdecken Sie STAUB Cocotte Oval 31 cm Dunkelblau bei ErresseShop. Qualit\u00e4t, Stil und Funktionalit\u00e4t \u2013 jetzt online bestellen!","breadcrumb":{"@id":"https:\/\/www.erresse-shop.it\/de\/shop\/toepfe-pfannen\/schalldaempfer-und-kokotten\/staub-cocotte-oval-31-cm-dunkelblau\/#breadcrumb"},"inLanguage":"de-DE","potentialAction":[{"@type":"ReadAction","target":["https:\/\/www.erresse-shop.it\/de\/shop\/toepfe-pfannen\/schalldaempfer-und-kokotten\/staub-cocotte-oval-31-cm-dunkelblau\/"]}]},{"@type":"BreadcrumbList","@id":"https:\/\/www.erresse-shop.it\/de\/shop\/toepfe-pfannen\/schalldaempfer-und-kokotten\/staub-cocotte-oval-31-cm-dunkelblau\/#breadcrumb","itemListElement":[{"@type":"ListItem","position":1,"name":"Home","item":"https:\/\/www.erresse-shop.it\/de\/"},{"@type":"ListItem","position":2,"name":"Shop","item":"https:\/\/www.erresse-shop.it\/de\/shop\/"},{"@type":"ListItem","position":3,"name":"STAUB Cocotte Oval 31 cm Dunkelblau"}]},{"@type":"WebSite","@id":"https:\/\/www.erresse-shop.it\/de\/#website","url":"https:\/\/www.erresse-shop.it\/de\/","name":"Erresse Shop","description":"Articoli di qualit\u00e0 per la casa","potentialAction":[{"@type":"SearchAction","target":{"@type":"EntryPoint","urlTemplate":"https:\/\/www.erresse-shop.it\/de\/?s={search_term_string}"},"query-input":"required name=search_term_string"}],"inLanguage":"de-DE"}]}},"df_price":179.5,"df_sale_price":179.5,"df_regular_price":359,"df_image_link":"https:\/\/www.erresse-shop.it\/wp-content\/uploads\/2015\/01\/products-1103191-2.jpeg","_links":{"self":[{"href":"https:\/\/www.erresse-shop.it\/de\/wp-json\/wp\/v2\/product\/8735"}],"collection":[{"href":"https:\/\/www.erresse-shop.it\/de\/wp-json\/wp\/v2\/product"}],"about":[{"href":"https:\/\/www.erresse-shop.it\/de\/wp-json\/wp\/v2\/types\/product"}],"wp:featuredmedia":[{"embeddable":true,"href":"https:\/\/www.erresse-shop.it\/de\/wp-json\/wp\/v2\/media\/8736"}],"wp:attachment":[{"href":"https:\/\/www.erresse-shop.it\/de\/wp-json\/wp\/v2\/media?parent=8735"}],"wp:term":[{"taxonomy":"product_cat","embeddable":true,"href":"https:\/\/www.erresse-shop.it\/de\/wp-json\/wp\/v2\/product_cat?post=8735"},{"taxonomy":"product_tag","embeddable":true,"href":"https:\/\/www.erresse-shop.it\/de\/wp-json\/wp\/v2\/product_tag?post=8735"}],"curies":[{"name":"wp","href":"https:\/\/api.w.org\/{rel}","templated":true}]}}