{"id":86709,"date":"2020-12-23T10:34:36","date_gmt":"2020-12-23T10:34:37","guid":{"rendered":"https:\/\/www.erresse-shop.it\/?post_type=product&#038;p=86709"},"modified":"2025-08-16T21:40:07","modified_gmt":"2025-08-16T21:40:07","slug":"emile-henry-geschnittenes-brot-eh799504-fusain","status":"publish","type":"product","link":"https:\/\/www.erresse-shop.it\/de\/shop\/toepfe-pfannen\/brotbackofen\/emile-henry-geschnittenes-brot-eh799504-fusain\/","title":{"rendered":"EMILE HENRY Geschnittenes Brot Fusain"},"content":{"rendered":"<p>Emile Henry wurde 1850 gegr\u00fcndet.<br \/>\nDie Keramik Emile Henry k\u00f6nnen Sie die W\u00e4rme nach und nach f\u00fcr das Kochen bei schwacher Hitze Nahrung, um Aromen und D\u00fcfte sowie die nat\u00fcrlichen Elemente in der Nahrung zu erhalten zu verbreiten.<br \/>\nGesundes Kochen bei niedriger Temperatur des Keramik Emile Henry h\u00e4lt die Aromen, bewahrt die Vitamine und N\u00e4hrwert.<br \/>\nDie Produkte von Emile Henry sind mit nat\u00fcrlichen Bestandteilen hergestellt: Ton unbehandelt f\u00fcr den Teig, Sand, Wasserfilter, Mineraloxide nat\u00fcrlichen Farben. In den von Emile Henry hergestellten Produkte nicht vorhanden sind Schwermetalle gesundheitssch\u00e4dlich: Blei, Cadmium und Nickel frei.<br \/>\nDie Produkte Emile Henry sind resistent gegen St\u00f6\u00dfe und kann mit hohen Temperaturschwankungen eingesetzt werden. Sie k\u00f6nnen in der Sp\u00fclmaschine gereinigt werden.<\/p>\n<p><strong>Geschnittenes Brot 28 x 13 x 12 cm<br \/>\n<\/strong><\/p>\n<p>Das Ergebnis von 2 Jahren der Forschung, wird unser Brot Cloche schnell Ihr bester Freund zu werden!\u00a0Unsere innovative feuerfeste keramische erm\u00f6glicht es Ihnen, eine sch\u00f6ne, dicke Kruste mit einem festen, Licht im Inneren. Entdecken Sie die Freuden der Herstellung von selbstgebackenem Brot, mit originellen und einfachen Rezepten. Die mitgelieferte Rezeptbuch gibt Ihnen Ratschl\u00e4ge und Tipps zum Selbermachen von Brot wie Sie es noch nie zuvor getan! Alle Emile Henry-Produkte werden in Frankreich hergestellt und bieten eine 10 Jahre Garantie.<\/p>\n","protected":false},"excerpt":{"rendered":"<p>Emile Henry wurde 1850 gegr\u00fcndet. Die Keramik Emile Henry k\u00f6nnen Sie die W\u00e4rme nach und nach f\u00fcr das Kochen bei<\/p>\n","protected":false},"featured_media":86718,"template":"","meta":{"_acf_changed":false,"inline_featured_image":false},"product_cat":[6709,26048],"product_tag":[],"acf":[],"yoast_head":"<!-- This site is optimized with the Yoast SEO Premium plugin v18.6 (Yoast SEO v19.13) - https:\/\/yoast.com\/wordpress\/plugins\/seo\/ -->\n<title>EMILE HENRY Geschnittenes Brot EH799504 Fusain<\/title>\n<meta name=\"description\" content=\"Entdecken Sie EMILE HENRY Geschnittenes Brot EH799504 Fusain bei ErresseShop. Qualit\u00e4t, Stil und Funktionalit\u00e4t \u2013 jetzt online bestellen!\" \/>\n<meta name=\"robots\" content=\"index, follow, max-snippet:-1, max-image-preview:large, max-video-preview:-1\" \/>\n<link rel=\"canonical\" href=\"https:\/\/www.erresse-shop.it\/de\/shop\/toepfe-pfannen\/brotbackofen\/emile-henry-geschnittenes-brot-eh799504-fusain\/\" \/>\n<meta property=\"og:locale\" content=\"de_DE\" \/>\n<meta property=\"og:type\" content=\"article\" \/>\n<meta property=\"og:title\" content=\"EMILE HENRY Geschnittenes Brot Fusain\" \/>\n<meta property=\"og:description\" content=\"Entdecken Sie EMILE HENRY Geschnittenes Brot EH799504 Fusain bei ErresseShop. Qualit\u00e4t, Stil und Funktionalit\u00e4t \u2013 jetzt online bestellen!\" \/>\n<meta property=\"og:url\" content=\"https:\/\/www.erresse-shop.it\/de\/shop\/toepfe-pfannen\/brotbackofen\/emile-henry-geschnittenes-brot-eh799504-fusain\/\" \/>\n<meta property=\"og:site_name\" content=\"Erresse Shop\" \/>\n<meta property=\"article:modified_time\" content=\"2025-08-16T21:40:07+00:00\" \/>\n<meta property=\"og:image\" content=\"https:\/\/www.erresse-shop.it\/wp-content\/uploads\/2020\/12\/EH799504.jpg\" \/>\n\t<meta property=\"og:image:width\" content=\"1476\" \/>\n\t<meta property=\"og:image:height\" content=\"1296\" \/>\n\t<meta property=\"og:image:type\" content=\"image\/jpeg\" \/>\n<meta name=\"twitter:card\" content=\"summary_large_image\" \/>\n<script type=\"application\/ld+json\" class=\"yoast-schema-graph\">{\"@context\":\"https:\/\/schema.org\",\"@graph\":[{\"@type\":\"WebPage\",\"@id\":\"https:\/\/www.erresse-shop.it\/de\/shop\/toepfe-pfannen\/brotbackofen\/emile-henry-geschnittenes-brot-eh799504-fusain\/\",\"url\":\"https:\/\/www.erresse-shop.it\/de\/shop\/toepfe-pfannen\/brotbackofen\/emile-henry-geschnittenes-brot-eh799504-fusain\/\",\"name\":\"EMILE HENRY Geschnittenes Brot EH799504 Fusain\",\"isPartOf\":{\"@id\":\"https:\/\/www.erresse-shop.it\/de\/#website\"},\"datePublished\":\"2020-12-23T10:34:37+00:00\",\"dateModified\":\"2025-08-16T21:40:07+00:00\",\"description\":\"Entdecken Sie EMILE HENRY Geschnittenes Brot EH799504 Fusain bei ErresseShop. Qualit\u00e4t, Stil und Funktionalit\u00e4t \u2013 jetzt online bestellen!\",\"breadcrumb\":{\"@id\":\"https:\/\/www.erresse-shop.it\/de\/shop\/toepfe-pfannen\/brotbackofen\/emile-henry-geschnittenes-brot-eh799504-fusain\/#breadcrumb\"},\"inLanguage\":\"de-DE\",\"potentialAction\":[{\"@type\":\"ReadAction\",\"target\":[\"https:\/\/www.erresse-shop.it\/de\/shop\/toepfe-pfannen\/brotbackofen\/emile-henry-geschnittenes-brot-eh799504-fusain\/\"]}]},{\"@type\":\"BreadcrumbList\",\"@id\":\"https:\/\/www.erresse-shop.it\/de\/shop\/toepfe-pfannen\/brotbackofen\/emile-henry-geschnittenes-brot-eh799504-fusain\/#breadcrumb\",\"itemListElement\":[{\"@type\":\"ListItem\",\"position\":1,\"name\":\"Home\",\"item\":\"https:\/\/www.erresse-shop.it\/de\/\"},{\"@type\":\"ListItem\",\"position\":2,\"name\":\"Shop\",\"item\":\"https:\/\/www.erresse-shop.it\/de\/shop\/\"},{\"@type\":\"ListItem\",\"position\":3,\"name\":\"EMILE HENRY Geschnittenes Brot Fusain\"}]},{\"@type\":\"WebSite\",\"@id\":\"https:\/\/www.erresse-shop.it\/de\/#website\",\"url\":\"https:\/\/www.erresse-shop.it\/de\/\",\"name\":\"Erresse Shop\",\"description\":\"Articoli di qualit\u00e0 per la casa\",\"potentialAction\":[{\"@type\":\"SearchAction\",\"target\":{\"@type\":\"EntryPoint\",\"urlTemplate\":\"https:\/\/www.erresse-shop.it\/de\/?s={search_term_string}\"},\"query-input\":\"required name=search_term_string\"}],\"inLanguage\":\"de-DE\"}]}<\/script>\n<!-- \/ Yoast SEO Premium plugin. -->","yoast_head_json":{"title":"EMILE HENRY Geschnittenes Brot EH799504 Fusain","description":"Entdecken Sie EMILE HENRY Geschnittenes Brot EH799504 Fusain bei ErresseShop. Qualit\u00e4t, Stil und Funktionalit\u00e4t \u2013 jetzt online bestellen!","robots":{"index":"index","follow":"follow","max-snippet":"max-snippet:-1","max-image-preview":"max-image-preview:large","max-video-preview":"max-video-preview:-1"},"canonical":"https:\/\/www.erresse-shop.it\/de\/shop\/toepfe-pfannen\/brotbackofen\/emile-henry-geschnittenes-brot-eh799504-fusain\/","og_locale":"de_DE","og_type":"article","og_title":"EMILE HENRY Geschnittenes Brot Fusain","og_description":"Entdecken Sie EMILE HENRY Geschnittenes Brot EH799504 Fusain bei ErresseShop. Qualit\u00e4t, Stil und Funktionalit\u00e4t \u2013 jetzt online bestellen!","og_url":"https:\/\/www.erresse-shop.it\/de\/shop\/toepfe-pfannen\/brotbackofen\/emile-henry-geschnittenes-brot-eh799504-fusain\/","og_site_name":"Erresse Shop","article_modified_time":"2025-08-16T21:40:07+00:00","og_image":[{"width":1476,"height":1296,"url":"https:\/\/www.erresse-shop.it\/wp-content\/uploads\/2020\/12\/EH799504.jpg","type":"image\/jpeg"}],"twitter_card":"summary_large_image","schema":{"@context":"https:\/\/schema.org","@graph":[{"@type":"WebPage","@id":"https:\/\/www.erresse-shop.it\/de\/shop\/toepfe-pfannen\/brotbackofen\/emile-henry-geschnittenes-brot-eh799504-fusain\/","url":"https:\/\/www.erresse-shop.it\/de\/shop\/toepfe-pfannen\/brotbackofen\/emile-henry-geschnittenes-brot-eh799504-fusain\/","name":"EMILE HENRY Geschnittenes Brot EH799504 Fusain","isPartOf":{"@id":"https:\/\/www.erresse-shop.it\/de\/#website"},"datePublished":"2020-12-23T10:34:37+00:00","dateModified":"2025-08-16T21:40:07+00:00","description":"Entdecken Sie EMILE HENRY Geschnittenes Brot EH799504 Fusain bei ErresseShop. Qualit\u00e4t, Stil und Funktionalit\u00e4t \u2013 jetzt online bestellen!","breadcrumb":{"@id":"https:\/\/www.erresse-shop.it\/de\/shop\/toepfe-pfannen\/brotbackofen\/emile-henry-geschnittenes-brot-eh799504-fusain\/#breadcrumb"},"inLanguage":"de-DE","potentialAction":[{"@type":"ReadAction","target":["https:\/\/www.erresse-shop.it\/de\/shop\/toepfe-pfannen\/brotbackofen\/emile-henry-geschnittenes-brot-eh799504-fusain\/"]}]},{"@type":"BreadcrumbList","@id":"https:\/\/www.erresse-shop.it\/de\/shop\/toepfe-pfannen\/brotbackofen\/emile-henry-geschnittenes-brot-eh799504-fusain\/#breadcrumb","itemListElement":[{"@type":"ListItem","position":1,"name":"Home","item":"https:\/\/www.erresse-shop.it\/de\/"},{"@type":"ListItem","position":2,"name":"Shop","item":"https:\/\/www.erresse-shop.it\/de\/shop\/"},{"@type":"ListItem","position":3,"name":"EMILE HENRY Geschnittenes Brot Fusain"}]},{"@type":"WebSite","@id":"https:\/\/www.erresse-shop.it\/de\/#website","url":"https:\/\/www.erresse-shop.it\/de\/","name":"Erresse Shop","description":"Articoli di qualit\u00e0 per la casa","potentialAction":[{"@type":"SearchAction","target":{"@type":"EntryPoint","urlTemplate":"https:\/\/www.erresse-shop.it\/de\/?s={search_term_string}"},"query-input":"required name=search_term_string"}],"inLanguage":"de-DE"}]}},"df_price":79.95,"df_sale_price":79.95,"df_regular_price":107.5,"df_image_link":"https:\/\/www.erresse-shop.it\/wp-content\/uploads\/2020\/12\/EH799504-300x263.jpg","_links":{"self":[{"href":"https:\/\/www.erresse-shop.it\/de\/wp-json\/wp\/v2\/product\/86709"}],"collection":[{"href":"https:\/\/www.erresse-shop.it\/de\/wp-json\/wp\/v2\/product"}],"about":[{"href":"https:\/\/www.erresse-shop.it\/de\/wp-json\/wp\/v2\/types\/product"}],"wp:featuredmedia":[{"embeddable":true,"href":"https:\/\/www.erresse-shop.it\/de\/wp-json\/wp\/v2\/media\/86718"}],"wp:attachment":[{"href":"https:\/\/www.erresse-shop.it\/de\/wp-json\/wp\/v2\/media?parent=86709"}],"wp:term":[{"taxonomy":"product_cat","embeddable":true,"href":"https:\/\/www.erresse-shop.it\/de\/wp-json\/wp\/v2\/product_cat?post=86709"},{"taxonomy":"product_tag","embeddable":true,"href":"https:\/\/www.erresse-shop.it\/de\/wp-json\/wp\/v2\/product_tag?post=86709"}],"curies":[{"name":"wp","href":"https:\/\/api.w.org\/{rel}","templated":true}]}}