{"id":85599,"date":"2020-12-14T19:39:47","date_gmt":"2020-12-14T19:39:49","guid":{"rendered":"https:\/\/www.erresse-shop.it\/?post_type=product&#038;p=85599"},"modified":"2025-01-17T15:46:55","modified_gmt":"2025-01-17T15:46:55","slug":"staub-cocotte-oval-cocotte-blue-la-mer-37cm","status":"publish","type":"product","link":"https:\/\/www.erresse-shop.it\/de\/shop\/toepfe-pfannen\/schalldaempfer-und-kokotten\/staub-cocotte-oval-cocotte-blue-la-mer-37cm\/","title":{"rendered":"STAUB Cocotte Oval 37 cm La Mer"},"content":{"rendered":"<p>Gusseisen-Kochgeschirr von Staub ist die bevorzugte Marke f\u00fcr viele professionelle K\u00f6che, darunter auch Paul Bocuse. Sie sind f\u00fcr alle Herdarten, auch f\u00fcr Induktion, geeignet und k\u00f6nnen direkt nach dem Herausnehmen vom Herd direkt auf den Tisch gebracht werden. So bleiben die Gerichte lange hei\u00df und k\u00f6nnen stilvoll serviert werden. Dank der innovativen Struktur des unteren Teils des Deckels bildet sich w\u00e4hrend des Garvorgangs Kondenswasser, das dann mit den Aromen gleichm\u00e4\u00dfig auf das Gericht tropft. Es handelt sich um Pfannen f\u00fcr Profi- und Laienk\u00f6che, aber auch f\u00fcr neugierige Einsteiger, die die Vorz\u00fcge einer gesunden und schmackhaften K\u00fcche entdecken m\u00f6chten.<\/p>\n<p>Gusseisen ist ein hochwertiges Material, das die W\u00e4rme mehr als jedes andere Material speichert, sie allm\u00e4hlich verteilt und auf vollkommen homogene Weise verteilt, was ein perfektes Garen erm\u00f6glicht. Staub bietet alle Vorteile einer modernen K\u00fcche.<br \/>\nHergestellt in Frankreich: Traditionelle und authentische franz\u00f6sische Handwerkskunst mit innovativem Farb-Know-how.<br \/>\nInnovation: Durch den perfekten Verschluss des Deckels auf der Cocotte kommt es beim Garen zu weniger Feuchtigkeitsverlusten.<br \/>\nEs wurde nachgewiesen, dass im Inneren einer Kokotte von Staub nach 55 Minuten Garzeit 10 % mehr Luftfeuchtigkeit verbleibt als bei Konkurrenzprodukten.<br \/>\nDar\u00fcber hinaus sorgt das Spr\u00fchsystem, das aus zahlreichen Halbkugeln besteht, die auf der flachen Innenfl\u00e4che des Deckels verteilt sind, f\u00fcr einen \u201eWassertropfen\u201c-Effekt, der kontinuierlich auf die Lebensmittel in der Kokotte f\u00e4llt. Der Spr\u00fchzyklus erm\u00f6glicht es Ihnen, alle Aromen und N\u00e4hrwerte der Zutaten zu bewahren.<br \/>\nMaterial: Innenseite aus mattschwarzer Emaille zum Schmoren und Braten ohne Ankleben. Weitere wichtige Vorteile sind die einfache Reinigung und die Best\u00e4ndigkeit im Laufe der Zeit dank der hohen Kratz- und Temperaturbest\u00e4ndigkeit.<\/p>\n<p>Ideale L\u00f6sung f\u00fcr alle W\u00e4rmequellen: Perfekt f\u00fcr alle W\u00e4rmequellen. Jede Cocotte ist mit einer hochwertigen Emaille \u00fcberzogen, die eine h\u00f6here Best\u00e4ndigkeit gegen Temperaturschocks und Kratzer erm\u00f6glicht.<\/p>\n","protected":false},"excerpt":{"rendered":"<p>Gusseisen-Kochgeschirr von Staub ist die bevorzugte Marke f\u00fcr viele professionelle K\u00f6che, darunter auch Paul Bocuse. Sie sind f\u00fcr alle Herdarten,<\/p>\n","protected":false},"featured_media":85605,"template":"","meta":{"_acf_changed":false,"inline_featured_image":false},"product_cat":[6709,14793],"product_tag":[11387,11381,11385,12315,12205],"acf":[],"yoast_head":"<!-- This site is optimized with the Yoast SEO Premium plugin v18.6 (Yoast SEO v19.13) - https:\/\/yoast.com\/wordpress\/plugins\/seo\/ -->\n<title>STAUB Cocotte Oval 37 cm La Mer<\/title>\n<meta name=\"description\" content=\"Entdecken Sie STAUB Cocotte Oval 37 cm La Mer bei ErresseShop. Qualit\u00e4t, Stil und Funktionalit\u00e4t \u2013 jetzt online bestellen!\" \/>\n<meta name=\"robots\" content=\"index, follow, max-snippet:-1, max-image-preview:large, max-video-preview:-1\" \/>\n<link rel=\"canonical\" href=\"https:\/\/www.erresse-shop.it\/de\/shop\/toepfe-pfannen\/schalldaempfer-und-kokotten\/staub-cocotte-oval-cocotte-blue-la-mer-37cm\/\" \/>\n<meta property=\"og:locale\" content=\"de_DE\" \/>\n<meta property=\"og:type\" content=\"article\" \/>\n<meta property=\"og:title\" content=\"STAUB Cocotte Oval 37 cm La Mer\" \/>\n<meta property=\"og:description\" content=\"Entdecken Sie STAUB Cocotte Oval 37 cm La Mer bei ErresseShop. Qualit\u00e4t, Stil und Funktionalit\u00e4t \u2013 jetzt online bestellen!\" \/>\n<meta property=\"og:url\" content=\"https:\/\/www.erresse-shop.it\/de\/shop\/toepfe-pfannen\/schalldaempfer-und-kokotten\/staub-cocotte-oval-cocotte-blue-la-mer-37cm\/\" \/>\n<meta property=\"og:site_name\" content=\"Erresse Shop\" \/>\n<meta property=\"article:modified_time\" content=\"2025-01-17T15:46:55+00:00\" \/>\n<meta property=\"og:image\" content=\"https:\/\/www.erresse-shop.it\/wp-content\/uploads\/2020\/12\/37-blu-la-mer-2.jpg\" \/>\n\t<meta property=\"og:image:width\" content=\"1269\" \/>\n\t<meta property=\"og:image:height\" content=\"800\" \/>\n\t<meta property=\"og:image:type\" content=\"image\/jpeg\" \/>\n<meta name=\"twitter:card\" content=\"summary_large_image\" \/>\n<script type=\"application\/ld+json\" class=\"yoast-schema-graph\">{\"@context\":\"https:\/\/schema.org\",\"@graph\":[{\"@type\":\"WebPage\",\"@id\":\"https:\/\/www.erresse-shop.it\/de\/shop\/toepfe-pfannen\/schalldaempfer-und-kokotten\/staub-cocotte-oval-cocotte-blue-la-mer-37cm\/\",\"url\":\"https:\/\/www.erresse-shop.it\/de\/shop\/toepfe-pfannen\/schalldaempfer-und-kokotten\/staub-cocotte-oval-cocotte-blue-la-mer-37cm\/\",\"name\":\"STAUB Cocotte Oval 37 cm La Mer\",\"isPartOf\":{\"@id\":\"https:\/\/www.erresse-shop.it\/de\/#website\"},\"datePublished\":\"2020-12-14T19:39:49+00:00\",\"dateModified\":\"2025-01-17T15:46:55+00:00\",\"description\":\"Entdecken Sie STAUB Cocotte Oval 37 cm La Mer bei ErresseShop. Qualit\u00e4t, Stil und Funktionalit\u00e4t \u2013 jetzt online bestellen!\",\"breadcrumb\":{\"@id\":\"https:\/\/www.erresse-shop.it\/de\/shop\/toepfe-pfannen\/schalldaempfer-und-kokotten\/staub-cocotte-oval-cocotte-blue-la-mer-37cm\/#breadcrumb\"},\"inLanguage\":\"de-DE\",\"potentialAction\":[{\"@type\":\"ReadAction\",\"target\":[\"https:\/\/www.erresse-shop.it\/de\/shop\/toepfe-pfannen\/schalldaempfer-und-kokotten\/staub-cocotte-oval-cocotte-blue-la-mer-37cm\/\"]}]},{\"@type\":\"BreadcrumbList\",\"@id\":\"https:\/\/www.erresse-shop.it\/de\/shop\/toepfe-pfannen\/schalldaempfer-und-kokotten\/staub-cocotte-oval-cocotte-blue-la-mer-37cm\/#breadcrumb\",\"itemListElement\":[{\"@type\":\"ListItem\",\"position\":1,\"name\":\"Home\",\"item\":\"https:\/\/www.erresse-shop.it\/de\/\"},{\"@type\":\"ListItem\",\"position\":2,\"name\":\"Shop\",\"item\":\"https:\/\/www.erresse-shop.it\/de\/shop\/\"},{\"@type\":\"ListItem\",\"position\":3,\"name\":\"STAUB Cocotte Oval 37 cm La Mer\"}]},{\"@type\":\"WebSite\",\"@id\":\"https:\/\/www.erresse-shop.it\/de\/#website\",\"url\":\"https:\/\/www.erresse-shop.it\/de\/\",\"name\":\"Erresse Shop\",\"description\":\"Articoli di qualit\u00e0 per la casa\",\"potentialAction\":[{\"@type\":\"SearchAction\",\"target\":{\"@type\":\"EntryPoint\",\"urlTemplate\":\"https:\/\/www.erresse-shop.it\/de\/?s={search_term_string}\"},\"query-input\":\"required name=search_term_string\"}],\"inLanguage\":\"de-DE\"}]}<\/script>\n<!-- \/ Yoast SEO Premium plugin. -->","yoast_head_json":{"title":"STAUB Cocotte Oval 37 cm La Mer","description":"Entdecken Sie STAUB Cocotte Oval 37 cm La Mer bei ErresseShop. Qualit\u00e4t, Stil und Funktionalit\u00e4t \u2013 jetzt online bestellen!","robots":{"index":"index","follow":"follow","max-snippet":"max-snippet:-1","max-image-preview":"max-image-preview:large","max-video-preview":"max-video-preview:-1"},"canonical":"https:\/\/www.erresse-shop.it\/de\/shop\/toepfe-pfannen\/schalldaempfer-und-kokotten\/staub-cocotte-oval-cocotte-blue-la-mer-37cm\/","og_locale":"de_DE","og_type":"article","og_title":"STAUB Cocotte Oval 37 cm La Mer","og_description":"Entdecken Sie STAUB Cocotte Oval 37 cm La Mer bei ErresseShop. Qualit\u00e4t, Stil und Funktionalit\u00e4t \u2013 jetzt online bestellen!","og_url":"https:\/\/www.erresse-shop.it\/de\/shop\/toepfe-pfannen\/schalldaempfer-und-kokotten\/staub-cocotte-oval-cocotte-blue-la-mer-37cm\/","og_site_name":"Erresse Shop","article_modified_time":"2025-01-17T15:46:55+00:00","og_image":[{"width":1269,"height":800,"url":"https:\/\/www.erresse-shop.it\/wp-content\/uploads\/2020\/12\/37-blu-la-mer-2.jpg","type":"image\/jpeg"}],"twitter_card":"summary_large_image","schema":{"@context":"https:\/\/schema.org","@graph":[{"@type":"WebPage","@id":"https:\/\/www.erresse-shop.it\/de\/shop\/toepfe-pfannen\/schalldaempfer-und-kokotten\/staub-cocotte-oval-cocotte-blue-la-mer-37cm\/","url":"https:\/\/www.erresse-shop.it\/de\/shop\/toepfe-pfannen\/schalldaempfer-und-kokotten\/staub-cocotte-oval-cocotte-blue-la-mer-37cm\/","name":"STAUB Cocotte Oval 37 cm La Mer","isPartOf":{"@id":"https:\/\/www.erresse-shop.it\/de\/#website"},"datePublished":"2020-12-14T19:39:49+00:00","dateModified":"2025-01-17T15:46:55+00:00","description":"Entdecken Sie STAUB Cocotte Oval 37 cm La Mer bei ErresseShop. Qualit\u00e4t, Stil und Funktionalit\u00e4t \u2013 jetzt online bestellen!","breadcrumb":{"@id":"https:\/\/www.erresse-shop.it\/de\/shop\/toepfe-pfannen\/schalldaempfer-und-kokotten\/staub-cocotte-oval-cocotte-blue-la-mer-37cm\/#breadcrumb"},"inLanguage":"de-DE","potentialAction":[{"@type":"ReadAction","target":["https:\/\/www.erresse-shop.it\/de\/shop\/toepfe-pfannen\/schalldaempfer-und-kokotten\/staub-cocotte-oval-cocotte-blue-la-mer-37cm\/"]}]},{"@type":"BreadcrumbList","@id":"https:\/\/www.erresse-shop.it\/de\/shop\/toepfe-pfannen\/schalldaempfer-und-kokotten\/staub-cocotte-oval-cocotte-blue-la-mer-37cm\/#breadcrumb","itemListElement":[{"@type":"ListItem","position":1,"name":"Home","item":"https:\/\/www.erresse-shop.it\/de\/"},{"@type":"ListItem","position":2,"name":"Shop","item":"https:\/\/www.erresse-shop.it\/de\/shop\/"},{"@type":"ListItem","position":3,"name":"STAUB Cocotte Oval 37 cm La Mer"}]},{"@type":"WebSite","@id":"https:\/\/www.erresse-shop.it\/de\/#website","url":"https:\/\/www.erresse-shop.it\/de\/","name":"Erresse Shop","description":"Articoli di qualit\u00e0 per la casa","potentialAction":[{"@type":"SearchAction","target":{"@type":"EntryPoint","urlTemplate":"https:\/\/www.erresse-shop.it\/de\/?s={search_term_string}"},"query-input":"required name=search_term_string"}],"inLanguage":"de-DE"}]}},"df_price":179.5,"df_sale_price":179.5,"df_regular_price":359,"df_image_link":"https:\/\/www.erresse-shop.it\/wp-content\/uploads\/2020\/12\/37-blu-la-mer-2-300x189.jpg","_links":{"self":[{"href":"https:\/\/www.erresse-shop.it\/de\/wp-json\/wp\/v2\/product\/85599"}],"collection":[{"href":"https:\/\/www.erresse-shop.it\/de\/wp-json\/wp\/v2\/product"}],"about":[{"href":"https:\/\/www.erresse-shop.it\/de\/wp-json\/wp\/v2\/types\/product"}],"wp:featuredmedia":[{"embeddable":true,"href":"https:\/\/www.erresse-shop.it\/de\/wp-json\/wp\/v2\/media\/85605"}],"wp:attachment":[{"href":"https:\/\/www.erresse-shop.it\/de\/wp-json\/wp\/v2\/media?parent=85599"}],"wp:term":[{"taxonomy":"product_cat","embeddable":true,"href":"https:\/\/www.erresse-shop.it\/de\/wp-json\/wp\/v2\/product_cat?post=85599"},{"taxonomy":"product_tag","embeddable":true,"href":"https:\/\/www.erresse-shop.it\/de\/wp-json\/wp\/v2\/product_tag?post=85599"}],"curies":[{"name":"wp","href":"https:\/\/api.w.org\/{rel}","templated":true}]}}