{"id":8207,"date":"2012-01-29T09:57:47","date_gmt":"2012-01-29T09:57:47","guid":{"rendered":"https:\/\/www.erresse-shop.it\/?post_type=product&#038;p=8207"},"modified":"2025-01-22T07:15:20","modified_gmt":"2025-01-22T07:15:20","slug":"zwilling-messerblock-bambus-professional-s-7stk","status":"publish","type":"product","link":"https:\/\/www.erresse-shop.it\/de\/shop\/kuche\/messer\/zwilling-messerblock-bambus-professional-s-7stk\/","title":{"rendered":"ZWILLING Messerblock Bambus Professional S 7stk"},"content":{"rendered":"<p><strong>PROFESSIONALS:<\/strong> Ein Klassiker f\u00fcr die professionelle K\u00fcche. Traditionelle und klassisch. Die K\u00f6che aus der ganzen Welt vertrauen auf die Qualit\u00e4t und Tradition dieser genieteten Messerserie.<\/p>\n<p>TRADITIONELL UND KLASSISCH<br \/>\nProfik\u00f6che weltweit vertrauen auf die Qualit\u00e4t und Tradition dieser genieteten Messerserie. Durchgehender Stahl und fugenlose Verarbeitung bieten optimale Balance und sichere Handhabung.<\/p>\n<p>\u2022 QUALIT\u00c4T:<br \/>\nDas ZWILLING J.A. HENCKELS Sonderschmelze besticht durch die optimale Balance von Chrom- und Kohlenstoffgehalt &#8211; das Geheimnis eines besonders hochwertigen Stahles. FRIODUR gekennzeichnete Messer wurden eisgeh\u00e4rtet, um ihre Qualit\u00e4t zu verbessern. Sie haben au\u00dferordentlich schnitthaltig, sind korrosionsbest\u00e4ndig und flexibel.<\/p>\n<p>\u2022 FUNKTION:<br \/>\nDer Kropf sorgt f\u00fcr die richtige Balance. Zus\u00e4tzlich als Fingerschutz verhindert er zudem das Abrutschen der Finger auf die Klinge.<\/p>\n<p>\u2022 PR\u00c4ZISION:<br \/>\nSIGMAFORGE Messer, pr\u00e4zisionsgeschmiedet aus einem St\u00fcck f\u00fcr eine einwandfreie Geometrie. Die Grundvoraussetzung f\u00fcr exakten Schliff und beste Schneideigenschaften.<\/p>\n<p>\u2022 HANDLING:<br \/>\nDer \u00dcbergang von Kropf zu Griff sorgt f\u00fcr eine einfache Handhabung.<\/p>\n<p>\u2022 HIGHLIGHT:<br \/>\nDer Klassiker f\u00fcr die professionelle K\u00fcche. Das 3-Nieten-Design mit durchgehendem Erl besticht durch seine optimale Balance.<\/p>\n<p>Inhalt:<br \/>\n\u2022 31020-100-1 Gem\u00fcsemesser 100mm<br \/>\n\u2022 31025-130-1 Allzweckmesser 130mm<br \/>\n\u2022 31021-200-1 Kochmesser 200 mm<br \/>\n\u2022 31026-200-1 Brotmesser 200mm<br \/>\n\u2022 Wetzstahl (Kunststoff-Griff, schwarz) 230 mm (9 &#8220;)<br \/>\n\u2022 Vielzweckschere 205 mm (8 &#8220;)<\/p>\n","protected":false},"excerpt":{"rendered":"<p>PROFESSIONALS: Ein Klassiker f\u00fcr die professionelle K\u00fcche. Traditionelle und klassisch. Die K\u00f6che aus der ganzen Welt vertrauen auf die Qualit\u00e4t<\/p>\n","protected":false},"featured_media":113531,"template":"","meta":{"_acf_changed":false,"inline_featured_image":false},"product_cat":[6742,6706,6763],"product_tag":[11395,11407,11397,11405],"acf":[],"yoast_head":"<!-- This site is optimized with the Yoast SEO Premium plugin v18.6 (Yoast SEO v19.13) - https:\/\/yoast.com\/wordpress\/plugins\/seo\/ -->\n<title>ZWILLING Messerblock Bambus Professional S 7stk<\/title>\n<meta name=\"description\" content=\"Entdecken Sie ZWILLING Messerblock Bambus Professional S 7stk bei ErresseShop. Qualit\u00e4t, Stil und Funktionalit\u00e4t \u2013 jetzt online bestellen!\" \/>\n<meta name=\"robots\" content=\"index, follow, max-snippet:-1, max-image-preview:large, max-video-preview:-1\" \/>\n<link rel=\"canonical\" href=\"https:\/\/www.erresse-shop.it\/de\/shop\/kuche\/messer\/zwilling-messerblock-bambus-professional-s-7stk\/\" \/>\n<meta property=\"og:locale\" content=\"de_DE\" \/>\n<meta property=\"og:type\" content=\"article\" \/>\n<meta property=\"og:title\" content=\"ZWILLING Messerblock Bambus Professional S 7stk\" \/>\n<meta property=\"og:description\" content=\"Entdecken Sie ZWILLING Messerblock Bambus Professional S 7stk bei ErresseShop. Qualit\u00e4t, Stil und Funktionalit\u00e4t \u2013 jetzt online bestellen!\" \/>\n<meta property=\"og:url\" content=\"https:\/\/www.erresse-shop.it\/de\/shop\/kuche\/messer\/zwilling-messerblock-bambus-professional-s-7stk\/\" \/>\n<meta property=\"og:site_name\" content=\"Erresse Shop\" \/>\n<meta property=\"article:modified_time\" content=\"2025-01-22T07:15:20+00:00\" \/>\n<meta property=\"og:image\" content=\"https:\/\/www.erresse-shop.it\/wp-content\/uploads\/2012\/01\/ZWILLING-Professional-S-7-1.jpg\" \/>\n\t<meta property=\"og:image:width\" content=\"1000\" \/>\n\t<meta property=\"og:image:height\" content=\"1000\" \/>\n\t<meta property=\"og:image:type\" content=\"image\/jpeg\" \/>\n<meta name=\"twitter:card\" content=\"summary_large_image\" \/>\n<script type=\"application\/ld+json\" class=\"yoast-schema-graph\">{\"@context\":\"https:\/\/schema.org\",\"@graph\":[{\"@type\":\"WebPage\",\"@id\":\"https:\/\/www.erresse-shop.it\/de\/shop\/kuche\/messer\/zwilling-messerblock-bambus-professional-s-7stk\/\",\"url\":\"https:\/\/www.erresse-shop.it\/de\/shop\/kuche\/messer\/zwilling-messerblock-bambus-professional-s-7stk\/\",\"name\":\"ZWILLING Messerblock Bambus Professional S 7stk\",\"isPartOf\":{\"@id\":\"https:\/\/www.erresse-shop.it\/de\/#website\"},\"datePublished\":\"2012-01-29T09:57:47+00:00\",\"dateModified\":\"2025-01-22T07:15:20+00:00\",\"description\":\"Entdecken Sie ZWILLING Messerblock Bambus Professional S 7stk bei ErresseShop. Qualit\u00e4t, Stil und Funktionalit\u00e4t \u2013 jetzt online bestellen!\",\"breadcrumb\":{\"@id\":\"https:\/\/www.erresse-shop.it\/de\/shop\/kuche\/messer\/zwilling-messerblock-bambus-professional-s-7stk\/#breadcrumb\"},\"inLanguage\":\"de-DE\",\"potentialAction\":[{\"@type\":\"ReadAction\",\"target\":[\"https:\/\/www.erresse-shop.it\/de\/shop\/kuche\/messer\/zwilling-messerblock-bambus-professional-s-7stk\/\"]}]},{\"@type\":\"BreadcrumbList\",\"@id\":\"https:\/\/www.erresse-shop.it\/de\/shop\/kuche\/messer\/zwilling-messerblock-bambus-professional-s-7stk\/#breadcrumb\",\"itemListElement\":[{\"@type\":\"ListItem\",\"position\":1,\"name\":\"Home\",\"item\":\"https:\/\/www.erresse-shop.it\/de\/\"},{\"@type\":\"ListItem\",\"position\":2,\"name\":\"Shop\",\"item\":\"https:\/\/www.erresse-shop.it\/de\/shop\/\"},{\"@type\":\"ListItem\",\"position\":3,\"name\":\"ZWILLING Messerblock Bambus Professional S 7stk\"}]},{\"@type\":\"WebSite\",\"@id\":\"https:\/\/www.erresse-shop.it\/de\/#website\",\"url\":\"https:\/\/www.erresse-shop.it\/de\/\",\"name\":\"Erresse Shop\",\"description\":\"Articoli di qualit\u00e0 per la casa\",\"potentialAction\":[{\"@type\":\"SearchAction\",\"target\":{\"@type\":\"EntryPoint\",\"urlTemplate\":\"https:\/\/www.erresse-shop.it\/de\/?s={search_term_string}\"},\"query-input\":\"required name=search_term_string\"}],\"inLanguage\":\"de-DE\"}]}<\/script>\n<!-- \/ Yoast SEO Premium plugin. -->","yoast_head_json":{"title":"ZWILLING Messerblock Bambus Professional S 7stk","description":"Entdecken Sie ZWILLING Messerblock Bambus Professional S 7stk bei ErresseShop. Qualit\u00e4t, Stil und Funktionalit\u00e4t \u2013 jetzt online bestellen!","robots":{"index":"index","follow":"follow","max-snippet":"max-snippet:-1","max-image-preview":"max-image-preview:large","max-video-preview":"max-video-preview:-1"},"canonical":"https:\/\/www.erresse-shop.it\/de\/shop\/kuche\/messer\/zwilling-messerblock-bambus-professional-s-7stk\/","og_locale":"de_DE","og_type":"article","og_title":"ZWILLING Messerblock Bambus Professional S 7stk","og_description":"Entdecken Sie ZWILLING Messerblock Bambus Professional S 7stk bei ErresseShop. Qualit\u00e4t, Stil und Funktionalit\u00e4t \u2013 jetzt online bestellen!","og_url":"https:\/\/www.erresse-shop.it\/de\/shop\/kuche\/messer\/zwilling-messerblock-bambus-professional-s-7stk\/","og_site_name":"Erresse Shop","article_modified_time":"2025-01-22T07:15:20+00:00","og_image":[{"width":1000,"height":1000,"url":"https:\/\/www.erresse-shop.it\/wp-content\/uploads\/2012\/01\/ZWILLING-Professional-S-7-1.jpg","type":"image\/jpeg"}],"twitter_card":"summary_large_image","schema":{"@context":"https:\/\/schema.org","@graph":[{"@type":"WebPage","@id":"https:\/\/www.erresse-shop.it\/de\/shop\/kuche\/messer\/zwilling-messerblock-bambus-professional-s-7stk\/","url":"https:\/\/www.erresse-shop.it\/de\/shop\/kuche\/messer\/zwilling-messerblock-bambus-professional-s-7stk\/","name":"ZWILLING Messerblock Bambus Professional S 7stk","isPartOf":{"@id":"https:\/\/www.erresse-shop.it\/de\/#website"},"datePublished":"2012-01-29T09:57:47+00:00","dateModified":"2025-01-22T07:15:20+00:00","description":"Entdecken Sie ZWILLING Messerblock Bambus Professional S 7stk bei ErresseShop. Qualit\u00e4t, Stil und Funktionalit\u00e4t \u2013 jetzt online bestellen!","breadcrumb":{"@id":"https:\/\/www.erresse-shop.it\/de\/shop\/kuche\/messer\/zwilling-messerblock-bambus-professional-s-7stk\/#breadcrumb"},"inLanguage":"de-DE","potentialAction":[{"@type":"ReadAction","target":["https:\/\/www.erresse-shop.it\/de\/shop\/kuche\/messer\/zwilling-messerblock-bambus-professional-s-7stk\/"]}]},{"@type":"BreadcrumbList","@id":"https:\/\/www.erresse-shop.it\/de\/shop\/kuche\/messer\/zwilling-messerblock-bambus-professional-s-7stk\/#breadcrumb","itemListElement":[{"@type":"ListItem","position":1,"name":"Home","item":"https:\/\/www.erresse-shop.it\/de\/"},{"@type":"ListItem","position":2,"name":"Shop","item":"https:\/\/www.erresse-shop.it\/de\/shop\/"},{"@type":"ListItem","position":3,"name":"ZWILLING Messerblock Bambus Professional S 7stk"}]},{"@type":"WebSite","@id":"https:\/\/www.erresse-shop.it\/de\/#website","url":"https:\/\/www.erresse-shop.it\/de\/","name":"Erresse Shop","description":"Articoli di qualit\u00e0 per la casa","potentialAction":[{"@type":"SearchAction","target":{"@type":"EntryPoint","urlTemplate":"https:\/\/www.erresse-shop.it\/de\/?s={search_term_string}"},"query-input":"required name=search_term_string"}],"inLanguage":"de-DE"}]}},"df_price":164.5,"df_sale_price":164.5,"df_regular_price":329,"df_image_link":"https:\/\/www.erresse-shop.it\/wp-content\/uploads\/2012\/01\/ZWILLING-Professional-S-7-1-300x300.jpg","_links":{"self":[{"href":"https:\/\/www.erresse-shop.it\/de\/wp-json\/wp\/v2\/product\/8207"}],"collection":[{"href":"https:\/\/www.erresse-shop.it\/de\/wp-json\/wp\/v2\/product"}],"about":[{"href":"https:\/\/www.erresse-shop.it\/de\/wp-json\/wp\/v2\/types\/product"}],"wp:featuredmedia":[{"embeddable":true,"href":"https:\/\/www.erresse-shop.it\/de\/wp-json\/wp\/v2\/media\/113531"}],"wp:attachment":[{"href":"https:\/\/www.erresse-shop.it\/de\/wp-json\/wp\/v2\/media?parent=8207"}],"wp:term":[{"taxonomy":"product_cat","embeddable":true,"href":"https:\/\/www.erresse-shop.it\/de\/wp-json\/wp\/v2\/product_cat?post=8207"},{"taxonomy":"product_tag","embeddable":true,"href":"https:\/\/www.erresse-shop.it\/de\/wp-json\/wp\/v2\/product_tag?post=8207"}],"curies":[{"name":"wp","href":"https:\/\/api.w.org\/{rel}","templated":true}]}}