{"id":8178,"date":"2012-01-26T17:18:32","date_gmt":"2012-01-26T17:18:32","guid":{"rendered":"https:\/\/www.erresse-shop.it\/?post_type=product&#038;p=8178"},"modified":"2025-01-22T07:21:51","modified_gmt":"2025-01-22T07:21:51","slug":"dualit-2-slot-toaster-newgen-edelstahl","status":"publish","type":"product","link":"https:\/\/www.erresse-shop.it\/de\/shop\/kuche\/dualit-2-slot-toaster-newgen-edelstahl\/","title":{"rendered":"DUALIT 2 Slot Toaster &#8220;NewGen&#8221; Edelstahl"},"content":{"rendered":"<p>Dualit Erfolg liegt in einer zielstrebigen Vision f\u00fcr das Unternehmen und seine Produkte, die seit Max Gort-Barten nicht ge\u00e4ndert hat das Unternehmen wieder in den 1940er Jahren begonnen. Das Ethos des Unternehmens l\u00e4sst sich in diesen Leits\u00e4tzen zusammengefasst werden:<br \/>\nDualit Qualit\u00e4t: Viele Unternehmen \u00fcber Qualit\u00e4t reden; f\u00fcr Dualit ist es ein wesentlicher Bestandteil des Gesch\u00e4fts. Unsere Qualit\u00e4tspolitik besteht Mitarbeitern und Lieferanten einen Rahmen zu schaffen, die sie liefern unsere Versprechen gegen\u00fcber den Kunden gew\u00e4hrleistet, ob Produkt oder eine Dienstleistung im Zusammenhang. Sein Erfolg ist eine Folge von mehreren wichtigen Faktoren &#8211; ein kontinuierlicher Prozess der \u00dcberwachung und Verbesserung der Gesch\u00e4ftsleitung &#8220;Champions&#8221;, Lieferantenbeziehungen, die als echte Partnerschaften arbeiten, und Mitarbeiter, die oft als &#8220;gehen die extra Meile&#8221; zum Nutzen ihrer Kunden.<br \/>\nDualit Responsability: Unsere Kunden haben hohe Erwartungen in Bezug auf unsere ethischen Standards und wir m\u00fcssen wir diesen Erwartungen gerecht zu gew\u00e4hrleisten. Aus diesem Grund haben Dualit eine Ethische Grunds\u00e4tze Verfahren implementiert, die auf internationalen Standards wie den Konventionen der Internationalen Arbeitsorganisation beruht. Wir besuchen regelm\u00e4\u00dfig unsere Lieferanten und Website-Inspektionen und Audits die Einhaltung unserer Standards zu gew\u00e4hrleisten.<br \/>\nUmwelt Dualit: Dualit ist sich ihrer Verantwortung f\u00fcr die Umwelt und wir haben Verfahren umgesetzt Verschmutzung zu verhindern, Abf\u00e4lle zu minimieren, unsere Emissionen zu reduzieren und Risiken und Gefahren zu verwalten. Wir arbeiten daran, den Energieverbrauch unserer Produkte zu reduzieren, und wir beide unserer eigenen Abf\u00e4lle und die unserer Kunden aktiv f\u00f6rdern das Recycling mit dem Ziel, die H\u00f6he der Reduzierung in Deponien.<\/p>\n<p>60 Jahre auf, und wie einfallsreich und charismatisch wie eh und je:<br \/>\nVon der ersten Flip-seitig Toaster 1946 durch das stetige Wachstum eines kommerziellen Produktpalette in den 1950er und 60er Jahren zu seiner Explosion auf den Consumer-Markt in den sp\u00e4ten 70er Jahren hat Dualit treu geblieben Max Gort-Barten urspr\u00fcnglicher Vision.<br \/>\nHeute ist das Unternehmen weiterhin professionelle und angehende K\u00f6che mit einer breiten Palette von K\u00fcchenger\u00e4ten zur Verf\u00fcgung zu stellen.<\/p>\n<p><strong>Toast f\u00fcr zwei:<\/strong><\/p>\n<p>Der 2-Slot NewGen Toaster ist Dualit der kompakteste Toaster. Es bietet alle Styling und Funktionalit\u00e4t, die Sie von einem Dualit Toaster erwarten, zusammen mit den zus\u00e4tzlichen Merkmalen eines Auftaustufe f\u00fcr gefrorenes Brot und die M\u00f6glichkeit, auf Toast Br\u00f6tchen und Bagels. Die Auswahlsteuerung erm\u00f6glicht es Ihnen, eine oder beide Schlitze zu erhitzen.<\/p>\n<p>Sandwich-K\u00e4fig nicht im Lieferumfang enthalten<\/p>\n<p><u style=\"font-size: 13px; line-height: 20.8px;\"><strong>Not for sale outside from Europe<\/strong><\/u><\/p>\n","protected":false},"excerpt":{"rendered":"<p>Dualit Erfolg liegt in einer zielstrebigen Vision f\u00fcr das Unternehmen und seine Produkte, die seit Max Gort-Barten nicht ge\u00e4ndert hat<\/p>\n","protected":false},"featured_media":8179,"template":"","meta":{"_acf_changed":false,"inline_featured_image":false},"product_cat":[6742],"product_tag":[24366],"acf":[],"yoast_head":"<!-- This site is optimized with the Yoast SEO Premium plugin v18.6 (Yoast SEO v19.13) - https:\/\/yoast.com\/wordpress\/plugins\/seo\/ -->\n<title>DUALIT 2 Slot Toaster &quot;NewGen&quot; Edelstahl<\/title>\n<meta name=\"description\" content=\"Entdecken Sie DUALIT 2 Slot Toaster &quot;NewGen&quot; Edelstahl bei ErresseShop. Qualit\u00e4t, Stil und Funktionalit\u00e4t \u2013 jetzt online bestellen!\" \/>\n<meta name=\"robots\" content=\"index, follow, max-snippet:-1, max-image-preview:large, max-video-preview:-1\" \/>\n<link rel=\"canonical\" href=\"https:\/\/www.erresse-shop.it\/de\/shop\/kuche\/dualit-2-slot-toaster-newgen-edelstahl\/\" \/>\n<meta property=\"og:locale\" content=\"de_DE\" \/>\n<meta property=\"og:type\" content=\"article\" \/>\n<meta property=\"og:title\" content=\"DUALIT 2 Slot Toaster &quot;NewGen&quot; Edelstahl\" \/>\n<meta property=\"og:description\" content=\"Entdecken Sie DUALIT 2 Slot Toaster &quot;NewGen&quot; Edelstahl bei ErresseShop. Qualit\u00e4t, Stil und Funktionalit\u00e4t \u2013 jetzt online bestellen!\" \/>\n<meta property=\"og:url\" content=\"https:\/\/www.erresse-shop.it\/de\/shop\/kuche\/dualit-2-slot-toaster-newgen-edelstahl\/\" \/>\n<meta property=\"og:site_name\" content=\"Erresse Shop\" \/>\n<meta property=\"article:modified_time\" content=\"2025-01-22T07:21:51+00:00\" \/>\n<meta property=\"og:image\" content=\"https:\/\/www.erresse-shop.it\/wp-content\/uploads\/2015\/01\/products-25235-2.jpg\" \/>\n\t<meta property=\"og:image:width\" content=\"540\" \/>\n\t<meta property=\"og:image:height\" content=\"540\" \/>\n\t<meta property=\"og:image:type\" content=\"image\/jpeg\" \/>\n<meta name=\"twitter:card\" content=\"summary_large_image\" \/>\n<script type=\"application\/ld+json\" class=\"yoast-schema-graph\">{\"@context\":\"https:\/\/schema.org\",\"@graph\":[{\"@type\":\"WebPage\",\"@id\":\"https:\/\/www.erresse-shop.it\/de\/shop\/kuche\/dualit-2-slot-toaster-newgen-edelstahl\/\",\"url\":\"https:\/\/www.erresse-shop.it\/de\/shop\/kuche\/dualit-2-slot-toaster-newgen-edelstahl\/\",\"name\":\"DUALIT 2 Slot Toaster \\\"NewGen\\\" Edelstahl\",\"isPartOf\":{\"@id\":\"https:\/\/www.erresse-shop.it\/de\/#website\"},\"datePublished\":\"2012-01-26T17:18:32+00:00\",\"dateModified\":\"2025-01-22T07:21:51+00:00\",\"description\":\"Entdecken Sie DUALIT 2 Slot Toaster \\\"NewGen\\\" Edelstahl bei ErresseShop. Qualit\u00e4t, Stil und Funktionalit\u00e4t \u2013 jetzt online bestellen!\",\"breadcrumb\":{\"@id\":\"https:\/\/www.erresse-shop.it\/de\/shop\/kuche\/dualit-2-slot-toaster-newgen-edelstahl\/#breadcrumb\"},\"inLanguage\":\"de-DE\",\"potentialAction\":[{\"@type\":\"ReadAction\",\"target\":[\"https:\/\/www.erresse-shop.it\/de\/shop\/kuche\/dualit-2-slot-toaster-newgen-edelstahl\/\"]}]},{\"@type\":\"BreadcrumbList\",\"@id\":\"https:\/\/www.erresse-shop.it\/de\/shop\/kuche\/dualit-2-slot-toaster-newgen-edelstahl\/#breadcrumb\",\"itemListElement\":[{\"@type\":\"ListItem\",\"position\":1,\"name\":\"Home\",\"item\":\"https:\/\/www.erresse-shop.it\/de\/\"},{\"@type\":\"ListItem\",\"position\":2,\"name\":\"Shop\",\"item\":\"https:\/\/www.erresse-shop.it\/de\/shop\/\"},{\"@type\":\"ListItem\",\"position\":3,\"name\":\"DUALIT 2 Slot Toaster &#8220;NewGen&#8221; Edelstahl\"}]},{\"@type\":\"WebSite\",\"@id\":\"https:\/\/www.erresse-shop.it\/de\/#website\",\"url\":\"https:\/\/www.erresse-shop.it\/de\/\",\"name\":\"Erresse Shop\",\"description\":\"Articoli di qualit\u00e0 per la casa\",\"potentialAction\":[{\"@type\":\"SearchAction\",\"target\":{\"@type\":\"EntryPoint\",\"urlTemplate\":\"https:\/\/www.erresse-shop.it\/de\/?s={search_term_string}\"},\"query-input\":\"required name=search_term_string\"}],\"inLanguage\":\"de-DE\"}]}<\/script>\n<!-- \/ Yoast SEO Premium plugin. -->","yoast_head_json":{"title":"DUALIT 2 Slot Toaster \"NewGen\" Edelstahl","description":"Entdecken Sie DUALIT 2 Slot Toaster \"NewGen\" Edelstahl bei ErresseShop. Qualit\u00e4t, Stil und Funktionalit\u00e4t \u2013 jetzt online bestellen!","robots":{"index":"index","follow":"follow","max-snippet":"max-snippet:-1","max-image-preview":"max-image-preview:large","max-video-preview":"max-video-preview:-1"},"canonical":"https:\/\/www.erresse-shop.it\/de\/shop\/kuche\/dualit-2-slot-toaster-newgen-edelstahl\/","og_locale":"de_DE","og_type":"article","og_title":"DUALIT 2 Slot Toaster \"NewGen\" Edelstahl","og_description":"Entdecken Sie DUALIT 2 Slot Toaster \"NewGen\" Edelstahl bei ErresseShop. Qualit\u00e4t, Stil und Funktionalit\u00e4t \u2013 jetzt online bestellen!","og_url":"https:\/\/www.erresse-shop.it\/de\/shop\/kuche\/dualit-2-slot-toaster-newgen-edelstahl\/","og_site_name":"Erresse Shop","article_modified_time":"2025-01-22T07:21:51+00:00","og_image":[{"width":"540","height":"540","url":"https:\/\/www.erresse-shop.it\/wp-content\/uploads\/2015\/01\/products-25235-2.jpg","type":"image\/jpeg"}],"twitter_card":"summary_large_image","schema":{"@context":"https:\/\/schema.org","@graph":[{"@type":"WebPage","@id":"https:\/\/www.erresse-shop.it\/de\/shop\/kuche\/dualit-2-slot-toaster-newgen-edelstahl\/","url":"https:\/\/www.erresse-shop.it\/de\/shop\/kuche\/dualit-2-slot-toaster-newgen-edelstahl\/","name":"DUALIT 2 Slot Toaster \"NewGen\" Edelstahl","isPartOf":{"@id":"https:\/\/www.erresse-shop.it\/de\/#website"},"datePublished":"2012-01-26T17:18:32+00:00","dateModified":"2025-01-22T07:21:51+00:00","description":"Entdecken Sie DUALIT 2 Slot Toaster \"NewGen\" Edelstahl bei ErresseShop. Qualit\u00e4t, Stil und Funktionalit\u00e4t \u2013 jetzt online bestellen!","breadcrumb":{"@id":"https:\/\/www.erresse-shop.it\/de\/shop\/kuche\/dualit-2-slot-toaster-newgen-edelstahl\/#breadcrumb"},"inLanguage":"de-DE","potentialAction":[{"@type":"ReadAction","target":["https:\/\/www.erresse-shop.it\/de\/shop\/kuche\/dualit-2-slot-toaster-newgen-edelstahl\/"]}]},{"@type":"BreadcrumbList","@id":"https:\/\/www.erresse-shop.it\/de\/shop\/kuche\/dualit-2-slot-toaster-newgen-edelstahl\/#breadcrumb","itemListElement":[{"@type":"ListItem","position":1,"name":"Home","item":"https:\/\/www.erresse-shop.it\/de\/"},{"@type":"ListItem","position":2,"name":"Shop","item":"https:\/\/www.erresse-shop.it\/de\/shop\/"},{"@type":"ListItem","position":3,"name":"DUALIT 2 Slot Toaster &#8220;NewGen&#8221; Edelstahl"}]},{"@type":"WebSite","@id":"https:\/\/www.erresse-shop.it\/de\/#website","url":"https:\/\/www.erresse-shop.it\/de\/","name":"Erresse Shop","description":"Articoli di qualit\u00e0 per la casa","potentialAction":[{"@type":"SearchAction","target":{"@type":"EntryPoint","urlTemplate":"https:\/\/www.erresse-shop.it\/de\/?s={search_term_string}"},"query-input":"required name=search_term_string"}],"inLanguage":"de-DE"}]}},"df_price":249.95,"df_sale_price":249.95,"df_regular_price":299.9,"df_image_link":"https:\/\/www.erresse-shop.it\/wp-content\/uploads\/2015\/01\/products-25235-2.jpg","_links":{"self":[{"href":"https:\/\/www.erresse-shop.it\/de\/wp-json\/wp\/v2\/product\/8178"}],"collection":[{"href":"https:\/\/www.erresse-shop.it\/de\/wp-json\/wp\/v2\/product"}],"about":[{"href":"https:\/\/www.erresse-shop.it\/de\/wp-json\/wp\/v2\/types\/product"}],"wp:featuredmedia":[{"embeddable":true,"href":"https:\/\/www.erresse-shop.it\/de\/wp-json\/wp\/v2\/media\/8179"}],"wp:attachment":[{"href":"https:\/\/www.erresse-shop.it\/de\/wp-json\/wp\/v2\/media?parent=8178"}],"wp:term":[{"taxonomy":"product_cat","embeddable":true,"href":"https:\/\/www.erresse-shop.it\/de\/wp-json\/wp\/v2\/product_cat?post=8178"},{"taxonomy":"product_tag","embeddable":true,"href":"https:\/\/www.erresse-shop.it\/de\/wp-json\/wp\/v2\/product_tag?post=8178"}],"curies":[{"name":"wp","href":"https:\/\/api.w.org\/{rel}","templated":true}]}}