{"id":79500,"date":"2020-10-21T12:50:19","date_gmt":"2020-10-21T12:50:20","guid":{"rendered":"https:\/\/www.erresse-shop.it\/?post_type=product&#038;p=79500"},"modified":"2025-12-15T10:06:45","modified_gmt":"2025-12-15T10:06:45","slug":"zwilling-enfinigy-wasserkocher-pro","status":"publish","type":"product","link":"https:\/\/www.erresse-shop.it\/de\/shop\/kleine-elektrogeraete\/elektrische-wasserkocher\/zwilling-enfinigy-wasserkocher-pro\/","title":{"rendered":"ZWILLING Enfinigy Wasserkocher Pro"},"content":{"rendered":"<p>Wasser kann jede Form annehmen, dies ist die sch\u00f6nste: der Wasserkocher Pro im zeitlosen ZWILLING Design. Der moderne Kocher \u00fcberzeugt aber nicht nur durch sein hochwertiges Design, sondern auch durch zahlreiche Funktionen. Der Wasserkocher mit Temperatureinstellung bietet 7 Programme, die \u00fcber die 360\u00b0-Basisstation mit Sensor-Touch-Display ausgew\u00e4hlt werden k\u00f6nnen. So erreicht der 1850-Watt-Kocher mit seinem Temperaturregler immer die ideale Gradzahl f\u00fcr beispielsweise Kaffee, Tee oder Babynahrung. Mit der integrierten Warmhaltefunktion bleibt das Wasser bis zu 30 Minuten auf Wunschtemperatur. Auch das w\u00e4rmeisolierende doppelwandige Geh\u00e4use h\u00e4lt das Wasser im Inneren l\u00e4nger warm und sorgt gleichzeitig f\u00fcr eine k\u00fchle Au\u00dfenwand. Der nahtlose 1,5-Liter-Beh\u00e4lter aus rostfreiem Edelstahl ist dabei besonders leicht zu reinigen und der integrierte Kalkfilter \u2013 ebenfalls teilweise aus Edelstahl \u2013 sorgt f\u00fcr besseren Geschmack. Mit hei\u00dfem Wasser muss man vorsichtig umgehen. Der passgenaue Filter verschlie\u00dft den Ausguss des Wasserkochers bei geschlossenem Deckel \u2013 so treten auch beim versehentlichen Umsto\u00dfen des elektrischen Wasserkochers nur sehr geringe Mengen Wasser aus.<\/p>\n<p>&#8211; 7 Programme zur idealen Temperaturauswahl f\u00fcr Kaffee, Tee oder Babynahrung<br \/>\n&#8211; Praktische Warmhaltefunktion h\u00e4lt das Wasser bis zu 30 Minuten auf der gew\u00fcnschten Temperatur<br \/>\n&#8211; Warmhalten bei 100 \u00b0C erm\u00f6glicht das Sterilisieren von Babyflaschen<br \/>\n&#8211; Doppelwandgeh\u00e4use speichert die Temperatur im Inneren l\u00e4nger und sorgt f\u00fcr eine k\u00fchle Au\u00dfenwand<br \/>\n&#8211; 70-Grad-\u00d6ffnung verhindert direkten Kontakt mit hei\u00dfem Dampf<br \/>\n&#8211; Nahtloser Edelstahlbeh\u00e4lter f\u00fcr einfache, r\u00fcckstandslose Reinigung<br \/>\n&#8211; Kalkfilter teilweise aus Edelstahl f\u00fcr besseren Geschmack und weniger Kalkablagerungen in Tee und Kaffee<br \/>\n&#8211; Integrierte Kabelaufwicklung zum komfortablen Verstauen<br \/>\n&#8211; Entwickelt von ZWILLING in Deutschland, designt in Mailand, Italien, von Matteo Thun &amp; Antonio Rodriguez<\/p>\n<p>Eigenschaften<br \/>\n&#8211; Farbe: Silver<br \/>\n&#8211; Material: Kunststoff<br \/>\n&#8211; Voltzahl: 220-240 V<br \/>\n&#8211; Temperaturregler: Ja<br \/>\n&#8211; Netzfrequenz: 50\/60 Hz<br \/>\n&#8211; Kabelaufbewahrung: Ja<br \/>\n&#8211; LCD Display: Ja<br \/>\n&#8211; Leistung: 1.850 W<\/p>\n<p>Abmessungen<br \/>\n&#8211; Gewicht netto: 1,70 kg<br \/>\n&#8211; Fassungsverm\u00f6gen: 1,50 l<br \/>\n&#8211; Produktl\u00e4nge: 22,30 cm<br \/>\n&#8211; Produktbreite: 15,20 cm<br \/>\n&#8211; Produkth\u00f6he: 24,40 cm<\/p>\n<p><u style=\"font-size: 13px; line-height: 20.8px;\"><strong>Not for sale outside from Europe<\/strong><\/u><\/p>\n","protected":false},"excerpt":{"rendered":"<p>Wasser kann jede Form annehmen, dies ist die sch\u00f6nste: der Wasserkocher Pro im zeitlosen ZWILLING Design. Der moderne Kocher \u00fcberzeugt<\/p>\n","protected":false},"featured_media":79506,"template":"","meta":{"_acf_changed":false,"inline_featured_image":false},"product_cat":[6874,6703],"product_tag":[11652,11415,11413,13723],"acf":[],"yoast_head":"<!-- This site is optimized with the Yoast SEO Premium plugin v18.6 (Yoast SEO v19.13) - https:\/\/yoast.com\/wordpress\/plugins\/seo\/ -->\n<title>ZWILLING Enfinigy Wasserkocher Pro<\/title>\n<meta name=\"description\" content=\"Entdecken Sie ZWILLING Enfinigy Wasserkocher Pro bei ErresseShop. Qualit\u00e4t, Stil und Funktionalit\u00e4t \u2013 jetzt online bestellen!\" \/>\n<meta name=\"robots\" content=\"index, follow, max-snippet:-1, max-image-preview:large, max-video-preview:-1\" \/>\n<link rel=\"canonical\" href=\"https:\/\/www.erresse-shop.it\/de\/shop\/kleine-elektrogeraete\/elektrische-wasserkocher\/zwilling-enfinigy-wasserkocher-pro\/\" \/>\n<meta property=\"og:locale\" content=\"de_DE\" \/>\n<meta property=\"og:type\" content=\"article\" \/>\n<meta property=\"og:title\" content=\"ZWILLING Enfinigy Wasserkocher Pro\" \/>\n<meta property=\"og:description\" content=\"Entdecken Sie ZWILLING Enfinigy Wasserkocher Pro bei ErresseShop. Qualit\u00e4t, Stil und Funktionalit\u00e4t \u2013 jetzt online bestellen!\" \/>\n<meta property=\"og:url\" content=\"https:\/\/www.erresse-shop.it\/de\/shop\/kleine-elektrogeraete\/elektrische-wasserkocher\/zwilling-enfinigy-wasserkocher-pro\/\" \/>\n<meta property=\"og:site_name\" content=\"Erresse Shop\" \/>\n<meta property=\"article:modified_time\" content=\"2025-12-15T10:06:45+00:00\" \/>\n<meta property=\"og:image\" content=\"https:\/\/www.erresse-shop.it\/wp-content\/uploads\/2020\/10\/53006-000.jpg\" \/>\n\t<meta property=\"og:image:width\" content=\"1350\" \/>\n\t<meta property=\"og:image:height\" content=\"1350\" \/>\n\t<meta property=\"og:image:type\" content=\"image\/jpeg\" \/>\n<meta name=\"twitter:card\" content=\"summary_large_image\" \/>\n<script type=\"application\/ld+json\" class=\"yoast-schema-graph\">{\"@context\":\"https:\/\/schema.org\",\"@graph\":[{\"@type\":\"WebPage\",\"@id\":\"https:\/\/www.erresse-shop.it\/de\/shop\/kleine-elektrogeraete\/elektrische-wasserkocher\/zwilling-enfinigy-wasserkocher-pro\/\",\"url\":\"https:\/\/www.erresse-shop.it\/de\/shop\/kleine-elektrogeraete\/elektrische-wasserkocher\/zwilling-enfinigy-wasserkocher-pro\/\",\"name\":\"ZWILLING Enfinigy Wasserkocher Pro\",\"isPartOf\":{\"@id\":\"https:\/\/www.erresse-shop.it\/de\/#website\"},\"datePublished\":\"2020-10-21T12:50:20+00:00\",\"dateModified\":\"2025-12-15T10:06:45+00:00\",\"description\":\"Entdecken Sie ZWILLING Enfinigy Wasserkocher Pro bei ErresseShop. Qualit\u00e4t, Stil und Funktionalit\u00e4t \u2013 jetzt online bestellen!\",\"breadcrumb\":{\"@id\":\"https:\/\/www.erresse-shop.it\/de\/shop\/kleine-elektrogeraete\/elektrische-wasserkocher\/zwilling-enfinigy-wasserkocher-pro\/#breadcrumb\"},\"inLanguage\":\"de-DE\",\"potentialAction\":[{\"@type\":\"ReadAction\",\"target\":[\"https:\/\/www.erresse-shop.it\/de\/shop\/kleine-elektrogeraete\/elektrische-wasserkocher\/zwilling-enfinigy-wasserkocher-pro\/\"]}]},{\"@type\":\"BreadcrumbList\",\"@id\":\"https:\/\/www.erresse-shop.it\/de\/shop\/kleine-elektrogeraete\/elektrische-wasserkocher\/zwilling-enfinigy-wasserkocher-pro\/#breadcrumb\",\"itemListElement\":[{\"@type\":\"ListItem\",\"position\":1,\"name\":\"Home\",\"item\":\"https:\/\/www.erresse-shop.it\/de\/\"},{\"@type\":\"ListItem\",\"position\":2,\"name\":\"Shop\",\"item\":\"https:\/\/www.erresse-shop.it\/de\/shop\/\"},{\"@type\":\"ListItem\",\"position\":3,\"name\":\"ZWILLING Enfinigy Wasserkocher Pro\"}]},{\"@type\":\"WebSite\",\"@id\":\"https:\/\/www.erresse-shop.it\/de\/#website\",\"url\":\"https:\/\/www.erresse-shop.it\/de\/\",\"name\":\"Erresse Shop\",\"description\":\"Articoli di qualit\u00e0 per la casa\",\"potentialAction\":[{\"@type\":\"SearchAction\",\"target\":{\"@type\":\"EntryPoint\",\"urlTemplate\":\"https:\/\/www.erresse-shop.it\/de\/?s={search_term_string}\"},\"query-input\":\"required name=search_term_string\"}],\"inLanguage\":\"de-DE\"}]}<\/script>\n<!-- \/ Yoast SEO Premium plugin. -->","yoast_head_json":{"title":"ZWILLING Enfinigy Wasserkocher Pro","description":"Entdecken Sie ZWILLING Enfinigy Wasserkocher Pro bei ErresseShop. Qualit\u00e4t, Stil und Funktionalit\u00e4t \u2013 jetzt online bestellen!","robots":{"index":"index","follow":"follow","max-snippet":"max-snippet:-1","max-image-preview":"max-image-preview:large","max-video-preview":"max-video-preview:-1"},"canonical":"https:\/\/www.erresse-shop.it\/de\/shop\/kleine-elektrogeraete\/elektrische-wasserkocher\/zwilling-enfinigy-wasserkocher-pro\/","og_locale":"de_DE","og_type":"article","og_title":"ZWILLING Enfinigy Wasserkocher Pro","og_description":"Entdecken Sie ZWILLING Enfinigy Wasserkocher Pro bei ErresseShop. Qualit\u00e4t, Stil und Funktionalit\u00e4t \u2013 jetzt online bestellen!","og_url":"https:\/\/www.erresse-shop.it\/de\/shop\/kleine-elektrogeraete\/elektrische-wasserkocher\/zwilling-enfinigy-wasserkocher-pro\/","og_site_name":"Erresse Shop","article_modified_time":"2025-12-15T10:06:45+00:00","og_image":[{"width":1350,"height":1350,"url":"https:\/\/www.erresse-shop.it\/wp-content\/uploads\/2020\/10\/53006-000.jpg","type":"image\/jpeg"}],"twitter_card":"summary_large_image","schema":{"@context":"https:\/\/schema.org","@graph":[{"@type":"WebPage","@id":"https:\/\/www.erresse-shop.it\/de\/shop\/kleine-elektrogeraete\/elektrische-wasserkocher\/zwilling-enfinigy-wasserkocher-pro\/","url":"https:\/\/www.erresse-shop.it\/de\/shop\/kleine-elektrogeraete\/elektrische-wasserkocher\/zwilling-enfinigy-wasserkocher-pro\/","name":"ZWILLING Enfinigy Wasserkocher Pro","isPartOf":{"@id":"https:\/\/www.erresse-shop.it\/de\/#website"},"datePublished":"2020-10-21T12:50:20+00:00","dateModified":"2025-12-15T10:06:45+00:00","description":"Entdecken Sie ZWILLING Enfinigy Wasserkocher Pro bei ErresseShop. Qualit\u00e4t, Stil und Funktionalit\u00e4t \u2013 jetzt online bestellen!","breadcrumb":{"@id":"https:\/\/www.erresse-shop.it\/de\/shop\/kleine-elektrogeraete\/elektrische-wasserkocher\/zwilling-enfinigy-wasserkocher-pro\/#breadcrumb"},"inLanguage":"de-DE","potentialAction":[{"@type":"ReadAction","target":["https:\/\/www.erresse-shop.it\/de\/shop\/kleine-elektrogeraete\/elektrische-wasserkocher\/zwilling-enfinigy-wasserkocher-pro\/"]}]},{"@type":"BreadcrumbList","@id":"https:\/\/www.erresse-shop.it\/de\/shop\/kleine-elektrogeraete\/elektrische-wasserkocher\/zwilling-enfinigy-wasserkocher-pro\/#breadcrumb","itemListElement":[{"@type":"ListItem","position":1,"name":"Home","item":"https:\/\/www.erresse-shop.it\/de\/"},{"@type":"ListItem","position":2,"name":"Shop","item":"https:\/\/www.erresse-shop.it\/de\/shop\/"},{"@type":"ListItem","position":3,"name":"ZWILLING Enfinigy Wasserkocher Pro"}]},{"@type":"WebSite","@id":"https:\/\/www.erresse-shop.it\/de\/#website","url":"https:\/\/www.erresse-shop.it\/de\/","name":"Erresse Shop","description":"Articoli di qualit\u00e0 per la casa","potentialAction":[{"@type":"SearchAction","target":{"@type":"EntryPoint","urlTemplate":"https:\/\/www.erresse-shop.it\/de\/?s={search_term_string}"},"query-input":"required name=search_term_string"}],"inLanguage":"de-DE"}]}},"df_price":104.5,"df_sale_price":104.5,"df_regular_price":139,"df_image_link":"https:\/\/www.erresse-shop.it\/wp-content\/uploads\/2020\/10\/53006-000-300x300.jpg","_links":{"self":[{"href":"https:\/\/www.erresse-shop.it\/de\/wp-json\/wp\/v2\/product\/79500"}],"collection":[{"href":"https:\/\/www.erresse-shop.it\/de\/wp-json\/wp\/v2\/product"}],"about":[{"href":"https:\/\/www.erresse-shop.it\/de\/wp-json\/wp\/v2\/types\/product"}],"wp:featuredmedia":[{"embeddable":true,"href":"https:\/\/www.erresse-shop.it\/de\/wp-json\/wp\/v2\/media\/79506"}],"wp:attachment":[{"href":"https:\/\/www.erresse-shop.it\/de\/wp-json\/wp\/v2\/media?parent=79500"}],"wp:term":[{"taxonomy":"product_cat","embeddable":true,"href":"https:\/\/www.erresse-shop.it\/de\/wp-json\/wp\/v2\/product_cat?post=79500"},{"taxonomy":"product_tag","embeddable":true,"href":"https:\/\/www.erresse-shop.it\/de\/wp-json\/wp\/v2\/product_tag?post=79500"}],"curies":[{"name":"wp","href":"https:\/\/api.w.org\/{rel}","templated":true}]}}