{"id":79304,"date":"2020-10-20T13:22:00","date_gmt":"2020-10-20T13:22:01","guid":{"rendered":"https:\/\/www.erresse-shop.it\/?post_type=product&#038;p=79304"},"modified":"2025-01-22T07:15:41","modified_gmt":"2025-01-22T07:15:41","slug":"zwilling-enfinigy-standmixer-universal","status":"publish","type":"product","link":"https:\/\/www.erresse-shop.it\/de\/shop\/kleine-elektrogeraete\/mixer\/zwilling-enfinigy-standmixer-universal\/","title":{"rendered":"ZWILLING Enfinigy Standmixer Universal"},"content":{"rendered":"<p>Ein gutes Messer geh\u00f6rt in jeden Haushalt. Jetzt auch in den K\u00fcchenmixer. Der Standmixer Universal \u00fcberzeugt mit einer hochwertigen Kreuzklinge aus dem Hause ZWILLING. Die Edelstahlklinge wurde f\u00fcr die neuen K\u00fcchenmixer in Solingen entwickelt und sorgt mit ihrem speziellen Wellenschliff und Piranha-Zahnung f\u00fcr m\u00fcheloses Zerkleinern. Der 1200-Watt-Motor ist besonders leistungsstark und wurde in optimaler Abstimmung mit der Klinge und dem Geh\u00e4use angefertigt. Das Ergebnis sind feinste Mixergebnisse. Der 1,4-Liter-Mixbeh\u00e4lter aus BPA-freiem Tritan ist bruchfest und k\u00e4lte- sowie hitzebest\u00e4ndig \u2013 die Reinigung per Hand oder ganz einfach mit dem integrierten Reinigungsprogramm wird empfohlen. Auch die Oberfl\u00e4chen des Mixers sind durch das moderne One-Button-Design mit integriertem Display leicht zu reinigen. Durch die eingebaute Sicherheitsfunktion l\u00e4sst sich der Hochleistungsmixer nur mit Deckel betreiben \u2013 so besteht keine Verletzungsgefahr. Mit dem intuitiv zu bedienenden Drehknopf k\u00f6nnen 5 Automatikprogramme (Pulse, Smoothie, Cocktail, Eiscrusher und Reinigung) und 12 Geschwindigkeitsstufen des Table Blenders ausgew\u00e4hlt werden. Auch Shakes, Dips, Saucen und vieles mehr k\u00f6nnen so mit der idealen Geschwindigkeit zubereitet werden. Das passende Zubeh\u00f6r ist bereits enthalten: Ein Messbecher und ein hochwertiger Stampfer erg\u00e4nzen den Standmixer Universal.<\/p>\n<p>&#8211; Kraftvoller 1200-Watt-Hochleistungsmotor f\u00fcr Mixen ohne Leistungsabfall<br \/>\n&#8211; ZWILLING Kreuzklinge mit speziellem Wellenschliff und Piranha-Zahnung f\u00fcr feinste P\u00fcrierergebnisse<br \/>\n&#8211; 5 Automatikprogramme: Pulse, Smoothie, Cocktail, Eiscrusher und Reinigung<br \/>\n&#8211; Zahlreiche Zusatzfeatures wie Sicherheitsverriegelung und beleuchtetes Display<br \/>\n&#8211; Messbecher und ein hochwertiger Stampfer werden als praktisches Zubeh\u00f6r mitgeliefert<br \/>\n&#8211; Bruchfester und leicht zu reinigender 1,4-Liter-Mixbeh\u00e4lter aus BPA-freiem Tritan<br \/>\n&#8211; Entwickelt von ZWILLING in Deutschland, designt in Mailand, Italien, von Matteo Thun &amp; Antonio Rodriguez<\/p>\n<p>Eigenschaften<br \/>\n&#8211; Farbe: Silver<br \/>\n&#8211; Material: Kunststoff<br \/>\n&#8211; Voltzahl: 220-240 V<br \/>\n&#8211; Fassungsverm\u00f6gen des Tritan-Gef\u00e4\u00dfes: 1400 ml<br \/>\n&#8211; Verriegelungssystem: Ja<br \/>\n&#8211; Motorart: AC Motor<br \/>\n&#8211; Kabelaufbewahrung: Ja<br \/>\n&#8211; Programme: 5<br \/>\n&#8211; Klingenart: Kreuzklinge<br \/>\n&#8211; Geschwindigkeitsstufen: 12<br \/>\n&#8211; Leistung: 1.200 W<\/p>\n<p>Abmessungen<br \/>\n&#8211; Gewicht netto: 3,90 kg<br \/>\n&#8211; Fassungsverm\u00f6gen: 1,40 l<br \/>\n&#8211; Produktl\u00e4nge: 16,50 cm<br \/>\n&#8211; Produktbreite: 16,50 cm<br \/>\n&#8211; Produkth\u00f6he: 39,90 cm<\/p>\n<p><u style=\"font-size: 13px; line-height: 20.8px;\"><strong>Not for sale outside from Europe<\/strong><\/u><\/p>\n","protected":false},"excerpt":{"rendered":"<p>Ein gutes Messer geh\u00f6rt in jeden Haushalt. Jetzt auch in den K\u00fcchenmixer. Der Standmixer Universal \u00fcberzeugt mit einer hochwertigen Kreuzklinge<\/p>\n","protected":false},"featured_media":79270,"template":"","meta":{"_acf_changed":false,"inline_featured_image":false},"product_cat":[6703,6886],"product_tag":[25038,11415,11413,13723,11925,25022,21822,11421],"acf":[],"yoast_head":"<!-- This site is optimized with the Yoast SEO Premium plugin v18.6 (Yoast SEO v19.13) - https:\/\/yoast.com\/wordpress\/plugins\/seo\/ -->\n<title>ZWILLING Enfinigy Standmixer Universal<\/title>\n<meta name=\"description\" content=\"Entdecken Sie ZWILLING Enfinigy Standmixer Universal bei ErresseShop. Qualit\u00e4t, Stil und Funktionalit\u00e4t \u2013 jetzt online bestellen!\" \/>\n<meta name=\"robots\" content=\"index, follow, max-snippet:-1, max-image-preview:large, max-video-preview:-1\" \/>\n<link rel=\"canonical\" href=\"https:\/\/www.erresse-shop.it\/de\/shop\/kleine-elektrogeraete\/mixer\/zwilling-enfinigy-standmixer-universal\/\" \/>\n<meta property=\"og:locale\" content=\"de_DE\" \/>\n<meta property=\"og:type\" content=\"article\" \/>\n<meta property=\"og:title\" content=\"ZWILLING Enfinigy Standmixer Universal\" \/>\n<meta property=\"og:description\" content=\"Entdecken Sie ZWILLING Enfinigy Standmixer Universal bei ErresseShop. Qualit\u00e4t, Stil und Funktionalit\u00e4t \u2013 jetzt online bestellen!\" \/>\n<meta property=\"og:url\" content=\"https:\/\/www.erresse-shop.it\/de\/shop\/kleine-elektrogeraete\/mixer\/zwilling-enfinigy-standmixer-universal\/\" \/>\n<meta property=\"og:site_name\" content=\"Erresse Shop\" \/>\n<meta property=\"article:modified_time\" content=\"2025-01-22T07:15:41+00:00\" \/>\n<meta property=\"og:image\" content=\"https:\/\/www.erresse-shop.it\/wp-content\/uploads\/2020\/10\/53001-000.jpg\" \/>\n\t<meta property=\"og:image:width\" content=\"1350\" \/>\n\t<meta property=\"og:image:height\" content=\"1350\" \/>\n\t<meta property=\"og:image:type\" content=\"image\/jpeg\" \/>\n<meta name=\"twitter:card\" content=\"summary_large_image\" \/>\n<script type=\"application\/ld+json\" class=\"yoast-schema-graph\">{\"@context\":\"https:\/\/schema.org\",\"@graph\":[{\"@type\":\"WebPage\",\"@id\":\"https:\/\/www.erresse-shop.it\/de\/shop\/kleine-elektrogeraete\/mixer\/zwilling-enfinigy-standmixer-universal\/\",\"url\":\"https:\/\/www.erresse-shop.it\/de\/shop\/kleine-elektrogeraete\/mixer\/zwilling-enfinigy-standmixer-universal\/\",\"name\":\"ZWILLING Enfinigy Standmixer Universal\",\"isPartOf\":{\"@id\":\"https:\/\/www.erresse-shop.it\/de\/#website\"},\"datePublished\":\"2020-10-20T13:22:01+00:00\",\"dateModified\":\"2025-01-22T07:15:41+00:00\",\"description\":\"Entdecken Sie ZWILLING Enfinigy Standmixer Universal bei ErresseShop. Qualit\u00e4t, Stil und Funktionalit\u00e4t \u2013 jetzt online bestellen!\",\"breadcrumb\":{\"@id\":\"https:\/\/www.erresse-shop.it\/de\/shop\/kleine-elektrogeraete\/mixer\/zwilling-enfinigy-standmixer-universal\/#breadcrumb\"},\"inLanguage\":\"de-DE\",\"potentialAction\":[{\"@type\":\"ReadAction\",\"target\":[\"https:\/\/www.erresse-shop.it\/de\/shop\/kleine-elektrogeraete\/mixer\/zwilling-enfinigy-standmixer-universal\/\"]}]},{\"@type\":\"BreadcrumbList\",\"@id\":\"https:\/\/www.erresse-shop.it\/de\/shop\/kleine-elektrogeraete\/mixer\/zwilling-enfinigy-standmixer-universal\/#breadcrumb\",\"itemListElement\":[{\"@type\":\"ListItem\",\"position\":1,\"name\":\"Home\",\"item\":\"https:\/\/www.erresse-shop.it\/de\/\"},{\"@type\":\"ListItem\",\"position\":2,\"name\":\"Shop\",\"item\":\"https:\/\/www.erresse-shop.it\/de\/shop\/\"},{\"@type\":\"ListItem\",\"position\":3,\"name\":\"ZWILLING Enfinigy Standmixer Universal\"}]},{\"@type\":\"WebSite\",\"@id\":\"https:\/\/www.erresse-shop.it\/de\/#website\",\"url\":\"https:\/\/www.erresse-shop.it\/de\/\",\"name\":\"Erresse Shop\",\"description\":\"Articoli di qualit\u00e0 per la casa\",\"potentialAction\":[{\"@type\":\"SearchAction\",\"target\":{\"@type\":\"EntryPoint\",\"urlTemplate\":\"https:\/\/www.erresse-shop.it\/de\/?s={search_term_string}\"},\"query-input\":\"required name=search_term_string\"}],\"inLanguage\":\"de-DE\"}]}<\/script>\n<!-- \/ Yoast SEO Premium plugin. -->","yoast_head_json":{"title":"ZWILLING Enfinigy Standmixer Universal","description":"Entdecken Sie ZWILLING Enfinigy Standmixer Universal bei ErresseShop. Qualit\u00e4t, Stil und Funktionalit\u00e4t \u2013 jetzt online bestellen!","robots":{"index":"index","follow":"follow","max-snippet":"max-snippet:-1","max-image-preview":"max-image-preview:large","max-video-preview":"max-video-preview:-1"},"canonical":"https:\/\/www.erresse-shop.it\/de\/shop\/kleine-elektrogeraete\/mixer\/zwilling-enfinigy-standmixer-universal\/","og_locale":"de_DE","og_type":"article","og_title":"ZWILLING Enfinigy Standmixer Universal","og_description":"Entdecken Sie ZWILLING Enfinigy Standmixer Universal bei ErresseShop. Qualit\u00e4t, Stil und Funktionalit\u00e4t \u2013 jetzt online bestellen!","og_url":"https:\/\/www.erresse-shop.it\/de\/shop\/kleine-elektrogeraete\/mixer\/zwilling-enfinigy-standmixer-universal\/","og_site_name":"Erresse Shop","article_modified_time":"2025-01-22T07:15:41+00:00","og_image":[{"width":1350,"height":1350,"url":"https:\/\/www.erresse-shop.it\/wp-content\/uploads\/2020\/10\/53001-000.jpg","type":"image\/jpeg"}],"twitter_card":"summary_large_image","schema":{"@context":"https:\/\/schema.org","@graph":[{"@type":"WebPage","@id":"https:\/\/www.erresse-shop.it\/de\/shop\/kleine-elektrogeraete\/mixer\/zwilling-enfinigy-standmixer-universal\/","url":"https:\/\/www.erresse-shop.it\/de\/shop\/kleine-elektrogeraete\/mixer\/zwilling-enfinigy-standmixer-universal\/","name":"ZWILLING Enfinigy Standmixer Universal","isPartOf":{"@id":"https:\/\/www.erresse-shop.it\/de\/#website"},"datePublished":"2020-10-20T13:22:01+00:00","dateModified":"2025-01-22T07:15:41+00:00","description":"Entdecken Sie ZWILLING Enfinigy Standmixer Universal bei ErresseShop. Qualit\u00e4t, Stil und Funktionalit\u00e4t \u2013 jetzt online bestellen!","breadcrumb":{"@id":"https:\/\/www.erresse-shop.it\/de\/shop\/kleine-elektrogeraete\/mixer\/zwilling-enfinigy-standmixer-universal\/#breadcrumb"},"inLanguage":"de-DE","potentialAction":[{"@type":"ReadAction","target":["https:\/\/www.erresse-shop.it\/de\/shop\/kleine-elektrogeraete\/mixer\/zwilling-enfinigy-standmixer-universal\/"]}]},{"@type":"BreadcrumbList","@id":"https:\/\/www.erresse-shop.it\/de\/shop\/kleine-elektrogeraete\/mixer\/zwilling-enfinigy-standmixer-universal\/#breadcrumb","itemListElement":[{"@type":"ListItem","position":1,"name":"Home","item":"https:\/\/www.erresse-shop.it\/de\/"},{"@type":"ListItem","position":2,"name":"Shop","item":"https:\/\/www.erresse-shop.it\/de\/shop\/"},{"@type":"ListItem","position":3,"name":"ZWILLING Enfinigy Standmixer Universal"}]},{"@type":"WebSite","@id":"https:\/\/www.erresse-shop.it\/de\/#website","url":"https:\/\/www.erresse-shop.it\/de\/","name":"Erresse Shop","description":"Articoli di qualit\u00e0 per la casa","potentialAction":[{"@type":"SearchAction","target":{"@type":"EntryPoint","urlTemplate":"https:\/\/www.erresse-shop.it\/de\/?s={search_term_string}"},"query-input":"required name=search_term_string"}],"inLanguage":"de-DE"}]}},"df_price":99.5,"df_sale_price":99.5,"df_regular_price":199,"df_image_link":"https:\/\/www.erresse-shop.it\/wp-content\/uploads\/2020\/10\/53001-000-300x300.jpg","_links":{"self":[{"href":"https:\/\/www.erresse-shop.it\/de\/wp-json\/wp\/v2\/product\/79304"}],"collection":[{"href":"https:\/\/www.erresse-shop.it\/de\/wp-json\/wp\/v2\/product"}],"about":[{"href":"https:\/\/www.erresse-shop.it\/de\/wp-json\/wp\/v2\/types\/product"}],"wp:featuredmedia":[{"embeddable":true,"href":"https:\/\/www.erresse-shop.it\/de\/wp-json\/wp\/v2\/media\/79270"}],"wp:attachment":[{"href":"https:\/\/www.erresse-shop.it\/de\/wp-json\/wp\/v2\/media?parent=79304"}],"wp:term":[{"taxonomy":"product_cat","embeddable":true,"href":"https:\/\/www.erresse-shop.it\/de\/wp-json\/wp\/v2\/product_cat?post=79304"},{"taxonomy":"product_tag","embeddable":true,"href":"https:\/\/www.erresse-shop.it\/de\/wp-json\/wp\/v2\/product_tag?post=79304"}],"curies":[{"name":"wp","href":"https:\/\/api.w.org\/{rel}","templated":true}]}}