{"id":79264,"date":"2020-10-20T12:30:21","date_gmt":"2020-10-20T12:30:22","guid":{"rendered":"https:\/\/www.erresse-shop.it\/?post_type=product&#038;p=79264"},"modified":"2025-01-22T07:15:40","modified_gmt":"2025-01-22T07:15:40","slug":"zwilling-enfinigy-hochleistungsstandmixer-pro","status":"publish","type":"product","link":"https:\/\/www.erresse-shop.it\/de\/shop\/kleine-elektrogeraete\/mixer\/zwilling-enfinigy-hochleistungsstandmixer-pro\/","title":{"rendered":"ZWILLING Enfinigy Blender Power Pro"},"content":{"rendered":"<p>Die wichtigsten Komponenten eines Mixers sind das Messer und der Motor. Deshalb ist jeder ZWILLING Standmixer mit original ZWILLING Edelstahlmessern ausgestattet. Motor, Mixbeh\u00e4lter und Messer sind optimal aufeinander abgestimmt. Der Effekt? Ein Mischergebnis, das der Marke ZWILLING w\u00fcrdig ist.<\/p>\n<p>DETAILS MACHEN DEN UNTERSCHIED<br \/>\nZWILLING-Klinge mit spezieller Piranha-Verzahnung<br \/>\nZWILLING-Klinge, die sich durch hervorragende Festigkeit und Sch\u00e4rfe auszeichnet<br \/>\nZWILLING-Klinge \u2013 entwickelt in Solingen, Deutschland<\/p>\n<p>JEDE GR\u00d6SSE REDUZIEREN.<br \/>\nIntuitiv, wie ein Messer. Bis zu sieben Automatikprogramme und 12 Geschwindigkeitsstufen erm\u00f6glichen es Ihnen, m\u00fchelos die richtige Einstellung f\u00fcr jeden Anlass zu finden \u2013 mit einer einfachen Drehung eines Knopfes.<\/p>\n<p>PREMIUM-GER\u00c4TE F\u00dcR MODERNE K\u00dcCHEN: FUNKTIONEN<br \/>\n&#8211; Pulse: Der Mixer l\u00e4uft mit minimaler und maximaler Geschwindigkeit. Geeignet f\u00fcr kurzes, manuelles Mischen und f\u00fcr zus\u00e4tzliches Mischen, f\u00fcr noch feinere Ergebnisse.<br \/>\n&#8211; Smoothie: Verwandeln Sie Obst und Gem\u00fcse in k\u00f6stliche cremige Smoothies.<br \/>\n&#8211; Cocktails: Geeignet f\u00fcr Getr\u00e4nke wie Cocktails auf Eisbasis wie Margaritas sowie gr\u00fcne Smoothies mit hohem Chlorophyllgehalt und hausgemachte Nussgetr\u00e4nke.<br \/>\n&#8211; Eis: Zur schnellen und einfachen Zubereitung Ihrer Eisspezialit\u00e4ten. Dazu k\u00f6nnen frische oder gefrorene Fruchtsorbets in Kombination mit Eisw\u00fcrfeln geh\u00f6ren. Oder probieren Sie das k\u00f6stliche Eis mit Milchprodukten.<br \/>\n&#8211; Eiszerkleinerer: Verwandelt jede Art von Eisw\u00fcrfeln in fein zersto\u00dfenes Eis.<br \/>\n&#8211; Suppe: Die Zutaten zerkleinern und erhitzen, mit der Hitze der Rotation des Messers. In nur 10 Minuten sind Suppen und P\u00fcrees erhitzt und sofort servierfertig.<br \/>\n&#8211; Reinigung: Der einfachste Weg, Ihren Mixer zu reinigen: Geben Sie einfach etwas Wasser und einen Tropfen Sp\u00fclmittel hinzu, starten Sie das Reinigungsprogramm und sp\u00fclen Sie ihn anschlie\u00dfend aus.<\/p>\n<p>VERL\u00c4NGERTE LEBENSDAUER.<br \/>\nNicht nur das Design der ZWILLING Mixer ist zeitlos, auch die Ger\u00e4te selbst sind unglaublich langlebig. Die Klingen bestehen aus Edelstahl und die Kannen aus widerstandsf\u00e4higem Tritan. Tritan ist ein hochwertiges Material, das halb so viel wiegt wie Glas und deutlich robuster ist. Es ist sowohl hitze- als auch k\u00e4ltebest\u00e4ndig und weist eine hohe Bruchfestigkeit auf.<\/p>\n<p>SCHNEIDEN SIE ALLES. AUSSER IHREM FINGER.<br \/>\nDie Sicherheitsverriegelung des Mixers und die spezielle Piranha-Verzahnung sorgen f\u00fcr sicheres Mixen.<br \/>\nSicherheitsverriegelung: Das Ger\u00e4t startet nur, wenn der Deckel richtig eingesetzt ist.<br \/>\nAuto-Off-Funktion: Der Mixer schaltet sich jedes Mal automatisch aus, wenn er w\u00e4hrend des Mixens ge\u00f6ffnet wird.<br \/>\nSpezielle Piranha-Verzahnung: Nur die kleine Verzahnung auf der Innenseite der Klinge ist scharf. Dadurch ist eine sichere Handreinigung gew\u00e4hrleistet.<\/p>\n<p>POWER BLENDER PRO<br \/>\nDas Spitzenmodell Power Blender Pro ist mit einem besonders leisen Motor mit geringem Verbrauch und einer Leistung von 1200 W ausgestattet. Konstante Messergeschwindigkeit, automatische Sicherheitsabschaltung. Es gibt 7 w\u00e4hlbare Funktionen: Smoothie, Cocktail, Eismaschine, Eis-Crusher, Suppe, Reinigung und Pulse, w\u00e4hrend die Rotationsgeschwindigkeit der Messer in 12 stufenlosen Stufen eingestellt werden kann. Der robuste und ger\u00e4umige 1,8-Liter-Krug besteht aus Tritan, dem innovativen recycelbaren Polymer ohne potenziell sch\u00e4dliche Bestandteile (BPA-frei). Dar\u00fcber hinaus ist der Power Blender Pro mit einer integrierten Waage mit Tarafunktion ausgestattet.<\/p>\n<p><span style=\"text-decoration: underline;\"><strong>Nicht zum Verkauf au\u00dferhalb Europas<\/strong><\/span><\/p>\n","protected":false},"excerpt":{"rendered":"<p>Die wichtigsten Komponenten eines Mixers sind das Messer und der Motor. Deshalb ist jeder ZWILLING Standmixer mit original ZWILLING Edelstahlmessern<\/p>\n","protected":false},"featured_media":79270,"template":"","meta":{"_acf_changed":false,"inline_featured_image":false},"product_cat":[6703,6886],"product_tag":[11415,11413,13723,11925],"acf":[],"yoast_head":"<!-- This site is optimized with the Yoast SEO Premium plugin v18.6 (Yoast SEO v19.13) - https:\/\/yoast.com\/wordpress\/plugins\/seo\/ -->\n<title>ZWILLING Enfinigy Blender Power Pro<\/title>\n<meta name=\"description\" content=\"Entdecken Sie ZWILLING Enfinigy Blender Power Pro bei ErresseShop. Qualit\u00e4t, Stil und Funktionalit\u00e4t \u2013 jetzt online bestellen!\" \/>\n<meta name=\"robots\" content=\"index, follow, max-snippet:-1, max-image-preview:large, max-video-preview:-1\" \/>\n<link rel=\"canonical\" href=\"https:\/\/www.erresse-shop.it\/de\/shop\/kleine-elektrogeraete\/mixer\/zwilling-enfinigy-hochleistungsstandmixer-pro\/\" \/>\n<meta property=\"og:locale\" content=\"de_DE\" \/>\n<meta property=\"og:type\" content=\"article\" \/>\n<meta property=\"og:title\" content=\"ZWILLING Enfinigy Blender Power Pro\" \/>\n<meta property=\"og:description\" content=\"Entdecken Sie ZWILLING Enfinigy Blender Power Pro bei ErresseShop. Qualit\u00e4t, Stil und Funktionalit\u00e4t \u2013 jetzt online bestellen!\" \/>\n<meta property=\"og:url\" content=\"https:\/\/www.erresse-shop.it\/de\/shop\/kleine-elektrogeraete\/mixer\/zwilling-enfinigy-hochleistungsstandmixer-pro\/\" \/>\n<meta property=\"og:site_name\" content=\"Erresse Shop\" \/>\n<meta property=\"article:modified_time\" content=\"2025-01-22T07:15:40+00:00\" \/>\n<meta property=\"og:image\" content=\"https:\/\/www.erresse-shop.it\/wp-content\/uploads\/2020\/10\/53001-000.jpg\" \/>\n\t<meta property=\"og:image:width\" content=\"1350\" \/>\n\t<meta property=\"og:image:height\" content=\"1350\" \/>\n\t<meta property=\"og:image:type\" content=\"image\/jpeg\" \/>\n<meta name=\"twitter:card\" content=\"summary_large_image\" \/>\n<script type=\"application\/ld+json\" class=\"yoast-schema-graph\">{\"@context\":\"https:\/\/schema.org\",\"@graph\":[{\"@type\":\"WebPage\",\"@id\":\"https:\/\/www.erresse-shop.it\/de\/shop\/kleine-elektrogeraete\/mixer\/zwilling-enfinigy-hochleistungsstandmixer-pro\/\",\"url\":\"https:\/\/www.erresse-shop.it\/de\/shop\/kleine-elektrogeraete\/mixer\/zwilling-enfinigy-hochleistungsstandmixer-pro\/\",\"name\":\"ZWILLING Enfinigy Blender Power Pro\",\"isPartOf\":{\"@id\":\"https:\/\/www.erresse-shop.it\/de\/#website\"},\"datePublished\":\"2020-10-20T12:30:22+00:00\",\"dateModified\":\"2025-01-22T07:15:40+00:00\",\"description\":\"Entdecken Sie ZWILLING Enfinigy Blender Power Pro bei ErresseShop. Qualit\u00e4t, Stil und Funktionalit\u00e4t \u2013 jetzt online bestellen!\",\"breadcrumb\":{\"@id\":\"https:\/\/www.erresse-shop.it\/de\/shop\/kleine-elektrogeraete\/mixer\/zwilling-enfinigy-hochleistungsstandmixer-pro\/#breadcrumb\"},\"inLanguage\":\"de-DE\",\"potentialAction\":[{\"@type\":\"ReadAction\",\"target\":[\"https:\/\/www.erresse-shop.it\/de\/shop\/kleine-elektrogeraete\/mixer\/zwilling-enfinigy-hochleistungsstandmixer-pro\/\"]}]},{\"@type\":\"BreadcrumbList\",\"@id\":\"https:\/\/www.erresse-shop.it\/de\/shop\/kleine-elektrogeraete\/mixer\/zwilling-enfinigy-hochleistungsstandmixer-pro\/#breadcrumb\",\"itemListElement\":[{\"@type\":\"ListItem\",\"position\":1,\"name\":\"Home\",\"item\":\"https:\/\/www.erresse-shop.it\/de\/\"},{\"@type\":\"ListItem\",\"position\":2,\"name\":\"Shop\",\"item\":\"https:\/\/www.erresse-shop.it\/de\/shop\/\"},{\"@type\":\"ListItem\",\"position\":3,\"name\":\"ZWILLING Enfinigy Blender Power Pro\"}]},{\"@type\":\"WebSite\",\"@id\":\"https:\/\/www.erresse-shop.it\/de\/#website\",\"url\":\"https:\/\/www.erresse-shop.it\/de\/\",\"name\":\"Erresse Shop\",\"description\":\"Articoli di qualit\u00e0 per la casa\",\"potentialAction\":[{\"@type\":\"SearchAction\",\"target\":{\"@type\":\"EntryPoint\",\"urlTemplate\":\"https:\/\/www.erresse-shop.it\/de\/?s={search_term_string}\"},\"query-input\":\"required name=search_term_string\"}],\"inLanguage\":\"de-DE\"}]}<\/script>\n<!-- \/ Yoast SEO Premium plugin. -->","yoast_head_json":{"title":"ZWILLING Enfinigy Blender Power Pro","description":"Entdecken Sie ZWILLING Enfinigy Blender Power Pro bei ErresseShop. Qualit\u00e4t, Stil und Funktionalit\u00e4t \u2013 jetzt online bestellen!","robots":{"index":"index","follow":"follow","max-snippet":"max-snippet:-1","max-image-preview":"max-image-preview:large","max-video-preview":"max-video-preview:-1"},"canonical":"https:\/\/www.erresse-shop.it\/de\/shop\/kleine-elektrogeraete\/mixer\/zwilling-enfinigy-hochleistungsstandmixer-pro\/","og_locale":"de_DE","og_type":"article","og_title":"ZWILLING Enfinigy Blender Power Pro","og_description":"Entdecken Sie ZWILLING Enfinigy Blender Power Pro bei ErresseShop. Qualit\u00e4t, Stil und Funktionalit\u00e4t \u2013 jetzt online bestellen!","og_url":"https:\/\/www.erresse-shop.it\/de\/shop\/kleine-elektrogeraete\/mixer\/zwilling-enfinigy-hochleistungsstandmixer-pro\/","og_site_name":"Erresse Shop","article_modified_time":"2025-01-22T07:15:40+00:00","og_image":[{"width":1350,"height":1350,"url":"https:\/\/www.erresse-shop.it\/wp-content\/uploads\/2020\/10\/53001-000.jpg","type":"image\/jpeg"}],"twitter_card":"summary_large_image","schema":{"@context":"https:\/\/schema.org","@graph":[{"@type":"WebPage","@id":"https:\/\/www.erresse-shop.it\/de\/shop\/kleine-elektrogeraete\/mixer\/zwilling-enfinigy-hochleistungsstandmixer-pro\/","url":"https:\/\/www.erresse-shop.it\/de\/shop\/kleine-elektrogeraete\/mixer\/zwilling-enfinigy-hochleistungsstandmixer-pro\/","name":"ZWILLING Enfinigy Blender Power Pro","isPartOf":{"@id":"https:\/\/www.erresse-shop.it\/de\/#website"},"datePublished":"2020-10-20T12:30:22+00:00","dateModified":"2025-01-22T07:15:40+00:00","description":"Entdecken Sie ZWILLING Enfinigy Blender Power Pro bei ErresseShop. Qualit\u00e4t, Stil und Funktionalit\u00e4t \u2013 jetzt online bestellen!","breadcrumb":{"@id":"https:\/\/www.erresse-shop.it\/de\/shop\/kleine-elektrogeraete\/mixer\/zwilling-enfinigy-hochleistungsstandmixer-pro\/#breadcrumb"},"inLanguage":"de-DE","potentialAction":[{"@type":"ReadAction","target":["https:\/\/www.erresse-shop.it\/de\/shop\/kleine-elektrogeraete\/mixer\/zwilling-enfinigy-hochleistungsstandmixer-pro\/"]}]},{"@type":"BreadcrumbList","@id":"https:\/\/www.erresse-shop.it\/de\/shop\/kleine-elektrogeraete\/mixer\/zwilling-enfinigy-hochleistungsstandmixer-pro\/#breadcrumb","itemListElement":[{"@type":"ListItem","position":1,"name":"Home","item":"https:\/\/www.erresse-shop.it\/de\/"},{"@type":"ListItem","position":2,"name":"Shop","item":"https:\/\/www.erresse-shop.it\/de\/shop\/"},{"@type":"ListItem","position":3,"name":"ZWILLING Enfinigy Blender Power Pro"}]},{"@type":"WebSite","@id":"https:\/\/www.erresse-shop.it\/de\/#website","url":"https:\/\/www.erresse-shop.it\/de\/","name":"Erresse Shop","description":"Articoli di qualit\u00e0 per la casa","potentialAction":[{"@type":"SearchAction","target":{"@type":"EntryPoint","urlTemplate":"https:\/\/www.erresse-shop.it\/de\/?s={search_term_string}"},"query-input":"required name=search_term_string"}],"inLanguage":"de-DE"}]}},"df_price":219,"df_sale_price":219,"df_regular_price":699,"df_image_link":"https:\/\/www.erresse-shop.it\/wp-content\/uploads\/2020\/10\/53001-000-300x300.jpg","_links":{"self":[{"href":"https:\/\/www.erresse-shop.it\/de\/wp-json\/wp\/v2\/product\/79264"}],"collection":[{"href":"https:\/\/www.erresse-shop.it\/de\/wp-json\/wp\/v2\/product"}],"about":[{"href":"https:\/\/www.erresse-shop.it\/de\/wp-json\/wp\/v2\/types\/product"}],"wp:featuredmedia":[{"embeddable":true,"href":"https:\/\/www.erresse-shop.it\/de\/wp-json\/wp\/v2\/media\/79270"}],"wp:attachment":[{"href":"https:\/\/www.erresse-shop.it\/de\/wp-json\/wp\/v2\/media?parent=79264"}],"wp:term":[{"taxonomy":"product_cat","embeddable":true,"href":"https:\/\/www.erresse-shop.it\/de\/wp-json\/wp\/v2\/product_cat?post=79264"},{"taxonomy":"product_tag","embeddable":true,"href":"https:\/\/www.erresse-shop.it\/de\/wp-json\/wp\/v2\/product_tag?post=79264"}],"curies":[{"name":"wp","href":"https:\/\/api.w.org\/{rel}","templated":true}]}}