{"id":79227,"date":"2020-10-20T10:35:31","date_gmt":"2020-10-20T10:35:31","guid":{"rendered":"https:\/\/www.erresse-shop.it\/?post_type=product&#038;p=79227"},"modified":"2025-01-22T07:15:39","modified_gmt":"2025-01-22T07:15:39","slug":"zwilling-enfinigy-digitale-kuchenwaage","status":"publish","type":"product","link":"https:\/\/www.erresse-shop.it\/de\/shop\/kleine-elektrogeraete\/skalen\/zwilling-enfinigy-digitale-kuchenwaage\/","title":{"rendered":"ZWILLING Enfinigy Digitale Kuchenwaage"},"content":{"rendered":"<p>Waage und ZWILLING sind das perfekte Paar. Die neue digitale K\u00fcchenwaage mit Akku vereint ein puristisches, modernes Design mit absoluter Pr\u00e4zision. Dank des wiederaufladbaren Li-Ionen-Akkus, der im wei\u00dfen Geh\u00e4use integriert ist, entf\u00e4llt das Hinzukaufen neuer Batterien. Die elektronische Waage wird ganz einfach via USB-Kabel aufgeladen. Sie l\u00e4sst sich per Sensor-Touch-Bedienung an- und ausschalten und schaltet sich bei Nichtbenutzung automatisch ab. Die hochwertige Wiegefl\u00e4che aus Glas ist besonders einfach zu reinigen. So kann auch Fleisch oder Obst direkt auf der Oberfl\u00e4che abgewogen werden. Das integrierte LCD-Display bleibt zudem dank der gro\u00dfen Wiegefl\u00e4che auch bei gro\u00dfen Mengen stets sichtbar. Es kann einfach von Gramm auf Unzen umgestellt werden \u2013 besonders praktisch beim Kochen von internationalen Rezepten. Bis zu 10 kg lassen sich mit der ZWILLING Digitalwaage pr\u00e4zise abwiegen. Dank der integrierten Tara-Funktion k\u00f6nnen Sie auch mit schweren Gef\u00e4\u00dfen und gr\u00f6\u00dferen Mengen verschiedener Zutaten arbeiten. F\u00fcr gro\u00dfe Genauigkeit bei gro\u00dfen Anl\u00e4ssen.<\/p>\n<p>&#8211; Digitale K\u00fcchenwaage mit integriertem Li-Ionen-Akku, wiederaufladbar per USB-Kabel<br \/>\n&#8211; Dank gro\u00dfer Wiegefl\u00e4che bleibt das LCD-Display auch beim Abwiegen gr\u00f6\u00dferer Mengen und Gef\u00e4\u00dfe sichtbar<br \/>\n&#8211; Leicht zu reinigende Oberfl\u00e4che aus Glas erm\u00f6glicht direktes Abwiegen von Zutaten<br \/>\n&#8211; Tara-Funktion f\u00fcr einfaches Zuwiegen<br \/>\n&#8211; Einfaches Umschalten von Gramm auf Unzen<br \/>\n&#8211; Wiegegewicht bis zu 10 kg<br \/>\n&#8211; LCD-Display mit Sensor-Touch-Bedienung und Abschaltautomatik<br \/>\n&#8211; Entwickelt von ZWILLING in Deutschland, designt in Mailand, Italien, von Matteo Thun &amp; Antonio Rodriguez<\/p>\n<p><u style=\"font-size: 13px; line-height: 20.8px;\"><strong>Not for sale outside from Europe<\/strong><\/u><\/p>\n","protected":false},"excerpt":{"rendered":"<p>Waage und ZWILLING sind das perfekte Paar. Die neue digitale K\u00fcchenwaage mit Akku vereint ein puristisches, modernes Design mit absoluter<\/p>\n","protected":false},"featured_media":79239,"template":"","meta":{"_acf_changed":false,"inline_featured_image":false},"product_cat":[6703,25978],"product_tag":[25038,11415,11413,13723,13727,25022,21822,11421],"acf":[],"yoast_head":"<!-- This site is optimized with the Yoast SEO Premium plugin v18.6 (Yoast SEO v19.13) - https:\/\/yoast.com\/wordpress\/plugins\/seo\/ -->\n<title>ZWILLING Enfinigy Digitale Kuchenwaage<\/title>\n<meta name=\"description\" content=\"Entdecken Sie ZWILLING Enfinigy Digitale Kuchenwaage bei ErresseShop. Qualit\u00e4t, Stil und Funktionalit\u00e4t \u2013 jetzt online bestellen!\" \/>\n<meta name=\"robots\" content=\"index, follow, max-snippet:-1, max-image-preview:large, max-video-preview:-1\" \/>\n<link rel=\"canonical\" href=\"https:\/\/www.erresse-shop.it\/de\/shop\/kleine-elektrogeraete\/skalen\/zwilling-enfinigy-digitale-kuchenwaage\/\" \/>\n<meta property=\"og:locale\" content=\"de_DE\" \/>\n<meta property=\"og:type\" content=\"article\" \/>\n<meta property=\"og:title\" content=\"ZWILLING Enfinigy Digitale Kuchenwaage\" \/>\n<meta property=\"og:description\" content=\"Entdecken Sie ZWILLING Enfinigy Digitale Kuchenwaage bei ErresseShop. Qualit\u00e4t, Stil und Funktionalit\u00e4t \u2013 jetzt online bestellen!\" \/>\n<meta property=\"og:url\" content=\"https:\/\/www.erresse-shop.it\/de\/shop\/kleine-elektrogeraete\/skalen\/zwilling-enfinigy-digitale-kuchenwaage\/\" \/>\n<meta property=\"og:site_name\" content=\"Erresse Shop\" \/>\n<meta property=\"article:modified_time\" content=\"2025-01-22T07:15:39+00:00\" \/>\n<meta property=\"og:image\" content=\"https:\/\/www.erresse-shop.it\/wp-content\/uploads\/2020\/10\/53011-050.jpg\" \/>\n\t<meta property=\"og:image:width\" content=\"1350\" \/>\n\t<meta property=\"og:image:height\" content=\"1350\" \/>\n\t<meta property=\"og:image:type\" content=\"image\/jpeg\" \/>\n<meta name=\"twitter:card\" content=\"summary_large_image\" \/>\n<script type=\"application\/ld+json\" class=\"yoast-schema-graph\">{\"@context\":\"https:\/\/schema.org\",\"@graph\":[{\"@type\":\"WebPage\",\"@id\":\"https:\/\/www.erresse-shop.it\/de\/shop\/kleine-elektrogeraete\/skalen\/zwilling-enfinigy-digitale-kuchenwaage\/\",\"url\":\"https:\/\/www.erresse-shop.it\/de\/shop\/kleine-elektrogeraete\/skalen\/zwilling-enfinigy-digitale-kuchenwaage\/\",\"name\":\"ZWILLING Enfinigy Digitale Kuchenwaage\",\"isPartOf\":{\"@id\":\"https:\/\/www.erresse-shop.it\/de\/#website\"},\"datePublished\":\"2020-10-20T10:35:31+00:00\",\"dateModified\":\"2025-01-22T07:15:39+00:00\",\"description\":\"Entdecken Sie ZWILLING Enfinigy Digitale Kuchenwaage bei ErresseShop. Qualit\u00e4t, Stil und Funktionalit\u00e4t \u2013 jetzt online bestellen!\",\"breadcrumb\":{\"@id\":\"https:\/\/www.erresse-shop.it\/de\/shop\/kleine-elektrogeraete\/skalen\/zwilling-enfinigy-digitale-kuchenwaage\/#breadcrumb\"},\"inLanguage\":\"de-DE\",\"potentialAction\":[{\"@type\":\"ReadAction\",\"target\":[\"https:\/\/www.erresse-shop.it\/de\/shop\/kleine-elektrogeraete\/skalen\/zwilling-enfinigy-digitale-kuchenwaage\/\"]}]},{\"@type\":\"BreadcrumbList\",\"@id\":\"https:\/\/www.erresse-shop.it\/de\/shop\/kleine-elektrogeraete\/skalen\/zwilling-enfinigy-digitale-kuchenwaage\/#breadcrumb\",\"itemListElement\":[{\"@type\":\"ListItem\",\"position\":1,\"name\":\"Home\",\"item\":\"https:\/\/www.erresse-shop.it\/de\/\"},{\"@type\":\"ListItem\",\"position\":2,\"name\":\"Shop\",\"item\":\"https:\/\/www.erresse-shop.it\/de\/shop\/\"},{\"@type\":\"ListItem\",\"position\":3,\"name\":\"ZWILLING Enfinigy Digitale Kuchenwaage\"}]},{\"@type\":\"WebSite\",\"@id\":\"https:\/\/www.erresse-shop.it\/de\/#website\",\"url\":\"https:\/\/www.erresse-shop.it\/de\/\",\"name\":\"Erresse Shop\",\"description\":\"Articoli di qualit\u00e0 per la casa\",\"potentialAction\":[{\"@type\":\"SearchAction\",\"target\":{\"@type\":\"EntryPoint\",\"urlTemplate\":\"https:\/\/www.erresse-shop.it\/de\/?s={search_term_string}\"},\"query-input\":\"required name=search_term_string\"}],\"inLanguage\":\"de-DE\"}]}<\/script>\n<!-- \/ Yoast SEO Premium plugin. -->","yoast_head_json":{"title":"ZWILLING Enfinigy Digitale Kuchenwaage","description":"Entdecken Sie ZWILLING Enfinigy Digitale Kuchenwaage bei ErresseShop. Qualit\u00e4t, Stil und Funktionalit\u00e4t \u2013 jetzt online bestellen!","robots":{"index":"index","follow":"follow","max-snippet":"max-snippet:-1","max-image-preview":"max-image-preview:large","max-video-preview":"max-video-preview:-1"},"canonical":"https:\/\/www.erresse-shop.it\/de\/shop\/kleine-elektrogeraete\/skalen\/zwilling-enfinigy-digitale-kuchenwaage\/","og_locale":"de_DE","og_type":"article","og_title":"ZWILLING Enfinigy Digitale Kuchenwaage","og_description":"Entdecken Sie ZWILLING Enfinigy Digitale Kuchenwaage bei ErresseShop. Qualit\u00e4t, Stil und Funktionalit\u00e4t \u2013 jetzt online bestellen!","og_url":"https:\/\/www.erresse-shop.it\/de\/shop\/kleine-elektrogeraete\/skalen\/zwilling-enfinigy-digitale-kuchenwaage\/","og_site_name":"Erresse Shop","article_modified_time":"2025-01-22T07:15:39+00:00","og_image":[{"width":1350,"height":1350,"url":"https:\/\/www.erresse-shop.it\/wp-content\/uploads\/2020\/10\/53011-050.jpg","type":"image\/jpeg"}],"twitter_card":"summary_large_image","schema":{"@context":"https:\/\/schema.org","@graph":[{"@type":"WebPage","@id":"https:\/\/www.erresse-shop.it\/de\/shop\/kleine-elektrogeraete\/skalen\/zwilling-enfinigy-digitale-kuchenwaage\/","url":"https:\/\/www.erresse-shop.it\/de\/shop\/kleine-elektrogeraete\/skalen\/zwilling-enfinigy-digitale-kuchenwaage\/","name":"ZWILLING Enfinigy Digitale Kuchenwaage","isPartOf":{"@id":"https:\/\/www.erresse-shop.it\/de\/#website"},"datePublished":"2020-10-20T10:35:31+00:00","dateModified":"2025-01-22T07:15:39+00:00","description":"Entdecken Sie ZWILLING Enfinigy Digitale Kuchenwaage bei ErresseShop. Qualit\u00e4t, Stil und Funktionalit\u00e4t \u2013 jetzt online bestellen!","breadcrumb":{"@id":"https:\/\/www.erresse-shop.it\/de\/shop\/kleine-elektrogeraete\/skalen\/zwilling-enfinigy-digitale-kuchenwaage\/#breadcrumb"},"inLanguage":"de-DE","potentialAction":[{"@type":"ReadAction","target":["https:\/\/www.erresse-shop.it\/de\/shop\/kleine-elektrogeraete\/skalen\/zwilling-enfinigy-digitale-kuchenwaage\/"]}]},{"@type":"BreadcrumbList","@id":"https:\/\/www.erresse-shop.it\/de\/shop\/kleine-elektrogeraete\/skalen\/zwilling-enfinigy-digitale-kuchenwaage\/#breadcrumb","itemListElement":[{"@type":"ListItem","position":1,"name":"Home","item":"https:\/\/www.erresse-shop.it\/de\/"},{"@type":"ListItem","position":2,"name":"Shop","item":"https:\/\/www.erresse-shop.it\/de\/shop\/"},{"@type":"ListItem","position":3,"name":"ZWILLING Enfinigy Digitale Kuchenwaage"}]},{"@type":"WebSite","@id":"https:\/\/www.erresse-shop.it\/de\/#website","url":"https:\/\/www.erresse-shop.it\/de\/","name":"Erresse Shop","description":"Articoli di qualit\u00e0 per la casa","potentialAction":[{"@type":"SearchAction","target":{"@type":"EntryPoint","urlTemplate":"https:\/\/www.erresse-shop.it\/de\/?s={search_term_string}"},"query-input":"required name=search_term_string"}],"inLanguage":"de-DE"}]}},"df_price":19.975,"df_sale_price":19.975,"df_regular_price":39.95,"df_image_link":"https:\/\/www.erresse-shop.it\/wp-content\/uploads\/2020\/10\/53011-050-300x300.jpg","_links":{"self":[{"href":"https:\/\/www.erresse-shop.it\/de\/wp-json\/wp\/v2\/product\/79227"}],"collection":[{"href":"https:\/\/www.erresse-shop.it\/de\/wp-json\/wp\/v2\/product"}],"about":[{"href":"https:\/\/www.erresse-shop.it\/de\/wp-json\/wp\/v2\/types\/product"}],"wp:featuredmedia":[{"embeddable":true,"href":"https:\/\/www.erresse-shop.it\/de\/wp-json\/wp\/v2\/media\/79239"}],"wp:attachment":[{"href":"https:\/\/www.erresse-shop.it\/de\/wp-json\/wp\/v2\/media?parent=79227"}],"wp:term":[{"taxonomy":"product_cat","embeddable":true,"href":"https:\/\/www.erresse-shop.it\/de\/wp-json\/wp\/v2\/product_cat?post=79227"},{"taxonomy":"product_tag","embeddable":true,"href":"https:\/\/www.erresse-shop.it\/de\/wp-json\/wp\/v2\/product_tag?post=79227"}],"curies":[{"name":"wp","href":"https:\/\/api.w.org\/{rel}","templated":true}]}}