{"id":79131,"date":"2020-10-19T14:20:50","date_gmt":"2020-10-19T14:20:52","guid":{"rendered":"https:\/\/www.erresse-shop.it\/?post_type=product&#038;p=79131"},"modified":"2025-05-27T16:38:16","modified_gmt":"2025-05-27T16:38:16","slug":"zwilling-enfinigy-toaster-2-schlitze","status":"publish","type":"product","link":"https:\/\/www.erresse-shop.it\/de\/shop\/kleine-elektrogeraete\/toaster\/zwilling-enfinigy-toaster-2-schlitze\/","title":{"rendered":"ZWILLING Enfinigy Toaster 2 Schlitze"},"content":{"rendered":"<p>Genie\u00dfen Sie Ihren Toast, so wie sie ihn am liebsten haben. Jedes Mal. Der hochwertige ZWILLING Toaster f\u00fcr 2 Brotscheiben im modernen Design sorgt auch bei mehreren Toastvorg\u00e4ngen f\u00fcr eine immer gleichbleibende Br\u00e4unung der Toastscheiben. Daf\u00fcr verk\u00fcrzt er automatisch die R\u00f6stdauer, um die eingestellte Br\u00e4unung zu erreichen. Durch die 2 separaten Heizelemente des 1000-Watt-Toasters wird jeder Toast gleichm\u00e4\u00dfig auf beiden Seiten gebr\u00e4unt. Das Ergebnis ist au\u00dfen knusprig und innen noch weich \u2013 ein echter ZWILLING Toast. Fertige Toasts fliegen nicht aus dem Toaster. Die Toastscheiben gleiten dank Soft-Lift-Funktion sanft nach oben und mit der integrierten Nachhebefunktion k\u00f6nnen auch kleinere Scheiben bequem aus dem Toaster gehoben werden. Die Toasts k\u00f6nnen nicht verbrennen: Der Toaster schaltet sich nach der eingestellten R\u00f6stdauer automatisch ab. Selbst auf der h\u00f6chsten Stufe werden die Toasts maximal dunkelbraun. Mit der Stopp-Taste kann jeder Vorgang sofort abgebrochen werden. Kr\u00fcmel landen in der einfach herausnehmbaren Kr\u00fcmelschublade. Neben 7 Br\u00e4unungsstufen verf\u00fcgt der Toaster \u00fcber 3 Automatikprogramme. Mit der Aufw\u00e4rmfunktion kann kalt gewordener Toast wieder aufgew\u00e4rmt werden. Die Auftaufunktion erlaubt das direkte Toasten von gefrorenem Toast. Und die Bagelfunktion mit Brotscheibenzentrierung erm\u00f6glicht ideale Bagel-Toastergebnisse \u2013 innen ger\u00f6stet und au\u00dfen knusprig. Mit dem abnehmbaren Br\u00f6tchenaufsatz k\u00f6nnen zus\u00e4tzlich 2 Br\u00f6tchen aufgew\u00e4rmt oder getoastet werden. Dar\u00fcber hinaus kann der Br\u00f6tchenaufsatz dank symmetrisch angeordneter Querstreben auch ideal als Servierteller f\u00fcr Ihre Toasts verwendet werden.<\/p>\n<p>&#8211; Toaster f\u00fcr 2 Scheiben<br \/>\n&#8211; Automatische Anpassung der R\u00f6stdauer f\u00fcr gleichbleibende Br\u00e4unung auch bei mehreren Toastvorg\u00e4ngen<br \/>\n&#8211; 3 Automatikprogramme: Auftau-, Aufw\u00e4rm- und Bagelfunktion<br \/>\n&#8211; Soft-Lift-Funktion sorgt f\u00fcr sanftes Hochfahren der Toastscheiben<br \/>\n&#8211; Sicherheitsfunktion mit Abschaltautomatik verhindert verbrannten Toast<br \/>\n&#8211; Abnehmbarer Br\u00f6tchenaufsatz<br \/>\n&#8211; Integrierte Kabelaufwicklung zum komfortablen Verstauen<br \/>\n&#8211; Entwickelt von ZWILLING in Deutschland, designt in Mailand, Italien, von Matteo Thun &amp; Antonio Rodriguez<\/p>\n<p>Eigenschaften<br \/>\n&#8211; Farbe: Silver<br \/>\n&#8211; Material: Stahl<br \/>\n&#8211; Beschichtung: heat insulating stainless steel case 2 separate heating units for constant browning results<br \/>\n&#8211; Voltzahl: 220-240 V<br \/>\n&#8211; Netzfrequenz: 50\/60 Hz<br \/>\n&#8211; Kabelaufbewahrung: Ja<br \/>\n&#8211; Leistung: 1.000 W<\/p>\n<p>Abmessungen<br \/>\n&#8211; Gewicht netto: 2,00 kg<br \/>\n&#8211; Produktl\u00e4nge: 29,20 cm<br \/>\n&#8211; Produktbreite: 16,80 cm<br \/>\n&#8211; Produkth\u00f6he: 20,60 cm<\/p>\n<p><u style=\"font-size: 13px; line-height: 20.8px;\"><strong>Not for sale outside from Europe<\/strong><\/u><\/p>\n","protected":false},"excerpt":{"rendered":"<p>Genie\u00dfen Sie Ihren Toast, so wie sie ihn am liebsten haben. Jedes Mal. Der hochwertige ZWILLING Toaster f\u00fcr 2 Brotscheiben<\/p>\n","protected":false},"featured_media":79140,"template":"","meta":{"_acf_changed":false,"inline_featured_image":false},"product_cat":[6703,6865],"product_tag":[25038,23661,11415,11413,13723,24416,25022,11411,11417],"acf":[],"yoast_head":"<!-- This site is optimized with the Yoast SEO Premium plugin v18.6 (Yoast SEO v19.13) - https:\/\/yoast.com\/wordpress\/plugins\/seo\/ -->\n<title>ZWILLING Enfinigy Toaster 2 Schlitze<\/title>\n<meta name=\"description\" content=\"Entdecken Sie ZWILLING Enfinigy Toaster 2 Schlitze bei ErresseShop. Qualit\u00e4t, Stil und Funktionalit\u00e4t \u2013 jetzt online bestellen!\" \/>\n<meta name=\"robots\" content=\"index, follow, max-snippet:-1, max-image-preview:large, max-video-preview:-1\" \/>\n<link rel=\"canonical\" href=\"https:\/\/www.erresse-shop.it\/de\/shop\/kleine-elektrogeraete\/toaster\/zwilling-enfinigy-toaster-2-schlitze\/\" \/>\n<meta property=\"og:locale\" content=\"de_DE\" \/>\n<meta property=\"og:type\" content=\"article\" \/>\n<meta property=\"og:title\" content=\"ZWILLING Enfinigy Toaster 2 Schlitze\" \/>\n<meta property=\"og:description\" content=\"Entdecken Sie ZWILLING Enfinigy Toaster 2 Schlitze bei ErresseShop. Qualit\u00e4t, Stil und Funktionalit\u00e4t \u2013 jetzt online bestellen!\" \/>\n<meta property=\"og:url\" content=\"https:\/\/www.erresse-shop.it\/de\/shop\/kleine-elektrogeraete\/toaster\/zwilling-enfinigy-toaster-2-schlitze\/\" \/>\n<meta property=\"og:site_name\" content=\"Erresse Shop\" \/>\n<meta property=\"article:modified_time\" content=\"2025-05-27T16:38:16+00:00\" \/>\n<meta property=\"og:image\" content=\"https:\/\/www.erresse-shop.it\/wp-content\/uploads\/2020\/10\/53008-001.jpg\" \/>\n\t<meta property=\"og:image:width\" content=\"800\" \/>\n\t<meta property=\"og:image:height\" content=\"800\" \/>\n\t<meta property=\"og:image:type\" content=\"image\/jpeg\" \/>\n<meta name=\"twitter:card\" content=\"summary_large_image\" \/>\n<script type=\"application\/ld+json\" class=\"yoast-schema-graph\">{\"@context\":\"https:\/\/schema.org\",\"@graph\":[{\"@type\":\"WebPage\",\"@id\":\"https:\/\/www.erresse-shop.it\/de\/shop\/kleine-elektrogeraete\/toaster\/zwilling-enfinigy-toaster-2-schlitze\/\",\"url\":\"https:\/\/www.erresse-shop.it\/de\/shop\/kleine-elektrogeraete\/toaster\/zwilling-enfinigy-toaster-2-schlitze\/\",\"name\":\"ZWILLING Enfinigy Toaster 2 Schlitze\",\"isPartOf\":{\"@id\":\"https:\/\/www.erresse-shop.it\/de\/#website\"},\"datePublished\":\"2020-10-19T14:20:52+00:00\",\"dateModified\":\"2025-05-27T16:38:16+00:00\",\"description\":\"Entdecken Sie ZWILLING Enfinigy Toaster 2 Schlitze bei ErresseShop. Qualit\u00e4t, Stil und Funktionalit\u00e4t \u2013 jetzt online bestellen!\",\"breadcrumb\":{\"@id\":\"https:\/\/www.erresse-shop.it\/de\/shop\/kleine-elektrogeraete\/toaster\/zwilling-enfinigy-toaster-2-schlitze\/#breadcrumb\"},\"inLanguage\":\"de-DE\",\"potentialAction\":[{\"@type\":\"ReadAction\",\"target\":[\"https:\/\/www.erresse-shop.it\/de\/shop\/kleine-elektrogeraete\/toaster\/zwilling-enfinigy-toaster-2-schlitze\/\"]}]},{\"@type\":\"BreadcrumbList\",\"@id\":\"https:\/\/www.erresse-shop.it\/de\/shop\/kleine-elektrogeraete\/toaster\/zwilling-enfinigy-toaster-2-schlitze\/#breadcrumb\",\"itemListElement\":[{\"@type\":\"ListItem\",\"position\":1,\"name\":\"Home\",\"item\":\"https:\/\/www.erresse-shop.it\/de\/\"},{\"@type\":\"ListItem\",\"position\":2,\"name\":\"Shop\",\"item\":\"https:\/\/www.erresse-shop.it\/de\/shop\/\"},{\"@type\":\"ListItem\",\"position\":3,\"name\":\"ZWILLING Enfinigy Toaster 2 Schlitze\"}]},{\"@type\":\"WebSite\",\"@id\":\"https:\/\/www.erresse-shop.it\/de\/#website\",\"url\":\"https:\/\/www.erresse-shop.it\/de\/\",\"name\":\"Erresse Shop\",\"description\":\"Articoli di qualit\u00e0 per la casa\",\"potentialAction\":[{\"@type\":\"SearchAction\",\"target\":{\"@type\":\"EntryPoint\",\"urlTemplate\":\"https:\/\/www.erresse-shop.it\/de\/?s={search_term_string}\"},\"query-input\":\"required name=search_term_string\"}],\"inLanguage\":\"de-DE\"}]}<\/script>\n<!-- \/ Yoast SEO Premium plugin. -->","yoast_head_json":{"title":"ZWILLING Enfinigy Toaster 2 Schlitze","description":"Entdecken Sie ZWILLING Enfinigy Toaster 2 Schlitze bei ErresseShop. Qualit\u00e4t, Stil und Funktionalit\u00e4t \u2013 jetzt online bestellen!","robots":{"index":"index","follow":"follow","max-snippet":"max-snippet:-1","max-image-preview":"max-image-preview:large","max-video-preview":"max-video-preview:-1"},"canonical":"https:\/\/www.erresse-shop.it\/de\/shop\/kleine-elektrogeraete\/toaster\/zwilling-enfinigy-toaster-2-schlitze\/","og_locale":"de_DE","og_type":"article","og_title":"ZWILLING Enfinigy Toaster 2 Schlitze","og_description":"Entdecken Sie ZWILLING Enfinigy Toaster 2 Schlitze bei ErresseShop. Qualit\u00e4t, Stil und Funktionalit\u00e4t \u2013 jetzt online bestellen!","og_url":"https:\/\/www.erresse-shop.it\/de\/shop\/kleine-elektrogeraete\/toaster\/zwilling-enfinigy-toaster-2-schlitze\/","og_site_name":"Erresse Shop","article_modified_time":"2025-05-27T16:38:16+00:00","og_image":[{"width":800,"height":800,"url":"https:\/\/www.erresse-shop.it\/wp-content\/uploads\/2020\/10\/53008-001.jpg","type":"image\/jpeg"}],"twitter_card":"summary_large_image","schema":{"@context":"https:\/\/schema.org","@graph":[{"@type":"WebPage","@id":"https:\/\/www.erresse-shop.it\/de\/shop\/kleine-elektrogeraete\/toaster\/zwilling-enfinigy-toaster-2-schlitze\/","url":"https:\/\/www.erresse-shop.it\/de\/shop\/kleine-elektrogeraete\/toaster\/zwilling-enfinigy-toaster-2-schlitze\/","name":"ZWILLING Enfinigy Toaster 2 Schlitze","isPartOf":{"@id":"https:\/\/www.erresse-shop.it\/de\/#website"},"datePublished":"2020-10-19T14:20:52+00:00","dateModified":"2025-05-27T16:38:16+00:00","description":"Entdecken Sie ZWILLING Enfinigy Toaster 2 Schlitze bei ErresseShop. Qualit\u00e4t, Stil und Funktionalit\u00e4t \u2013 jetzt online bestellen!","breadcrumb":{"@id":"https:\/\/www.erresse-shop.it\/de\/shop\/kleine-elektrogeraete\/toaster\/zwilling-enfinigy-toaster-2-schlitze\/#breadcrumb"},"inLanguage":"de-DE","potentialAction":[{"@type":"ReadAction","target":["https:\/\/www.erresse-shop.it\/de\/shop\/kleine-elektrogeraete\/toaster\/zwilling-enfinigy-toaster-2-schlitze\/"]}]},{"@type":"BreadcrumbList","@id":"https:\/\/www.erresse-shop.it\/de\/shop\/kleine-elektrogeraete\/toaster\/zwilling-enfinigy-toaster-2-schlitze\/#breadcrumb","itemListElement":[{"@type":"ListItem","position":1,"name":"Home","item":"https:\/\/www.erresse-shop.it\/de\/"},{"@type":"ListItem","position":2,"name":"Shop","item":"https:\/\/www.erresse-shop.it\/de\/shop\/"},{"@type":"ListItem","position":3,"name":"ZWILLING Enfinigy Toaster 2 Schlitze"}]},{"@type":"WebSite","@id":"https:\/\/www.erresse-shop.it\/de\/#website","url":"https:\/\/www.erresse-shop.it\/de\/","name":"Erresse Shop","description":"Articoli di qualit\u00e0 per la casa","potentialAction":[{"@type":"SearchAction","target":{"@type":"EntryPoint","urlTemplate":"https:\/\/www.erresse-shop.it\/de\/?s={search_term_string}"},"query-input":"required name=search_term_string"}],"inLanguage":"de-DE"}]}},"df_price":44.975,"df_sale_price":44.975,"df_regular_price":89.95,"df_image_link":"https:\/\/www.erresse-shop.it\/wp-content\/uploads\/2020\/10\/53008-001-300x300.jpg","_links":{"self":[{"href":"https:\/\/www.erresse-shop.it\/de\/wp-json\/wp\/v2\/product\/79131"}],"collection":[{"href":"https:\/\/www.erresse-shop.it\/de\/wp-json\/wp\/v2\/product"}],"about":[{"href":"https:\/\/www.erresse-shop.it\/de\/wp-json\/wp\/v2\/types\/product"}],"wp:featuredmedia":[{"embeddable":true,"href":"https:\/\/www.erresse-shop.it\/de\/wp-json\/wp\/v2\/media\/79140"}],"wp:attachment":[{"href":"https:\/\/www.erresse-shop.it\/de\/wp-json\/wp\/v2\/media?parent=79131"}],"wp:term":[{"taxonomy":"product_cat","embeddable":true,"href":"https:\/\/www.erresse-shop.it\/de\/wp-json\/wp\/v2\/product_cat?post=79131"},{"taxonomy":"product_tag","embeddable":true,"href":"https:\/\/www.erresse-shop.it\/de\/wp-json\/wp\/v2\/product_tag?post=79131"}],"curies":[{"name":"wp","href":"https:\/\/api.w.org\/{rel}","templated":true}]}}