{"id":75871,"date":"2020-09-24T07:32:06","date_gmt":"2020-09-24T07:32:06","guid":{"rendered":"https:\/\/www.erresse-shop.it\/?post_type=product&#038;p=75871"},"modified":"2025-09-03T14:10:08","modified_gmt":"2025-09-03T14:10:08","slug":"alessi-topfe-und-pfannen-set-7-tlg","status":"publish","type":"product","link":"https:\/\/www.erresse-shop.it\/de\/shop\/toepfe-pfannen\/topfsets\/alessi-topfe-und-pfannen-set-7-tlg\/","title":{"rendered":"ALESSI T\u00f6pfe und Pfannen Set 7-tlg"},"content":{"rendered":"<p>Die T\u00f6pfe der Kollektion Mami, die von dem Designer Stefano Giovannoni entworfen wurden, sind eine Hymne an die weichen und runden Formen der Werkzeuge, die die italienische Tradition ausmachen und aus denen sich die k\u00f6stlichen D\u00fcfte des sonnt\u00e4glichen Mittagessens f\u00fcr die ganze Familie im ganzen Haus verbreiten. Das Set Mami-T\u00f6pfe ist aus rostfreiem Edelstahl 18\/10, mit einer gl\u00e4nzenden Oberfl\u00e4che<\/p>\n<p>Kochgeschirr-Set:<br \/>\n&#8211; Kochtopf 20 cm (SG100\/20)<br \/>\n&#8211; Kasserolle mit zwei Griffen 20 cm (SG101\/20)<br \/>\n&#8211; Niedrige Kasserolle mit zwei Griffen 24 cm (SG102\/24)<br \/>\n&#8211; Kochtopf 14 cm (SG105\/14)<br \/>\n&#8211; Deckel 14 cm (SG200\/14)<br \/>\n&#8211; Deckel 20 cm (SG200\/20)<br \/>\n&#8211; Deckel 24 cm (SG200\/24)<\/p>\n<p>Geeignet f\u00fcr Induktion<br \/>\nGeschirrsp\u00fclmaschinenfest<\/p>\n","protected":false},"excerpt":{"rendered":"<p>Die T\u00f6pfe der Kollektion Mami, die von dem Designer Stefano Giovannoni entworfen wurden, sind eine Hymne an die weichen und<\/p>\n","protected":false},"featured_media":472005,"template":"","meta":{"_acf_changed":false,"inline_featured_image":false},"product_cat":[6709,14781],"product_tag":[11801,12992,13686,23468],"acf":[],"yoast_head":"<!-- This site is optimized with the Yoast SEO Premium plugin v18.6 (Yoast SEO v19.13) - https:\/\/yoast.com\/wordpress\/plugins\/seo\/ -->\n<title>ALESSI T\u00f6pfe und Pfannen Set 7-tlg - Erresse Shop<\/title>\n<meta name=\"description\" content=\"Die T\u00f6pfe der Kollektion Mami, die von dem Designer Stefano Giovannoni entworfen wurden, sind eine Hymne an die weichen und runden Formen der Werkzeuge,\" \/>\n<meta name=\"robots\" content=\"index, follow, max-snippet:-1, max-image-preview:large, max-video-preview:-1\" \/>\n<link rel=\"canonical\" href=\"https:\/\/www.erresse-shop.it\/de\/shop\/toepfe-pfannen\/topfsets\/alessi-topfe-und-pfannen-set-7-tlg\/\" \/>\n<meta property=\"og:locale\" content=\"de_DE\" \/>\n<meta property=\"og:type\" content=\"article\" \/>\n<meta property=\"og:title\" content=\"ALESSI T\u00f6pfe und Pfannen Set 7-tlg\" \/>\n<meta property=\"og:description\" content=\"Die T\u00f6pfe der Kollektion Mami, die von dem Designer Stefano Giovannoni entworfen wurden, sind eine Hymne an die weichen und runden Formen der Werkzeuge,\" \/>\n<meta property=\"og:url\" content=\"https:\/\/www.erresse-shop.it\/de\/shop\/toepfe-pfannen\/topfsets\/alessi-topfe-und-pfannen-set-7-tlg\/\" \/>\n<meta property=\"og:site_name\" content=\"Erresse Shop\" \/>\n<meta property=\"article:modified_time\" content=\"2025-09-03T14:10:08+00:00\" \/>\n<meta property=\"og:image\" content=\"https:\/\/www.erresse-shop.it\/wp-content\/uploads\/2020\/09\/ALESSI-Mami-Set-di-Pentole-7-pz.jpg\" \/>\n\t<meta property=\"og:image:width\" content=\"1200\" \/>\n\t<meta property=\"og:image:height\" content=\"1200\" \/>\n\t<meta property=\"og:image:type\" content=\"image\/jpeg\" \/>\n<meta name=\"twitter:card\" content=\"summary_large_image\" \/>\n<script type=\"application\/ld+json\" class=\"yoast-schema-graph\">{\"@context\":\"https:\/\/schema.org\",\"@graph\":[{\"@type\":\"WebPage\",\"@id\":\"https:\/\/www.erresse-shop.it\/de\/shop\/toepfe-pfannen\/topfsets\/alessi-topfe-und-pfannen-set-7-tlg\/\",\"url\":\"https:\/\/www.erresse-shop.it\/de\/shop\/toepfe-pfannen\/topfsets\/alessi-topfe-und-pfannen-set-7-tlg\/\",\"name\":\"ALESSI T\u00f6pfe und Pfannen Set 7-tlg - Erresse Shop\",\"isPartOf\":{\"@id\":\"https:\/\/www.erresse-shop.it\/de\/#website\"},\"datePublished\":\"2020-09-24T07:32:06+00:00\",\"dateModified\":\"2025-09-03T14:10:08+00:00\",\"description\":\"Die T\u00f6pfe der Kollektion Mami, die von dem Designer Stefano Giovannoni entworfen wurden, sind eine Hymne an die weichen und runden Formen der Werkzeuge,\",\"breadcrumb\":{\"@id\":\"https:\/\/www.erresse-shop.it\/de\/shop\/toepfe-pfannen\/topfsets\/alessi-topfe-und-pfannen-set-7-tlg\/#breadcrumb\"},\"inLanguage\":\"de-DE\",\"potentialAction\":[{\"@type\":\"ReadAction\",\"target\":[\"https:\/\/www.erresse-shop.it\/de\/shop\/toepfe-pfannen\/topfsets\/alessi-topfe-und-pfannen-set-7-tlg\/\"]}]},{\"@type\":\"BreadcrumbList\",\"@id\":\"https:\/\/www.erresse-shop.it\/de\/shop\/toepfe-pfannen\/topfsets\/alessi-topfe-und-pfannen-set-7-tlg\/#breadcrumb\",\"itemListElement\":[{\"@type\":\"ListItem\",\"position\":1,\"name\":\"Home\",\"item\":\"https:\/\/www.erresse-shop.it\/de\/\"},{\"@type\":\"ListItem\",\"position\":2,\"name\":\"Shop\",\"item\":\"https:\/\/www.erresse-shop.it\/de\/shop\/\"},{\"@type\":\"ListItem\",\"position\":3,\"name\":\"ALESSI T\u00f6pfe und Pfannen Set 7-tlg\"}]},{\"@type\":\"WebSite\",\"@id\":\"https:\/\/www.erresse-shop.it\/de\/#website\",\"url\":\"https:\/\/www.erresse-shop.it\/de\/\",\"name\":\"Erresse Shop\",\"description\":\"Articoli di qualit\u00e0 per la casa\",\"potentialAction\":[{\"@type\":\"SearchAction\",\"target\":{\"@type\":\"EntryPoint\",\"urlTemplate\":\"https:\/\/www.erresse-shop.it\/de\/?s={search_term_string}\"},\"query-input\":\"required name=search_term_string\"}],\"inLanguage\":\"de-DE\"}]}<\/script>\n<!-- \/ Yoast SEO Premium plugin. -->","yoast_head_json":{"title":"ALESSI T\u00f6pfe und Pfannen Set 7-tlg - Erresse Shop","description":"Die T\u00f6pfe der Kollektion Mami, die von dem Designer Stefano Giovannoni entworfen wurden, sind eine Hymne an die weichen und runden Formen der Werkzeuge,","robots":{"index":"index","follow":"follow","max-snippet":"max-snippet:-1","max-image-preview":"max-image-preview:large","max-video-preview":"max-video-preview:-1"},"canonical":"https:\/\/www.erresse-shop.it\/de\/shop\/toepfe-pfannen\/topfsets\/alessi-topfe-und-pfannen-set-7-tlg\/","og_locale":"de_DE","og_type":"article","og_title":"ALESSI T\u00f6pfe und Pfannen Set 7-tlg","og_description":"Die T\u00f6pfe der Kollektion Mami, die von dem Designer Stefano Giovannoni entworfen wurden, sind eine Hymne an die weichen und runden Formen der Werkzeuge,","og_url":"https:\/\/www.erresse-shop.it\/de\/shop\/toepfe-pfannen\/topfsets\/alessi-topfe-und-pfannen-set-7-tlg\/","og_site_name":"Erresse Shop","article_modified_time":"2025-09-03T14:10:08+00:00","og_image":[{"width":1200,"height":1200,"url":"https:\/\/www.erresse-shop.it\/wp-content\/uploads\/2020\/09\/ALESSI-Mami-Set-di-Pentole-7-pz.jpg","type":"image\/jpeg"}],"twitter_card":"summary_large_image","schema":{"@context":"https:\/\/schema.org","@graph":[{"@type":"WebPage","@id":"https:\/\/www.erresse-shop.it\/de\/shop\/toepfe-pfannen\/topfsets\/alessi-topfe-und-pfannen-set-7-tlg\/","url":"https:\/\/www.erresse-shop.it\/de\/shop\/toepfe-pfannen\/topfsets\/alessi-topfe-und-pfannen-set-7-tlg\/","name":"ALESSI T\u00f6pfe und Pfannen Set 7-tlg - Erresse Shop","isPartOf":{"@id":"https:\/\/www.erresse-shop.it\/de\/#website"},"datePublished":"2020-09-24T07:32:06+00:00","dateModified":"2025-09-03T14:10:08+00:00","description":"Die T\u00f6pfe der Kollektion Mami, die von dem Designer Stefano Giovannoni entworfen wurden, sind eine Hymne an die weichen und runden Formen der Werkzeuge,","breadcrumb":{"@id":"https:\/\/www.erresse-shop.it\/de\/shop\/toepfe-pfannen\/topfsets\/alessi-topfe-und-pfannen-set-7-tlg\/#breadcrumb"},"inLanguage":"de-DE","potentialAction":[{"@type":"ReadAction","target":["https:\/\/www.erresse-shop.it\/de\/shop\/toepfe-pfannen\/topfsets\/alessi-topfe-und-pfannen-set-7-tlg\/"]}]},{"@type":"BreadcrumbList","@id":"https:\/\/www.erresse-shop.it\/de\/shop\/toepfe-pfannen\/topfsets\/alessi-topfe-und-pfannen-set-7-tlg\/#breadcrumb","itemListElement":[{"@type":"ListItem","position":1,"name":"Home","item":"https:\/\/www.erresse-shop.it\/de\/"},{"@type":"ListItem","position":2,"name":"Shop","item":"https:\/\/www.erresse-shop.it\/de\/shop\/"},{"@type":"ListItem","position":3,"name":"ALESSI T\u00f6pfe und Pfannen Set 7-tlg"}]},{"@type":"WebSite","@id":"https:\/\/www.erresse-shop.it\/de\/#website","url":"https:\/\/www.erresse-shop.it\/de\/","name":"Erresse Shop","description":"Articoli di qualit\u00e0 per la casa","potentialAction":[{"@type":"SearchAction","target":{"@type":"EntryPoint","urlTemplate":"https:\/\/www.erresse-shop.it\/de\/?s={search_term_string}"},"query-input":"required name=search_term_string"}],"inLanguage":"de-DE"}]}},"df_price":289.95,"df_sale_price":289.95,"df_regular_price":400,"df_image_link":"https:\/\/www.erresse-shop.it\/wp-content\/uploads\/2020\/09\/ALESSI-Mami-Set-di-Pentole-7-pz-300x300.jpg","_links":{"self":[{"href":"https:\/\/www.erresse-shop.it\/de\/wp-json\/wp\/v2\/product\/75871"}],"collection":[{"href":"https:\/\/www.erresse-shop.it\/de\/wp-json\/wp\/v2\/product"}],"about":[{"href":"https:\/\/www.erresse-shop.it\/de\/wp-json\/wp\/v2\/types\/product"}],"wp:featuredmedia":[{"embeddable":true,"href":"https:\/\/www.erresse-shop.it\/de\/wp-json\/wp\/v2\/media\/472005"}],"wp:attachment":[{"href":"https:\/\/www.erresse-shop.it\/de\/wp-json\/wp\/v2\/media?parent=75871"}],"wp:term":[{"taxonomy":"product_cat","embeddable":true,"href":"https:\/\/www.erresse-shop.it\/de\/wp-json\/wp\/v2\/product_cat?post=75871"},{"taxonomy":"product_tag","embeddable":true,"href":"https:\/\/www.erresse-shop.it\/de\/wp-json\/wp\/v2\/product_tag?post=75871"}],"curies":[{"name":"wp","href":"https:\/\/api.w.org\/{rel}","templated":true}]}}