{"id":75850,"date":"2020-09-24T07:14:01","date_gmt":"2020-09-24T07:14:02","guid":{"rendered":"https:\/\/www.erresse-shop.it\/?post_type=product&#038;p=75850"},"modified":"2025-03-04T10:22:16","modified_gmt":"2025-03-04T10:22:16","slug":"alessi-korb-aus-runddraht","status":"publish","type":"product","link":"https:\/\/www.erresse-shop.it\/de\/shop\/tisch\/koerbe-und-schalen\/alessi-korb-aus-runddraht\/","title":{"rendered":"ALESSI Runder Drahtkorb 24 cm"},"content":{"rendered":"<p>Der Korb &#8220;826&#8221; geh\u00f6rt zu einer Kategorie von Gegenst\u00e4nden, die seit Jahrhunderten im h\u00e4uslichen Haushalt vorhanden sind: der Korb aus Metalldraht. Er war das erste Objekt, das aus der technologischen Forschung \u00fcber gefalteten Metalldraht hervorging, die vom Technischen B\u00fcro Alessi in der zweiten H\u00e4lfte der 1940er Jahre durchgef\u00fchrt wurde.<\/p>\n<p>Runddrahtkorb aus rostfreiem Stahl 18\/10<\/p>\n<p>Abmessungen<br \/>\n&#8211; Durchmesser: 24,50 cm<br \/>\n&#8211; H\u00f6he: 8,50 cm<\/p>\n","protected":false},"excerpt":{"rendered":"<p>Der Korb &#8220;826&#8221; geh\u00f6rt zu einer Kategorie von Gegenst\u00e4nden, die seit Jahrhunderten im h\u00e4uslichen Haushalt vorhanden sind: der Korb aus<\/p>\n","protected":false},"featured_media":474097,"template":"","meta":{"_acf_changed":false,"inline_featured_image":false},"product_cat":[6787,14243],"product_tag":[13487],"acf":[],"yoast_head":"<!-- This site is optimized with the Yoast SEO Premium plugin v18.6 (Yoast SEO v19.13) - https:\/\/yoast.com\/wordpress\/plugins\/seo\/ -->\n<title>ALESSI Runder Drahtkorb 24 cm - Erresse Shop<\/title>\n<meta name=\"description\" content=\"Der Korb &quot;826&quot; geh\u00f6rt zu einer Kategorie von Gegenst\u00e4nden, die seit Jahrhunderten im h\u00e4uslichen Haushalt vorhanden sind: der Korb aus Metalldraht. Er war\" \/>\n<meta name=\"robots\" content=\"index, follow, max-snippet:-1, max-image-preview:large, max-video-preview:-1\" \/>\n<link rel=\"canonical\" href=\"https:\/\/www.erresse-shop.it\/de\/shop\/tisch\/koerbe-und-schalen\/alessi-korb-aus-runddraht\/\" \/>\n<meta property=\"og:locale\" content=\"de_DE\" \/>\n<meta property=\"og:type\" content=\"article\" \/>\n<meta property=\"og:title\" content=\"ALESSI Runder Drahtkorb 24 cm\" \/>\n<meta property=\"og:description\" content=\"Der Korb &quot;826&quot; geh\u00f6rt zu einer Kategorie von Gegenst\u00e4nden, die seit Jahrhunderten im h\u00e4uslichen Haushalt vorhanden sind: der Korb aus Metalldraht. Er war\" \/>\n<meta property=\"og:url\" content=\"https:\/\/www.erresse-shop.it\/de\/shop\/tisch\/koerbe-und-schalen\/alessi-korb-aus-runddraht\/\" \/>\n<meta property=\"og:site_name\" content=\"Erresse Shop\" \/>\n<meta property=\"article:modified_time\" content=\"2025-03-04T10:22:16+00:00\" \/>\n<meta property=\"og:image\" content=\"https:\/\/www.erresse-shop.it\/wp-content\/uploads\/2020\/09\/ALESSI-Cestino-a-Filo-Rotondo-24-cm.jpg\" \/>\n\t<meta property=\"og:image:width\" content=\"1200\" \/>\n\t<meta property=\"og:image:height\" content=\"1200\" \/>\n\t<meta property=\"og:image:type\" content=\"image\/jpeg\" \/>\n<meta name=\"twitter:card\" content=\"summary_large_image\" \/>\n<script type=\"application\/ld+json\" class=\"yoast-schema-graph\">{\"@context\":\"https:\/\/schema.org\",\"@graph\":[{\"@type\":\"WebPage\",\"@id\":\"https:\/\/www.erresse-shop.it\/de\/shop\/tisch\/koerbe-und-schalen\/alessi-korb-aus-runddraht\/\",\"url\":\"https:\/\/www.erresse-shop.it\/de\/shop\/tisch\/koerbe-und-schalen\/alessi-korb-aus-runddraht\/\",\"name\":\"ALESSI Runder Drahtkorb 24 cm - Erresse Shop\",\"isPartOf\":{\"@id\":\"https:\/\/www.erresse-shop.it\/de\/#website\"},\"datePublished\":\"2020-09-24T07:14:02+00:00\",\"dateModified\":\"2025-03-04T10:22:16+00:00\",\"description\":\"Der Korb \\\"826\\\" geh\u00f6rt zu einer Kategorie von Gegenst\u00e4nden, die seit Jahrhunderten im h\u00e4uslichen Haushalt vorhanden sind: der Korb aus Metalldraht. Er war\",\"breadcrumb\":{\"@id\":\"https:\/\/www.erresse-shop.it\/de\/shop\/tisch\/koerbe-und-schalen\/alessi-korb-aus-runddraht\/#breadcrumb\"},\"inLanguage\":\"de-DE\",\"potentialAction\":[{\"@type\":\"ReadAction\",\"target\":[\"https:\/\/www.erresse-shop.it\/de\/shop\/tisch\/koerbe-und-schalen\/alessi-korb-aus-runddraht\/\"]}]},{\"@type\":\"BreadcrumbList\",\"@id\":\"https:\/\/www.erresse-shop.it\/de\/shop\/tisch\/koerbe-und-schalen\/alessi-korb-aus-runddraht\/#breadcrumb\",\"itemListElement\":[{\"@type\":\"ListItem\",\"position\":1,\"name\":\"Home\",\"item\":\"https:\/\/www.erresse-shop.it\/de\/\"},{\"@type\":\"ListItem\",\"position\":2,\"name\":\"Shop\",\"item\":\"https:\/\/www.erresse-shop.it\/de\/shop\/\"},{\"@type\":\"ListItem\",\"position\":3,\"name\":\"ALESSI Runder Drahtkorb 24 cm\"}]},{\"@type\":\"WebSite\",\"@id\":\"https:\/\/www.erresse-shop.it\/de\/#website\",\"url\":\"https:\/\/www.erresse-shop.it\/de\/\",\"name\":\"Erresse Shop\",\"description\":\"Articoli di qualit\u00e0 per la casa\",\"potentialAction\":[{\"@type\":\"SearchAction\",\"target\":{\"@type\":\"EntryPoint\",\"urlTemplate\":\"https:\/\/www.erresse-shop.it\/de\/?s={search_term_string}\"},\"query-input\":\"required name=search_term_string\"}],\"inLanguage\":\"de-DE\"}]}<\/script>\n<!-- \/ Yoast SEO Premium plugin. -->","yoast_head_json":{"title":"ALESSI Runder Drahtkorb 24 cm - Erresse Shop","description":"Der Korb \"826\" geh\u00f6rt zu einer Kategorie von Gegenst\u00e4nden, die seit Jahrhunderten im h\u00e4uslichen Haushalt vorhanden sind: der Korb aus Metalldraht. Er war","robots":{"index":"index","follow":"follow","max-snippet":"max-snippet:-1","max-image-preview":"max-image-preview:large","max-video-preview":"max-video-preview:-1"},"canonical":"https:\/\/www.erresse-shop.it\/de\/shop\/tisch\/koerbe-und-schalen\/alessi-korb-aus-runddraht\/","og_locale":"de_DE","og_type":"article","og_title":"ALESSI Runder Drahtkorb 24 cm","og_description":"Der Korb \"826\" geh\u00f6rt zu einer Kategorie von Gegenst\u00e4nden, die seit Jahrhunderten im h\u00e4uslichen Haushalt vorhanden sind: der Korb aus Metalldraht. Er war","og_url":"https:\/\/www.erresse-shop.it\/de\/shop\/tisch\/koerbe-und-schalen\/alessi-korb-aus-runddraht\/","og_site_name":"Erresse Shop","article_modified_time":"2025-03-04T10:22:16+00:00","og_image":[{"width":1200,"height":1200,"url":"https:\/\/www.erresse-shop.it\/wp-content\/uploads\/2020\/09\/ALESSI-Cestino-a-Filo-Rotondo-24-cm.jpg","type":"image\/jpeg"}],"twitter_card":"summary_large_image","schema":{"@context":"https:\/\/schema.org","@graph":[{"@type":"WebPage","@id":"https:\/\/www.erresse-shop.it\/de\/shop\/tisch\/koerbe-und-schalen\/alessi-korb-aus-runddraht\/","url":"https:\/\/www.erresse-shop.it\/de\/shop\/tisch\/koerbe-und-schalen\/alessi-korb-aus-runddraht\/","name":"ALESSI Runder Drahtkorb 24 cm - Erresse Shop","isPartOf":{"@id":"https:\/\/www.erresse-shop.it\/de\/#website"},"datePublished":"2020-09-24T07:14:02+00:00","dateModified":"2025-03-04T10:22:16+00:00","description":"Der Korb \"826\" geh\u00f6rt zu einer Kategorie von Gegenst\u00e4nden, die seit Jahrhunderten im h\u00e4uslichen Haushalt vorhanden sind: der Korb aus Metalldraht. Er war","breadcrumb":{"@id":"https:\/\/www.erresse-shop.it\/de\/shop\/tisch\/koerbe-und-schalen\/alessi-korb-aus-runddraht\/#breadcrumb"},"inLanguage":"de-DE","potentialAction":[{"@type":"ReadAction","target":["https:\/\/www.erresse-shop.it\/de\/shop\/tisch\/koerbe-und-schalen\/alessi-korb-aus-runddraht\/"]}]},{"@type":"BreadcrumbList","@id":"https:\/\/www.erresse-shop.it\/de\/shop\/tisch\/koerbe-und-schalen\/alessi-korb-aus-runddraht\/#breadcrumb","itemListElement":[{"@type":"ListItem","position":1,"name":"Home","item":"https:\/\/www.erresse-shop.it\/de\/"},{"@type":"ListItem","position":2,"name":"Shop","item":"https:\/\/www.erresse-shop.it\/de\/shop\/"},{"@type":"ListItem","position":3,"name":"ALESSI Runder Drahtkorb 24 cm"}]},{"@type":"WebSite","@id":"https:\/\/www.erresse-shop.it\/de\/#website","url":"https:\/\/www.erresse-shop.it\/de\/","name":"Erresse Shop","description":"Articoli di qualit\u00e0 per la casa","potentialAction":[{"@type":"SearchAction","target":{"@type":"EntryPoint","urlTemplate":"https:\/\/www.erresse-shop.it\/de\/?s={search_term_string}"},"query-input":"required name=search_term_string"}],"inLanguage":"de-DE"}]}},"df_price":52.5,"df_sale_price":52.5,"df_regular_price":105,"df_image_link":"https:\/\/www.erresse-shop.it\/wp-content\/uploads\/2020\/09\/ALESSI-Cestino-a-Filo-Rotondo-24-cm-300x300.jpg","_links":{"self":[{"href":"https:\/\/www.erresse-shop.it\/de\/wp-json\/wp\/v2\/product\/75850"}],"collection":[{"href":"https:\/\/www.erresse-shop.it\/de\/wp-json\/wp\/v2\/product"}],"about":[{"href":"https:\/\/www.erresse-shop.it\/de\/wp-json\/wp\/v2\/types\/product"}],"wp:featuredmedia":[{"embeddable":true,"href":"https:\/\/www.erresse-shop.it\/de\/wp-json\/wp\/v2\/media\/474097"}],"wp:attachment":[{"href":"https:\/\/www.erresse-shop.it\/de\/wp-json\/wp\/v2\/media?parent=75850"}],"wp:term":[{"taxonomy":"product_cat","embeddable":true,"href":"https:\/\/www.erresse-shop.it\/de\/wp-json\/wp\/v2\/product_cat?post=75850"},{"taxonomy":"product_tag","embeddable":true,"href":"https:\/\/www.erresse-shop.it\/de\/wp-json\/wp\/v2\/product_tag?post=75850"}],"curies":[{"name":"wp","href":"https:\/\/api.w.org\/{rel}","templated":true}]}}