{"id":75840,"date":"2020-09-24T06:52:38","date_gmt":"2020-09-24T06:52:40","guid":{"rendered":"https:\/\/www.erresse-shop.it\/?post_type=product&#038;p=75840"},"modified":"2025-03-06T09:50:18","modified_gmt":"2025-03-06T09:50:18","slug":"alessi-weinkuhler","status":"publish","type":"product","link":"https:\/\/www.erresse-shop.it\/de\/shop\/tisch\/weinbar-korkenzieher-dekanter-eiskubel\/weinkuehler\/alessi-weinkuhler\/","title":{"rendered":"ALESSI Weink\u00fchler"},"content":{"rendered":"<p>5052 ist ein klar geschnittener, praktischer und hochwertiger K\u00fchleimer. F\u00fcr zwei Bordeaux-, Burgunder- und Champagnerflaschen aus Edelstahl.<\/p>\n<p>Weink\u00fchler mit Griffen f\u00fcr zwei Bordeaux-, Burgunder- und Champagnerflaschen aus Edelstahl 18\/10, au\u00dfen poliert, innen satiniert.<\/p>\n<p>Ma\u00dfe<br \/>\n&#8211; Fassungsverm\u00f6gen: 650 cl<br \/>\nDurchmesser: 25 cm<br \/>\nH\u00f6he: 23 cm<\/p>\n","protected":false},"excerpt":{"rendered":"<p>5052 ist ein klar geschnittener, praktischer und hochwertiger K\u00fchleimer. F\u00fcr zwei Bordeaux-, Burgunder- und Champagnerflaschen aus Edelstahl. Weink\u00fchler mit Griffen<\/p>\n","protected":false},"featured_media":475076,"template":"","meta":{"_acf_changed":false,"inline_featured_image":false},"product_cat":[6787,6850,14465],"product_tag":[20352],"acf":[],"yoast_head":"<!-- This site is optimized with the Yoast SEO Premium plugin v18.6 (Yoast SEO v19.13) - https:\/\/yoast.com\/wordpress\/plugins\/seo\/ -->\n<title>ALESSI Weink\u00fchler - Erresse Shop<\/title>\n<meta name=\"description\" content=\"5052 ist ein klar geschnittener, praktischer und hochwertiger K\u00fchleimer. F\u00fcr zwei Bordeaux-, Burgunder- und Champagnerflaschen aus Edelstahl. Weink\u00fchler\" \/>\n<meta name=\"robots\" content=\"index, follow, max-snippet:-1, max-image-preview:large, max-video-preview:-1\" \/>\n<link rel=\"canonical\" href=\"https:\/\/www.erresse-shop.it\/de\/shop\/tisch\/weinbar-korkenzieher-dekanter-eiskubel\/weinkuehler\/alessi-weinkuhler\/\" \/>\n<meta property=\"og:locale\" content=\"de_DE\" \/>\n<meta property=\"og:type\" content=\"article\" \/>\n<meta property=\"og:title\" content=\"ALESSI Weink\u00fchler\" \/>\n<meta property=\"og:description\" content=\"5052 ist ein klar geschnittener, praktischer und hochwertiger K\u00fchleimer. F\u00fcr zwei Bordeaux-, Burgunder- und Champagnerflaschen aus Edelstahl. Weink\u00fchler\" \/>\n<meta property=\"og:url\" content=\"https:\/\/www.erresse-shop.it\/de\/shop\/tisch\/weinbar-korkenzieher-dekanter-eiskubel\/weinkuehler\/alessi-weinkuhler\/\" \/>\n<meta property=\"og:site_name\" content=\"Erresse Shop\" \/>\n<meta property=\"article:modified_time\" content=\"2025-03-06T09:50:18+00:00\" \/>\n<meta property=\"og:image\" content=\"https:\/\/www.erresse-shop.it\/wp-content\/uploads\/2020\/09\/ALESSI-Secchiello-Rinfrescatore.jpg\" \/>\n\t<meta property=\"og:image:width\" content=\"1200\" \/>\n\t<meta property=\"og:image:height\" content=\"1200\" \/>\n\t<meta property=\"og:image:type\" content=\"image\/jpeg\" \/>\n<meta name=\"twitter:card\" content=\"summary_large_image\" \/>\n<script type=\"application\/ld+json\" class=\"yoast-schema-graph\">{\"@context\":\"https:\/\/schema.org\",\"@graph\":[{\"@type\":\"WebPage\",\"@id\":\"https:\/\/www.erresse-shop.it\/de\/shop\/tisch\/weinbar-korkenzieher-dekanter-eiskubel\/weinkuehler\/alessi-weinkuhler\/\",\"url\":\"https:\/\/www.erresse-shop.it\/de\/shop\/tisch\/weinbar-korkenzieher-dekanter-eiskubel\/weinkuehler\/alessi-weinkuhler\/\",\"name\":\"ALESSI Weink\u00fchler - Erresse Shop\",\"isPartOf\":{\"@id\":\"https:\/\/www.erresse-shop.it\/de\/#website\"},\"datePublished\":\"2020-09-24T06:52:40+00:00\",\"dateModified\":\"2025-03-06T09:50:18+00:00\",\"description\":\"5052 ist ein klar geschnittener, praktischer und hochwertiger K\u00fchleimer. F\u00fcr zwei Bordeaux-, Burgunder- und Champagnerflaschen aus Edelstahl. Weink\u00fchler\",\"breadcrumb\":{\"@id\":\"https:\/\/www.erresse-shop.it\/de\/shop\/tisch\/weinbar-korkenzieher-dekanter-eiskubel\/weinkuehler\/alessi-weinkuhler\/#breadcrumb\"},\"inLanguage\":\"de-DE\",\"potentialAction\":[{\"@type\":\"ReadAction\",\"target\":[\"https:\/\/www.erresse-shop.it\/de\/shop\/tisch\/weinbar-korkenzieher-dekanter-eiskubel\/weinkuehler\/alessi-weinkuhler\/\"]}]},{\"@type\":\"BreadcrumbList\",\"@id\":\"https:\/\/www.erresse-shop.it\/de\/shop\/tisch\/weinbar-korkenzieher-dekanter-eiskubel\/weinkuehler\/alessi-weinkuhler\/#breadcrumb\",\"itemListElement\":[{\"@type\":\"ListItem\",\"position\":1,\"name\":\"Home\",\"item\":\"https:\/\/www.erresse-shop.it\/de\/\"},{\"@type\":\"ListItem\",\"position\":2,\"name\":\"Shop\",\"item\":\"https:\/\/www.erresse-shop.it\/de\/shop\/\"},{\"@type\":\"ListItem\",\"position\":3,\"name\":\"ALESSI Weink\u00fchler\"}]},{\"@type\":\"WebSite\",\"@id\":\"https:\/\/www.erresse-shop.it\/de\/#website\",\"url\":\"https:\/\/www.erresse-shop.it\/de\/\",\"name\":\"Erresse Shop\",\"description\":\"Articoli di qualit\u00e0 per la casa\",\"potentialAction\":[{\"@type\":\"SearchAction\",\"target\":{\"@type\":\"EntryPoint\",\"urlTemplate\":\"https:\/\/www.erresse-shop.it\/de\/?s={search_term_string}\"},\"query-input\":\"required name=search_term_string\"}],\"inLanguage\":\"de-DE\"}]}<\/script>\n<!-- \/ Yoast SEO Premium plugin. -->","yoast_head_json":{"title":"ALESSI Weink\u00fchler - Erresse Shop","description":"5052 ist ein klar geschnittener, praktischer und hochwertiger K\u00fchleimer. F\u00fcr zwei Bordeaux-, Burgunder- und Champagnerflaschen aus Edelstahl. Weink\u00fchler","robots":{"index":"index","follow":"follow","max-snippet":"max-snippet:-1","max-image-preview":"max-image-preview:large","max-video-preview":"max-video-preview:-1"},"canonical":"https:\/\/www.erresse-shop.it\/de\/shop\/tisch\/weinbar-korkenzieher-dekanter-eiskubel\/weinkuehler\/alessi-weinkuhler\/","og_locale":"de_DE","og_type":"article","og_title":"ALESSI Weink\u00fchler","og_description":"5052 ist ein klar geschnittener, praktischer und hochwertiger K\u00fchleimer. F\u00fcr zwei Bordeaux-, Burgunder- und Champagnerflaschen aus Edelstahl. Weink\u00fchler","og_url":"https:\/\/www.erresse-shop.it\/de\/shop\/tisch\/weinbar-korkenzieher-dekanter-eiskubel\/weinkuehler\/alessi-weinkuhler\/","og_site_name":"Erresse Shop","article_modified_time":"2025-03-06T09:50:18+00:00","og_image":[{"width":1200,"height":1200,"url":"https:\/\/www.erresse-shop.it\/wp-content\/uploads\/2020\/09\/ALESSI-Secchiello-Rinfrescatore.jpg","type":"image\/jpeg"}],"twitter_card":"summary_large_image","schema":{"@context":"https:\/\/schema.org","@graph":[{"@type":"WebPage","@id":"https:\/\/www.erresse-shop.it\/de\/shop\/tisch\/weinbar-korkenzieher-dekanter-eiskubel\/weinkuehler\/alessi-weinkuhler\/","url":"https:\/\/www.erresse-shop.it\/de\/shop\/tisch\/weinbar-korkenzieher-dekanter-eiskubel\/weinkuehler\/alessi-weinkuhler\/","name":"ALESSI Weink\u00fchler - Erresse Shop","isPartOf":{"@id":"https:\/\/www.erresse-shop.it\/de\/#website"},"datePublished":"2020-09-24T06:52:40+00:00","dateModified":"2025-03-06T09:50:18+00:00","description":"5052 ist ein klar geschnittener, praktischer und hochwertiger K\u00fchleimer. F\u00fcr zwei Bordeaux-, Burgunder- und Champagnerflaschen aus Edelstahl. Weink\u00fchler","breadcrumb":{"@id":"https:\/\/www.erresse-shop.it\/de\/shop\/tisch\/weinbar-korkenzieher-dekanter-eiskubel\/weinkuehler\/alessi-weinkuhler\/#breadcrumb"},"inLanguage":"de-DE","potentialAction":[{"@type":"ReadAction","target":["https:\/\/www.erresse-shop.it\/de\/shop\/tisch\/weinbar-korkenzieher-dekanter-eiskubel\/weinkuehler\/alessi-weinkuhler\/"]}]},{"@type":"BreadcrumbList","@id":"https:\/\/www.erresse-shop.it\/de\/shop\/tisch\/weinbar-korkenzieher-dekanter-eiskubel\/weinkuehler\/alessi-weinkuhler\/#breadcrumb","itemListElement":[{"@type":"ListItem","position":1,"name":"Home","item":"https:\/\/www.erresse-shop.it\/de\/"},{"@type":"ListItem","position":2,"name":"Shop","item":"https:\/\/www.erresse-shop.it\/de\/shop\/"},{"@type":"ListItem","position":3,"name":"ALESSI Weink\u00fchler"}]},{"@type":"WebSite","@id":"https:\/\/www.erresse-shop.it\/de\/#website","url":"https:\/\/www.erresse-shop.it\/de\/","name":"Erresse Shop","description":"Articoli di qualit\u00e0 per la casa","potentialAction":[{"@type":"SearchAction","target":{"@type":"EntryPoint","urlTemplate":"https:\/\/www.erresse-shop.it\/de\/?s={search_term_string}"},"query-input":"required name=search_term_string"}],"inLanguage":"de-DE"}]}},"df_price":122.5,"df_sale_price":122.5,"df_regular_price":245,"df_image_link":"https:\/\/www.erresse-shop.it\/wp-content\/uploads\/2020\/09\/ALESSI-Secchiello-Rinfrescatore-300x300.jpg","_links":{"self":[{"href":"https:\/\/www.erresse-shop.it\/de\/wp-json\/wp\/v2\/product\/75840"}],"collection":[{"href":"https:\/\/www.erresse-shop.it\/de\/wp-json\/wp\/v2\/product"}],"about":[{"href":"https:\/\/www.erresse-shop.it\/de\/wp-json\/wp\/v2\/types\/product"}],"wp:featuredmedia":[{"embeddable":true,"href":"https:\/\/www.erresse-shop.it\/de\/wp-json\/wp\/v2\/media\/475076"}],"wp:attachment":[{"href":"https:\/\/www.erresse-shop.it\/de\/wp-json\/wp\/v2\/media?parent=75840"}],"wp:term":[{"taxonomy":"product_cat","embeddable":true,"href":"https:\/\/www.erresse-shop.it\/de\/wp-json\/wp\/v2\/product_cat?post=75840"},{"taxonomy":"product_tag","embeddable":true,"href":"https:\/\/www.erresse-shop.it\/de\/wp-json\/wp\/v2\/product_tag?post=75840"}],"curies":[{"name":"wp","href":"https:\/\/api.w.org\/{rel}","templated":true}]}}