{"id":75671,"date":"2020-09-22T12:52:25","date_gmt":"2020-09-22T12:52:26","guid":{"rendered":"https:\/\/www.erresse-shop.it\/?post_type=product&#038;p=75671"},"modified":"2025-03-06T10:27:25","modified_gmt":"2025-03-06T10:27:25","slug":"alessi-bark-tafelaufsatz","status":"publish","type":"product","link":"https:\/\/www.erresse-shop.it\/de\/shop\/tisch\/serviertablette\/alessi-bark-tafelaufsatz\/","title":{"rendered":"ALESSI Bark Tafelaufsatz"},"content":{"rendered":"<p>Der Tafelaufsatz Bark, vom englischen \u201ebark\u201c (Borke), ist ein h\u00f6chst poetischer und zugleich funktionaler Gegenstand. Das von der Natur des Holzes inspirierte perforierte Design erm\u00f6glicht den Durchgang der Luft, die notwendig ist, damit das Obst atmen und optimal konserviert werden kann. Durch sein geformtes Profil und seine gro\u00dfen Abmessungen eignet es sich sowohl f\u00fcr den Einsatz als Beh\u00e4lter als auch als Tafelaufsatz. Die Bark-Kollektion ist aus Edelstahl gefertigt.<\/p>\n<p>Eigenschaften<br \/>\nH\u00f6he: 5 cm<br \/>\nL\u00e4nge: 51,50 cm<br \/>\nBreite: 19,50 cm<\/p>\n","protected":false},"excerpt":{"rendered":"<p>Der Tafelaufsatz Bark, vom englischen \u201ebark\u201c (Borke), ist ein h\u00f6chst poetischer und zugleich funktionaler Gegenstand. Das von der Natur des<\/p>\n","protected":false},"featured_media":475110,"template":"","meta":{"_acf_changed":false,"inline_featured_image":false},"product_cat":[6853,6787],"product_tag":[13673],"acf":[],"yoast_head":"<!-- This site is optimized with the Yoast SEO Premium plugin v18.6 (Yoast SEO v19.13) - https:\/\/yoast.com\/wordpress\/plugins\/seo\/ -->\n<title>ALESSI Bark Tafelaufsatz - Erresse Shop<\/title>\n<meta name=\"description\" content=\"Der Tafelaufsatz Bark, vom englischen \u201ebark\u201c (Borke), ist ein h\u00f6chst poetischer und zugleich funktionaler Gegenstand. Das von der Natur des Holzes\" \/>\n<meta name=\"robots\" content=\"index, follow, max-snippet:-1, max-image-preview:large, max-video-preview:-1\" \/>\n<link rel=\"canonical\" href=\"https:\/\/www.erresse-shop.it\/de\/shop\/tisch\/serviertablette\/alessi-bark-tafelaufsatz\/\" \/>\n<meta property=\"og:locale\" content=\"de_DE\" \/>\n<meta property=\"og:type\" content=\"article\" \/>\n<meta property=\"og:title\" content=\"ALESSI Bark Tafelaufsatz\" \/>\n<meta property=\"og:description\" content=\"Der Tafelaufsatz Bark, vom englischen \u201ebark\u201c (Borke), ist ein h\u00f6chst poetischer und zugleich funktionaler Gegenstand. Das von der Natur des Holzes\" \/>\n<meta property=\"og:url\" content=\"https:\/\/www.erresse-shop.it\/de\/shop\/tisch\/serviertablette\/alessi-bark-tafelaufsatz\/\" \/>\n<meta property=\"og:site_name\" content=\"Erresse Shop\" \/>\n<meta property=\"article:modified_time\" content=\"2025-03-06T10:27:25+00:00\" \/>\n<meta property=\"og:image\" content=\"https:\/\/www.erresse-shop.it\/wp-content\/uploads\/2020\/09\/ALESSI-Bark-Centrotavola.jpg\" \/>\n\t<meta property=\"og:image:width\" content=\"1200\" \/>\n\t<meta property=\"og:image:height\" content=\"1200\" \/>\n\t<meta property=\"og:image:type\" content=\"image\/jpeg\" \/>\n<meta name=\"twitter:card\" content=\"summary_large_image\" \/>\n<script type=\"application\/ld+json\" class=\"yoast-schema-graph\">{\"@context\":\"https:\/\/schema.org\",\"@graph\":[{\"@type\":\"WebPage\",\"@id\":\"https:\/\/www.erresse-shop.it\/de\/shop\/tisch\/serviertablette\/alessi-bark-tafelaufsatz\/\",\"url\":\"https:\/\/www.erresse-shop.it\/de\/shop\/tisch\/serviertablette\/alessi-bark-tafelaufsatz\/\",\"name\":\"ALESSI Bark Tafelaufsatz - Erresse Shop\",\"isPartOf\":{\"@id\":\"https:\/\/www.erresse-shop.it\/de\/#website\"},\"datePublished\":\"2020-09-22T12:52:26+00:00\",\"dateModified\":\"2025-03-06T10:27:25+00:00\",\"description\":\"Der Tafelaufsatz Bark, vom englischen \u201ebark\u201c (Borke), ist ein h\u00f6chst poetischer und zugleich funktionaler Gegenstand. Das von der Natur des Holzes\",\"breadcrumb\":{\"@id\":\"https:\/\/www.erresse-shop.it\/de\/shop\/tisch\/serviertablette\/alessi-bark-tafelaufsatz\/#breadcrumb\"},\"inLanguage\":\"de-DE\",\"potentialAction\":[{\"@type\":\"ReadAction\",\"target\":[\"https:\/\/www.erresse-shop.it\/de\/shop\/tisch\/serviertablette\/alessi-bark-tafelaufsatz\/\"]}]},{\"@type\":\"BreadcrumbList\",\"@id\":\"https:\/\/www.erresse-shop.it\/de\/shop\/tisch\/serviertablette\/alessi-bark-tafelaufsatz\/#breadcrumb\",\"itemListElement\":[{\"@type\":\"ListItem\",\"position\":1,\"name\":\"Home\",\"item\":\"https:\/\/www.erresse-shop.it\/de\/\"},{\"@type\":\"ListItem\",\"position\":2,\"name\":\"Shop\",\"item\":\"https:\/\/www.erresse-shop.it\/de\/shop\/\"},{\"@type\":\"ListItem\",\"position\":3,\"name\":\"ALESSI Bark Tafelaufsatz\"}]},{\"@type\":\"WebSite\",\"@id\":\"https:\/\/www.erresse-shop.it\/de\/#website\",\"url\":\"https:\/\/www.erresse-shop.it\/de\/\",\"name\":\"Erresse Shop\",\"description\":\"Articoli di qualit\u00e0 per la casa\",\"potentialAction\":[{\"@type\":\"SearchAction\",\"target\":{\"@type\":\"EntryPoint\",\"urlTemplate\":\"https:\/\/www.erresse-shop.it\/de\/?s={search_term_string}\"},\"query-input\":\"required name=search_term_string\"}],\"inLanguage\":\"de-DE\"}]}<\/script>\n<!-- \/ Yoast SEO Premium plugin. -->","yoast_head_json":{"title":"ALESSI Bark Tafelaufsatz - Erresse Shop","description":"Der Tafelaufsatz Bark, vom englischen \u201ebark\u201c (Borke), ist ein h\u00f6chst poetischer und zugleich funktionaler Gegenstand. Das von der Natur des Holzes","robots":{"index":"index","follow":"follow","max-snippet":"max-snippet:-1","max-image-preview":"max-image-preview:large","max-video-preview":"max-video-preview:-1"},"canonical":"https:\/\/www.erresse-shop.it\/de\/shop\/tisch\/serviertablette\/alessi-bark-tafelaufsatz\/","og_locale":"de_DE","og_type":"article","og_title":"ALESSI Bark Tafelaufsatz","og_description":"Der Tafelaufsatz Bark, vom englischen \u201ebark\u201c (Borke), ist ein h\u00f6chst poetischer und zugleich funktionaler Gegenstand. Das von der Natur des Holzes","og_url":"https:\/\/www.erresse-shop.it\/de\/shop\/tisch\/serviertablette\/alessi-bark-tafelaufsatz\/","og_site_name":"Erresse Shop","article_modified_time":"2025-03-06T10:27:25+00:00","og_image":[{"width":1200,"height":1200,"url":"https:\/\/www.erresse-shop.it\/wp-content\/uploads\/2020\/09\/ALESSI-Bark-Centrotavola.jpg","type":"image\/jpeg"}],"twitter_card":"summary_large_image","schema":{"@context":"https:\/\/schema.org","@graph":[{"@type":"WebPage","@id":"https:\/\/www.erresse-shop.it\/de\/shop\/tisch\/serviertablette\/alessi-bark-tafelaufsatz\/","url":"https:\/\/www.erresse-shop.it\/de\/shop\/tisch\/serviertablette\/alessi-bark-tafelaufsatz\/","name":"ALESSI Bark Tafelaufsatz - Erresse Shop","isPartOf":{"@id":"https:\/\/www.erresse-shop.it\/de\/#website"},"datePublished":"2020-09-22T12:52:26+00:00","dateModified":"2025-03-06T10:27:25+00:00","description":"Der Tafelaufsatz Bark, vom englischen \u201ebark\u201c (Borke), ist ein h\u00f6chst poetischer und zugleich funktionaler Gegenstand. Das von der Natur des Holzes","breadcrumb":{"@id":"https:\/\/www.erresse-shop.it\/de\/shop\/tisch\/serviertablette\/alessi-bark-tafelaufsatz\/#breadcrumb"},"inLanguage":"de-DE","potentialAction":[{"@type":"ReadAction","target":["https:\/\/www.erresse-shop.it\/de\/shop\/tisch\/serviertablette\/alessi-bark-tafelaufsatz\/"]}]},{"@type":"BreadcrumbList","@id":"https:\/\/www.erresse-shop.it\/de\/shop\/tisch\/serviertablette\/alessi-bark-tafelaufsatz\/#breadcrumb","itemListElement":[{"@type":"ListItem","position":1,"name":"Home","item":"https:\/\/www.erresse-shop.it\/de\/"},{"@type":"ListItem","position":2,"name":"Shop","item":"https:\/\/www.erresse-shop.it\/de\/shop\/"},{"@type":"ListItem","position":3,"name":"ALESSI Bark Tafelaufsatz"}]},{"@type":"WebSite","@id":"https:\/\/www.erresse-shop.it\/de\/#website","url":"https:\/\/www.erresse-shop.it\/de\/","name":"Erresse Shop","description":"Articoli di qualit\u00e0 per la casa","potentialAction":[{"@type":"SearchAction","target":{"@type":"EntryPoint","urlTemplate":"https:\/\/www.erresse-shop.it\/de\/?s={search_term_string}"},"query-input":"required name=search_term_string"}],"inLanguage":"de-DE"}]}},"df_price":72.5,"df_sale_price":72.5,"df_regular_price":145,"df_image_link":"https:\/\/www.erresse-shop.it\/wp-content\/uploads\/2020\/09\/ALESSI-Bark-Centrotavola-300x300.jpg","_links":{"self":[{"href":"https:\/\/www.erresse-shop.it\/de\/wp-json\/wp\/v2\/product\/75671"}],"collection":[{"href":"https:\/\/www.erresse-shop.it\/de\/wp-json\/wp\/v2\/product"}],"about":[{"href":"https:\/\/www.erresse-shop.it\/de\/wp-json\/wp\/v2\/types\/product"}],"wp:featuredmedia":[{"embeddable":true,"href":"https:\/\/www.erresse-shop.it\/de\/wp-json\/wp\/v2\/media\/475110"}],"wp:attachment":[{"href":"https:\/\/www.erresse-shop.it\/de\/wp-json\/wp\/v2\/media?parent=75671"}],"wp:term":[{"taxonomy":"product_cat","embeddable":true,"href":"https:\/\/www.erresse-shop.it\/de\/wp-json\/wp\/v2\/product_cat?post=75671"},{"taxonomy":"product_tag","embeddable":true,"href":"https:\/\/www.erresse-shop.it\/de\/wp-json\/wp\/v2\/product_tag?post=75671"}],"curies":[{"name":"wp","href":"https:\/\/api.w.org\/{rel}","templated":true}]}}