{"id":75273,"date":"2020-09-18T12:45:50","date_gmt":"2020-09-18T12:45:50","guid":{"rendered":"https:\/\/www.erresse-shop.it\/?post_type=product&#038;p=75273"},"modified":"2025-03-06T07:52:50","modified_gmt":"2025-03-06T07:52:50","slug":"emile-henry-pizza-stone-eh799524-fusain","status":"publish","type":"product","link":"https:\/\/www.erresse-shop.it\/de\/shop\/toepfe-pfannen\/brotbackofen\/emile-henry-pizza-stone-eh799524-fusain\/","title":{"rendered":"EMILE HENRY Pizza stone Fusain"},"content":{"rendered":"<p>Emile Henry wurde 1850 gegr\u00fcndet.<br \/>\nDie Keramik von Emile Henry erm\u00f6glicht eine allm\u00e4hliche W\u00e4rmeverteilung zum Garen von Speisen bei geringer Hitze, um den Geschmack und das Aroma sowie die in den Speisen vorhandenen nat\u00fcrlichen Elemente unver\u00e4ndert zu erhalten.<br \/>\nDas gesunde Garen der Emile Henry-Keramik bei niedrigen Temperaturen bewahrt den Geschmack, bewahrt Vitamine und N\u00e4hrwerte.<br \/>\nDie Produkte von Emile Henry werden aus nat\u00fcrlichen Komponenten hergestellt: unbehandelter Ton f\u00fcr die Mischung, Sand, gefiltertes Wasser, nat\u00fcrliche Mineraloxide f\u00fcr die Farben. Gesundheitssch\u00e4dliche Schwermetalle kommen in den Produkten von Emile Henry nicht vor: blei-, cadmium- und nickelfrei.<br \/>\nEmile Henry-Produkte sind sto\u00dffest und k\u00f6nnen bei gro\u00dfen Temperaturschwankungen verwendet werden. Sie k\u00f6nnen in der Sp\u00fclmaschine verwendet werden.<\/p>\n<p>Unser glatter Pizzastein ist ein einzigartiges Backblech aus feuerfester Keramik. Damit k\u00f6nnen Sie k\u00f6stliche Pizzen mit einer goldenen und knusprigen Kruste zubereiten.<\/p>\n<p>Ihre Pizza wird perfekt gebacken, genau wie in einem herk\u00f6mmlichen Ofen.<br \/>\nDie glatte Oberfl\u00e4che eignet sich ideal zum Kneten und Ausziehen von Teig sowie zum Garnieren von Pizza. Alles, was Sie tun m\u00fcssen, ist, es in den Ofen zu schieben, um eine sch\u00f6ne knusprige Kruste zu erhalten.<br \/>\nDank der gro\u00dfen Griffe l\u00e4sst sich der Pizzastein leicht aus dem Ofen nehmen und servieren.<br \/>\nPraktisch: Ihre Pizza bleibt w\u00e4hrend der gesamten Mahlzeit hei\u00df und Sie k\u00f6nnen Portionen direkt auf der Keramikoberfl\u00e4che schneiden.<\/p>\n<p>Alle Produkte von Emile Henry werden in Frankreich hergestellt und bieten eine zehnj\u00e4hrige Garantie.<\/p>\n<p>L\u00e4nge\/Durchmesser \u2013 43,5 cm<br \/>\nH\u00f6he: 3,5 cm<br \/>\nGewicht &#8211; 2,6 kg<br \/>\nMaximale Temperatur &#8211; 290\u00b0C<br \/>\nMindesttemperatur &#8211; -20 \u00b0C<\/p>\n","protected":false},"excerpt":{"rendered":"<p>Emile Henry wurde 1850 gegr\u00fcndet. Die Keramik von Emile Henry erm\u00f6glicht eine allm\u00e4hliche W\u00e4rmeverteilung zum Garen von Speisen bei geringer<\/p>\n","protected":false},"featured_media":75324,"template":"","meta":{"_acf_changed":false,"inline_featured_image":false},"product_cat":[6709,26048],"product_tag":[12236],"acf":[],"yoast_head":"<!-- This site is optimized with the Yoast SEO Premium plugin v18.6 (Yoast SEO v19.13) - https:\/\/yoast.com\/wordpress\/plugins\/seo\/ -->\n<title>EMILE HENRY Pizza stone EH799524 Fusain<\/title>\n<meta name=\"description\" content=\"Entdecken Sie EMILE HENRY Pizza stone EH799524 Fusain bei ErresseShop. Qualit\u00e4t, Stil und Funktionalit\u00e4t \u2013 jetzt online bestellen!\" \/>\n<meta name=\"robots\" content=\"index, follow, max-snippet:-1, max-image-preview:large, max-video-preview:-1\" \/>\n<link rel=\"canonical\" href=\"https:\/\/www.erresse-shop.it\/de\/shop\/toepfe-pfannen\/brotbackofen\/emile-henry-pizza-stone-eh799524-fusain\/\" \/>\n<meta property=\"og:locale\" content=\"de_DE\" \/>\n<meta property=\"og:type\" content=\"article\" \/>\n<meta property=\"og:title\" content=\"EMILE HENRY Pizza stone Fusain\" \/>\n<meta property=\"og:description\" content=\"Entdecken Sie EMILE HENRY Pizza stone EH799524 Fusain bei ErresseShop. Qualit\u00e4t, Stil und Funktionalit\u00e4t \u2013 jetzt online bestellen!\" \/>\n<meta property=\"og:url\" content=\"https:\/\/www.erresse-shop.it\/de\/shop\/toepfe-pfannen\/brotbackofen\/emile-henry-pizza-stone-eh799524-fusain\/\" \/>\n<meta property=\"og:site_name\" content=\"Erresse Shop\" \/>\n<meta property=\"article:modified_time\" content=\"2025-03-06T07:52:50+00:00\" \/>\n<meta property=\"og:image\" content=\"https:\/\/www.erresse-shop.it\/wp-content\/uploads\/2020\/09\/799524.1.jpg\" \/>\n\t<meta property=\"og:image:width\" content=\"800\" \/>\n\t<meta property=\"og:image:height\" content=\"800\" \/>\n\t<meta property=\"og:image:type\" content=\"image\/jpeg\" \/>\n<meta name=\"twitter:card\" content=\"summary_large_image\" \/>\n<script type=\"application\/ld+json\" class=\"yoast-schema-graph\">{\"@context\":\"https:\/\/schema.org\",\"@graph\":[{\"@type\":\"WebPage\",\"@id\":\"https:\/\/www.erresse-shop.it\/de\/shop\/toepfe-pfannen\/brotbackofen\/emile-henry-pizza-stone-eh799524-fusain\/\",\"url\":\"https:\/\/www.erresse-shop.it\/de\/shop\/toepfe-pfannen\/brotbackofen\/emile-henry-pizza-stone-eh799524-fusain\/\",\"name\":\"EMILE HENRY Pizza stone EH799524 Fusain\",\"isPartOf\":{\"@id\":\"https:\/\/www.erresse-shop.it\/de\/#website\"},\"datePublished\":\"2020-09-18T12:45:50+00:00\",\"dateModified\":\"2025-03-06T07:52:50+00:00\",\"description\":\"Entdecken Sie EMILE HENRY Pizza stone EH799524 Fusain bei ErresseShop. Qualit\u00e4t, Stil und Funktionalit\u00e4t \u2013 jetzt online bestellen!\",\"breadcrumb\":{\"@id\":\"https:\/\/www.erresse-shop.it\/de\/shop\/toepfe-pfannen\/brotbackofen\/emile-henry-pizza-stone-eh799524-fusain\/#breadcrumb\"},\"inLanguage\":\"de-DE\",\"potentialAction\":[{\"@type\":\"ReadAction\",\"target\":[\"https:\/\/www.erresse-shop.it\/de\/shop\/toepfe-pfannen\/brotbackofen\/emile-henry-pizza-stone-eh799524-fusain\/\"]}]},{\"@type\":\"BreadcrumbList\",\"@id\":\"https:\/\/www.erresse-shop.it\/de\/shop\/toepfe-pfannen\/brotbackofen\/emile-henry-pizza-stone-eh799524-fusain\/#breadcrumb\",\"itemListElement\":[{\"@type\":\"ListItem\",\"position\":1,\"name\":\"Home\",\"item\":\"https:\/\/www.erresse-shop.it\/de\/\"},{\"@type\":\"ListItem\",\"position\":2,\"name\":\"Shop\",\"item\":\"https:\/\/www.erresse-shop.it\/de\/shop\/\"},{\"@type\":\"ListItem\",\"position\":3,\"name\":\"EMILE HENRY Pizza stone Fusain\"}]},{\"@type\":\"WebSite\",\"@id\":\"https:\/\/www.erresse-shop.it\/de\/#website\",\"url\":\"https:\/\/www.erresse-shop.it\/de\/\",\"name\":\"Erresse Shop\",\"description\":\"Articoli di qualit\u00e0 per la casa\",\"potentialAction\":[{\"@type\":\"SearchAction\",\"target\":{\"@type\":\"EntryPoint\",\"urlTemplate\":\"https:\/\/www.erresse-shop.it\/de\/?s={search_term_string}\"},\"query-input\":\"required name=search_term_string\"}],\"inLanguage\":\"de-DE\"}]}<\/script>\n<!-- \/ Yoast SEO Premium plugin. -->","yoast_head_json":{"title":"EMILE HENRY Pizza stone EH799524 Fusain","description":"Entdecken Sie EMILE HENRY Pizza stone EH799524 Fusain bei ErresseShop. Qualit\u00e4t, Stil und Funktionalit\u00e4t \u2013 jetzt online bestellen!","robots":{"index":"index","follow":"follow","max-snippet":"max-snippet:-1","max-image-preview":"max-image-preview:large","max-video-preview":"max-video-preview:-1"},"canonical":"https:\/\/www.erresse-shop.it\/de\/shop\/toepfe-pfannen\/brotbackofen\/emile-henry-pizza-stone-eh799524-fusain\/","og_locale":"de_DE","og_type":"article","og_title":"EMILE HENRY Pizza stone Fusain","og_description":"Entdecken Sie EMILE HENRY Pizza stone EH799524 Fusain bei ErresseShop. Qualit\u00e4t, Stil und Funktionalit\u00e4t \u2013 jetzt online bestellen!","og_url":"https:\/\/www.erresse-shop.it\/de\/shop\/toepfe-pfannen\/brotbackofen\/emile-henry-pizza-stone-eh799524-fusain\/","og_site_name":"Erresse Shop","article_modified_time":"2025-03-06T07:52:50+00:00","og_image":[{"width":800,"height":800,"url":"https:\/\/www.erresse-shop.it\/wp-content\/uploads\/2020\/09\/799524.1.jpg","type":"image\/jpeg"}],"twitter_card":"summary_large_image","schema":{"@context":"https:\/\/schema.org","@graph":[{"@type":"WebPage","@id":"https:\/\/www.erresse-shop.it\/de\/shop\/toepfe-pfannen\/brotbackofen\/emile-henry-pizza-stone-eh799524-fusain\/","url":"https:\/\/www.erresse-shop.it\/de\/shop\/toepfe-pfannen\/brotbackofen\/emile-henry-pizza-stone-eh799524-fusain\/","name":"EMILE HENRY Pizza stone EH799524 Fusain","isPartOf":{"@id":"https:\/\/www.erresse-shop.it\/de\/#website"},"datePublished":"2020-09-18T12:45:50+00:00","dateModified":"2025-03-06T07:52:50+00:00","description":"Entdecken Sie EMILE HENRY Pizza stone EH799524 Fusain bei ErresseShop. Qualit\u00e4t, Stil und Funktionalit\u00e4t \u2013 jetzt online bestellen!","breadcrumb":{"@id":"https:\/\/www.erresse-shop.it\/de\/shop\/toepfe-pfannen\/brotbackofen\/emile-henry-pizza-stone-eh799524-fusain\/#breadcrumb"},"inLanguage":"de-DE","potentialAction":[{"@type":"ReadAction","target":["https:\/\/www.erresse-shop.it\/de\/shop\/toepfe-pfannen\/brotbackofen\/emile-henry-pizza-stone-eh799524-fusain\/"]}]},{"@type":"BreadcrumbList","@id":"https:\/\/www.erresse-shop.it\/de\/shop\/toepfe-pfannen\/brotbackofen\/emile-henry-pizza-stone-eh799524-fusain\/#breadcrumb","itemListElement":[{"@type":"ListItem","position":1,"name":"Home","item":"https:\/\/www.erresse-shop.it\/de\/"},{"@type":"ListItem","position":2,"name":"Shop","item":"https:\/\/www.erresse-shop.it\/de\/shop\/"},{"@type":"ListItem","position":3,"name":"EMILE HENRY Pizza stone Fusain"}]},{"@type":"WebSite","@id":"https:\/\/www.erresse-shop.it\/de\/#website","url":"https:\/\/www.erresse-shop.it\/de\/","name":"Erresse Shop","description":"Articoli di qualit\u00e0 per la casa","potentialAction":[{"@type":"SearchAction","target":{"@type":"EntryPoint","urlTemplate":"https:\/\/www.erresse-shop.it\/de\/?s={search_term_string}"},"query-input":"required name=search_term_string"}],"inLanguage":"de-DE"}]}},"df_price":69.95,"df_sale_price":69.95,"df_regular_price":82.5,"df_image_link":"https:\/\/www.erresse-shop.it\/wp-content\/uploads\/2020\/09\/799524.1-300x300.jpg","_links":{"self":[{"href":"https:\/\/www.erresse-shop.it\/de\/wp-json\/wp\/v2\/product\/75273"}],"collection":[{"href":"https:\/\/www.erresse-shop.it\/de\/wp-json\/wp\/v2\/product"}],"about":[{"href":"https:\/\/www.erresse-shop.it\/de\/wp-json\/wp\/v2\/types\/product"}],"wp:featuredmedia":[{"embeddable":true,"href":"https:\/\/www.erresse-shop.it\/de\/wp-json\/wp\/v2\/media\/75324"}],"wp:attachment":[{"href":"https:\/\/www.erresse-shop.it\/de\/wp-json\/wp\/v2\/media?parent=75273"}],"wp:term":[{"taxonomy":"product_cat","embeddable":true,"href":"https:\/\/www.erresse-shop.it\/de\/wp-json\/wp\/v2\/product_cat?post=75273"},{"taxonomy":"product_tag","embeddable":true,"href":"https:\/\/www.erresse-shop.it\/de\/wp-json\/wp\/v2\/product_tag?post=75273"}],"curies":[{"name":"wp","href":"https:\/\/api.w.org\/{rel}","templated":true}]}}