{"id":73679,"date":"2020-09-01T08:52:23","date_gmt":"2020-09-01T08:52:23","guid":{"rendered":"https:\/\/www.erresse-shop.it\/?post_type=product&#038;p=73679"},"modified":"2025-01-17T15:46:50","modified_gmt":"2025-01-17T15:46:50","slug":"staub-schmorpfanne-chistera-28-cm-kirschrot","status":"publish","type":"product","link":"https:\/\/www.erresse-shop.it\/de\/shop\/toepfe-pfannen\/schmorpfannen\/staub-schmorpfanne-chistera-28-cm-kirschrot\/","title":{"rendered":"STAUB Schmorpfanne Chistera 28 cm Kirschrot"},"content":{"rendered":"<p>Der 28 cm gro\u00dfe Multifunktionsbr\u00e4ter von Staub besitzt einen Deckel mit der von Staub selbst entwickelten Chistera Drop-Structure. Diese Struktur auf der Innenseite des Deckels sorgt daf\u00fcr, dass Kondenswasser gleichm\u00e4\u00dfig wieder \u00fcber das gesamte Gargut verteilt wird, sodass alle Zutaten befeuchtet und besonders aromatisch und saftig werden. Bei diesem Br\u00e4ter ist es deshalb nicht n\u00f6tig, h\u00e4ufig Wasser oder andere Fl\u00fcssigkeiten hinzuzuf\u00fcgen. Der Multifunktionsbr\u00e4ter wird aus Gusseisen hergestellt und eignet sich dadurch besonders gut zum langsamen und schonenden Schmoren. Gusseisen speichert und verteilt die Hitze gleichm\u00e4\u00dfig und sorgt so f\u00fcr ein ausgezeichnetes Ergebnis. Es ist au\u00dferdem sehr robust, kratzfest und langlebig und wird deshalb von renommierten K\u00fcchenchefs gesch\u00e4tzt. Der Br\u00e4ter hat eine H\u00f6he von 12,6 cm, fasst 3,7 l. Mit dem Multifunktionsbr\u00e4ter k\u00f6nnen Sie auf jeder Herdart braten und schmoren oder im Backofen weitergaren. In ihm gelingen Ihnen vielerlei Schmorgerichte mit Fleisch oder ein leckerer Gem\u00fcseeintopf. Ist das Essen fertig, stellen Sie den Br\u00e4ter einfach auf den Tisch. Mit dem kirschroten Multifunktionsbr\u00e4ter aus der Serie Br\u00e4ter servieren Sie Ihren G\u00e4sten stilecht schonend geschmorte K\u00f6stlichkeiten voller Aroma.<\/p>\n<p>&#8211; Ideal zum Anbraten und langsamen Garen von Fleisch, Fisch oder Gem\u00fcse<br \/>\n&#8211; Saftiges und zartes Kochergebnis durch die spezielle Chistera-Tropfenstruktur im Deckel<br \/>\n&#8211; Die schwarzmatte Innenemaillierung eignet sich zum besonders krossen Anbraten und ist besonders strapazierf\u00e4hig<br \/>\n&#8211; F\u00fcr alle Herdarten inkl. Induktion geeignet, auch im Backofen\/Grill einsetzbar<\/p>\n<p>Eigenschaften<br \/>\n&#8211; Hitzebest\u00e4ndigkeit: 240,00 \u00baC<br \/>\n&#8211; K\u00e4ltebest\u00e4ndigkeit: -20,00 \u00baC<br \/>\n&#8211; Material: Gusseisen<br \/>\n&#8211; Griffart: Deckelgriff<br \/>\n&#8211; Deckel vorhanden: Ja<br \/>\n&#8211; Induktion: Ja<br \/>\n&#8211; Backofen geeignet: Ja<br \/>\n&#8211; Gefrierschrank geeignet: Ja<br \/>\n&#8211; Herdplatten geeignet: Ja<br \/>\n&#8211; sp\u00fclmaschinengeeignet: Ja<\/p>\n<p>Abmessungen<br \/>\n&#8211; Gewicht netto: 5,40 kg<br \/>\n&#8211; Volumen: 3,70 l<br \/>\n&#8211; Produktl\u00e4nge: 36,10 cm<br \/>\n&#8211; Produktbreite: 28,00 cm<br \/>\n&#8211; Produkth\u00f6he: 12,60 cm<br \/>\n&#8211; Produkth\u00f6he ohne Deckel: 7,60 cm<br \/>\n&#8211; Oberer Durchmesser: 28,00 cm<br \/>\n&#8211; Bodendurchmesser: 22,20 cm<br \/>\n&#8211; Griffl\u00e4nge: 4,00 cm<\/p>\n","protected":false},"excerpt":{"rendered":"<p>Der 28 cm gro\u00dfe Multifunktionsbr\u00e4ter von Staub besitzt einen Deckel mit der von Staub selbst entwickelten Chistera Drop-Structure. Diese Struktur<\/p>\n","protected":false},"featured_media":73674,"template":"","meta":{"_acf_changed":false,"inline_featured_image":false},"product_cat":[6709,14798],"product_tag":[15563,11385,12211,12315,11607],"acf":[],"yoast_head":"<!-- This site is optimized with the Yoast SEO Premium plugin v18.6 (Yoast SEO v19.13) - https:\/\/yoast.com\/wordpress\/plugins\/seo\/ -->\n<title>STAUB Schmorpfanne Chistera 28 cm Kirschrot<\/title>\n<meta name=\"description\" content=\"Entdecken Sie STAUB Schmorpfanne Chistera 28 cm Kirschrot bei ErresseShop. Qualit\u00e4t, Stil und Funktionalit\u00e4t \u2013 jetzt online bestellen!\" \/>\n<meta name=\"robots\" content=\"index, follow, max-snippet:-1, max-image-preview:large, max-video-preview:-1\" \/>\n<link rel=\"canonical\" href=\"https:\/\/www.erresse-shop.it\/de\/shop\/toepfe-pfannen\/schmorpfannen\/staub-schmorpfanne-chistera-28-cm-kirschrot\/\" \/>\n<meta property=\"og:locale\" content=\"de_DE\" \/>\n<meta property=\"og:type\" content=\"article\" \/>\n<meta property=\"og:title\" content=\"STAUB Schmorpfanne Chistera 28 cm Kirschrot\" \/>\n<meta property=\"og:description\" content=\"Entdecken Sie STAUB Schmorpfanne Chistera 28 cm Kirschrot bei ErresseShop. Qualit\u00e4t, Stil und Funktionalit\u00e4t \u2013 jetzt online bestellen!\" \/>\n<meta property=\"og:url\" content=\"https:\/\/www.erresse-shop.it\/de\/shop\/toepfe-pfannen\/schmorpfannen\/staub-schmorpfanne-chistera-28-cm-kirschrot\/\" \/>\n<meta property=\"og:site_name\" content=\"Erresse Shop\" \/>\n<meta property=\"article:modified_time\" content=\"2025-01-17T15:46:50+00:00\" \/>\n<meta property=\"og:image\" content=\"https:\/\/www.erresse-shop.it\/wp-content\/uploads\/2020\/09\/tegame-ciliegia-40511-475.jpg\" \/>\n\t<meta property=\"og:image:width\" content=\"1350\" \/>\n\t<meta property=\"og:image:height\" content=\"1350\" \/>\n\t<meta property=\"og:image:type\" content=\"image\/jpeg\" \/>\n<meta name=\"twitter:card\" content=\"summary_large_image\" \/>\n<script type=\"application\/ld+json\" class=\"yoast-schema-graph\">{\"@context\":\"https:\/\/schema.org\",\"@graph\":[{\"@type\":\"WebPage\",\"@id\":\"https:\/\/www.erresse-shop.it\/de\/shop\/toepfe-pfannen\/schmorpfannen\/staub-schmorpfanne-chistera-28-cm-kirschrot\/\",\"url\":\"https:\/\/www.erresse-shop.it\/de\/shop\/toepfe-pfannen\/schmorpfannen\/staub-schmorpfanne-chistera-28-cm-kirschrot\/\",\"name\":\"STAUB Schmorpfanne Chistera 28 cm Kirschrot\",\"isPartOf\":{\"@id\":\"https:\/\/www.erresse-shop.it\/de\/#website\"},\"datePublished\":\"2020-09-01T08:52:23+00:00\",\"dateModified\":\"2025-01-17T15:46:50+00:00\",\"description\":\"Entdecken Sie STAUB Schmorpfanne Chistera 28 cm Kirschrot bei ErresseShop. Qualit\u00e4t, Stil und Funktionalit\u00e4t \u2013 jetzt online bestellen!\",\"breadcrumb\":{\"@id\":\"https:\/\/www.erresse-shop.it\/de\/shop\/toepfe-pfannen\/schmorpfannen\/staub-schmorpfanne-chistera-28-cm-kirschrot\/#breadcrumb\"},\"inLanguage\":\"de-DE\",\"potentialAction\":[{\"@type\":\"ReadAction\",\"target\":[\"https:\/\/www.erresse-shop.it\/de\/shop\/toepfe-pfannen\/schmorpfannen\/staub-schmorpfanne-chistera-28-cm-kirschrot\/\"]}]},{\"@type\":\"BreadcrumbList\",\"@id\":\"https:\/\/www.erresse-shop.it\/de\/shop\/toepfe-pfannen\/schmorpfannen\/staub-schmorpfanne-chistera-28-cm-kirschrot\/#breadcrumb\",\"itemListElement\":[{\"@type\":\"ListItem\",\"position\":1,\"name\":\"Home\",\"item\":\"https:\/\/www.erresse-shop.it\/de\/\"},{\"@type\":\"ListItem\",\"position\":2,\"name\":\"Shop\",\"item\":\"https:\/\/www.erresse-shop.it\/de\/shop\/\"},{\"@type\":\"ListItem\",\"position\":3,\"name\":\"STAUB Schmorpfanne Chistera 28 cm Kirschrot\"}]},{\"@type\":\"WebSite\",\"@id\":\"https:\/\/www.erresse-shop.it\/de\/#website\",\"url\":\"https:\/\/www.erresse-shop.it\/de\/\",\"name\":\"Erresse Shop\",\"description\":\"Articoli di qualit\u00e0 per la casa\",\"potentialAction\":[{\"@type\":\"SearchAction\",\"target\":{\"@type\":\"EntryPoint\",\"urlTemplate\":\"https:\/\/www.erresse-shop.it\/de\/?s={search_term_string}\"},\"query-input\":\"required name=search_term_string\"}],\"inLanguage\":\"de-DE\"}]}<\/script>\n<!-- \/ Yoast SEO Premium plugin. -->","yoast_head_json":{"title":"STAUB Schmorpfanne Chistera 28 cm Kirschrot","description":"Entdecken Sie STAUB Schmorpfanne Chistera 28 cm Kirschrot bei ErresseShop. Qualit\u00e4t, Stil und Funktionalit\u00e4t \u2013 jetzt online bestellen!","robots":{"index":"index","follow":"follow","max-snippet":"max-snippet:-1","max-image-preview":"max-image-preview:large","max-video-preview":"max-video-preview:-1"},"canonical":"https:\/\/www.erresse-shop.it\/de\/shop\/toepfe-pfannen\/schmorpfannen\/staub-schmorpfanne-chistera-28-cm-kirschrot\/","og_locale":"de_DE","og_type":"article","og_title":"STAUB Schmorpfanne Chistera 28 cm Kirschrot","og_description":"Entdecken Sie STAUB Schmorpfanne Chistera 28 cm Kirschrot bei ErresseShop. Qualit\u00e4t, Stil und Funktionalit\u00e4t \u2013 jetzt online bestellen!","og_url":"https:\/\/www.erresse-shop.it\/de\/shop\/toepfe-pfannen\/schmorpfannen\/staub-schmorpfanne-chistera-28-cm-kirschrot\/","og_site_name":"Erresse Shop","article_modified_time":"2025-01-17T15:46:50+00:00","og_image":[{"width":1350,"height":1350,"url":"https:\/\/www.erresse-shop.it\/wp-content\/uploads\/2020\/09\/tegame-ciliegia-40511-475.jpg","type":"image\/jpeg"}],"twitter_card":"summary_large_image","schema":{"@context":"https:\/\/schema.org","@graph":[{"@type":"WebPage","@id":"https:\/\/www.erresse-shop.it\/de\/shop\/toepfe-pfannen\/schmorpfannen\/staub-schmorpfanne-chistera-28-cm-kirschrot\/","url":"https:\/\/www.erresse-shop.it\/de\/shop\/toepfe-pfannen\/schmorpfannen\/staub-schmorpfanne-chistera-28-cm-kirschrot\/","name":"STAUB Schmorpfanne Chistera 28 cm Kirschrot","isPartOf":{"@id":"https:\/\/www.erresse-shop.it\/de\/#website"},"datePublished":"2020-09-01T08:52:23+00:00","dateModified":"2025-01-17T15:46:50+00:00","description":"Entdecken Sie STAUB Schmorpfanne Chistera 28 cm Kirschrot bei ErresseShop. Qualit\u00e4t, Stil und Funktionalit\u00e4t \u2013 jetzt online bestellen!","breadcrumb":{"@id":"https:\/\/www.erresse-shop.it\/de\/shop\/toepfe-pfannen\/schmorpfannen\/staub-schmorpfanne-chistera-28-cm-kirschrot\/#breadcrumb"},"inLanguage":"de-DE","potentialAction":[{"@type":"ReadAction","target":["https:\/\/www.erresse-shop.it\/de\/shop\/toepfe-pfannen\/schmorpfannen\/staub-schmorpfanne-chistera-28-cm-kirschrot\/"]}]},{"@type":"BreadcrumbList","@id":"https:\/\/www.erresse-shop.it\/de\/shop\/toepfe-pfannen\/schmorpfannen\/staub-schmorpfanne-chistera-28-cm-kirschrot\/#breadcrumb","itemListElement":[{"@type":"ListItem","position":1,"name":"Home","item":"https:\/\/www.erresse-shop.it\/de\/"},{"@type":"ListItem","position":2,"name":"Shop","item":"https:\/\/www.erresse-shop.it\/de\/shop\/"},{"@type":"ListItem","position":3,"name":"STAUB Schmorpfanne Chistera 28 cm Kirschrot"}]},{"@type":"WebSite","@id":"https:\/\/www.erresse-shop.it\/de\/#website","url":"https:\/\/www.erresse-shop.it\/de\/","name":"Erresse Shop","description":"Articoli di qualit\u00e0 per la casa","potentialAction":[{"@type":"SearchAction","target":{"@type":"EntryPoint","urlTemplate":"https:\/\/www.erresse-shop.it\/de\/?s={search_term_string}"},"query-input":"required name=search_term_string"}],"inLanguage":"de-DE"}]}},"df_price":124.5,"df_sale_price":124.5,"df_regular_price":249,"df_image_link":"https:\/\/www.erresse-shop.it\/wp-content\/uploads\/2020\/09\/tegame-ciliegia-40511-475-300x300.jpg","_links":{"self":[{"href":"https:\/\/www.erresse-shop.it\/de\/wp-json\/wp\/v2\/product\/73679"}],"collection":[{"href":"https:\/\/www.erresse-shop.it\/de\/wp-json\/wp\/v2\/product"}],"about":[{"href":"https:\/\/www.erresse-shop.it\/de\/wp-json\/wp\/v2\/types\/product"}],"wp:featuredmedia":[{"embeddable":true,"href":"https:\/\/www.erresse-shop.it\/de\/wp-json\/wp\/v2\/media\/73674"}],"wp:attachment":[{"href":"https:\/\/www.erresse-shop.it\/de\/wp-json\/wp\/v2\/media?parent=73679"}],"wp:term":[{"taxonomy":"product_cat","embeddable":true,"href":"https:\/\/www.erresse-shop.it\/de\/wp-json\/wp\/v2\/product_cat?post=73679"},{"taxonomy":"product_tag","embeddable":true,"href":"https:\/\/www.erresse-shop.it\/de\/wp-json\/wp\/v2\/product_tag?post=73679"}],"curies":[{"name":"wp","href":"https:\/\/api.w.org\/{rel}","templated":true}]}}