{"id":73668,"date":"2020-09-01T08:44:13","date_gmt":"2020-09-01T08:44:13","guid":{"rendered":"https:\/\/www.erresse-shop.it\/?post_type=product&#038;p=73668"},"modified":"2025-01-17T15:46:49","modified_gmt":"2025-01-17T15:46:49","slug":"staub-schmorpfanne-chistera-24-cm-kirschrot","status":"publish","type":"product","link":"https:\/\/www.erresse-shop.it\/de\/shop\/toepfe-pfannen\/schmorpfannen\/staub-schmorpfanne-chistera-24-cm-kirschrot\/","title":{"rendered":"STAUB Schmorpfanne Chistera 24 cm Kirschrot"},"content":{"rendered":"<p>Mit dem Multifunktionsbr\u00e4ter von Staub bieten sich Ihnen zahlreiche M\u00f6glichkeiten der Zubereitung wohlschmeckender Fleisch-, Gem\u00fcse- und Fischgerichte. Dank der Materialeigenschaften des aus emailliertem Gusseisen gefertigten Br\u00e4ters m\u00fcssen Sie beim Kochen nur vergleichsweise wenig \u00d6l zugeben und servieren Ihrer Familie und Ihren G\u00e4sten deshalb gleicherma\u00dfen leichte wie gesunde Speisen. Zwei Griffe erm\u00f6glichen Ihnen den sicheren Transport des Br\u00e4ters, den Sie auf allen Herdarten \u2013 auch Induktion \u2013 nutzen k\u00f6nnen. Der Multifunktionsbr\u00e4ter ist mit der Chistera Drop-Structure ausgestattet. Das hei\u00dft, im Deckel befindet sich ein Tropfenmuster, welches das Kondenswasser auf Ihr Bratgut herabregnen l\u00e4sst. Das gleichm\u00e4\u00dfig befeuchtete Fleisch oder Gem\u00fcse bleibt zart und schmeckt besonders aromatisch. Das spezielle Design verwirklicht ein solches Selbstbefeuchtungssystem erstmals in einem gew\u00f6lbten Deckel, wodurch Ihnen viel Volumen geboten wird. Der runde Multifunktionsbr\u00e4ter ist 11,6 cm hoch, mit Griffen 31,7 cm breit, 24 cm breit und hat ein Fassungsverm\u00f6gen von 2,4 l. Dank der ansprechenden kirschroten Farbe setzt der Br\u00e4ter einen leuchtenden Farbakzent in Ihrer K\u00fcche und kann auch zum stilvollen Servieren der Speisen genutzt werden. Mit dem Multifunktionsbr\u00e4ter aus der Serie Br\u00e4ter von Staub profitieren Sie von einem einzigartigen Selbstbefeuchtungssystem und erg\u00e4nzen Ihr Kochgeschirr um einen attraktiven Blickfang.<\/p>\n<p>&#8211; Ideal zum Anbraten und langsamen Garen von Fleisch, Fisch oder Gem\u00fcse<br \/>\n&#8211; Saftiges und zartes Kochergebnis durch die spezielle Tropfenstruktur im Deckel<br \/>\n&#8211; Die schwarzmatte Innenemaillierung eignet sich zum besonders krossen Anbraten und ist besonders strapazierf\u00e4hig<br \/>\n&#8211; F\u00fcr alle Herdarten inkl. Induktion geeignet, auch im Backofen\/Grill einsetzbar<\/p>\n<p>Eigenschaften<br \/>\n&#8211; Hitzebest\u00e4ndigkeit: 240,00 \u00baC<br \/>\n&#8211; K\u00e4ltebest\u00e4ndigkeit: -20,00 \u00baC<br \/>\n&#8211; Material: Gusseisen<br \/>\n&#8211; Griffart: Seitengriff<br \/>\n&#8211; Deckel vorhanden: Ja<br \/>\n&#8211; Induktion: Ja<br \/>\n&#8211; Backofen geeignet: Ja<br \/>\n&#8211; Gefrierschrank geeignet: Ja<br \/>\n&#8211; Herdplatten geeignet: Ja<br \/>\n&#8211; sp\u00fclmaschinengeeignet: Ja<\/p>\n<p>Abmessungen<br \/>\n&#8211; Gewicht netto: 4,24 kg<br \/>\n&#8211; Volumen: 2,40 l<br \/>\n&#8211; Produktl\u00e4nge: 31,70 cm<br \/>\n&#8211; Produktbreite: 24,00 cm<br \/>\n&#8211; Produkth\u00f6he: 11,60 cm<br \/>\n&#8211; Produkth\u00f6he ohne Deckel: 7,00 cm<br \/>\n&#8211; Oberer Durchmesser: 24,00 cm<br \/>\n&#8211; Bodendurchmesser: 18,50 cm<br \/>\n&#8211; Griffl\u00e4nge: 4,00 cm<\/p>\n","protected":false},"excerpt":{"rendered":"<p>Mit dem Multifunktionsbr\u00e4ter von Staub bieten sich Ihnen zahlreiche M\u00f6glichkeiten der Zubereitung wohlschmeckender Fleisch-, Gem\u00fcse- und Fischgerichte. Dank der Materialeigenschaften<\/p>\n","protected":false},"featured_media":73674,"template":"","meta":{"_acf_changed":false,"inline_featured_image":false},"product_cat":[6709,14798],"product_tag":[25088,15563,11385,12211,12315,25022,11607],"acf":[],"yoast_head":"<!-- This site is optimized with the Yoast SEO Premium plugin v18.6 (Yoast SEO v19.13) - https:\/\/yoast.com\/wordpress\/plugins\/seo\/ -->\n<title>STAUB Schmorpfanne Chistera 24 cm Kirschrot<\/title>\n<meta name=\"description\" content=\"Entdecken Sie STAUB Schmorpfanne Chistera 24 cm Kirschrot bei ErresseShop. Qualit\u00e4t, Stil und Funktionalit\u00e4t \u2013 jetzt online bestellen!\" \/>\n<meta name=\"robots\" content=\"index, follow, max-snippet:-1, max-image-preview:large, max-video-preview:-1\" \/>\n<link rel=\"canonical\" href=\"https:\/\/www.erresse-shop.it\/de\/shop\/toepfe-pfannen\/schmorpfannen\/staub-schmorpfanne-chistera-24-cm-kirschrot\/\" \/>\n<meta property=\"og:locale\" content=\"de_DE\" \/>\n<meta property=\"og:type\" content=\"article\" \/>\n<meta property=\"og:title\" content=\"STAUB Schmorpfanne Chistera 24 cm Kirschrot\" \/>\n<meta property=\"og:description\" content=\"Entdecken Sie STAUB Schmorpfanne Chistera 24 cm Kirschrot bei ErresseShop. Qualit\u00e4t, Stil und Funktionalit\u00e4t \u2013 jetzt online bestellen!\" \/>\n<meta property=\"og:url\" content=\"https:\/\/www.erresse-shop.it\/de\/shop\/toepfe-pfannen\/schmorpfannen\/staub-schmorpfanne-chistera-24-cm-kirschrot\/\" \/>\n<meta property=\"og:site_name\" content=\"Erresse Shop\" \/>\n<meta property=\"article:modified_time\" content=\"2025-01-17T15:46:49+00:00\" \/>\n<meta property=\"og:image\" content=\"https:\/\/www.erresse-shop.it\/wp-content\/uploads\/2020\/09\/tegame-ciliegia-40511-475.jpg\" \/>\n\t<meta property=\"og:image:width\" content=\"1350\" \/>\n\t<meta property=\"og:image:height\" content=\"1350\" \/>\n\t<meta property=\"og:image:type\" content=\"image\/jpeg\" \/>\n<meta name=\"twitter:card\" content=\"summary_large_image\" \/>\n<script type=\"application\/ld+json\" class=\"yoast-schema-graph\">{\"@context\":\"https:\/\/schema.org\",\"@graph\":[{\"@type\":\"WebPage\",\"@id\":\"https:\/\/www.erresse-shop.it\/de\/shop\/toepfe-pfannen\/schmorpfannen\/staub-schmorpfanne-chistera-24-cm-kirschrot\/\",\"url\":\"https:\/\/www.erresse-shop.it\/de\/shop\/toepfe-pfannen\/schmorpfannen\/staub-schmorpfanne-chistera-24-cm-kirschrot\/\",\"name\":\"STAUB Schmorpfanne Chistera 24 cm Kirschrot\",\"isPartOf\":{\"@id\":\"https:\/\/www.erresse-shop.it\/de\/#website\"},\"datePublished\":\"2020-09-01T08:44:13+00:00\",\"dateModified\":\"2025-01-17T15:46:49+00:00\",\"description\":\"Entdecken Sie STAUB Schmorpfanne Chistera 24 cm Kirschrot bei ErresseShop. Qualit\u00e4t, Stil und Funktionalit\u00e4t \u2013 jetzt online bestellen!\",\"breadcrumb\":{\"@id\":\"https:\/\/www.erresse-shop.it\/de\/shop\/toepfe-pfannen\/schmorpfannen\/staub-schmorpfanne-chistera-24-cm-kirschrot\/#breadcrumb\"},\"inLanguage\":\"de-DE\",\"potentialAction\":[{\"@type\":\"ReadAction\",\"target\":[\"https:\/\/www.erresse-shop.it\/de\/shop\/toepfe-pfannen\/schmorpfannen\/staub-schmorpfanne-chistera-24-cm-kirschrot\/\"]}]},{\"@type\":\"BreadcrumbList\",\"@id\":\"https:\/\/www.erresse-shop.it\/de\/shop\/toepfe-pfannen\/schmorpfannen\/staub-schmorpfanne-chistera-24-cm-kirschrot\/#breadcrumb\",\"itemListElement\":[{\"@type\":\"ListItem\",\"position\":1,\"name\":\"Home\",\"item\":\"https:\/\/www.erresse-shop.it\/de\/\"},{\"@type\":\"ListItem\",\"position\":2,\"name\":\"Shop\",\"item\":\"https:\/\/www.erresse-shop.it\/de\/shop\/\"},{\"@type\":\"ListItem\",\"position\":3,\"name\":\"STAUB Schmorpfanne Chistera 24 cm Kirschrot\"}]},{\"@type\":\"WebSite\",\"@id\":\"https:\/\/www.erresse-shop.it\/de\/#website\",\"url\":\"https:\/\/www.erresse-shop.it\/de\/\",\"name\":\"Erresse Shop\",\"description\":\"Articoli di qualit\u00e0 per la casa\",\"potentialAction\":[{\"@type\":\"SearchAction\",\"target\":{\"@type\":\"EntryPoint\",\"urlTemplate\":\"https:\/\/www.erresse-shop.it\/de\/?s={search_term_string}\"},\"query-input\":\"required name=search_term_string\"}],\"inLanguage\":\"de-DE\"}]}<\/script>\n<!-- \/ Yoast SEO Premium plugin. -->","yoast_head_json":{"title":"STAUB Schmorpfanne Chistera 24 cm Kirschrot","description":"Entdecken Sie STAUB Schmorpfanne Chistera 24 cm Kirschrot bei ErresseShop. Qualit\u00e4t, Stil und Funktionalit\u00e4t \u2013 jetzt online bestellen!","robots":{"index":"index","follow":"follow","max-snippet":"max-snippet:-1","max-image-preview":"max-image-preview:large","max-video-preview":"max-video-preview:-1"},"canonical":"https:\/\/www.erresse-shop.it\/de\/shop\/toepfe-pfannen\/schmorpfannen\/staub-schmorpfanne-chistera-24-cm-kirschrot\/","og_locale":"de_DE","og_type":"article","og_title":"STAUB Schmorpfanne Chistera 24 cm Kirschrot","og_description":"Entdecken Sie STAUB Schmorpfanne Chistera 24 cm Kirschrot bei ErresseShop. Qualit\u00e4t, Stil und Funktionalit\u00e4t \u2013 jetzt online bestellen!","og_url":"https:\/\/www.erresse-shop.it\/de\/shop\/toepfe-pfannen\/schmorpfannen\/staub-schmorpfanne-chistera-24-cm-kirschrot\/","og_site_name":"Erresse Shop","article_modified_time":"2025-01-17T15:46:49+00:00","og_image":[{"width":1350,"height":1350,"url":"https:\/\/www.erresse-shop.it\/wp-content\/uploads\/2020\/09\/tegame-ciliegia-40511-475.jpg","type":"image\/jpeg"}],"twitter_card":"summary_large_image","schema":{"@context":"https:\/\/schema.org","@graph":[{"@type":"WebPage","@id":"https:\/\/www.erresse-shop.it\/de\/shop\/toepfe-pfannen\/schmorpfannen\/staub-schmorpfanne-chistera-24-cm-kirschrot\/","url":"https:\/\/www.erresse-shop.it\/de\/shop\/toepfe-pfannen\/schmorpfannen\/staub-schmorpfanne-chistera-24-cm-kirschrot\/","name":"STAUB Schmorpfanne Chistera 24 cm Kirschrot","isPartOf":{"@id":"https:\/\/www.erresse-shop.it\/de\/#website"},"datePublished":"2020-09-01T08:44:13+00:00","dateModified":"2025-01-17T15:46:49+00:00","description":"Entdecken Sie STAUB Schmorpfanne Chistera 24 cm Kirschrot bei ErresseShop. Qualit\u00e4t, Stil und Funktionalit\u00e4t \u2013 jetzt online bestellen!","breadcrumb":{"@id":"https:\/\/www.erresse-shop.it\/de\/shop\/toepfe-pfannen\/schmorpfannen\/staub-schmorpfanne-chistera-24-cm-kirschrot\/#breadcrumb"},"inLanguage":"de-DE","potentialAction":[{"@type":"ReadAction","target":["https:\/\/www.erresse-shop.it\/de\/shop\/toepfe-pfannen\/schmorpfannen\/staub-schmorpfanne-chistera-24-cm-kirschrot\/"]}]},{"@type":"BreadcrumbList","@id":"https:\/\/www.erresse-shop.it\/de\/shop\/toepfe-pfannen\/schmorpfannen\/staub-schmorpfanne-chistera-24-cm-kirschrot\/#breadcrumb","itemListElement":[{"@type":"ListItem","position":1,"name":"Home","item":"https:\/\/www.erresse-shop.it\/de\/"},{"@type":"ListItem","position":2,"name":"Shop","item":"https:\/\/www.erresse-shop.it\/de\/shop\/"},{"@type":"ListItem","position":3,"name":"STAUB Schmorpfanne Chistera 24 cm Kirschrot"}]},{"@type":"WebSite","@id":"https:\/\/www.erresse-shop.it\/de\/#website","url":"https:\/\/www.erresse-shop.it\/de\/","name":"Erresse Shop","description":"Articoli di qualit\u00e0 per la casa","potentialAction":[{"@type":"SearchAction","target":{"@type":"EntryPoint","urlTemplate":"https:\/\/www.erresse-shop.it\/de\/?s={search_term_string}"},"query-input":"required name=search_term_string"}],"inLanguage":"de-DE"}]}},"df_price":109.5,"df_sale_price":109.5,"df_regular_price":219,"df_image_link":"https:\/\/www.erresse-shop.it\/wp-content\/uploads\/2020\/09\/tegame-ciliegia-40511-475-300x300.jpg","_links":{"self":[{"href":"https:\/\/www.erresse-shop.it\/de\/wp-json\/wp\/v2\/product\/73668"}],"collection":[{"href":"https:\/\/www.erresse-shop.it\/de\/wp-json\/wp\/v2\/product"}],"about":[{"href":"https:\/\/www.erresse-shop.it\/de\/wp-json\/wp\/v2\/types\/product"}],"wp:featuredmedia":[{"embeddable":true,"href":"https:\/\/www.erresse-shop.it\/de\/wp-json\/wp\/v2\/media\/73674"}],"wp:attachment":[{"href":"https:\/\/www.erresse-shop.it\/de\/wp-json\/wp\/v2\/media?parent=73668"}],"wp:term":[{"taxonomy":"product_cat","embeddable":true,"href":"https:\/\/www.erresse-shop.it\/de\/wp-json\/wp\/v2\/product_cat?post=73668"},{"taxonomy":"product_tag","embeddable":true,"href":"https:\/\/www.erresse-shop.it\/de\/wp-json\/wp\/v2\/product_tag?post=73668"}],"curies":[{"name":"wp","href":"https:\/\/api.w.org\/{rel}","templated":true}]}}