{"id":73656,"date":"2020-09-01T08:02:14","date_gmt":"2020-09-01T08:02:14","guid":{"rendered":"https:\/\/www.erresse-shop.it\/?post_type=product&#038;p=73656"},"modified":"2025-01-17T15:46:48","modified_gmt":"2025-01-17T15:46:48","slug":"staub-schmorpfanne-chistera-24-cm-dunkelblau","status":"publish","type":"product","link":"https:\/\/www.erresse-shop.it\/de\/shop\/toepfe-pfannen\/schmorpfannen\/staub-schmorpfanne-chistera-24-cm-dunkelblau\/","title":{"rendered":"STAUB Schmorpfanne Chistera 24 cm Dunkelblau"},"content":{"rendered":"<p>Im Multifunktionsbr\u00e4ter von Staub ist es leicht, leckere Gerichte zu zaubern. Sein Deckel ist mit der von Staub entwickelten Chistera Drop-Structure ausgestattet, die den aufsteigenden Wasserdampf wieder \u00fcber dem Gargut verteilt. In ihm brennt daher nichts an und alle Zutaten bleiben gleichm\u00e4\u00dfig saftig. Selbst Anf\u00e4nger mit geringen Kochkenntnissen erzielen mit diesem Br\u00e4ter daher hervorragende Ergebnisse. Der dunkelblaue Staub Multifunktionsbr\u00e4ter hat einen Durchmesser von 24 cm, ist rund 12 cm hoch und hat ein Fassungsverm\u00f6gen von 2,4 l. Er besteht aus emailliertem Gusseisen und eignet sich daher f\u00fcr jeden Herd einschlie\u00dflich Induktionskochfeldern. Nat\u00fcrlich k\u00f6nnen Sie ihn aber auch in den Backofen stellen, wenn Sie Gerichte mit einer langen Garzeit zubereiten oder etwas \u00fcberbacken m\u00f6chten. Durch die ergonomischen Griffe l\u00e4sst er sich leicht in den Ofen stellen und wieder herausnehmen. Gusseiserne Br\u00e4ter speichern und verteilen die Hitze besonders gut. Dar\u00fcber hinaus sind sie sehr langlebig, kratzfest und pflegeleicht. Die in ihm gekochten Gerichte sind \u00e4u\u00dferst schmackhaft und zudem sehr gesund, denn beim langsamen und gleichm\u00e4\u00dfigen Schmoren bleiben Vitamine und andere wichtige Inhaltsstoffe von Lebensmitteln gut erhalten. Mit dem Multifunktionsbr\u00e4ter aus der Br\u00e4ter-Serie servieren Sie die schonend zubereiteten, saftigen Speisen voller Aroma mit Stil.<\/p>\n<p>&#8211; Ideal zum Anbraten und langsamen Garen von Fleisch, Fisch oder Gem\u00fcse<br \/>\n&#8211; Saftiges und zartes Kochergebnis durch die spezielle Tropfenstruktur im Deckel<br \/>\n&#8211; Die schwarzmatte Innenemaillierung eignet sich zum besonders krossen Anbraten und ist besonders strapazierf\u00e4hig<br \/>\n&#8211; F\u00fcr alle Herdarten inkl. Induktion geeignet, auch im Backofen\/Grill einsetzbar<\/p>\n<p>Eigenschaften<br \/>\n&#8211; Hitzebest\u00e4ndigkeit: 240,00 \u00baC<br \/>\n&#8211; Material: Gusseisen<br \/>\n&#8211; Griffart: Seitengriff<br \/>\n&#8211; Deckel vorhanden: Ja<br \/>\n&#8211; Induktion: Ja<br \/>\n&#8211; Backofen geeignet: Ja<br \/>\n&#8211; Grillvorrichtung geeignet: Ja<br \/>\n&#8211; Mikrowelle geeignet: Ja<br \/>\n&#8211; Gefrierschrank geeignet: Ja<br \/>\n&#8211; Herdplatten geeignet: Ja<br \/>\n&#8211; F\u00fcr Metallgegenst\u00e4nde geeignet: Ja<br \/>\n&#8211; sp\u00fclmaschinengeeignet: Ja<\/p>\n<p>Abmessungen<br \/>\n&#8211; Gewicht netto: 4,24 kg<br \/>\n&#8211; Volumen: 2,40 l<br \/>\n&#8211; Produktl\u00e4nge: 31,70 cm<br \/>\n&#8211; Produktbreite: 24,00 cm<br \/>\n&#8211; Produkth\u00f6he: 11,60 cm<br \/>\n&#8211; Produkth\u00f6he ohne Deckel: 7,00 cm<br \/>\n&#8211; Oberer Durchmesser: 24,00 cm<br \/>\n&#8211; Bodendurchmesser: 18,50 cm<\/p>\n","protected":false},"excerpt":{"rendered":"<p>Im Multifunktionsbr\u00e4ter von Staub ist es leicht, leckere Gerichte zu zaubern. Sein Deckel ist mit der von Staub entwickelten Chistera<\/p>\n","protected":false},"featured_media":73662,"template":"","meta":{"_acf_changed":false,"inline_featured_image":false},"product_cat":[6709,14798],"product_tag":[15563,11385,12211,12315,11607],"acf":[],"yoast_head":"<!-- This site is optimized with the Yoast SEO Premium plugin v18.6 (Yoast SEO v19.13) - https:\/\/yoast.com\/wordpress\/plugins\/seo\/ -->\n<title>STAUB Schmorpfanne Chistera 24 cm Dunkelblau<\/title>\n<meta name=\"description\" content=\"Entdecken Sie STAUB Schmorpfanne Chistera 24 cm Dunkelblau bei ErresseShop. Qualit\u00e4t, Stil und Funktionalit\u00e4t \u2013 jetzt online bestellen!\" \/>\n<meta name=\"robots\" content=\"index, follow, max-snippet:-1, max-image-preview:large, max-video-preview:-1\" \/>\n<link rel=\"canonical\" href=\"https:\/\/www.erresse-shop.it\/de\/shop\/toepfe-pfannen\/schmorpfannen\/staub-schmorpfanne-chistera-24-cm-dunkelblau\/\" \/>\n<meta property=\"og:locale\" content=\"de_DE\" \/>\n<meta property=\"og:type\" content=\"article\" \/>\n<meta property=\"og:title\" content=\"STAUB Schmorpfanne Chistera 24 cm Dunkelblau\" \/>\n<meta property=\"og:description\" content=\"Entdecken Sie STAUB Schmorpfanne Chistera 24 cm Dunkelblau bei ErresseShop. Qualit\u00e4t, Stil und Funktionalit\u00e4t \u2013 jetzt online bestellen!\" \/>\n<meta property=\"og:url\" content=\"https:\/\/www.erresse-shop.it\/de\/shop\/toepfe-pfannen\/schmorpfannen\/staub-schmorpfanne-chistera-24-cm-dunkelblau\/\" \/>\n<meta property=\"og:site_name\" content=\"Erresse Shop\" \/>\n<meta property=\"article:modified_time\" content=\"2025-01-17T15:46:48+00:00\" \/>\n<meta property=\"og:image\" content=\"https:\/\/www.erresse-shop.it\/wp-content\/uploads\/2020\/09\/tegame-dark-blue-40511-477.jpg\" \/>\n\t<meta property=\"og:image:width\" content=\"1350\" \/>\n\t<meta property=\"og:image:height\" content=\"1350\" \/>\n\t<meta property=\"og:image:type\" content=\"image\/jpeg\" \/>\n<meta name=\"twitter:card\" content=\"summary_large_image\" \/>\n<script type=\"application\/ld+json\" class=\"yoast-schema-graph\">{\"@context\":\"https:\/\/schema.org\",\"@graph\":[{\"@type\":\"WebPage\",\"@id\":\"https:\/\/www.erresse-shop.it\/de\/shop\/toepfe-pfannen\/schmorpfannen\/staub-schmorpfanne-chistera-24-cm-dunkelblau\/\",\"url\":\"https:\/\/www.erresse-shop.it\/de\/shop\/toepfe-pfannen\/schmorpfannen\/staub-schmorpfanne-chistera-24-cm-dunkelblau\/\",\"name\":\"STAUB Schmorpfanne Chistera 24 cm Dunkelblau\",\"isPartOf\":{\"@id\":\"https:\/\/www.erresse-shop.it\/de\/#website\"},\"datePublished\":\"2020-09-01T08:02:14+00:00\",\"dateModified\":\"2025-01-17T15:46:48+00:00\",\"description\":\"Entdecken Sie STAUB Schmorpfanne Chistera 24 cm Dunkelblau bei ErresseShop. Qualit\u00e4t, Stil und Funktionalit\u00e4t \u2013 jetzt online bestellen!\",\"breadcrumb\":{\"@id\":\"https:\/\/www.erresse-shop.it\/de\/shop\/toepfe-pfannen\/schmorpfannen\/staub-schmorpfanne-chistera-24-cm-dunkelblau\/#breadcrumb\"},\"inLanguage\":\"de-DE\",\"potentialAction\":[{\"@type\":\"ReadAction\",\"target\":[\"https:\/\/www.erresse-shop.it\/de\/shop\/toepfe-pfannen\/schmorpfannen\/staub-schmorpfanne-chistera-24-cm-dunkelblau\/\"]}]},{\"@type\":\"BreadcrumbList\",\"@id\":\"https:\/\/www.erresse-shop.it\/de\/shop\/toepfe-pfannen\/schmorpfannen\/staub-schmorpfanne-chistera-24-cm-dunkelblau\/#breadcrumb\",\"itemListElement\":[{\"@type\":\"ListItem\",\"position\":1,\"name\":\"Home\",\"item\":\"https:\/\/www.erresse-shop.it\/de\/\"},{\"@type\":\"ListItem\",\"position\":2,\"name\":\"Shop\",\"item\":\"https:\/\/www.erresse-shop.it\/de\/shop\/\"},{\"@type\":\"ListItem\",\"position\":3,\"name\":\"STAUB Schmorpfanne Chistera 24 cm Dunkelblau\"}]},{\"@type\":\"WebSite\",\"@id\":\"https:\/\/www.erresse-shop.it\/de\/#website\",\"url\":\"https:\/\/www.erresse-shop.it\/de\/\",\"name\":\"Erresse Shop\",\"description\":\"Articoli di qualit\u00e0 per la casa\",\"potentialAction\":[{\"@type\":\"SearchAction\",\"target\":{\"@type\":\"EntryPoint\",\"urlTemplate\":\"https:\/\/www.erresse-shop.it\/de\/?s={search_term_string}\"},\"query-input\":\"required name=search_term_string\"}],\"inLanguage\":\"de-DE\"}]}<\/script>\n<!-- \/ Yoast SEO Premium plugin. -->","yoast_head_json":{"title":"STAUB Schmorpfanne Chistera 24 cm Dunkelblau","description":"Entdecken Sie STAUB Schmorpfanne Chistera 24 cm Dunkelblau bei ErresseShop. Qualit\u00e4t, Stil und Funktionalit\u00e4t \u2013 jetzt online bestellen!","robots":{"index":"index","follow":"follow","max-snippet":"max-snippet:-1","max-image-preview":"max-image-preview:large","max-video-preview":"max-video-preview:-1"},"canonical":"https:\/\/www.erresse-shop.it\/de\/shop\/toepfe-pfannen\/schmorpfannen\/staub-schmorpfanne-chistera-24-cm-dunkelblau\/","og_locale":"de_DE","og_type":"article","og_title":"STAUB Schmorpfanne Chistera 24 cm Dunkelblau","og_description":"Entdecken Sie STAUB Schmorpfanne Chistera 24 cm Dunkelblau bei ErresseShop. Qualit\u00e4t, Stil und Funktionalit\u00e4t \u2013 jetzt online bestellen!","og_url":"https:\/\/www.erresse-shop.it\/de\/shop\/toepfe-pfannen\/schmorpfannen\/staub-schmorpfanne-chistera-24-cm-dunkelblau\/","og_site_name":"Erresse Shop","article_modified_time":"2025-01-17T15:46:48+00:00","og_image":[{"width":1350,"height":1350,"url":"https:\/\/www.erresse-shop.it\/wp-content\/uploads\/2020\/09\/tegame-dark-blue-40511-477.jpg","type":"image\/jpeg"}],"twitter_card":"summary_large_image","schema":{"@context":"https:\/\/schema.org","@graph":[{"@type":"WebPage","@id":"https:\/\/www.erresse-shop.it\/de\/shop\/toepfe-pfannen\/schmorpfannen\/staub-schmorpfanne-chistera-24-cm-dunkelblau\/","url":"https:\/\/www.erresse-shop.it\/de\/shop\/toepfe-pfannen\/schmorpfannen\/staub-schmorpfanne-chistera-24-cm-dunkelblau\/","name":"STAUB Schmorpfanne Chistera 24 cm Dunkelblau","isPartOf":{"@id":"https:\/\/www.erresse-shop.it\/de\/#website"},"datePublished":"2020-09-01T08:02:14+00:00","dateModified":"2025-01-17T15:46:48+00:00","description":"Entdecken Sie STAUB Schmorpfanne Chistera 24 cm Dunkelblau bei ErresseShop. Qualit\u00e4t, Stil und Funktionalit\u00e4t \u2013 jetzt online bestellen!","breadcrumb":{"@id":"https:\/\/www.erresse-shop.it\/de\/shop\/toepfe-pfannen\/schmorpfannen\/staub-schmorpfanne-chistera-24-cm-dunkelblau\/#breadcrumb"},"inLanguage":"de-DE","potentialAction":[{"@type":"ReadAction","target":["https:\/\/www.erresse-shop.it\/de\/shop\/toepfe-pfannen\/schmorpfannen\/staub-schmorpfanne-chistera-24-cm-dunkelblau\/"]}]},{"@type":"BreadcrumbList","@id":"https:\/\/www.erresse-shop.it\/de\/shop\/toepfe-pfannen\/schmorpfannen\/staub-schmorpfanne-chistera-24-cm-dunkelblau\/#breadcrumb","itemListElement":[{"@type":"ListItem","position":1,"name":"Home","item":"https:\/\/www.erresse-shop.it\/de\/"},{"@type":"ListItem","position":2,"name":"Shop","item":"https:\/\/www.erresse-shop.it\/de\/shop\/"},{"@type":"ListItem","position":3,"name":"STAUB Schmorpfanne Chistera 24 cm Dunkelblau"}]},{"@type":"WebSite","@id":"https:\/\/www.erresse-shop.it\/de\/#website","url":"https:\/\/www.erresse-shop.it\/de\/","name":"Erresse Shop","description":"Articoli di qualit\u00e0 per la casa","potentialAction":[{"@type":"SearchAction","target":{"@type":"EntryPoint","urlTemplate":"https:\/\/www.erresse-shop.it\/de\/?s={search_term_string}"},"query-input":"required name=search_term_string"}],"inLanguage":"de-DE"}]}},"df_price":119.5,"df_sale_price":119.5,"df_regular_price":239,"df_image_link":"https:\/\/www.erresse-shop.it\/wp-content\/uploads\/2020\/09\/tegame-dark-blue-40511-477-300x300.jpg","_links":{"self":[{"href":"https:\/\/www.erresse-shop.it\/de\/wp-json\/wp\/v2\/product\/73656"}],"collection":[{"href":"https:\/\/www.erresse-shop.it\/de\/wp-json\/wp\/v2\/product"}],"about":[{"href":"https:\/\/www.erresse-shop.it\/de\/wp-json\/wp\/v2\/types\/product"}],"wp:featuredmedia":[{"embeddable":true,"href":"https:\/\/www.erresse-shop.it\/de\/wp-json\/wp\/v2\/media\/73662"}],"wp:attachment":[{"href":"https:\/\/www.erresse-shop.it\/de\/wp-json\/wp\/v2\/media?parent=73656"}],"wp:term":[{"taxonomy":"product_cat","embeddable":true,"href":"https:\/\/www.erresse-shop.it\/de\/wp-json\/wp\/v2\/product_cat?post=73656"},{"taxonomy":"product_tag","embeddable":true,"href":"https:\/\/www.erresse-shop.it\/de\/wp-json\/wp\/v2\/product_tag?post=73656"}],"curies":[{"name":"wp","href":"https:\/\/api.w.org\/{rel}","templated":true}]}}