{"id":73594,"date":"2020-09-01T06:41:32","date_gmt":"2020-09-01T06:41:32","guid":{"rendered":"https:\/\/www.erresse-shop.it\/?post_type=product&#038;p=73594"},"modified":"2025-01-17T15:46:46","modified_gmt":"2025-01-17T15:46:46","slug":"staub-schmorpfanne-chistera-28-cm-grenadine-rot","status":"publish","type":"product","link":"https:\/\/www.erresse-shop.it\/de\/shop\/toepfe-pfannen\/schmorpfannen\/staub-schmorpfanne-chistera-28-cm-grenadine-rot\/","title":{"rendered":"STAUB Schmorpfanne Chistera 28 cm Grenadine-Rot"},"content":{"rendered":"<p>Der runde Multifunktionsbr\u00e4ter von Braisers aus dem Hause Staub eignet sich zur Zubereitung von Braten, Gem\u00fcsegerichten oder Ratatouille. Der gusseiserne Br\u00e4ter sorgt durch seine schnelle W\u00e4rmeaufnahme auf dem Herd f\u00fcr ein scharfes Anbraten. Gusseisen ist f\u00fcr seine lange W\u00e4rmespeicherung bekannt. Mit dem ansprechend designten Kochgeschirr k\u00f6nnen Sie Ihre G\u00e4ste \u00fcber die gesamte Mahlzeit hinweg mit leckeren, warmen Speisen versorgen. Einer der innovativsten Entwicklungen von Staub ist der Deckel, in dessen innerer W\u00f6lbung sich die Chistera Drop Structure befindet, die das Kondenswasser sammelt und gleichm\u00e4\u00dfig an das Gargut abgibt. Auf diese Weise gelingen saftige, zarte Fleischst\u00fccke und aromatische, herzhafte Gem\u00fcsegerichte. Der Multifunktionsbr\u00e4ter wurde in Grenadine gestaltet. Der satte, tiefe Farbton passt besonders gut zum Landhausstil und bringt einen Hauch urspr\u00fcnglicher Kochtradition in die K\u00fcche. Die Emaillierung des Gusseisens verhilft dem Kochgeschirr von Staub zu einer verbesserten Widerstandsf\u00e4higkeit und ist dar\u00fcber hinaus leicht zu reinigen. Der gr\u00f6\u00dfte Vorteil jedoch liegt darin, dass sie im Laufe der Zeit immer st\u00e4rker den Geschmack der im Br\u00e4ter zubereiteten Speisen unterst\u00fctzt. Der Anti-Haft-Effekt erleichtert zudem das fettarme Anbraten und Kochen. Der Br\u00e4ter mit Chistera-Deckel misst 28 cm im Durchmesser und ist f\u00fcr alle Herdarten geeignet. Bereiten Sie in diesem Multitalent f\u00fcr die K\u00fcche schmackhafte und gesunde Speisen f\u00fcr die gesamte Familie zu.<\/p>\n<p>&#8211; Ideal zum Anbraten und langsamen Garen von Fleisch, Fisch oder Gem\u00fcse<br \/>\n&#8211; Saftiges und zartes Kochergebnis durch die spezielle Chistera-Tropfenstruktur im Deckel<br \/>\n&#8211; Die schwarzmatte Innenemaillierung eignet sich zum besonders krossen Anbraten und ist besonders strapazierf\u00e4hig<br \/>\n&#8211; F\u00fcr alle Herdarten inkl. Induktion geeignet, auch im Backofen\/Grill einsetzbar<br \/>\n&#8211; Gew\u00f6lbter Glasdeckel als exklusives Zubeh\u00f6r<\/p>\n<p>Eigenschaften<br \/>\n&#8211; Farbe: Grenadine-Rot<br \/>\n&#8211; Material: Gusseisen<br \/>\n&#8211; Induktion: Ja<br \/>\n&#8211; Backofen geeignet: Ja<br \/>\n&#8211; Herdplatten geeignet: Ja<br \/>\n&#8211; Sp\u00fclmaschinengeeignet: Ja<\/p>\n<p>Abmessungen<br \/>\n&#8211; Gewicht netto: 5,40 kg<br \/>\n&#8211; Fassungsverm\u00f6gen: 3,70 l<br \/>\n&#8211; Produktl\u00e4nge: 36,10 cm<br \/>\n&#8211; Produktbreite: 28,00 cm<br \/>\n&#8211; Produkth\u00f6he: 12,60 cm<br \/>\n&#8211; Produkth\u00f6he ohne Deckel: 7,60 cm<br \/>\n&#8211; Bodenst\u00e4rke: 0,40 cm<br \/>\n&#8211; Oberer Durchmesser: 28,00 cm<br \/>\n&#8211; Bodendurchmesser: 22,20 cm<\/p>\n","protected":false},"excerpt":{"rendered":"<p>Der runde Multifunktionsbr\u00e4ter von Braisers aus dem Hause Staub eignet sich zur Zubereitung von Braten, Gem\u00fcsegerichten oder Ratatouille. Der gusseiserne<\/p>\n","protected":false},"featured_media":73601,"template":"","meta":{"_acf_changed":false,"inline_featured_image":false},"product_cat":[6709,14798],"product_tag":[15563,11385,12211,12315,11607],"acf":[],"yoast_head":"<!-- This site is optimized with the Yoast SEO Premium plugin v18.6 (Yoast SEO v19.13) - https:\/\/yoast.com\/wordpress\/plugins\/seo\/ -->\n<title>STAUB Schmorpfanne Chistera 28 cm Grenadine-Rot<\/title>\n<meta name=\"description\" content=\"Entdecken Sie STAUB Schmorpfanne Chistera 28 cm Grenadine-Rot bei ErresseShop. Qualit\u00e4t, Stil und Funktionalit\u00e4t \u2013 jetzt online bestellen!\" \/>\n<meta name=\"robots\" content=\"index, follow, max-snippet:-1, max-image-preview:large, max-video-preview:-1\" \/>\n<link rel=\"canonical\" href=\"https:\/\/www.erresse-shop.it\/de\/shop\/toepfe-pfannen\/schmorpfannen\/staub-schmorpfanne-chistera-28-cm-grenadine-rot\/\" \/>\n<meta property=\"og:locale\" content=\"de_DE\" \/>\n<meta property=\"og:type\" content=\"article\" \/>\n<meta property=\"og:title\" content=\"STAUB Schmorpfanne Chistera 28 cm Grenadine-Rot\" \/>\n<meta property=\"og:description\" content=\"Entdecken Sie STAUB Schmorpfanne Chistera 28 cm Grenadine-Rot bei ErresseShop. Qualit\u00e4t, Stil und Funktionalit\u00e4t \u2013 jetzt online bestellen!\" \/>\n<meta property=\"og:url\" content=\"https:\/\/www.erresse-shop.it\/de\/shop\/toepfe-pfannen\/schmorpfannen\/staub-schmorpfanne-chistera-28-cm-grenadine-rot\/\" \/>\n<meta property=\"og:site_name\" content=\"Erresse Shop\" \/>\n<meta property=\"article:modified_time\" content=\"2025-01-17T15:46:46+00:00\" \/>\n<meta property=\"og:image\" content=\"https:\/\/www.erresse-shop.it\/wp-content\/uploads\/2020\/09\/tegame-granata-40511-513.jpg\" \/>\n\t<meta property=\"og:image:width\" content=\"1350\" \/>\n\t<meta property=\"og:image:height\" content=\"1350\" \/>\n\t<meta property=\"og:image:type\" content=\"image\/jpeg\" \/>\n<meta name=\"twitter:card\" content=\"summary_large_image\" \/>\n<script type=\"application\/ld+json\" class=\"yoast-schema-graph\">{\"@context\":\"https:\/\/schema.org\",\"@graph\":[{\"@type\":\"WebPage\",\"@id\":\"https:\/\/www.erresse-shop.it\/de\/shop\/toepfe-pfannen\/schmorpfannen\/staub-schmorpfanne-chistera-28-cm-grenadine-rot\/\",\"url\":\"https:\/\/www.erresse-shop.it\/de\/shop\/toepfe-pfannen\/schmorpfannen\/staub-schmorpfanne-chistera-28-cm-grenadine-rot\/\",\"name\":\"STAUB Schmorpfanne Chistera 28 cm Grenadine-Rot\",\"isPartOf\":{\"@id\":\"https:\/\/www.erresse-shop.it\/de\/#website\"},\"datePublished\":\"2020-09-01T06:41:32+00:00\",\"dateModified\":\"2025-01-17T15:46:46+00:00\",\"description\":\"Entdecken Sie STAUB Schmorpfanne Chistera 28 cm Grenadine-Rot bei ErresseShop. Qualit\u00e4t, Stil und Funktionalit\u00e4t \u2013 jetzt online bestellen!\",\"breadcrumb\":{\"@id\":\"https:\/\/www.erresse-shop.it\/de\/shop\/toepfe-pfannen\/schmorpfannen\/staub-schmorpfanne-chistera-28-cm-grenadine-rot\/#breadcrumb\"},\"inLanguage\":\"de-DE\",\"potentialAction\":[{\"@type\":\"ReadAction\",\"target\":[\"https:\/\/www.erresse-shop.it\/de\/shop\/toepfe-pfannen\/schmorpfannen\/staub-schmorpfanne-chistera-28-cm-grenadine-rot\/\"]}]},{\"@type\":\"BreadcrumbList\",\"@id\":\"https:\/\/www.erresse-shop.it\/de\/shop\/toepfe-pfannen\/schmorpfannen\/staub-schmorpfanne-chistera-28-cm-grenadine-rot\/#breadcrumb\",\"itemListElement\":[{\"@type\":\"ListItem\",\"position\":1,\"name\":\"Home\",\"item\":\"https:\/\/www.erresse-shop.it\/de\/\"},{\"@type\":\"ListItem\",\"position\":2,\"name\":\"Shop\",\"item\":\"https:\/\/www.erresse-shop.it\/de\/shop\/\"},{\"@type\":\"ListItem\",\"position\":3,\"name\":\"STAUB Schmorpfanne Chistera 28 cm Grenadine-Rot\"}]},{\"@type\":\"WebSite\",\"@id\":\"https:\/\/www.erresse-shop.it\/de\/#website\",\"url\":\"https:\/\/www.erresse-shop.it\/de\/\",\"name\":\"Erresse Shop\",\"description\":\"Articoli di qualit\u00e0 per la casa\",\"potentialAction\":[{\"@type\":\"SearchAction\",\"target\":{\"@type\":\"EntryPoint\",\"urlTemplate\":\"https:\/\/www.erresse-shop.it\/de\/?s={search_term_string}\"},\"query-input\":\"required name=search_term_string\"}],\"inLanguage\":\"de-DE\"}]}<\/script>\n<!-- \/ Yoast SEO Premium plugin. -->","yoast_head_json":{"title":"STAUB Schmorpfanne Chistera 28 cm Grenadine-Rot","description":"Entdecken Sie STAUB Schmorpfanne Chistera 28 cm Grenadine-Rot bei ErresseShop. Qualit\u00e4t, Stil und Funktionalit\u00e4t \u2013 jetzt online bestellen!","robots":{"index":"index","follow":"follow","max-snippet":"max-snippet:-1","max-image-preview":"max-image-preview:large","max-video-preview":"max-video-preview:-1"},"canonical":"https:\/\/www.erresse-shop.it\/de\/shop\/toepfe-pfannen\/schmorpfannen\/staub-schmorpfanne-chistera-28-cm-grenadine-rot\/","og_locale":"de_DE","og_type":"article","og_title":"STAUB Schmorpfanne Chistera 28 cm Grenadine-Rot","og_description":"Entdecken Sie STAUB Schmorpfanne Chistera 28 cm Grenadine-Rot bei ErresseShop. Qualit\u00e4t, Stil und Funktionalit\u00e4t \u2013 jetzt online bestellen!","og_url":"https:\/\/www.erresse-shop.it\/de\/shop\/toepfe-pfannen\/schmorpfannen\/staub-schmorpfanne-chistera-28-cm-grenadine-rot\/","og_site_name":"Erresse Shop","article_modified_time":"2025-01-17T15:46:46+00:00","og_image":[{"width":1350,"height":1350,"url":"https:\/\/www.erresse-shop.it\/wp-content\/uploads\/2020\/09\/tegame-granata-40511-513.jpg","type":"image\/jpeg"}],"twitter_card":"summary_large_image","schema":{"@context":"https:\/\/schema.org","@graph":[{"@type":"WebPage","@id":"https:\/\/www.erresse-shop.it\/de\/shop\/toepfe-pfannen\/schmorpfannen\/staub-schmorpfanne-chistera-28-cm-grenadine-rot\/","url":"https:\/\/www.erresse-shop.it\/de\/shop\/toepfe-pfannen\/schmorpfannen\/staub-schmorpfanne-chistera-28-cm-grenadine-rot\/","name":"STAUB Schmorpfanne Chistera 28 cm Grenadine-Rot","isPartOf":{"@id":"https:\/\/www.erresse-shop.it\/de\/#website"},"datePublished":"2020-09-01T06:41:32+00:00","dateModified":"2025-01-17T15:46:46+00:00","description":"Entdecken Sie STAUB Schmorpfanne Chistera 28 cm Grenadine-Rot bei ErresseShop. Qualit\u00e4t, Stil und Funktionalit\u00e4t \u2013 jetzt online bestellen!","breadcrumb":{"@id":"https:\/\/www.erresse-shop.it\/de\/shop\/toepfe-pfannen\/schmorpfannen\/staub-schmorpfanne-chistera-28-cm-grenadine-rot\/#breadcrumb"},"inLanguage":"de-DE","potentialAction":[{"@type":"ReadAction","target":["https:\/\/www.erresse-shop.it\/de\/shop\/toepfe-pfannen\/schmorpfannen\/staub-schmorpfanne-chistera-28-cm-grenadine-rot\/"]}]},{"@type":"BreadcrumbList","@id":"https:\/\/www.erresse-shop.it\/de\/shop\/toepfe-pfannen\/schmorpfannen\/staub-schmorpfanne-chistera-28-cm-grenadine-rot\/#breadcrumb","itemListElement":[{"@type":"ListItem","position":1,"name":"Home","item":"https:\/\/www.erresse-shop.it\/de\/"},{"@type":"ListItem","position":2,"name":"Shop","item":"https:\/\/www.erresse-shop.it\/de\/shop\/"},{"@type":"ListItem","position":3,"name":"STAUB Schmorpfanne Chistera 28 cm Grenadine-Rot"}]},{"@type":"WebSite","@id":"https:\/\/www.erresse-shop.it\/de\/#website","url":"https:\/\/www.erresse-shop.it\/de\/","name":"Erresse Shop","description":"Articoli di qualit\u00e0 per la casa","potentialAction":[{"@type":"SearchAction","target":{"@type":"EntryPoint","urlTemplate":"https:\/\/www.erresse-shop.it\/de\/?s={search_term_string}"},"query-input":"required name=search_term_string"}],"inLanguage":"de-DE"}]}},"df_price":134.5,"df_sale_price":134.5,"df_regular_price":269,"df_image_link":"https:\/\/www.erresse-shop.it\/wp-content\/uploads\/2020\/09\/tegame-granata-40511-513-300x300.jpg","_links":{"self":[{"href":"https:\/\/www.erresse-shop.it\/de\/wp-json\/wp\/v2\/product\/73594"}],"collection":[{"href":"https:\/\/www.erresse-shop.it\/de\/wp-json\/wp\/v2\/product"}],"about":[{"href":"https:\/\/www.erresse-shop.it\/de\/wp-json\/wp\/v2\/types\/product"}],"wp:featuredmedia":[{"embeddable":true,"href":"https:\/\/www.erresse-shop.it\/de\/wp-json\/wp\/v2\/media\/73601"}],"wp:attachment":[{"href":"https:\/\/www.erresse-shop.it\/de\/wp-json\/wp\/v2\/media?parent=73594"}],"wp:term":[{"taxonomy":"product_cat","embeddable":true,"href":"https:\/\/www.erresse-shop.it\/de\/wp-json\/wp\/v2\/product_cat?post=73594"},{"taxonomy":"product_tag","embeddable":true,"href":"https:\/\/www.erresse-shop.it\/de\/wp-json\/wp\/v2\/product_tag?post=73594"}],"curies":[{"name":"wp","href":"https:\/\/api.w.org\/{rel}","templated":true}]}}