{"id":73355,"date":"2020-08-28T08:59:25","date_gmt":"2020-08-28T08:59:28","guid":{"rendered":"https:\/\/www.erresse-shop.it\/?post_type=product&#038;p=73355"},"modified":"2025-01-17T15:46:45","modified_gmt":"2025-01-17T15:46:45","slug":"staub-cocotte-tomate-25-cm","status":"publish","type":"product","link":"https:\/\/www.erresse-shop.it\/de\/shop\/toepfe-pfannen\/schalldaempfer-und-kokotten\/staub-cocotte-tomate-25-cm\/","title":{"rendered":"STAUB Cocotte Tomate 25 cm"},"content":{"rendered":"<p>Die kirschrote Cocotte von Staub ist f\u00fcr alle Anf\u00e4nger, Hobbyk\u00f6che und Profis zu empfehlen, die ein sch\u00f6nes und au\u00dfergew\u00f6hnliches Design zu sch\u00e4tzen wissen. Da ihr Aussehen an eine gro\u00dfe, saftige Fleischtomate erinnert, ist sie sowohl in der K\u00fcche als auch auf dem Esstisch ein Blickfang. Diese Cocotte hat eine Gr\u00f6\u00dfe von 25 cm und fasst 2,9l . Sie besteht, wie alle Cocottes der Marke Staub, aus Gusseisen und eignet sich daher bestens f\u00fcr die Zubereitung verschiedener Gerichte. Besonders h\u00e4ufig werden Cocottes, die urspr\u00fcnglich aus Frankreich stammen, jedoch zum Schmoren genutzt. In ihnen gelingen typisch franz\u00f6sische Spezialit\u00e4ten wie ein Boeuf Bourguignon besonders gut, aber die Cocotte von Staub eignet sich auch f\u00fcr andere Schmorgerichte, wie etwa Gulasch oder Eint\u00f6pfe. Gusseisen hat den Vorteil, dass es auf hohe Temperaturen erhitzt werden kann und die W\u00e4rme lange speichert. Es ist au\u00dferdem sehr robust und kratzfest. In der kirschroten Cocotte \u201eTomate\u201c von Staub werden Sie immer wieder neue, leckere Gerichte zaubern, mit denen Sie Ihre Familie oder Freunde verw\u00f6hnen.<\/p>\n<p>&#8211; Aus Gusseisen gefertigt: ideal zum energieeffizienten Anbraten, Garen und Schmoren<br \/>\n&#8211; F\u00fcr alle Herdarten inkl. Induktion geeignet, auch im Backofen einsetzbar<br \/>\n&#8211; Kunstvolles, naturnahes Design im Form einer Tomate<br \/>\n&#8211; Traditionelle Handwerkskunst vereint mit h\u00f6chster Qualit\u00e4t<\/p>\n<p>Eigenschaften<br \/>\n&#8211; Farbe: Kirsch-Rot<br \/>\n&#8211; Hitzebest\u00e4ndigkeit: 240,00 \u00baC<br \/>\n&#8211; Material: Gusseisen<br \/>\n&#8211; Deckel vorhanden: Ja<br \/>\n&#8211; Induktion: Ja<br \/>\n&#8211; Backofen geeignet: Ja<br \/>\n&#8211; Gefrierschrank geeignet: Ja<br \/>\n&#8211; Herdplatten geeignet: Ja<br \/>\n&#8211; sp\u00fclmaschinengeeignet: Ja<\/p>\n<p>Abemssungen<br \/>\n&#8211; Gewicht netto: 4,60 kg<br \/>\n&#8211; Volumen: 2,90 l<br \/>\n&#8211; Produktl\u00e4nge: 32,50 cm<br \/>\n&#8211; Produktbreite: 21,00 cm<br \/>\n&#8211; Produkth\u00f6he: 15,50 cm<br \/>\n&#8211; Produkth\u00f6he ohne Deckel: 9,50 cm<br \/>\n&#8211; Oberer Durchmesser: 25,00 cm<br \/>\n&#8211; Bodendurchmesser: 16,00 cm<br \/>\n&#8211; Griffl\u00e4nge: 2,00 cm<\/p>\n","protected":false},"excerpt":{"rendered":"<p>Die kirschrote Cocotte von Staub ist f\u00fcr alle Anf\u00e4nger, Hobbyk\u00f6che und Profis zu empfehlen, die ein sch\u00f6nes und au\u00dfergew\u00f6hnliches Design<\/p>\n","protected":false},"featured_media":73361,"template":"","meta":{"_acf_changed":false,"inline_featured_image":false},"product_cat":[6709,14793],"product_tag":[25088,11387,11381,11385,12315,25022,12205],"acf":[],"yoast_head":"<!-- This site is optimized with the Yoast SEO Premium plugin v18.6 (Yoast SEO v19.13) - https:\/\/yoast.com\/wordpress\/plugins\/seo\/ -->\n<title>STAUB Cocotte Tomate 25 cm<\/title>\n<meta name=\"description\" content=\"Entdecken Sie STAUB Cocotte Tomate 25 cm bei ErresseShop. Qualit\u00e4t, Stil und Funktionalit\u00e4t \u2013 jetzt online bestellen!\" \/>\n<meta name=\"robots\" content=\"index, follow, max-snippet:-1, max-image-preview:large, max-video-preview:-1\" \/>\n<link rel=\"canonical\" href=\"https:\/\/www.erresse-shop.it\/de\/shop\/toepfe-pfannen\/schalldaempfer-und-kokotten\/staub-cocotte-tomate-25-cm\/\" \/>\n<meta property=\"og:locale\" content=\"de_DE\" \/>\n<meta property=\"og:type\" content=\"article\" \/>\n<meta property=\"og:title\" content=\"STAUB Cocotte Tomate 25 cm\" \/>\n<meta property=\"og:description\" content=\"Entdecken Sie STAUB Cocotte Tomate 25 cm bei ErresseShop. Qualit\u00e4t, Stil und Funktionalit\u00e4t \u2013 jetzt online bestellen!\" \/>\n<meta property=\"og:url\" content=\"https:\/\/www.erresse-shop.it\/de\/shop\/toepfe-pfannen\/schalldaempfer-und-kokotten\/staub-cocotte-tomate-25-cm\/\" \/>\n<meta property=\"og:site_name\" content=\"Erresse Shop\" \/>\n<meta property=\"article:modified_time\" content=\"2025-01-17T15:46:45+00:00\" \/>\n<meta property=\"og:image\" content=\"https:\/\/www.erresse-shop.it\/wp-content\/uploads\/2020\/08\/40511-774.jpg\" \/>\n\t<meta property=\"og:image:width\" content=\"1500\" \/>\n\t<meta property=\"og:image:height\" content=\"1044\" \/>\n\t<meta property=\"og:image:type\" content=\"image\/jpeg\" \/>\n<meta name=\"twitter:card\" content=\"summary_large_image\" \/>\n<script type=\"application\/ld+json\" class=\"yoast-schema-graph\">{\"@context\":\"https:\/\/schema.org\",\"@graph\":[{\"@type\":\"WebPage\",\"@id\":\"https:\/\/www.erresse-shop.it\/de\/shop\/toepfe-pfannen\/schalldaempfer-und-kokotten\/staub-cocotte-tomate-25-cm\/\",\"url\":\"https:\/\/www.erresse-shop.it\/de\/shop\/toepfe-pfannen\/schalldaempfer-und-kokotten\/staub-cocotte-tomate-25-cm\/\",\"name\":\"STAUB Cocotte Tomate 25 cm\",\"isPartOf\":{\"@id\":\"https:\/\/www.erresse-shop.it\/de\/#website\"},\"datePublished\":\"2020-08-28T08:59:28+00:00\",\"dateModified\":\"2025-01-17T15:46:45+00:00\",\"description\":\"Entdecken Sie STAUB Cocotte Tomate 25 cm bei ErresseShop. Qualit\u00e4t, Stil und Funktionalit\u00e4t \u2013 jetzt online bestellen!\",\"breadcrumb\":{\"@id\":\"https:\/\/www.erresse-shop.it\/de\/shop\/toepfe-pfannen\/schalldaempfer-und-kokotten\/staub-cocotte-tomate-25-cm\/#breadcrumb\"},\"inLanguage\":\"de-DE\",\"potentialAction\":[{\"@type\":\"ReadAction\",\"target\":[\"https:\/\/www.erresse-shop.it\/de\/shop\/toepfe-pfannen\/schalldaempfer-und-kokotten\/staub-cocotte-tomate-25-cm\/\"]}]},{\"@type\":\"BreadcrumbList\",\"@id\":\"https:\/\/www.erresse-shop.it\/de\/shop\/toepfe-pfannen\/schalldaempfer-und-kokotten\/staub-cocotte-tomate-25-cm\/#breadcrumb\",\"itemListElement\":[{\"@type\":\"ListItem\",\"position\":1,\"name\":\"Home\",\"item\":\"https:\/\/www.erresse-shop.it\/de\/\"},{\"@type\":\"ListItem\",\"position\":2,\"name\":\"Shop\",\"item\":\"https:\/\/www.erresse-shop.it\/de\/shop\/\"},{\"@type\":\"ListItem\",\"position\":3,\"name\":\"STAUB Cocotte Tomate 25 cm\"}]},{\"@type\":\"WebSite\",\"@id\":\"https:\/\/www.erresse-shop.it\/de\/#website\",\"url\":\"https:\/\/www.erresse-shop.it\/de\/\",\"name\":\"Erresse Shop\",\"description\":\"Articoli di qualit\u00e0 per la casa\",\"potentialAction\":[{\"@type\":\"SearchAction\",\"target\":{\"@type\":\"EntryPoint\",\"urlTemplate\":\"https:\/\/www.erresse-shop.it\/de\/?s={search_term_string}\"},\"query-input\":\"required name=search_term_string\"}],\"inLanguage\":\"de-DE\"}]}<\/script>\n<!-- \/ Yoast SEO Premium plugin. -->","yoast_head_json":{"title":"STAUB Cocotte Tomate 25 cm","description":"Entdecken Sie STAUB Cocotte Tomate 25 cm bei ErresseShop. Qualit\u00e4t, Stil und Funktionalit\u00e4t \u2013 jetzt online bestellen!","robots":{"index":"index","follow":"follow","max-snippet":"max-snippet:-1","max-image-preview":"max-image-preview:large","max-video-preview":"max-video-preview:-1"},"canonical":"https:\/\/www.erresse-shop.it\/de\/shop\/toepfe-pfannen\/schalldaempfer-und-kokotten\/staub-cocotte-tomate-25-cm\/","og_locale":"de_DE","og_type":"article","og_title":"STAUB Cocotte Tomate 25 cm","og_description":"Entdecken Sie STAUB Cocotte Tomate 25 cm bei ErresseShop. Qualit\u00e4t, Stil und Funktionalit\u00e4t \u2013 jetzt online bestellen!","og_url":"https:\/\/www.erresse-shop.it\/de\/shop\/toepfe-pfannen\/schalldaempfer-und-kokotten\/staub-cocotte-tomate-25-cm\/","og_site_name":"Erresse Shop","article_modified_time":"2025-01-17T15:46:45+00:00","og_image":[{"width":1500,"height":1044,"url":"https:\/\/www.erresse-shop.it\/wp-content\/uploads\/2020\/08\/40511-774.jpg","type":"image\/jpeg"}],"twitter_card":"summary_large_image","schema":{"@context":"https:\/\/schema.org","@graph":[{"@type":"WebPage","@id":"https:\/\/www.erresse-shop.it\/de\/shop\/toepfe-pfannen\/schalldaempfer-und-kokotten\/staub-cocotte-tomate-25-cm\/","url":"https:\/\/www.erresse-shop.it\/de\/shop\/toepfe-pfannen\/schalldaempfer-und-kokotten\/staub-cocotte-tomate-25-cm\/","name":"STAUB Cocotte Tomate 25 cm","isPartOf":{"@id":"https:\/\/www.erresse-shop.it\/de\/#website"},"datePublished":"2020-08-28T08:59:28+00:00","dateModified":"2025-01-17T15:46:45+00:00","description":"Entdecken Sie STAUB Cocotte Tomate 25 cm bei ErresseShop. Qualit\u00e4t, Stil und Funktionalit\u00e4t \u2013 jetzt online bestellen!","breadcrumb":{"@id":"https:\/\/www.erresse-shop.it\/de\/shop\/toepfe-pfannen\/schalldaempfer-und-kokotten\/staub-cocotte-tomate-25-cm\/#breadcrumb"},"inLanguage":"de-DE","potentialAction":[{"@type":"ReadAction","target":["https:\/\/www.erresse-shop.it\/de\/shop\/toepfe-pfannen\/schalldaempfer-und-kokotten\/staub-cocotte-tomate-25-cm\/"]}]},{"@type":"BreadcrumbList","@id":"https:\/\/www.erresse-shop.it\/de\/shop\/toepfe-pfannen\/schalldaempfer-und-kokotten\/staub-cocotte-tomate-25-cm\/#breadcrumb","itemListElement":[{"@type":"ListItem","position":1,"name":"Home","item":"https:\/\/www.erresse-shop.it\/de\/"},{"@type":"ListItem","position":2,"name":"Shop","item":"https:\/\/www.erresse-shop.it\/de\/shop\/"},{"@type":"ListItem","position":3,"name":"STAUB Cocotte Tomate 25 cm"}]},{"@type":"WebSite","@id":"https:\/\/www.erresse-shop.it\/de\/#website","url":"https:\/\/www.erresse-shop.it\/de\/","name":"Erresse Shop","description":"Articoli di qualit\u00e0 per la casa","potentialAction":[{"@type":"SearchAction","target":{"@type":"EntryPoint","urlTemplate":"https:\/\/www.erresse-shop.it\/de\/?s={search_term_string}"},"query-input":"required name=search_term_string"}],"inLanguage":"de-DE"}]}},"df_price":144.5,"df_sale_price":144.5,"df_regular_price":289,"df_image_link":"https:\/\/www.erresse-shop.it\/wp-content\/uploads\/2020\/08\/40511-774-300x209.jpg","_links":{"self":[{"href":"https:\/\/www.erresse-shop.it\/de\/wp-json\/wp\/v2\/product\/73355"}],"collection":[{"href":"https:\/\/www.erresse-shop.it\/de\/wp-json\/wp\/v2\/product"}],"about":[{"href":"https:\/\/www.erresse-shop.it\/de\/wp-json\/wp\/v2\/types\/product"}],"wp:featuredmedia":[{"embeddable":true,"href":"https:\/\/www.erresse-shop.it\/de\/wp-json\/wp\/v2\/media\/73361"}],"wp:attachment":[{"href":"https:\/\/www.erresse-shop.it\/de\/wp-json\/wp\/v2\/media?parent=73355"}],"wp:term":[{"taxonomy":"product_cat","embeddable":true,"href":"https:\/\/www.erresse-shop.it\/de\/wp-json\/wp\/v2\/product_cat?post=73355"},{"taxonomy":"product_tag","embeddable":true,"href":"https:\/\/www.erresse-shop.it\/de\/wp-json\/wp\/v2\/product_tag?post=73355"}],"curies":[{"name":"wp","href":"https:\/\/api.w.org\/{rel}","templated":true}]}}