{"id":72549,"date":"2020-08-20T12:43:06","date_gmt":"2020-08-20T12:43:07","guid":{"rendered":"https:\/\/www.erresse-shop.it\/?post_type=product&#038;p=72549"},"modified":"2025-03-06T11:46:43","modified_gmt":"2025-03-06T11:46:43","slug":"alessi-potspans-set-9-stk","status":"publish","type":"product","link":"https:\/\/www.erresse-shop.it\/de\/shop\/toepfe-pfannen\/topfsets\/alessi-potspans-set-9-stk\/","title":{"rendered":"ALESSI Pots&#038;Pans Set 9-tlg."},"content":{"rendered":"<p>Die aus 18\/10 Edelstahl gefertigten Elemente der Serie Pots&amp;Pans zeichnen sich durch ihren strengen, geradlinigen Stil und die Liebe zum funktionalen Detail aus, wie etwa den ausgestellten Rand zum Ausgie\u00dfen, die Skalierung im Inneren der T\u00f6pfe und den Knopf am Deckel, der das Anheben mit einem Kochl\u00f6ffel erm\u00f6glicht.<\/p>\n<p>Das Set beinhaltet:<\/p>\n<ul>\n<li>Topf \u00d8 20 cm &#8211; H 17 cm,<\/li>\n<li>Zweigriff-Kochtopf \u00d8 16 cm &#8211; H 9 cm,<\/li>\n<li>Zweigriff-Kochtopf \u00d8 20 cm &#8211; H 11 cm,<\/li>\n<li>Zweigriff-Kochtopf \u00d8 24 cm &#8211; H 13 cm,<\/li>\n<li>Stielkasserolle \u00d8 16 cm &#8211; H 12 cm,<\/li>\n<li>Milchkessel \u00d8 14 cm &#8211; H 13 cm,<\/li>\n<li>Deckel \u00d816 cm,<\/li>\n<li>Deckel \u00d8 20 cm,<\/li>\n<li>Deckel \u00d8 24 cm.<\/li>\n<\/ul>\n<p><strong>Made In Italy<\/strong><\/p>\n","protected":false},"excerpt":{"rendered":"<p>Die aus 18\/10 Edelstahl gefertigten Elemente der Serie Pots&amp;Pans zeichnen sich durch ihren strengen, geradlinigen Stil und die Liebe zum<\/p>\n","protected":false},"featured_media":475243,"template":"","meta":{"_acf_changed":false,"inline_featured_image":false},"product_cat":[6709,14781],"product_tag":[11395,13686,23468],"acf":[],"yoast_head":"<!-- This site is optimized with the Yoast SEO Premium plugin v18.6 (Yoast SEO v19.13) - https:\/\/yoast.com\/wordpress\/plugins\/seo\/ -->\n<title>ALESSI Pots&amp;Pans Set 9-tlg. - Erresse Shop<\/title>\n<meta name=\"description\" content=\"Die aus 18\/10 Edelstahl gefertigten Elemente der Serie Pots&amp;Pans zeichnen sich durch ihren strengen, geradlinigen Stil und die Liebe zum funktionalen\" \/>\n<meta name=\"robots\" content=\"index, follow, max-snippet:-1, max-image-preview:large, max-video-preview:-1\" \/>\n<link rel=\"canonical\" href=\"https:\/\/www.erresse-shop.it\/de\/shop\/toepfe-pfannen\/topfsets\/alessi-potspans-set-9-stk\/\" \/>\n<meta property=\"og:locale\" content=\"de_DE\" \/>\n<meta property=\"og:type\" content=\"article\" \/>\n<meta property=\"og:title\" content=\"ALESSI Pots&amp;Pans Set 9-tlg.\" \/>\n<meta property=\"og:description\" content=\"Die aus 18\/10 Edelstahl gefertigten Elemente der Serie Pots&amp;Pans zeichnen sich durch ihren strengen, geradlinigen Stil und die Liebe zum funktionalen\" \/>\n<meta property=\"og:url\" content=\"https:\/\/www.erresse-shop.it\/de\/shop\/toepfe-pfannen\/topfsets\/alessi-potspans-set-9-stk\/\" \/>\n<meta property=\"og:site_name\" content=\"Erresse Shop\" \/>\n<meta property=\"article:modified_time\" content=\"2025-03-06T11:46:43+00:00\" \/>\n<meta property=\"og:image\" content=\"https:\/\/www.erresse-shop.it\/wp-content\/uploads\/2020\/08\/ALESSI-PotsPans-Pentole-Set-9-pz.jpg\" \/>\n\t<meta property=\"og:image:width\" content=\"1200\" \/>\n\t<meta property=\"og:image:height\" content=\"1200\" \/>\n\t<meta property=\"og:image:type\" content=\"image\/jpeg\" \/>\n<meta name=\"twitter:card\" content=\"summary_large_image\" \/>\n<script type=\"application\/ld+json\" class=\"yoast-schema-graph\">{\"@context\":\"https:\/\/schema.org\",\"@graph\":[{\"@type\":\"WebPage\",\"@id\":\"https:\/\/www.erresse-shop.it\/de\/shop\/toepfe-pfannen\/topfsets\/alessi-potspans-set-9-stk\/\",\"url\":\"https:\/\/www.erresse-shop.it\/de\/shop\/toepfe-pfannen\/topfsets\/alessi-potspans-set-9-stk\/\",\"name\":\"ALESSI Pots&Pans Set 9-tlg. - Erresse Shop\",\"isPartOf\":{\"@id\":\"https:\/\/www.erresse-shop.it\/de\/#website\"},\"datePublished\":\"2020-08-20T12:43:07+00:00\",\"dateModified\":\"2025-03-06T11:46:43+00:00\",\"description\":\"Die aus 18\/10 Edelstahl gefertigten Elemente der Serie Pots&amp;Pans zeichnen sich durch ihren strengen, geradlinigen Stil und die Liebe zum funktionalen\",\"breadcrumb\":{\"@id\":\"https:\/\/www.erresse-shop.it\/de\/shop\/toepfe-pfannen\/topfsets\/alessi-potspans-set-9-stk\/#breadcrumb\"},\"inLanguage\":\"de-DE\",\"potentialAction\":[{\"@type\":\"ReadAction\",\"target\":[\"https:\/\/www.erresse-shop.it\/de\/shop\/toepfe-pfannen\/topfsets\/alessi-potspans-set-9-stk\/\"]}]},{\"@type\":\"BreadcrumbList\",\"@id\":\"https:\/\/www.erresse-shop.it\/de\/shop\/toepfe-pfannen\/topfsets\/alessi-potspans-set-9-stk\/#breadcrumb\",\"itemListElement\":[{\"@type\":\"ListItem\",\"position\":1,\"name\":\"Home\",\"item\":\"https:\/\/www.erresse-shop.it\/de\/\"},{\"@type\":\"ListItem\",\"position\":2,\"name\":\"Shop\",\"item\":\"https:\/\/www.erresse-shop.it\/de\/shop\/\"},{\"@type\":\"ListItem\",\"position\":3,\"name\":\"ALESSI Pots&#038;Pans Set 9-tlg.\"}]},{\"@type\":\"WebSite\",\"@id\":\"https:\/\/www.erresse-shop.it\/de\/#website\",\"url\":\"https:\/\/www.erresse-shop.it\/de\/\",\"name\":\"Erresse Shop\",\"description\":\"Articoli di qualit\u00e0 per la casa\",\"potentialAction\":[{\"@type\":\"SearchAction\",\"target\":{\"@type\":\"EntryPoint\",\"urlTemplate\":\"https:\/\/www.erresse-shop.it\/de\/?s={search_term_string}\"},\"query-input\":\"required name=search_term_string\"}],\"inLanguage\":\"de-DE\"}]}<\/script>\n<!-- \/ Yoast SEO Premium plugin. -->","yoast_head_json":{"title":"ALESSI Pots&Pans Set 9-tlg. - Erresse Shop","description":"Die aus 18\/10 Edelstahl gefertigten Elemente der Serie Pots&amp;Pans zeichnen sich durch ihren strengen, geradlinigen Stil und die Liebe zum funktionalen","robots":{"index":"index","follow":"follow","max-snippet":"max-snippet:-1","max-image-preview":"max-image-preview:large","max-video-preview":"max-video-preview:-1"},"canonical":"https:\/\/www.erresse-shop.it\/de\/shop\/toepfe-pfannen\/topfsets\/alessi-potspans-set-9-stk\/","og_locale":"de_DE","og_type":"article","og_title":"ALESSI Pots&Pans Set 9-tlg.","og_description":"Die aus 18\/10 Edelstahl gefertigten Elemente der Serie Pots&amp;Pans zeichnen sich durch ihren strengen, geradlinigen Stil und die Liebe zum funktionalen","og_url":"https:\/\/www.erresse-shop.it\/de\/shop\/toepfe-pfannen\/topfsets\/alessi-potspans-set-9-stk\/","og_site_name":"Erresse Shop","article_modified_time":"2025-03-06T11:46:43+00:00","og_image":[{"width":1200,"height":1200,"url":"https:\/\/www.erresse-shop.it\/wp-content\/uploads\/2020\/08\/ALESSI-PotsPans-Pentole-Set-9-pz.jpg","type":"image\/jpeg"}],"twitter_card":"summary_large_image","schema":{"@context":"https:\/\/schema.org","@graph":[{"@type":"WebPage","@id":"https:\/\/www.erresse-shop.it\/de\/shop\/toepfe-pfannen\/topfsets\/alessi-potspans-set-9-stk\/","url":"https:\/\/www.erresse-shop.it\/de\/shop\/toepfe-pfannen\/topfsets\/alessi-potspans-set-9-stk\/","name":"ALESSI Pots&Pans Set 9-tlg. - Erresse Shop","isPartOf":{"@id":"https:\/\/www.erresse-shop.it\/de\/#website"},"datePublished":"2020-08-20T12:43:07+00:00","dateModified":"2025-03-06T11:46:43+00:00","description":"Die aus 18\/10 Edelstahl gefertigten Elemente der Serie Pots&amp;Pans zeichnen sich durch ihren strengen, geradlinigen Stil und die Liebe zum funktionalen","breadcrumb":{"@id":"https:\/\/www.erresse-shop.it\/de\/shop\/toepfe-pfannen\/topfsets\/alessi-potspans-set-9-stk\/#breadcrumb"},"inLanguage":"de-DE","potentialAction":[{"@type":"ReadAction","target":["https:\/\/www.erresse-shop.it\/de\/shop\/toepfe-pfannen\/topfsets\/alessi-potspans-set-9-stk\/"]}]},{"@type":"BreadcrumbList","@id":"https:\/\/www.erresse-shop.it\/de\/shop\/toepfe-pfannen\/topfsets\/alessi-potspans-set-9-stk\/#breadcrumb","itemListElement":[{"@type":"ListItem","position":1,"name":"Home","item":"https:\/\/www.erresse-shop.it\/de\/"},{"@type":"ListItem","position":2,"name":"Shop","item":"https:\/\/www.erresse-shop.it\/de\/shop\/"},{"@type":"ListItem","position":3,"name":"ALESSI Pots&#038;Pans Set 9-tlg."}]},{"@type":"WebSite","@id":"https:\/\/www.erresse-shop.it\/de\/#website","url":"https:\/\/www.erresse-shop.it\/de\/","name":"Erresse Shop","description":"Articoli di qualit\u00e0 per la casa","potentialAction":[{"@type":"SearchAction","target":{"@type":"EntryPoint","urlTemplate":"https:\/\/www.erresse-shop.it\/de\/?s={search_term_string}"},"query-input":"required name=search_term_string"}],"inLanguage":"de-DE"}]}},"df_price":239,"df_sale_price":239,"df_regular_price":478,"df_image_link":"https:\/\/www.erresse-shop.it\/wp-content\/uploads\/2020\/08\/ALESSI-PotsPans-Pentole-Set-9-pz-300x300.jpg","_links":{"self":[{"href":"https:\/\/www.erresse-shop.it\/de\/wp-json\/wp\/v2\/product\/72549"}],"collection":[{"href":"https:\/\/www.erresse-shop.it\/de\/wp-json\/wp\/v2\/product"}],"about":[{"href":"https:\/\/www.erresse-shop.it\/de\/wp-json\/wp\/v2\/types\/product"}],"wp:featuredmedia":[{"embeddable":true,"href":"https:\/\/www.erresse-shop.it\/de\/wp-json\/wp\/v2\/media\/475243"}],"wp:attachment":[{"href":"https:\/\/www.erresse-shop.it\/de\/wp-json\/wp\/v2\/media?parent=72549"}],"wp:term":[{"taxonomy":"product_cat","embeddable":true,"href":"https:\/\/www.erresse-shop.it\/de\/wp-json\/wp\/v2\/product_cat?post=72549"},{"taxonomy":"product_tag","embeddable":true,"href":"https:\/\/www.erresse-shop.it\/de\/wp-json\/wp\/v2\/product_tag?post=72549"}],"curies":[{"name":"wp","href":"https:\/\/api.w.org\/{rel}","templated":true}]}}