{"id":72474,"date":"2020-08-20T10:22:03","date_gmt":"2020-08-20T10:22:05","guid":{"rendered":"https:\/\/www.erresse-shop.it\/?post_type=product&#038;p=72474"},"modified":"2025-02-25T09:34:01","modified_gmt":"2025-02-25T09:34:01","slug":"alessi-edo-set-7-stk","status":"publish","type":"product","link":"https:\/\/www.erresse-shop.it\/de\/shop\/toepfe-pfannen\/topfsets\/alessi-edo-set-7-stk\/","title":{"rendered":"ALESSI Edo T\u00f6pfe und Pfannen Satz mit 7 St\u00fcck"},"content":{"rendered":"<p>Die Kochtopfkollektion Edo von Alessi wurde von Patricia Urquiola entworfen und verdankt ihren Namen dem lateinischen Wort \u201eedere\u201c (essen). Edo ist auch der alte Name der Stadt Tokio. Italienische Traditionen und japanische Einfl\u00fcsse vereinen sich in dieser Kollektion, die sich durch einfache und elegante Linien auszeichnet. Die baskische Herkunft des Designers zeigt sich in den baskisch geformten Deckeln. Alle T\u00f6pfe der Kollektion zeichnen sich durch geschwungene braune Griffe aus, die an Stoffb\u00e4nder erinnern. Mit Edo haben Sie die Freiheit, mit verschiedenen Rezepten zu experimentieren, dank einer funktionellen und harmonischen Kollektion.<br \/>\nGeeignet f\u00fcr alle W\u00e4rmequellen, einschlie\u00dflich Induktion.<\/p>\n<p>Das Set besteht aus:<br \/>\nStielkasserolle 24 cm, 8,5 L<br \/>\nStieltopf mit Griffen 20 cm, 2,8 L<br \/>\nNiedriger Kochtopf mit Griffen 24 cm, 3,25 L<br \/>\nStielkasserolle mit langem Stiel 16 cm, 1,3 L<br \/>\nDeckel 16 cm, 20 cm und 24 cm<\/p>\n<p>Sp\u00fclmaschinengeeignet<\/p>\n","protected":false},"excerpt":{"rendered":"<p>Die Kochtopfkollektion Edo von Alessi wurde von Patricia Urquiola entworfen und verdankt ihren Namen dem lateinischen Wort \u201eedere\u201c (essen). Edo<\/p>\n","protected":false},"featured_media":471625,"template":"","meta":{"_acf_changed":false,"inline_featured_image":false},"product_cat":[6709,14781],"product_tag":[],"acf":[],"yoast_head":"<!-- This site is optimized with the Yoast SEO Premium plugin v18.6 (Yoast SEO v19.13) - https:\/\/yoast.com\/wordpress\/plugins\/seo\/ -->\n<title>ALESSI Edo T\u00f6pfe und Pfannen Satz mit 7 St\u00fcck - Erresse Shop<\/title>\n<meta name=\"description\" content=\"Die Kochtopfkollektion Edo von Alessi wurde von Patricia Urquiola entworfen und verdankt ihren Namen dem lateinischen Wort \u201eedere\u201c (essen). Edo ist auch\" \/>\n<meta name=\"robots\" content=\"index, follow, max-snippet:-1, max-image-preview:large, max-video-preview:-1\" \/>\n<link rel=\"canonical\" href=\"https:\/\/www.erresse-shop.it\/de\/shop\/toepfe-pfannen\/topfsets\/alessi-edo-set-7-stk\/\" \/>\n<meta property=\"og:locale\" content=\"de_DE\" \/>\n<meta property=\"og:type\" content=\"article\" \/>\n<meta property=\"og:title\" content=\"ALESSI Edo T\u00f6pfe und Pfannen Satz mit 7 St\u00fcck\" \/>\n<meta property=\"og:description\" content=\"Die Kochtopfkollektion Edo von Alessi wurde von Patricia Urquiola entworfen und verdankt ihren Namen dem lateinischen Wort \u201eedere\u201c (essen). Edo ist auch\" \/>\n<meta property=\"og:url\" content=\"https:\/\/www.erresse-shop.it\/de\/shop\/toepfe-pfannen\/topfsets\/alessi-edo-set-7-stk\/\" \/>\n<meta property=\"og:site_name\" content=\"Erresse Shop\" \/>\n<meta property=\"article:modified_time\" content=\"2025-02-25T09:34:01+00:00\" \/>\n<meta property=\"og:image\" content=\"https:\/\/www.erresse-shop.it\/wp-content\/uploads\/2020\/08\/ALESSI-Edo-Pentole-e-Padelle-Set-7-pz.jpg\" \/>\n\t<meta property=\"og:image:width\" content=\"1200\" \/>\n\t<meta property=\"og:image:height\" content=\"1200\" \/>\n\t<meta property=\"og:image:type\" content=\"image\/jpeg\" \/>\n<meta name=\"twitter:card\" content=\"summary_large_image\" \/>\n<script type=\"application\/ld+json\" class=\"yoast-schema-graph\">{\"@context\":\"https:\/\/schema.org\",\"@graph\":[{\"@type\":\"WebPage\",\"@id\":\"https:\/\/www.erresse-shop.it\/de\/shop\/toepfe-pfannen\/topfsets\/alessi-edo-set-7-stk\/\",\"url\":\"https:\/\/www.erresse-shop.it\/de\/shop\/toepfe-pfannen\/topfsets\/alessi-edo-set-7-stk\/\",\"name\":\"ALESSI Edo T\u00f6pfe und Pfannen Satz mit 7 St\u00fcck - Erresse Shop\",\"isPartOf\":{\"@id\":\"https:\/\/www.erresse-shop.it\/de\/#website\"},\"datePublished\":\"2020-08-20T10:22:05+00:00\",\"dateModified\":\"2025-02-25T09:34:01+00:00\",\"description\":\"Die Kochtopfkollektion Edo von Alessi wurde von Patricia Urquiola entworfen und verdankt ihren Namen dem lateinischen Wort \u201eedere\u201c (essen). Edo ist auch\",\"breadcrumb\":{\"@id\":\"https:\/\/www.erresse-shop.it\/de\/shop\/toepfe-pfannen\/topfsets\/alessi-edo-set-7-stk\/#breadcrumb\"},\"inLanguage\":\"de-DE\",\"potentialAction\":[{\"@type\":\"ReadAction\",\"target\":[\"https:\/\/www.erresse-shop.it\/de\/shop\/toepfe-pfannen\/topfsets\/alessi-edo-set-7-stk\/\"]}]},{\"@type\":\"BreadcrumbList\",\"@id\":\"https:\/\/www.erresse-shop.it\/de\/shop\/toepfe-pfannen\/topfsets\/alessi-edo-set-7-stk\/#breadcrumb\",\"itemListElement\":[{\"@type\":\"ListItem\",\"position\":1,\"name\":\"Home\",\"item\":\"https:\/\/www.erresse-shop.it\/de\/\"},{\"@type\":\"ListItem\",\"position\":2,\"name\":\"Shop\",\"item\":\"https:\/\/www.erresse-shop.it\/de\/shop\/\"},{\"@type\":\"ListItem\",\"position\":3,\"name\":\"ALESSI Edo T\u00f6pfe und Pfannen Satz mit 7 St\u00fcck\"}]},{\"@type\":\"WebSite\",\"@id\":\"https:\/\/www.erresse-shop.it\/de\/#website\",\"url\":\"https:\/\/www.erresse-shop.it\/de\/\",\"name\":\"Erresse Shop\",\"description\":\"Articoli di qualit\u00e0 per la casa\",\"potentialAction\":[{\"@type\":\"SearchAction\",\"target\":{\"@type\":\"EntryPoint\",\"urlTemplate\":\"https:\/\/www.erresse-shop.it\/de\/?s={search_term_string}\"},\"query-input\":\"required name=search_term_string\"}],\"inLanguage\":\"de-DE\"}]}<\/script>\n<!-- \/ Yoast SEO Premium plugin. -->","yoast_head_json":{"title":"ALESSI Edo T\u00f6pfe und Pfannen Satz mit 7 St\u00fcck - Erresse Shop","description":"Die Kochtopfkollektion Edo von Alessi wurde von Patricia Urquiola entworfen und verdankt ihren Namen dem lateinischen Wort \u201eedere\u201c (essen). Edo ist auch","robots":{"index":"index","follow":"follow","max-snippet":"max-snippet:-1","max-image-preview":"max-image-preview:large","max-video-preview":"max-video-preview:-1"},"canonical":"https:\/\/www.erresse-shop.it\/de\/shop\/toepfe-pfannen\/topfsets\/alessi-edo-set-7-stk\/","og_locale":"de_DE","og_type":"article","og_title":"ALESSI Edo T\u00f6pfe und Pfannen Satz mit 7 St\u00fcck","og_description":"Die Kochtopfkollektion Edo von Alessi wurde von Patricia Urquiola entworfen und verdankt ihren Namen dem lateinischen Wort \u201eedere\u201c (essen). Edo ist auch","og_url":"https:\/\/www.erresse-shop.it\/de\/shop\/toepfe-pfannen\/topfsets\/alessi-edo-set-7-stk\/","og_site_name":"Erresse Shop","article_modified_time":"2025-02-25T09:34:01+00:00","og_image":[{"width":1200,"height":1200,"url":"https:\/\/www.erresse-shop.it\/wp-content\/uploads\/2020\/08\/ALESSI-Edo-Pentole-e-Padelle-Set-7-pz.jpg","type":"image\/jpeg"}],"twitter_card":"summary_large_image","schema":{"@context":"https:\/\/schema.org","@graph":[{"@type":"WebPage","@id":"https:\/\/www.erresse-shop.it\/de\/shop\/toepfe-pfannen\/topfsets\/alessi-edo-set-7-stk\/","url":"https:\/\/www.erresse-shop.it\/de\/shop\/toepfe-pfannen\/topfsets\/alessi-edo-set-7-stk\/","name":"ALESSI Edo T\u00f6pfe und Pfannen Satz mit 7 St\u00fcck - Erresse Shop","isPartOf":{"@id":"https:\/\/www.erresse-shop.it\/de\/#website"},"datePublished":"2020-08-20T10:22:05+00:00","dateModified":"2025-02-25T09:34:01+00:00","description":"Die Kochtopfkollektion Edo von Alessi wurde von Patricia Urquiola entworfen und verdankt ihren Namen dem lateinischen Wort \u201eedere\u201c (essen). Edo ist auch","breadcrumb":{"@id":"https:\/\/www.erresse-shop.it\/de\/shop\/toepfe-pfannen\/topfsets\/alessi-edo-set-7-stk\/#breadcrumb"},"inLanguage":"de-DE","potentialAction":[{"@type":"ReadAction","target":["https:\/\/www.erresse-shop.it\/de\/shop\/toepfe-pfannen\/topfsets\/alessi-edo-set-7-stk\/"]}]},{"@type":"BreadcrumbList","@id":"https:\/\/www.erresse-shop.it\/de\/shop\/toepfe-pfannen\/topfsets\/alessi-edo-set-7-stk\/#breadcrumb","itemListElement":[{"@type":"ListItem","position":1,"name":"Home","item":"https:\/\/www.erresse-shop.it\/de\/"},{"@type":"ListItem","position":2,"name":"Shop","item":"https:\/\/www.erresse-shop.it\/de\/shop\/"},{"@type":"ListItem","position":3,"name":"ALESSI Edo T\u00f6pfe und Pfannen Satz mit 7 St\u00fcck"}]},{"@type":"WebSite","@id":"https:\/\/www.erresse-shop.it\/de\/#website","url":"https:\/\/www.erresse-shop.it\/de\/","name":"Erresse Shop","description":"Articoli di qualit\u00e0 per la casa","potentialAction":[{"@type":"SearchAction","target":{"@type":"EntryPoint","urlTemplate":"https:\/\/www.erresse-shop.it\/de\/?s={search_term_string}"},"query-input":"required name=search_term_string"}],"inLanguage":"de-DE"}]}},"df_price":197.5,"df_sale_price":197.5,"df_regular_price":395,"df_image_link":"https:\/\/www.erresse-shop.it\/wp-content\/uploads\/2020\/08\/ALESSI-Edo-Pentole-e-Padelle-Set-7-pz-300x300.jpg","_links":{"self":[{"href":"https:\/\/www.erresse-shop.it\/de\/wp-json\/wp\/v2\/product\/72474"}],"collection":[{"href":"https:\/\/www.erresse-shop.it\/de\/wp-json\/wp\/v2\/product"}],"about":[{"href":"https:\/\/www.erresse-shop.it\/de\/wp-json\/wp\/v2\/types\/product"}],"wp:featuredmedia":[{"embeddable":true,"href":"https:\/\/www.erresse-shop.it\/de\/wp-json\/wp\/v2\/media\/471625"}],"wp:attachment":[{"href":"https:\/\/www.erresse-shop.it\/de\/wp-json\/wp\/v2\/media?parent=72474"}],"wp:term":[{"taxonomy":"product_cat","embeddable":true,"href":"https:\/\/www.erresse-shop.it\/de\/wp-json\/wp\/v2\/product_cat?post=72474"},{"taxonomy":"product_tag","embeddable":true,"href":"https:\/\/www.erresse-shop.it\/de\/wp-json\/wp\/v2\/product_tag?post=72474"}],"curies":[{"name":"wp","href":"https:\/\/api.w.org\/{rel}","templated":true}]}}