{"id":72392,"date":"2020-08-20T08:59:14","date_gmt":"2020-08-20T08:59:18","guid":{"rendered":"https:\/\/www.erresse-shop.it\/?post_type=product&#038;p=72392"},"modified":"2025-08-15T07:10:07","modified_gmt":"2025-08-15T07:10:07","slug":"alessi-todo-reibe","status":"publish","type":"product","link":"https:\/\/www.erresse-shop.it\/de\/shop\/kuche\/reiben\/alessi-todo-reibe\/","title":{"rendered":"ALESSI Todo Reibe"},"content":{"rendered":"<p>Die \u201eTodo\u201c-Reibe erm\u00f6glicht dank des au\u00dfergew\u00f6hnlichen Hubs, den ihr langer, kegelstumpff\u00f6rmiger K\u00f6rper bietet, die Herstellung der f\u00fcr jedes einzelne Gericht erforderlichen K\u00e4semenge in einem einzigen Arbeitsgang. Ein hervorragendes Beispiel f\u00fcr ein Objekt, das auf dem Tisch oder in der K\u00fcche ausgestellt werden kann, aber gleichzeitig mit einer pr\u00e4zisen und innovativen funktionellen Leistung ausgestattet ist, die einen der m\u00fchsamsten und am wenigsten qualifizierenden Vorg\u00e4nge beim Kochen fast in spielerische Gesten verwandelt.<\/p>\n<p>Eigenschaften:<br \/>\n&#8211; Material: Stahl und Holz<br \/>\n&#8211; H\u00f6he: 46 cm<br \/>\n&#8211; Breite: 10 cm<\/p>\n","protected":false},"excerpt":{"rendered":"<p>Die \u201eTodo\u201c-Reibe erm\u00f6glicht dank des au\u00dfergew\u00f6hnlichen Hubs, den ihr langer, kegelstumpff\u00f6rmiger K\u00f6rper bietet, die Herstellung der f\u00fcr jedes einzelne Gericht<\/p>\n","protected":false},"featured_media":471948,"template":"","meta":{"_acf_changed":false,"inline_featured_image":false},"product_cat":[6742,26038],"product_tag":[11403,12996],"acf":[],"yoast_head":"<!-- This site is optimized with the Yoast SEO Premium plugin v18.6 (Yoast SEO v19.13) - https:\/\/yoast.com\/wordpress\/plugins\/seo\/ -->\n<title>ALESSI Todo Reibe - Erresse Shop<\/title>\n<meta name=\"description\" content=\"Die \u201eTodo\u201c-Reibe erm\u00f6glicht dank des au\u00dfergew\u00f6hnlichen Hubs, den ihr langer, kegelstumpff\u00f6rmiger K\u00f6rper bietet, die Herstellung der f\u00fcr jedes einzelne\" \/>\n<meta name=\"robots\" content=\"index, follow, max-snippet:-1, max-image-preview:large, max-video-preview:-1\" \/>\n<link rel=\"canonical\" href=\"https:\/\/www.erresse-shop.it\/de\/shop\/kuche\/reiben\/alessi-todo-reibe\/\" \/>\n<meta property=\"og:locale\" content=\"de_DE\" \/>\n<meta property=\"og:type\" content=\"article\" \/>\n<meta property=\"og:title\" content=\"ALESSI Todo Reibe\" \/>\n<meta property=\"og:description\" content=\"Die \u201eTodo\u201c-Reibe erm\u00f6glicht dank des au\u00dfergew\u00f6hnlichen Hubs, den ihr langer, kegelstumpff\u00f6rmiger K\u00f6rper bietet, die Herstellung der f\u00fcr jedes einzelne\" \/>\n<meta property=\"og:url\" content=\"https:\/\/www.erresse-shop.it\/de\/shop\/kuche\/reiben\/alessi-todo-reibe\/\" \/>\n<meta property=\"og:site_name\" content=\"Erresse Shop\" \/>\n<meta property=\"article:modified_time\" content=\"2025-08-15T07:10:07+00:00\" \/>\n<meta property=\"og:image\" content=\"https:\/\/www.erresse-shop.it\/wp-content\/uploads\/2020\/08\/ALESSI-Todo-Grattuggia.jpg\" \/>\n\t<meta property=\"og:image:width\" content=\"1200\" \/>\n\t<meta property=\"og:image:height\" content=\"1200\" \/>\n\t<meta property=\"og:image:type\" content=\"image\/jpeg\" \/>\n<meta name=\"twitter:card\" content=\"summary_large_image\" \/>\n<script type=\"application\/ld+json\" class=\"yoast-schema-graph\">{\"@context\":\"https:\/\/schema.org\",\"@graph\":[{\"@type\":\"WebPage\",\"@id\":\"https:\/\/www.erresse-shop.it\/de\/shop\/kuche\/reiben\/alessi-todo-reibe\/\",\"url\":\"https:\/\/www.erresse-shop.it\/de\/shop\/kuche\/reiben\/alessi-todo-reibe\/\",\"name\":\"ALESSI Todo Reibe - Erresse Shop\",\"isPartOf\":{\"@id\":\"https:\/\/www.erresse-shop.it\/de\/#website\"},\"datePublished\":\"2020-08-20T08:59:18+00:00\",\"dateModified\":\"2025-08-15T07:10:07+00:00\",\"description\":\"Die \u201eTodo\u201c-Reibe erm\u00f6glicht dank des au\u00dfergew\u00f6hnlichen Hubs, den ihr langer, kegelstumpff\u00f6rmiger K\u00f6rper bietet, die Herstellung der f\u00fcr jedes einzelne\",\"breadcrumb\":{\"@id\":\"https:\/\/www.erresse-shop.it\/de\/shop\/kuche\/reiben\/alessi-todo-reibe\/#breadcrumb\"},\"inLanguage\":\"de-DE\",\"potentialAction\":[{\"@type\":\"ReadAction\",\"target\":[\"https:\/\/www.erresse-shop.it\/de\/shop\/kuche\/reiben\/alessi-todo-reibe\/\"]}]},{\"@type\":\"BreadcrumbList\",\"@id\":\"https:\/\/www.erresse-shop.it\/de\/shop\/kuche\/reiben\/alessi-todo-reibe\/#breadcrumb\",\"itemListElement\":[{\"@type\":\"ListItem\",\"position\":1,\"name\":\"Home\",\"item\":\"https:\/\/www.erresse-shop.it\/de\/\"},{\"@type\":\"ListItem\",\"position\":2,\"name\":\"Shop\",\"item\":\"https:\/\/www.erresse-shop.it\/de\/shop\/\"},{\"@type\":\"ListItem\",\"position\":3,\"name\":\"ALESSI Todo Reibe\"}]},{\"@type\":\"WebSite\",\"@id\":\"https:\/\/www.erresse-shop.it\/de\/#website\",\"url\":\"https:\/\/www.erresse-shop.it\/de\/\",\"name\":\"Erresse Shop\",\"description\":\"Articoli di qualit\u00e0 per la casa\",\"potentialAction\":[{\"@type\":\"SearchAction\",\"target\":{\"@type\":\"EntryPoint\",\"urlTemplate\":\"https:\/\/www.erresse-shop.it\/de\/?s={search_term_string}\"},\"query-input\":\"required name=search_term_string\"}],\"inLanguage\":\"de-DE\"}]}<\/script>\n<!-- \/ Yoast SEO Premium plugin. -->","yoast_head_json":{"title":"ALESSI Todo Reibe - Erresse Shop","description":"Die \u201eTodo\u201c-Reibe erm\u00f6glicht dank des au\u00dfergew\u00f6hnlichen Hubs, den ihr langer, kegelstumpff\u00f6rmiger K\u00f6rper bietet, die Herstellung der f\u00fcr jedes einzelne","robots":{"index":"index","follow":"follow","max-snippet":"max-snippet:-1","max-image-preview":"max-image-preview:large","max-video-preview":"max-video-preview:-1"},"canonical":"https:\/\/www.erresse-shop.it\/de\/shop\/kuche\/reiben\/alessi-todo-reibe\/","og_locale":"de_DE","og_type":"article","og_title":"ALESSI Todo Reibe","og_description":"Die \u201eTodo\u201c-Reibe erm\u00f6glicht dank des au\u00dfergew\u00f6hnlichen Hubs, den ihr langer, kegelstumpff\u00f6rmiger K\u00f6rper bietet, die Herstellung der f\u00fcr jedes einzelne","og_url":"https:\/\/www.erresse-shop.it\/de\/shop\/kuche\/reiben\/alessi-todo-reibe\/","og_site_name":"Erresse Shop","article_modified_time":"2025-08-15T07:10:07+00:00","og_image":[{"width":1200,"height":1200,"url":"https:\/\/www.erresse-shop.it\/wp-content\/uploads\/2020\/08\/ALESSI-Todo-Grattuggia.jpg","type":"image\/jpeg"}],"twitter_card":"summary_large_image","schema":{"@context":"https:\/\/schema.org","@graph":[{"@type":"WebPage","@id":"https:\/\/www.erresse-shop.it\/de\/shop\/kuche\/reiben\/alessi-todo-reibe\/","url":"https:\/\/www.erresse-shop.it\/de\/shop\/kuche\/reiben\/alessi-todo-reibe\/","name":"ALESSI Todo Reibe - Erresse Shop","isPartOf":{"@id":"https:\/\/www.erresse-shop.it\/de\/#website"},"datePublished":"2020-08-20T08:59:18+00:00","dateModified":"2025-08-15T07:10:07+00:00","description":"Die \u201eTodo\u201c-Reibe erm\u00f6glicht dank des au\u00dfergew\u00f6hnlichen Hubs, den ihr langer, kegelstumpff\u00f6rmiger K\u00f6rper bietet, die Herstellung der f\u00fcr jedes einzelne","breadcrumb":{"@id":"https:\/\/www.erresse-shop.it\/de\/shop\/kuche\/reiben\/alessi-todo-reibe\/#breadcrumb"},"inLanguage":"de-DE","potentialAction":[{"@type":"ReadAction","target":["https:\/\/www.erresse-shop.it\/de\/shop\/kuche\/reiben\/alessi-todo-reibe\/"]}]},{"@type":"BreadcrumbList","@id":"https:\/\/www.erresse-shop.it\/de\/shop\/kuche\/reiben\/alessi-todo-reibe\/#breadcrumb","itemListElement":[{"@type":"ListItem","position":1,"name":"Home","item":"https:\/\/www.erresse-shop.it\/de\/"},{"@type":"ListItem","position":2,"name":"Shop","item":"https:\/\/www.erresse-shop.it\/de\/shop\/"},{"@type":"ListItem","position":3,"name":"ALESSI Todo Reibe"}]},{"@type":"WebSite","@id":"https:\/\/www.erresse-shop.it\/de\/#website","url":"https:\/\/www.erresse-shop.it\/de\/","name":"Erresse Shop","description":"Articoli di qualit\u00e0 per la casa","potentialAction":[{"@type":"SearchAction","target":{"@type":"EntryPoint","urlTemplate":"https:\/\/www.erresse-shop.it\/de\/?s={search_term_string}"},"query-input":"required name=search_term_string"}],"inLanguage":"de-DE"}]}},"df_price":59.95,"df_sale_price":59.95,"df_regular_price":78,"df_image_link":"https:\/\/www.erresse-shop.it\/wp-content\/uploads\/2020\/08\/ALESSI-Todo-Grattuggia-300x300.jpg","_links":{"self":[{"href":"https:\/\/www.erresse-shop.it\/de\/wp-json\/wp\/v2\/product\/72392"}],"collection":[{"href":"https:\/\/www.erresse-shop.it\/de\/wp-json\/wp\/v2\/product"}],"about":[{"href":"https:\/\/www.erresse-shop.it\/de\/wp-json\/wp\/v2\/types\/product"}],"wp:featuredmedia":[{"embeddable":true,"href":"https:\/\/www.erresse-shop.it\/de\/wp-json\/wp\/v2\/media\/471948"}],"wp:attachment":[{"href":"https:\/\/www.erresse-shop.it\/de\/wp-json\/wp\/v2\/media?parent=72392"}],"wp:term":[{"taxonomy":"product_cat","embeddable":true,"href":"https:\/\/www.erresse-shop.it\/de\/wp-json\/wp\/v2\/product_cat?post=72392"},{"taxonomy":"product_tag","embeddable":true,"href":"https:\/\/www.erresse-shop.it\/de\/wp-json\/wp\/v2\/product_tag?post=72392"}],"curies":[{"name":"wp","href":"https:\/\/api.w.org\/{rel}","templated":true}]}}