{"id":72221,"date":"2020-08-19T13:49:53","date_gmt":"2020-08-19T13:49:55","guid":{"rendered":"https:\/\/www.erresse-shop.it\/?post_type=product&#038;p=72221"},"modified":"2025-08-19T10:30:08","modified_gmt":"2025-08-19T10:30:08","slug":"alessi-pulcina-espresso-kaffeemaschine-rot-3-tassen","status":"publish","type":"product","link":"https:\/\/www.erresse-shop.it\/de\/shop\/kuche\/mokkas-kaffeemaschinen-espresso\/alessi-pulcina-espresso-kaffeemaschine-rot-3-tassen\/","title":{"rendered":"ALESSI Pulcina Kaffeekanne Rot 3 Tassen"},"content":{"rendered":"<p>Eine revolution\u00e4re Mokkakanne, die die von illycaff\u00e8 entwickelte Technologie und das Design-Know-how von Alessi vereint. Die von Michele de Lucchi entworfene Pulcina verf\u00fcgt \u00fcber eine kleine, aber bedeutende Designinnovation, die die Ausgabe des Getr\u00e4nks im richtigen Moment unterbricht, bevor der Kaffee einen bitteren Nachgeschmack bekommt. Dadurch wird das vollmundige, runde Aroma dieses Getr\u00e4nks hervorgehoben. Der Ausgie\u00dfer, der an den Schnabel eines K\u00fckens erinnert (daher der Name der Kaffeemaschine), erm\u00f6glicht es, das Tr\u00f6pfchen perfekt zu schneiden.<\/p>\n<p>Eigenschaften<br \/>\n&#8211; Aluminium-Kaffeemaschine<br \/>\n&#8211; Griff und Drehknopf aus PA<br \/>\n&#8211; Fassungsverm\u00f6gen: 3 Tassen<br \/>\n&#8211; H\u00f6he: 20 cm<br \/>\n&#8211; Breite: 9,20 cm<\/p>\n","protected":false},"excerpt":{"rendered":"<p>Eine revolution\u00e4re Mokkakanne, die die von illycaff\u00e8 entwickelte Technologie und das Design-Know-how von Alessi vereint. Die von Michele de Lucchi<\/p>\n","protected":false},"featured_media":471753,"template":"","meta":{"_acf_changed":false,"inline_featured_image":false},"product_cat":[6742,6835],"product_tag":[11638,11577,11573],"acf":[],"yoast_head":"<!-- This site is optimized with the Yoast SEO Premium plugin v18.6 (Yoast SEO v19.13) - https:\/\/yoast.com\/wordpress\/plugins\/seo\/ -->\n<title>ALESSI Pulcina Kaffeekanne Rot 3 Tassen - Erresse Shop<\/title>\n<meta name=\"description\" content=\"Eine revolution\u00e4re Mokkakanne, die die von illycaff\u00e8 entwickelte Technologie und das Design-Know-how von Alessi vereint. Die von Michele de Lucchi\" \/>\n<meta name=\"robots\" content=\"index, follow, max-snippet:-1, max-image-preview:large, max-video-preview:-1\" \/>\n<link rel=\"canonical\" href=\"https:\/\/www.erresse-shop.it\/de\/shop\/kuche\/mokkas-kaffeemaschinen-espresso\/alessi-pulcina-espresso-kaffeemaschine-rot-3-tassen\/\" \/>\n<meta property=\"og:locale\" content=\"de_DE\" \/>\n<meta property=\"og:type\" content=\"article\" \/>\n<meta property=\"og:title\" content=\"ALESSI Pulcina Kaffeekanne Rot 3 Tassen\" \/>\n<meta property=\"og:description\" content=\"Eine revolution\u00e4re Mokkakanne, die die von illycaff\u00e8 entwickelte Technologie und das Design-Know-how von Alessi vereint. Die von Michele de Lucchi\" \/>\n<meta property=\"og:url\" content=\"https:\/\/www.erresse-shop.it\/de\/shop\/kuche\/mokkas-kaffeemaschinen-espresso\/alessi-pulcina-espresso-kaffeemaschine-rot-3-tassen\/\" \/>\n<meta property=\"og:site_name\" content=\"Erresse Shop\" \/>\n<meta property=\"article:modified_time\" content=\"2025-08-19T10:30:08+00:00\" \/>\n<meta property=\"og:image\" content=\"https:\/\/www.erresse-shop.it\/wp-content\/uploads\/2020\/08\/ALESSI-Pulcina-Caffettiera-Rosso-3-Tazze.jpg\" \/>\n\t<meta property=\"og:image:width\" content=\"1200\" \/>\n\t<meta property=\"og:image:height\" content=\"1200\" \/>\n\t<meta property=\"og:image:type\" content=\"image\/jpeg\" \/>\n<meta name=\"twitter:card\" content=\"summary_large_image\" \/>\n<script type=\"application\/ld+json\" class=\"yoast-schema-graph\">{\"@context\":\"https:\/\/schema.org\",\"@graph\":[{\"@type\":\"WebPage\",\"@id\":\"https:\/\/www.erresse-shop.it\/de\/shop\/kuche\/mokkas-kaffeemaschinen-espresso\/alessi-pulcina-espresso-kaffeemaschine-rot-3-tassen\/\",\"url\":\"https:\/\/www.erresse-shop.it\/de\/shop\/kuche\/mokkas-kaffeemaschinen-espresso\/alessi-pulcina-espresso-kaffeemaschine-rot-3-tassen\/\",\"name\":\"ALESSI Pulcina Kaffeekanne Rot 3 Tassen - Erresse Shop\",\"isPartOf\":{\"@id\":\"https:\/\/www.erresse-shop.it\/de\/#website\"},\"datePublished\":\"2020-08-19T13:49:55+00:00\",\"dateModified\":\"2025-08-19T10:30:08+00:00\",\"description\":\"Eine revolution\u00e4re Mokkakanne, die die von illycaff\u00e8 entwickelte Technologie und das Design-Know-how von Alessi vereint. Die von Michele de Lucchi\",\"breadcrumb\":{\"@id\":\"https:\/\/www.erresse-shop.it\/de\/shop\/kuche\/mokkas-kaffeemaschinen-espresso\/alessi-pulcina-espresso-kaffeemaschine-rot-3-tassen\/#breadcrumb\"},\"inLanguage\":\"de-DE\",\"potentialAction\":[{\"@type\":\"ReadAction\",\"target\":[\"https:\/\/www.erresse-shop.it\/de\/shop\/kuche\/mokkas-kaffeemaschinen-espresso\/alessi-pulcina-espresso-kaffeemaschine-rot-3-tassen\/\"]}]},{\"@type\":\"BreadcrumbList\",\"@id\":\"https:\/\/www.erresse-shop.it\/de\/shop\/kuche\/mokkas-kaffeemaschinen-espresso\/alessi-pulcina-espresso-kaffeemaschine-rot-3-tassen\/#breadcrumb\",\"itemListElement\":[{\"@type\":\"ListItem\",\"position\":1,\"name\":\"Home\",\"item\":\"https:\/\/www.erresse-shop.it\/de\/\"},{\"@type\":\"ListItem\",\"position\":2,\"name\":\"Shop\",\"item\":\"https:\/\/www.erresse-shop.it\/de\/shop\/\"},{\"@type\":\"ListItem\",\"position\":3,\"name\":\"ALESSI Pulcina Kaffeekanne Rot 3 Tassen\"}]},{\"@type\":\"WebSite\",\"@id\":\"https:\/\/www.erresse-shop.it\/de\/#website\",\"url\":\"https:\/\/www.erresse-shop.it\/de\/\",\"name\":\"Erresse Shop\",\"description\":\"Articoli di qualit\u00e0 per la casa\",\"potentialAction\":[{\"@type\":\"SearchAction\",\"target\":{\"@type\":\"EntryPoint\",\"urlTemplate\":\"https:\/\/www.erresse-shop.it\/de\/?s={search_term_string}\"},\"query-input\":\"required name=search_term_string\"}],\"inLanguage\":\"de-DE\"}]}<\/script>\n<!-- \/ Yoast SEO Premium plugin. -->","yoast_head_json":{"title":"ALESSI Pulcina Kaffeekanne Rot 3 Tassen - Erresse Shop","description":"Eine revolution\u00e4re Mokkakanne, die die von illycaff\u00e8 entwickelte Technologie und das Design-Know-how von Alessi vereint. Die von Michele de Lucchi","robots":{"index":"index","follow":"follow","max-snippet":"max-snippet:-1","max-image-preview":"max-image-preview:large","max-video-preview":"max-video-preview:-1"},"canonical":"https:\/\/www.erresse-shop.it\/de\/shop\/kuche\/mokkas-kaffeemaschinen-espresso\/alessi-pulcina-espresso-kaffeemaschine-rot-3-tassen\/","og_locale":"de_DE","og_type":"article","og_title":"ALESSI Pulcina Kaffeekanne Rot 3 Tassen","og_description":"Eine revolution\u00e4re Mokkakanne, die die von illycaff\u00e8 entwickelte Technologie und das Design-Know-how von Alessi vereint. Die von Michele de Lucchi","og_url":"https:\/\/www.erresse-shop.it\/de\/shop\/kuche\/mokkas-kaffeemaschinen-espresso\/alessi-pulcina-espresso-kaffeemaschine-rot-3-tassen\/","og_site_name":"Erresse Shop","article_modified_time":"2025-08-19T10:30:08+00:00","og_image":[{"width":1200,"height":1200,"url":"https:\/\/www.erresse-shop.it\/wp-content\/uploads\/2020\/08\/ALESSI-Pulcina-Caffettiera-Rosso-3-Tazze.jpg","type":"image\/jpeg"}],"twitter_card":"summary_large_image","schema":{"@context":"https:\/\/schema.org","@graph":[{"@type":"WebPage","@id":"https:\/\/www.erresse-shop.it\/de\/shop\/kuche\/mokkas-kaffeemaschinen-espresso\/alessi-pulcina-espresso-kaffeemaschine-rot-3-tassen\/","url":"https:\/\/www.erresse-shop.it\/de\/shop\/kuche\/mokkas-kaffeemaschinen-espresso\/alessi-pulcina-espresso-kaffeemaschine-rot-3-tassen\/","name":"ALESSI Pulcina Kaffeekanne Rot 3 Tassen - Erresse Shop","isPartOf":{"@id":"https:\/\/www.erresse-shop.it\/de\/#website"},"datePublished":"2020-08-19T13:49:55+00:00","dateModified":"2025-08-19T10:30:08+00:00","description":"Eine revolution\u00e4re Mokkakanne, die die von illycaff\u00e8 entwickelte Technologie und das Design-Know-how von Alessi vereint. Die von Michele de Lucchi","breadcrumb":{"@id":"https:\/\/www.erresse-shop.it\/de\/shop\/kuche\/mokkas-kaffeemaschinen-espresso\/alessi-pulcina-espresso-kaffeemaschine-rot-3-tassen\/#breadcrumb"},"inLanguage":"de-DE","potentialAction":[{"@type":"ReadAction","target":["https:\/\/www.erresse-shop.it\/de\/shop\/kuche\/mokkas-kaffeemaschinen-espresso\/alessi-pulcina-espresso-kaffeemaschine-rot-3-tassen\/"]}]},{"@type":"BreadcrumbList","@id":"https:\/\/www.erresse-shop.it\/de\/shop\/kuche\/mokkas-kaffeemaschinen-espresso\/alessi-pulcina-espresso-kaffeemaschine-rot-3-tassen\/#breadcrumb","itemListElement":[{"@type":"ListItem","position":1,"name":"Home","item":"https:\/\/www.erresse-shop.it\/de\/"},{"@type":"ListItem","position":2,"name":"Shop","item":"https:\/\/www.erresse-shop.it\/de\/shop\/"},{"@type":"ListItem","position":3,"name":"ALESSI Pulcina Kaffeekanne Rot 3 Tassen"}]},{"@type":"WebSite","@id":"https:\/\/www.erresse-shop.it\/de\/#website","url":"https:\/\/www.erresse-shop.it\/de\/","name":"Erresse Shop","description":"Articoli di qualit\u00e0 per la casa","potentialAction":[{"@type":"SearchAction","target":{"@type":"EntryPoint","urlTemplate":"https:\/\/www.erresse-shop.it\/de\/?s={search_term_string}"},"query-input":"required name=search_term_string"}],"inLanguage":"de-DE"}]}},"df_price":39,"df_sale_price":39,"df_regular_price":78,"df_image_link":"https:\/\/www.erresse-shop.it\/wp-content\/uploads\/2020\/08\/ALESSI-Pulcina-Caffettiera-Rosso-3-Tazze-300x300.jpg","_links":{"self":[{"href":"https:\/\/www.erresse-shop.it\/de\/wp-json\/wp\/v2\/product\/72221"}],"collection":[{"href":"https:\/\/www.erresse-shop.it\/de\/wp-json\/wp\/v2\/product"}],"about":[{"href":"https:\/\/www.erresse-shop.it\/de\/wp-json\/wp\/v2\/types\/product"}],"wp:featuredmedia":[{"embeddable":true,"href":"https:\/\/www.erresse-shop.it\/de\/wp-json\/wp\/v2\/media\/471753"}],"wp:attachment":[{"href":"https:\/\/www.erresse-shop.it\/de\/wp-json\/wp\/v2\/media?parent=72221"}],"wp:term":[{"taxonomy":"product_cat","embeddable":true,"href":"https:\/\/www.erresse-shop.it\/de\/wp-json\/wp\/v2\/product_cat?post=72221"},{"taxonomy":"product_tag","embeddable":true,"href":"https:\/\/www.erresse-shop.it\/de\/wp-json\/wp\/v2\/product_tag?post=72221"}],"curies":[{"name":"wp","href":"https:\/\/api.w.org\/{rel}","templated":true}]}}