{"id":72218,"date":"2020-08-19T13:49:15","date_gmt":"2020-08-19T13:49:16","guid":{"rendered":"https:\/\/www.erresse-shop.it\/?post_type=product&#038;p=72218"},"modified":"2025-01-22T07:15:37","modified_gmt":"2025-01-22T07:15:37","slug":"zwilling-steakset-6-stk-gezahnt","status":"publish","type":"product","link":"https:\/\/www.erresse-shop.it\/de\/shop\/kuche\/messer\/zwilling-steakset-6-stk-gezahnt\/","title":{"rendered":"ZWILLING 4er Set Steakmesser mit Wellenschliff"},"content":{"rendered":"<p>BESCHREIBUNG<br \/>\nDieses 4-teilige Steakmesserset aus dem Hause ZWILLING ist die ideale Erg\u00e4nzung in der Bestecklade aller Haushalte, die auf dem Punkt gebratenes Steak zu sch\u00e4tzen wissen. Das Messer kann nat\u00fcrlich auch zum Schneiden von anderen Gerichten wie zum Beispiel Grillfleisch verwendet werden. Dieses Steakmesserset besteht aus vier Steakmessern und eignet sich hervorragend f\u00fcr die Familie oder Freunde. Das Messer ist hochwertig verarbeitet und gut ausbalanciert. Dank seiner ergonomischen Form liegt es gut in der Hand seiner Benutzer. Der in Schwarz gehaltene Griff besteht aus Acrylnitril-Butadien-Styrol (ABS). Da dieses Material relativ unempfindlich ist, erstrahlt es auch nach l\u00e4ngerem Einsatz noch in einem satten Schwarz. Der elegante und edle Look entsteht durch die drei, im Griff integrierten Nieten abgerundet. Die 12 cm langen Klingen des Steakmessers von ZWILLING sind aus rostfreiem Spezialstahl gefertigt. Diese Teile sind korrodiert und flexibel. Das Steakmesser ist mit einem Wellenschliff versehen. Demnach erhalten die hochwertigen Schliffe der Klingen nicht nur eine lange Lebensdauer, sondern ebenso eine hohe Schneidekraft. Dadurch gleiten die Messer m\u00fchelos durch das Steak. Durch die Anschaffung des Steaksets von ZWILLING er\u00f6ffnet sich Ihnen eine v\u00f6llig neue Art von Steakgenuss.<br \/>\n4-teiliges Steakmesserset mit h\u00f6herer Schneidekraft<br \/>\nKlingenl\u00e4nge von 12 cm<br \/>\nAus rostfreiem Stahl gefertigt<br \/>\nErgonomisch geformter Griff aus widerstandsf\u00e4higem ABS<br \/>\nDrei Edelstahlnieten verleihen den Steakmessern eine klassische Optik und geschmackliche Haltbarkeit<\/p>\n","protected":false},"excerpt":{"rendered":"<p>BESCHREIBUNG Dieses 4-teilige Steakmesserset aus dem Hause ZWILLING ist die ideale Erg\u00e4nzung in der Bestecklade aller Haushalte, die auf dem<\/p>\n","protected":false},"featured_media":72231,"template":"","meta":{"_acf_changed":false,"inline_featured_image":false},"product_cat":[6742,6706,6766],"product_tag":[11395,11401,11399,11397,11529,24604,15417],"acf":[],"yoast_head":"<!-- This site is optimized with the Yoast SEO Premium plugin v18.6 (Yoast SEO v19.13) - https:\/\/yoast.com\/wordpress\/plugins\/seo\/ -->\n<title>ZWILLING 4er Set Steakmesser mit Wellenschliff<\/title>\n<meta name=\"description\" content=\"Entdecken Sie ZWILLING 4er Set Steakmesser mit Wellenschliff bei ErresseShop. Qualit\u00e4t, Stil und Funktionalit\u00e4t \u2013 jetzt online bestellen!\" \/>\n<meta name=\"robots\" content=\"index, follow, max-snippet:-1, max-image-preview:large, max-video-preview:-1\" \/>\n<link rel=\"canonical\" href=\"https:\/\/www.erresse-shop.it\/de\/shop\/kuche\/messer\/zwilling-steakset-6-stk-gezahnt\/\" \/>\n<meta property=\"og:locale\" content=\"de_DE\" \/>\n<meta property=\"og:type\" content=\"article\" \/>\n<meta property=\"og:title\" content=\"ZWILLING 4er Set Steakmesser mit Wellenschliff\" \/>\n<meta property=\"og:description\" content=\"Entdecken Sie ZWILLING 4er Set Steakmesser mit Wellenschliff bei ErresseShop. Qualit\u00e4t, Stil und Funktionalit\u00e4t \u2013 jetzt online bestellen!\" \/>\n<meta property=\"og:url\" content=\"https:\/\/www.erresse-shop.it\/de\/shop\/kuche\/messer\/zwilling-steakset-6-stk-gezahnt\/\" \/>\n<meta property=\"og:site_name\" content=\"Erresse Shop\" \/>\n<meta property=\"article:modified_time\" content=\"2025-01-22T07:15:37+00:00\" \/>\n<meta property=\"og:image\" content=\"https:\/\/www.erresse-shop.it\/wp-content\/uploads\/2020\/08\/39029-002-0_1.jpg\" \/>\n\t<meta property=\"og:image:width\" content=\"1350\" \/>\n\t<meta property=\"og:image:height\" content=\"1350\" \/>\n\t<meta property=\"og:image:type\" content=\"image\/jpeg\" \/>\n<meta name=\"twitter:card\" content=\"summary_large_image\" \/>\n<script type=\"application\/ld+json\" class=\"yoast-schema-graph\">{\"@context\":\"https:\/\/schema.org\",\"@graph\":[{\"@type\":\"WebPage\",\"@id\":\"https:\/\/www.erresse-shop.it\/de\/shop\/kuche\/messer\/zwilling-steakset-6-stk-gezahnt\/\",\"url\":\"https:\/\/www.erresse-shop.it\/de\/shop\/kuche\/messer\/zwilling-steakset-6-stk-gezahnt\/\",\"name\":\"ZWILLING 4er Set Steakmesser mit Wellenschliff\",\"isPartOf\":{\"@id\":\"https:\/\/www.erresse-shop.it\/de\/#website\"},\"datePublished\":\"2020-08-19T13:49:16+00:00\",\"dateModified\":\"2025-01-22T07:15:37+00:00\",\"description\":\"Entdecken Sie ZWILLING 4er Set Steakmesser mit Wellenschliff bei ErresseShop. Qualit\u00e4t, Stil und Funktionalit\u00e4t \u2013 jetzt online bestellen!\",\"breadcrumb\":{\"@id\":\"https:\/\/www.erresse-shop.it\/de\/shop\/kuche\/messer\/zwilling-steakset-6-stk-gezahnt\/#breadcrumb\"},\"inLanguage\":\"de-DE\",\"potentialAction\":[{\"@type\":\"ReadAction\",\"target\":[\"https:\/\/www.erresse-shop.it\/de\/shop\/kuche\/messer\/zwilling-steakset-6-stk-gezahnt\/\"]}]},{\"@type\":\"BreadcrumbList\",\"@id\":\"https:\/\/www.erresse-shop.it\/de\/shop\/kuche\/messer\/zwilling-steakset-6-stk-gezahnt\/#breadcrumb\",\"itemListElement\":[{\"@type\":\"ListItem\",\"position\":1,\"name\":\"Home\",\"item\":\"https:\/\/www.erresse-shop.it\/de\/\"},{\"@type\":\"ListItem\",\"position\":2,\"name\":\"Shop\",\"item\":\"https:\/\/www.erresse-shop.it\/de\/shop\/\"},{\"@type\":\"ListItem\",\"position\":3,\"name\":\"ZWILLING 4er Set Steakmesser mit Wellenschliff\"}]},{\"@type\":\"WebSite\",\"@id\":\"https:\/\/www.erresse-shop.it\/de\/#website\",\"url\":\"https:\/\/www.erresse-shop.it\/de\/\",\"name\":\"Erresse Shop\",\"description\":\"Articoli di qualit\u00e0 per la casa\",\"potentialAction\":[{\"@type\":\"SearchAction\",\"target\":{\"@type\":\"EntryPoint\",\"urlTemplate\":\"https:\/\/www.erresse-shop.it\/de\/?s={search_term_string}\"},\"query-input\":\"required name=search_term_string\"}],\"inLanguage\":\"de-DE\"}]}<\/script>\n<!-- \/ Yoast SEO Premium plugin. -->","yoast_head_json":{"title":"ZWILLING 4er Set Steakmesser mit Wellenschliff","description":"Entdecken Sie ZWILLING 4er Set Steakmesser mit Wellenschliff bei ErresseShop. Qualit\u00e4t, Stil und Funktionalit\u00e4t \u2013 jetzt online bestellen!","robots":{"index":"index","follow":"follow","max-snippet":"max-snippet:-1","max-image-preview":"max-image-preview:large","max-video-preview":"max-video-preview:-1"},"canonical":"https:\/\/www.erresse-shop.it\/de\/shop\/kuche\/messer\/zwilling-steakset-6-stk-gezahnt\/","og_locale":"de_DE","og_type":"article","og_title":"ZWILLING 4er Set Steakmesser mit Wellenschliff","og_description":"Entdecken Sie ZWILLING 4er Set Steakmesser mit Wellenschliff bei ErresseShop. Qualit\u00e4t, Stil und Funktionalit\u00e4t \u2013 jetzt online bestellen!","og_url":"https:\/\/www.erresse-shop.it\/de\/shop\/kuche\/messer\/zwilling-steakset-6-stk-gezahnt\/","og_site_name":"Erresse Shop","article_modified_time":"2025-01-22T07:15:37+00:00","og_image":[{"width":1350,"height":1350,"url":"https:\/\/www.erresse-shop.it\/wp-content\/uploads\/2020\/08\/39029-002-0_1.jpg","type":"image\/jpeg"}],"twitter_card":"summary_large_image","schema":{"@context":"https:\/\/schema.org","@graph":[{"@type":"WebPage","@id":"https:\/\/www.erresse-shop.it\/de\/shop\/kuche\/messer\/zwilling-steakset-6-stk-gezahnt\/","url":"https:\/\/www.erresse-shop.it\/de\/shop\/kuche\/messer\/zwilling-steakset-6-stk-gezahnt\/","name":"ZWILLING 4er Set Steakmesser mit Wellenschliff","isPartOf":{"@id":"https:\/\/www.erresse-shop.it\/de\/#website"},"datePublished":"2020-08-19T13:49:16+00:00","dateModified":"2025-01-22T07:15:37+00:00","description":"Entdecken Sie ZWILLING 4er Set Steakmesser mit Wellenschliff bei ErresseShop. Qualit\u00e4t, Stil und Funktionalit\u00e4t \u2013 jetzt online bestellen!","breadcrumb":{"@id":"https:\/\/www.erresse-shop.it\/de\/shop\/kuche\/messer\/zwilling-steakset-6-stk-gezahnt\/#breadcrumb"},"inLanguage":"de-DE","potentialAction":[{"@type":"ReadAction","target":["https:\/\/www.erresse-shop.it\/de\/shop\/kuche\/messer\/zwilling-steakset-6-stk-gezahnt\/"]}]},{"@type":"BreadcrumbList","@id":"https:\/\/www.erresse-shop.it\/de\/shop\/kuche\/messer\/zwilling-steakset-6-stk-gezahnt\/#breadcrumb","itemListElement":[{"@type":"ListItem","position":1,"name":"Home","item":"https:\/\/www.erresse-shop.it\/de\/"},{"@type":"ListItem","position":2,"name":"Shop","item":"https:\/\/www.erresse-shop.it\/de\/shop\/"},{"@type":"ListItem","position":3,"name":"ZWILLING 4er Set Steakmesser mit Wellenschliff"}]},{"@type":"WebSite","@id":"https:\/\/www.erresse-shop.it\/de\/#website","url":"https:\/\/www.erresse-shop.it\/de\/","name":"Erresse Shop","description":"Articoli di qualit\u00e0 per la casa","potentialAction":[{"@type":"SearchAction","target":{"@type":"EntryPoint","urlTemplate":"https:\/\/www.erresse-shop.it\/de\/?s={search_term_string}"},"query-input":"required name=search_term_string"}],"inLanguage":"de-DE"}]}},"df_price":27.475,"df_sale_price":27.475,"df_regular_price":54.95,"df_image_link":"https:\/\/www.erresse-shop.it\/wp-content\/uploads\/2020\/08\/39029-002-0_1-300x300.jpg","_links":{"self":[{"href":"https:\/\/www.erresse-shop.it\/de\/wp-json\/wp\/v2\/product\/72218"}],"collection":[{"href":"https:\/\/www.erresse-shop.it\/de\/wp-json\/wp\/v2\/product"}],"about":[{"href":"https:\/\/www.erresse-shop.it\/de\/wp-json\/wp\/v2\/types\/product"}],"wp:featuredmedia":[{"embeddable":true,"href":"https:\/\/www.erresse-shop.it\/de\/wp-json\/wp\/v2\/media\/72231"}],"wp:attachment":[{"href":"https:\/\/www.erresse-shop.it\/de\/wp-json\/wp\/v2\/media?parent=72218"}],"wp:term":[{"taxonomy":"product_cat","embeddable":true,"href":"https:\/\/www.erresse-shop.it\/de\/wp-json\/wp\/v2\/product_cat?post=72218"},{"taxonomy":"product_tag","embeddable":true,"href":"https:\/\/www.erresse-shop.it\/de\/wp-json\/wp\/v2\/product_tag?post=72218"}],"curies":[{"name":"wp","href":"https:\/\/api.w.org\/{rel}","templated":true}]}}