{"id":72205,"date":"2020-08-19T13:28:55","date_gmt":"2020-08-19T13:28:57","guid":{"rendered":"https:\/\/www.erresse-shop.it\/?post_type=product&#038;p=72205"},"modified":"2025-03-04T10:37:45","modified_gmt":"2025-03-04T10:37:45","slug":"alessi-pulcina-espresso-kaffeemaschine-rot-1-tasse","status":"publish","type":"product","link":"https:\/\/www.erresse-shop.it\/de\/shop\/kuche\/mokkas-kaffeemaschinen-espresso\/alessi-pulcina-espresso-kaffeemaschine-rot-1-tasse\/","title":{"rendered":"ALESSI Pulcina Kaffeekanne Rot 1 Tasse"},"content":{"rendered":"<p>Eine revolution\u00e4re Mokka-Maschine, die die von illycaff\u00e8 entwickelte Technologie mit der Designerfahrung von Alessi vereint. Pulcina wurde von Michele de Lucchi entworfen und verf\u00fcgt \u00fcber eine kleine, aber wesentliche Designinnovation, die das Flie\u00dfen des Getr\u00e4nks zum richtigen Zeitpunkt stoppt, bevor der Kaffee einen bitteren Nachgeschmack bekommt. Dadurch k\u00f6nnen Sie das vollmundige und abgerundete Aroma dieses Getr\u00e4nks noch besser hervorheben. Der Ausguss, der an den Schnabel eines K\u00fckens erinnert (daher auch der Name der Kaffeemaschine), erm\u00f6glicht ein perfektes Schneiden des Tropfens.<\/p>\n<p>Espressomaschine aus Aluminiumguss. Griff und Knopf aus PA.<\/p>\n<p><strong>Funktionen:<\/strong><\/p>\n<div id=\"shopify-abschnitt-produktspezifikationen\" class=\"shopify-abschnitt\">\n<ul class=\"Produktspezifikationen\">\n<li class=\"product-specifications__item\"><span class=\"product-specifications__title\">Tassen:\u00a0<\/span><span class=\"product-specifications__value\">1<\/span><\/li>\n<li class=\"product-specifications__item\"><span class=\"product-specifications__title\">Kapazit\u00e4t (cl):\u00a0<\/span><span class=\"product-specifications__value\">7,00<\/span><\/li>\n<li class=\"product-specifications__item\"><span class=\"product-specifications__title\">H\u00f6he (cm):\u00a0<\/span><span class=\"product-specifications__value\">16,50<\/span><\/li>\n<li class=\"product-specifications__item\"><span class=\"product-specifications__title\">L\u00e4nge (cm):\u00a0<\/span><span class=\"product-specifications__value\">12,50<\/span><\/li>\n<li class=\"product-specifications__item\"><span class=\"product-specifications__title\">Breite (cm):\u00a0<\/span><span class=\"product-specifications__value\">7,20<\/span><\/li>\n<\/ul>\n<\/div>\n","protected":false},"excerpt":{"rendered":"<p>Eine revolution\u00e4re Mokka-Maschine, die die von illycaff\u00e8 entwickelte Technologie mit der Designerfahrung von Alessi vereint. Pulcina wurde von Michele de<\/p>\n","protected":false},"featured_media":474112,"template":"","meta":{"_acf_changed":false,"inline_featured_image":false},"product_cat":[6742,6835],"product_tag":[11638,11577],"acf":[],"yoast_head":"<!-- This site is optimized with the Yoast SEO Premium plugin v18.6 (Yoast SEO v19.13) - https:\/\/yoast.com\/wordpress\/plugins\/seo\/ -->\n<title>ALESSI Pulcina Kaffeekanne Rot 1 Tasse - Erresse Shop<\/title>\n<meta name=\"description\" content=\"Eine revolution\u00e4re Mokka-Maschine, die die von illycaff\u00e8 entwickelte Technologie mit der Designerfahrung von Alessi vereint. Pulcina wurde von Michele de\" \/>\n<meta name=\"robots\" content=\"index, follow, max-snippet:-1, max-image-preview:large, max-video-preview:-1\" \/>\n<link rel=\"canonical\" href=\"https:\/\/www.erresse-shop.it\/de\/shop\/kuche\/mokkas-kaffeemaschinen-espresso\/alessi-pulcina-espresso-kaffeemaschine-rot-1-tasse\/\" \/>\n<meta property=\"og:locale\" content=\"de_DE\" \/>\n<meta property=\"og:type\" content=\"article\" \/>\n<meta property=\"og:title\" content=\"ALESSI Pulcina Kaffeekanne Rot 1 Tasse\" \/>\n<meta property=\"og:description\" content=\"Eine revolution\u00e4re Mokka-Maschine, die die von illycaff\u00e8 entwickelte Technologie mit der Designerfahrung von Alessi vereint. Pulcina wurde von Michele de\" \/>\n<meta property=\"og:url\" content=\"https:\/\/www.erresse-shop.it\/de\/shop\/kuche\/mokkas-kaffeemaschinen-espresso\/alessi-pulcina-espresso-kaffeemaschine-rot-1-tasse\/\" \/>\n<meta property=\"og:site_name\" content=\"Erresse Shop\" \/>\n<meta property=\"article:modified_time\" content=\"2025-03-04T10:37:45+00:00\" \/>\n<meta property=\"og:image\" content=\"https:\/\/www.erresse-shop.it\/wp-content\/uploads\/2020\/08\/ALESSI-Pulcina-Caffettiera-Rosso-1-Tazza.jpg\" \/>\n\t<meta property=\"og:image:width\" content=\"1200\" \/>\n\t<meta property=\"og:image:height\" content=\"1200\" \/>\n\t<meta property=\"og:image:type\" content=\"image\/jpeg\" \/>\n<meta name=\"twitter:card\" content=\"summary_large_image\" \/>\n<script type=\"application\/ld+json\" class=\"yoast-schema-graph\">{\"@context\":\"https:\/\/schema.org\",\"@graph\":[{\"@type\":\"WebPage\",\"@id\":\"https:\/\/www.erresse-shop.it\/de\/shop\/kuche\/mokkas-kaffeemaschinen-espresso\/alessi-pulcina-espresso-kaffeemaschine-rot-1-tasse\/\",\"url\":\"https:\/\/www.erresse-shop.it\/de\/shop\/kuche\/mokkas-kaffeemaschinen-espresso\/alessi-pulcina-espresso-kaffeemaschine-rot-1-tasse\/\",\"name\":\"ALESSI Pulcina Kaffeekanne Rot 1 Tasse - Erresse Shop\",\"isPartOf\":{\"@id\":\"https:\/\/www.erresse-shop.it\/de\/#website\"},\"datePublished\":\"2020-08-19T13:28:57+00:00\",\"dateModified\":\"2025-03-04T10:37:45+00:00\",\"description\":\"Eine revolution\u00e4re Mokka-Maschine, die die von illycaff\u00e8 entwickelte Technologie mit der Designerfahrung von Alessi vereint. Pulcina wurde von Michele de\",\"breadcrumb\":{\"@id\":\"https:\/\/www.erresse-shop.it\/de\/shop\/kuche\/mokkas-kaffeemaschinen-espresso\/alessi-pulcina-espresso-kaffeemaschine-rot-1-tasse\/#breadcrumb\"},\"inLanguage\":\"de-DE\",\"potentialAction\":[{\"@type\":\"ReadAction\",\"target\":[\"https:\/\/www.erresse-shop.it\/de\/shop\/kuche\/mokkas-kaffeemaschinen-espresso\/alessi-pulcina-espresso-kaffeemaschine-rot-1-tasse\/\"]}]},{\"@type\":\"BreadcrumbList\",\"@id\":\"https:\/\/www.erresse-shop.it\/de\/shop\/kuche\/mokkas-kaffeemaschinen-espresso\/alessi-pulcina-espresso-kaffeemaschine-rot-1-tasse\/#breadcrumb\",\"itemListElement\":[{\"@type\":\"ListItem\",\"position\":1,\"name\":\"Home\",\"item\":\"https:\/\/www.erresse-shop.it\/de\/\"},{\"@type\":\"ListItem\",\"position\":2,\"name\":\"Shop\",\"item\":\"https:\/\/www.erresse-shop.it\/de\/shop\/\"},{\"@type\":\"ListItem\",\"position\":3,\"name\":\"ALESSI Pulcina Kaffeekanne Rot 1 Tasse\"}]},{\"@type\":\"WebSite\",\"@id\":\"https:\/\/www.erresse-shop.it\/de\/#website\",\"url\":\"https:\/\/www.erresse-shop.it\/de\/\",\"name\":\"Erresse Shop\",\"description\":\"Articoli di qualit\u00e0 per la casa\",\"potentialAction\":[{\"@type\":\"SearchAction\",\"target\":{\"@type\":\"EntryPoint\",\"urlTemplate\":\"https:\/\/www.erresse-shop.it\/de\/?s={search_term_string}\"},\"query-input\":\"required name=search_term_string\"}],\"inLanguage\":\"de-DE\"}]}<\/script>\n<!-- \/ Yoast SEO Premium plugin. -->","yoast_head_json":{"title":"ALESSI Pulcina Kaffeekanne Rot 1 Tasse - Erresse Shop","description":"Eine revolution\u00e4re Mokka-Maschine, die die von illycaff\u00e8 entwickelte Technologie mit der Designerfahrung von Alessi vereint. Pulcina wurde von Michele de","robots":{"index":"index","follow":"follow","max-snippet":"max-snippet:-1","max-image-preview":"max-image-preview:large","max-video-preview":"max-video-preview:-1"},"canonical":"https:\/\/www.erresse-shop.it\/de\/shop\/kuche\/mokkas-kaffeemaschinen-espresso\/alessi-pulcina-espresso-kaffeemaschine-rot-1-tasse\/","og_locale":"de_DE","og_type":"article","og_title":"ALESSI Pulcina Kaffeekanne Rot 1 Tasse","og_description":"Eine revolution\u00e4re Mokka-Maschine, die die von illycaff\u00e8 entwickelte Technologie mit der Designerfahrung von Alessi vereint. Pulcina wurde von Michele de","og_url":"https:\/\/www.erresse-shop.it\/de\/shop\/kuche\/mokkas-kaffeemaschinen-espresso\/alessi-pulcina-espresso-kaffeemaschine-rot-1-tasse\/","og_site_name":"Erresse Shop","article_modified_time":"2025-03-04T10:37:45+00:00","og_image":[{"width":1200,"height":1200,"url":"https:\/\/www.erresse-shop.it\/wp-content\/uploads\/2020\/08\/ALESSI-Pulcina-Caffettiera-Rosso-1-Tazza.jpg","type":"image\/jpeg"}],"twitter_card":"summary_large_image","schema":{"@context":"https:\/\/schema.org","@graph":[{"@type":"WebPage","@id":"https:\/\/www.erresse-shop.it\/de\/shop\/kuche\/mokkas-kaffeemaschinen-espresso\/alessi-pulcina-espresso-kaffeemaschine-rot-1-tasse\/","url":"https:\/\/www.erresse-shop.it\/de\/shop\/kuche\/mokkas-kaffeemaschinen-espresso\/alessi-pulcina-espresso-kaffeemaschine-rot-1-tasse\/","name":"ALESSI Pulcina Kaffeekanne Rot 1 Tasse - Erresse Shop","isPartOf":{"@id":"https:\/\/www.erresse-shop.it\/de\/#website"},"datePublished":"2020-08-19T13:28:57+00:00","dateModified":"2025-03-04T10:37:45+00:00","description":"Eine revolution\u00e4re Mokka-Maschine, die die von illycaff\u00e8 entwickelte Technologie mit der Designerfahrung von Alessi vereint. Pulcina wurde von Michele de","breadcrumb":{"@id":"https:\/\/www.erresse-shop.it\/de\/shop\/kuche\/mokkas-kaffeemaschinen-espresso\/alessi-pulcina-espresso-kaffeemaschine-rot-1-tasse\/#breadcrumb"},"inLanguage":"de-DE","potentialAction":[{"@type":"ReadAction","target":["https:\/\/www.erresse-shop.it\/de\/shop\/kuche\/mokkas-kaffeemaschinen-espresso\/alessi-pulcina-espresso-kaffeemaschine-rot-1-tasse\/"]}]},{"@type":"BreadcrumbList","@id":"https:\/\/www.erresse-shop.it\/de\/shop\/kuche\/mokkas-kaffeemaschinen-espresso\/alessi-pulcina-espresso-kaffeemaschine-rot-1-tasse\/#breadcrumb","itemListElement":[{"@type":"ListItem","position":1,"name":"Home","item":"https:\/\/www.erresse-shop.it\/de\/"},{"@type":"ListItem","position":2,"name":"Shop","item":"https:\/\/www.erresse-shop.it\/de\/shop\/"},{"@type":"ListItem","position":3,"name":"ALESSI Pulcina Kaffeekanne Rot 1 Tasse"}]},{"@type":"WebSite","@id":"https:\/\/www.erresse-shop.it\/de\/#website","url":"https:\/\/www.erresse-shop.it\/de\/","name":"Erresse Shop","description":"Articoli di qualit\u00e0 per la casa","potentialAction":[{"@type":"SearchAction","target":{"@type":"EntryPoint","urlTemplate":"https:\/\/www.erresse-shop.it\/de\/?s={search_term_string}"},"query-input":"required name=search_term_string"}],"inLanguage":"de-DE"}]}},"df_price":32.5,"df_sale_price":32.5,"df_regular_price":65,"df_image_link":"https:\/\/www.erresse-shop.it\/wp-content\/uploads\/2020\/08\/ALESSI-Pulcina-Caffettiera-Rosso-1-Tazza-300x300.jpg","_links":{"self":[{"href":"https:\/\/www.erresse-shop.it\/de\/wp-json\/wp\/v2\/product\/72205"}],"collection":[{"href":"https:\/\/www.erresse-shop.it\/de\/wp-json\/wp\/v2\/product"}],"about":[{"href":"https:\/\/www.erresse-shop.it\/de\/wp-json\/wp\/v2\/types\/product"}],"wp:featuredmedia":[{"embeddable":true,"href":"https:\/\/www.erresse-shop.it\/de\/wp-json\/wp\/v2\/media\/474112"}],"wp:attachment":[{"href":"https:\/\/www.erresse-shop.it\/de\/wp-json\/wp\/v2\/media?parent=72205"}],"wp:term":[{"taxonomy":"product_cat","embeddable":true,"href":"https:\/\/www.erresse-shop.it\/de\/wp-json\/wp\/v2\/product_cat?post=72205"},{"taxonomy":"product_tag","embeddable":true,"href":"https:\/\/www.erresse-shop.it\/de\/wp-json\/wp\/v2\/product_tag?post=72205"}],"curies":[{"name":"wp","href":"https:\/\/api.w.org\/{rel}","templated":true}]}}